{"id":82624,"date":"2023-11-24T10:32:36","date_gmt":"2023-11-24T09:32:36","guid":{"rendered":"https:\/\/hexatac.com\/?post_type=product&#038;p=82624"},"modified":"2025-10-14T10:57:29","modified_gmt":"2025-10-14T08:57:29","slug":"simone-gen2-stationix-x-hxtc-belt","status":"publish","type":"product","link":"https:\/\/hexatac.com\/en\/product\/ceinture-de-voyage-simone-gen2-stationix-x-hxtc\/","title":{"rendered":"SimOne Gen2 Travel Belt - StationIX x HXTC"},"content":{"rendered":"<h3>SimOne Gen2 Travel Belt - StationIX x HXTC<\/h3>\n<p>From a <strong>collaboration with Station IX<\/strong>the <strong>SimOne Gen2 Travel Belt<\/strong> will be your ideal everyday belt, with an exterior that's as smooth and discreet as possible.<\/p>\n<p>With its construction <strong>without any metallic material<\/strong>the <strong>SimOne Gen2 Travel Belt<\/strong> will allow you to pass through any search or gate without needing to remove it - as long as you don't store any metal objects in it....<\/p>\n<p>Setting the <strong>SimOne Gen2 Travel Belt<\/strong> is made by friction thanks to the <strong>solid carbon buckle<\/strong> No belt holes that spread over time, and no in-between-sizes problems!<\/p>\n<p>The main objective of the <strong>SimOne Gen2 belt<\/strong> is to enable you to carry your accessories discreetly. To achieve this <strong>double-flap elastic compartments<\/strong> are sewn on the inside along the entire length <strong>without any visible seam<\/strong> from the outside!<\/p>\n<p>The strap on this <strong>SimOne Gen2 belt<\/strong> is <strong>stiffened<\/strong> so that the accessories stored in the invisible compartments <strong>are not visible on the outside<\/strong>. In addition, its rigidity will make it more <strong>comfortable to wear inside cases<\/strong> or discrete platforms such as <a href=\"https:\/\/khimaira-st.com\/collections\/all\/products\/modular-concealed-platform-mcp\"><strong>MCP<\/strong><\/a> from <a href=\"https:\/\/khimaira-st.com\/\"><strong>Khimaira Strategy Tactics<\/strong><\/a>.<\/p>\n<h4 id=\"tailles\">Size Guide<\/h4>\n<p>Here are the <strong>maximum usable lengths<\/strong> for each size. Make sure you leave enough room if you plan to carry equipment or cases inside your trousers.<\/p>\n<p><strong>Small<\/strong> height : 88cm<br \/>\n<strong>Medium<\/strong> Height : 100cm<br \/>\n<strong>Large<\/strong> Height : 112cm<br \/>\n<strong>X-Large<\/strong> Size : 124cm<\/p>\n<p>This infographic shows the <strong>total length<\/strong> straps according to size.<\/p>\n<p><img fetchpriority=\"high\" decoding=\"async\" class=\"aligncenter wp-image-83843\" src=\"https:\/\/hexatac.com\/wp-content\/uploads\/2023\/11\/IMG_5613-1024x360.jpg\" alt=\"\" width=\"800\" height=\"281\" srcset=\"https:\/\/cdn.hexatac.com\/\/wp-content\/uploads\/2023\/11\/IMG_5613-1024x360.jpg 1024w, https:\/\/cdn.hexatac.com\/\/wp-content\/uploads\/2023\/11\/IMG_5613-300x105.jpg 300w, https:\/\/cdn.hexatac.com\/\/wp-content\/uploads\/2023\/11\/IMG_5613-768x270.jpg 768w, https:\/\/cdn.hexatac.com\/\/wp-content\/uploads\/2023\/11\/IMG_5613-1536x540.jpg 1536w, https:\/\/cdn.hexatac.com\/\/wp-content\/uploads\/2023\/11\/IMG_5613-18x6.jpg 18w, https:\/\/cdn.hexatac.com\/\/wp-content\/uploads\/2023\/11\/IMG_5613-610x214.jpg 610w, https:\/\/cdn.hexatac.com\/\/wp-content\/uploads\/2023\/11\/IMG_5613-1080x380.jpg 1080w, https:\/\/cdn.hexatac.com\/\/wp-content\/uploads\/2023\/11\/IMG_5613-1280x450.jpg 1280w, https:\/\/cdn.hexatac.com\/\/wp-content\/uploads\/2023\/11\/IMG_5613-980x345.jpg 980w, https:\/\/cdn.hexatac.com\/\/wp-content\/uploads\/2023\/11\/IMG_5613-480x169.jpg 480w, https:\/\/cdn.hexatac.com\/\/wp-content\/uploads\/2023\/11\/IMG_5613.jpg 1920w\" sizes=\"(max-width: 800px) 100vw, 800px\" \/><\/p>\n<p><strong>ORIGINS<\/strong> :<br \/>\n- Buckle: Manufacture: EU | Materials: EU<br \/>\n- Strap: Manufactured in: EU | Materials: USA and EU<\/p>\n<p>Limited lifetime warranty against manufacturing defects.<\/p>","protected":false},"excerpt":{"rendered":"<h4>SHORTCUTS<\/h4>\n<div class=\"boutons_short_desc\">\n<ul>\n<li><a class=\"button\" href=\"#tailles\">SIZE GUIDE<\/a><\/li>\n<\/ul>\n<\/div>","protected":false},"featured_media":23219663,"comment_status":"open","ping_status":"closed","template":"","meta":{"_monsterinsights_skip_tracking":false,"_monsterinsights_sitenote_active":false,"_monsterinsights_sitenote_note":"","_monsterinsights_sitenote_category":0},"product_brand":[2323],"product_cat":[97],"product_tag":[4175],"class_list":{"0":"post-82624","1":"product","2":"type-product","3":"status-publish","4":"has-post-thumbnail","6":"product_brand-hexatac","7":"product_cat-ceinture-tactique","8":"product_tag-b2b","10":"first","11":"outofstock","12":"taxable","13":"shipping-taxable","14":"purchasable","15":"product-type-variable","16":"has-default-attributes"},"bundled_by":[],"bundle_stock_status":"outofstock","bundle_stock_quantity":0,"bundle_virtual":false,"bundle_layout":"","bundle_add_to_cart_form_location":"","bundle_editable_in_cart":false,"bundle_sold_individually_context":"","bundle_item_grouping":"","bundle_min_size":"","bundle_max_size":"","bundle_price":[],"bundled_items":[],"bundle_sell_ids":[],"yoast_head":"<!-- This site is optimized with the Yoast SEO Premium plugin v26.6 (Yoast SEO v27.4) - https:\/\/yoast.com\/product\/yoast-seo-premium-wordpress\/ -->\n<title>Ceinture SimOne Gen2 - StationIX x HXTC - Hexatac<\/title>\n<meta name=\"description\" content=\"Ceinture de Voyage 100% non m\u00e9tallique avec boucle carbone massif sans trous. R\u00e9glage parfait, rigidit\u00e9, r\u00e9sistance et discr\u00e9tion.\" \/>\n<meta name=\"robots\" content=\"index, follow, max-snippet:-1, max-image-preview:large, max-video-preview:-1\" \/>\n<link rel=\"canonical\" href=\"https:\/\/hexatac.com\/en\/product\/simone-gen2-stationix-x-hxtc-belt\/\" \/>\n<meta property=\"og:locale\" content=\"en_GB\" \/>\n<meta property=\"og:type\" content=\"article\" \/>\n<meta property=\"og:title\" content=\"Ceinture SimOne Gen2 - StationIX x HXTC\" \/>\n<meta property=\"og:description\" content=\"Ceinture de Voyage 100% non m\u00e9tallique avec boucle carbone massif sans trous. R\u00e9glage parfait, rigidit\u00e9, r\u00e9sistance et discr\u00e9tion.\" \/>\n<meta property=\"og:url\" content=\"https:\/\/hexatac.com\/en\/product\/simone-gen2-stationix-x-hxtc-belt\/\" \/>\n<meta property=\"og:site_name\" content=\"Hexatac\" \/>\n<meta property=\"article:modified_time\" content=\"2025-10-14T08:57:29+00:00\" \/>\n<meta property=\"og:image\" content=\"https:\/\/hexatac.com\/wp-content\/uploads\/2023\/11\/Ceinture_SimOne_Gen2.jpg\" \/>\n\t<meta property=\"og:image:width\" content=\"1280\" \/>\n\t<meta property=\"og:image:height\" content=\"1280\" \/>\n\t<meta property=\"og:image:type\" content=\"image\/jpeg\" \/>\n<meta name=\"twitter:card\" content=\"summary_large_image\" \/>\n<script type=\"application\/ld+json\" class=\"yoast-schema-graph\">{\"@context\":\"https:\\\/\\\/schema.org\",\"@graph\":[{\"@type\":[\"WebPage\",\"ItemPage\"],\"@id\":\"https:\\\/\\\/hexatac.com\\\/product\\\/ceinture-de-voyage-simone-gen2-stationix-x-hxtc\\\/\",\"url\":\"https:\\\/\\\/hexatac.com\\\/product\\\/ceinture-de-voyage-simone-gen2-stationix-x-hxtc\\\/\",\"name\":\"Ceinture SimOne Gen2 - StationIX x HXTC - Hexatac\",\"isPartOf\":{\"@id\":\"https:\\\/\\\/hexatac.com\\\/#website\"},\"primaryImageOfPage\":{\"@id\":\"https:\\\/\\\/hexatac.com\\\/product\\\/ceinture-de-voyage-simone-gen2-stationix-x-hxtc\\\/#primaryimage\"},\"image\":{\"@id\":\"https:\\\/\\\/hexatac.com\\\/product\\\/ceinture-de-voyage-simone-gen2-stationix-x-hxtc\\\/#primaryimage\"},\"thumbnailUrl\":\"https:\\\/\\\/cdn.hexatac.com\\\/\\\/wp-content\\\/uploads\\\/2023\\\/11\\\/Ceinture_SimOne_Gen2.jpg\",\"datePublished\":\"2023-11-24T09:32:36+00:00\",\"dateModified\":\"2025-10-14T08:57:29+00:00\",\"description\":\"Ceinture de Voyage 100% non m\u00e9tallique avec boucle carbone massif sans trous. R\u00e9glage parfait, rigidit\u00e9, r\u00e9sistance et discr\u00e9tion.\",\"breadcrumb\":{\"@id\":\"https:\\\/\\\/hexatac.com\\\/product\\\/ceinture-de-voyage-simone-gen2-stationix-x-hxtc\\\/#breadcrumb\"},\"inLanguage\":\"en-GB\",\"potentialAction\":[{\"@type\":\"ReadAction\",\"target\":[\"https:\\\/\\\/hexatac.com\\\/product\\\/ceinture-de-voyage-simone-gen2-stationix-x-hxtc\\\/\"]}]},{\"@type\":\"ImageObject\",\"inLanguage\":\"en-GB\",\"@id\":\"https:\\\/\\\/hexatac.com\\\/product\\\/ceinture-de-voyage-simone-gen2-stationix-x-hxtc\\\/#primaryimage\",\"url\":\"https:\\\/\\\/cdn.hexatac.com\\\/\\\/wp-content\\\/uploads\\\/2023\\\/11\\\/Ceinture_SimOne_Gen2.jpg\",\"contentUrl\":\"https:\\\/\\\/cdn.hexatac.com\\\/\\\/wp-content\\\/uploads\\\/2023\\\/11\\\/Ceinture_SimOne_Gen2.jpg\",\"width\":1280,\"height\":1280},{\"@type\":\"BreadcrumbList\",\"@id\":\"https:\\\/\\\/hexatac.com\\\/product\\\/ceinture-de-voyage-simone-gen2-stationix-x-hxtc\\\/#breadcrumb\",\"itemListElement\":[{\"@type\":\"ListItem\",\"position\":1,\"name\":\"Accueil\",\"item\":\"https:\\\/\\\/hexatac.com\\\/\"},{\"@type\":\"ListItem\",\"position\":2,\"name\":\"Boutique\",\"item\":\"https:\\\/\\\/hexatac.com\\\/boutique\\\/\"},{\"@type\":\"ListItem\",\"position\":3,\"name\":\"Ceinture SimOne Gen2 &#8211; StationIX x HXTC\"}]},{\"@type\":\"WebSite\",\"@id\":\"https:\\\/\\\/hexatac.com\\\/#website\",\"url\":\"https:\\\/\\\/hexatac.com\\\/\",\"name\":\"Hexatac\",\"description\":\"Equipement Tactique | Policier | Militaire | Gendarme | Airsoft\",\"potentialAction\":[{\"@type\":\"SearchAction\",\"target\":{\"@type\":\"EntryPoint\",\"urlTemplate\":\"https:\\\/\\\/hexatac.com\\\/?s={search_term_string}\"},\"query-input\":{\"@type\":\"PropertyValueSpecification\",\"valueRequired\":true,\"valueName\":\"search_term_string\"}}],\"inLanguage\":\"en-GB\"}]}<\/script>\n<meta property=\"og:availability\" content=\"out of stock\" \/>\n<meta property=\"product:availability\" content=\"out of stock\" \/>\n<meta property=\"product:retailer_item_id\" content=\"SMNG2\" \/>\n<meta property=\"product:condition\" content=\"new\" \/>\n<!-- \/ Yoast SEO Premium plugin. -->","yoast_head_json":{"title":"SimOne Gen2 Belt - StationIX x HXTC - Hexatac","description":"Non-metallic 100% travel belt with solid carbon buckle and no holes. Perfect fit, rigidity, strength and discretion.","robots":{"index":"index","follow":"follow","max-snippet":"max-snippet:-1","max-image-preview":"max-image-preview:large","max-video-preview":"max-video-preview:-1"},"canonical":"https:\/\/hexatac.com\/en\/product\/simone-gen2-stationix-x-hxtc-belt\/","og_locale":"en_GB","og_type":"article","og_title":"Ceinture SimOne Gen2 - StationIX x HXTC","og_description":"Ceinture de Voyage 100% non m\u00e9tallique avec boucle carbone massif sans trous. R\u00e9glage parfait, rigidit\u00e9, r\u00e9sistance et discr\u00e9tion.","og_url":"https:\/\/hexatac.com\/en\/product\/simone-gen2-stationix-x-hxtc-belt\/","og_site_name":"Hexatac","article_modified_time":"2025-10-14T08:57:29+00:00","og_image":[{"width":1280,"height":1280,"url":"https:\/\/hexatac.com\/wp-content\/uploads\/2023\/11\/Ceinture_SimOne_Gen2.jpg","type":"image\/jpeg"}],"twitter_card":"summary_large_image","schema":{"@context":"https:\/\/schema.org","@graph":[{"@type":["WebPage","ItemPage"],"@id":"https:\/\/hexatac.com\/product\/ceinture-de-voyage-simone-gen2-stationix-x-hxtc\/","url":"https:\/\/hexatac.com\/product\/ceinture-de-voyage-simone-gen2-stationix-x-hxtc\/","name":"SimOne Gen2 Belt - StationIX x HXTC - Hexatac","isPartOf":{"@id":"https:\/\/hexatac.com\/#website"},"primaryImageOfPage":{"@id":"https:\/\/hexatac.com\/product\/ceinture-de-voyage-simone-gen2-stationix-x-hxtc\/#primaryimage"},"image":{"@id":"https:\/\/hexatac.com\/product\/ceinture-de-voyage-simone-gen2-stationix-x-hxtc\/#primaryimage"},"thumbnailUrl":"https:\/\/cdn.hexatac.com\/\/wp-content\/uploads\/2023\/11\/Ceinture_SimOne_Gen2.jpg","datePublished":"2023-11-24T09:32:36+00:00","dateModified":"2025-10-14T08:57:29+00:00","description":"Non-metallic 100% travel belt with solid carbon buckle and no holes. Perfect fit, rigidity, strength and discretion.","breadcrumb":{"@id":"https:\/\/hexatac.com\/product\/ceinture-de-voyage-simone-gen2-stationix-x-hxtc\/#breadcrumb"},"inLanguage":"en-GB","potentialAction":[{"@type":"ReadAction","target":["https:\/\/hexatac.com\/product\/ceinture-de-voyage-simone-gen2-stationix-x-hxtc\/"]}]},{"@type":"ImageObject","inLanguage":"en-GB","@id":"https:\/\/hexatac.com\/product\/ceinture-de-voyage-simone-gen2-stationix-x-hxtc\/#primaryimage","url":"https:\/\/cdn.hexatac.com\/\/wp-content\/uploads\/2023\/11\/Ceinture_SimOne_Gen2.jpg","contentUrl":"https:\/\/cdn.hexatac.com\/\/wp-content\/uploads\/2023\/11\/Ceinture_SimOne_Gen2.jpg","width":1280,"height":1280},{"@type":"BreadcrumbList","@id":"https:\/\/hexatac.com\/product\/ceinture-de-voyage-simone-gen2-stationix-x-hxtc\/#breadcrumb","itemListElement":[{"@type":"ListItem","position":1,"name":"Accueil","item":"https:\/\/hexatac.com\/"},{"@type":"ListItem","position":2,"name":"Boutique","item":"https:\/\/hexatac.com\/boutique\/"},{"@type":"ListItem","position":3,"name":"Ceinture SimOne Gen2 &#8211; StationIX x HXTC"}]},{"@type":"WebSite","@id":"https:\/\/hexatac.com\/#website","url":"https:\/\/hexatac.com\/","name":"Hexatac","description":"Tactical Equipment | Policeman | Military | Gendarme | Airsoft","potentialAction":[{"@type":"SearchAction","target":{"@type":"EntryPoint","urlTemplate":"https:\/\/hexatac.com\/?s={search_term_string}"},"query-input":{"@type":"PropertyValueSpecification","valueRequired":true,"valueName":"search_term_string"}}],"inLanguage":"en-GB"}]},"og_availability":"out of stock","product_availability":"out of stock","product_retailer_item_id":"SMNG2","product_condition":"new"},"_links":{"self":[{"href":"https:\/\/hexatac.com\/en\/wp-json\/wp\/v2\/product\/82624","targetHints":{"allow":["GET"]}}],"collection":[{"href":"https:\/\/hexatac.com\/en\/wp-json\/wp\/v2\/product"}],"about":[{"href":"https:\/\/hexatac.com\/en\/wp-json\/wp\/v2\/types\/product"}],"replies":[{"embeddable":true,"href":"https:\/\/hexatac.com\/en\/wp-json\/wp\/v2\/comments?post=82624"}],"wp:featuredmedia":[{"embeddable":true,"href":"https:\/\/hexatac.com\/en\/wp-json\/wp\/v2\/media\/23219663"}],"wp:attachment":[{"href":"https:\/\/hexatac.com\/en\/wp-json\/wp\/v2\/media?parent=82624"}],"wp:term":[{"taxonomy":"product_brand","embeddable":true,"href":"https:\/\/hexatac.com\/en\/wp-json\/wp\/v2\/product_brand?post=82624"},{"taxonomy":"product_cat","embeddable":true,"href":"https:\/\/hexatac.com\/en\/wp-json\/wp\/v2\/product_cat?post=82624"},{"taxonomy":"product_tag","embeddable":true,"href":"https:\/\/hexatac.com\/en\/wp-json\/wp\/v2\/product_tag?post=82624"}],"curies":[{"name":"wp","href":"https:\/\/api.w.org\/{rel}","templated":true}]}}