{"id":81800,"date":"2023-11-02T10:55:16","date_gmt":"2023-11-02T09:55:16","guid":{"rendered":"https:\/\/hexatac.com\/?post_type=product&#038;p=81800"},"modified":"2026-03-30T14:02:41","modified_gmt":"2026-03-30T12:02:41","slug":"ayce-pomegranate-pocket-3","status":"publish","type":"product","link":"https:\/\/hexatac.com\/en\/product\/insert-hifaks-kst-x-hxtc\/","title":{"rendered":"HIFAKS\u00ae Medical Insert - KST x HXTC"},"content":{"rendered":"<h4 style=\"text-align: justify;\">Insert M\u00e9dical HIFAKS\u00ae | KHIMAIRA STRATEGY TACTICS x HEXATAC<\/h4>\n<p>Le <strong>syst\u00e8me HIFAKS\u00ae<\/strong> est le fruit d\u2019une collaboration entre <a href=\"https:\/\/khimaira-st.com\"><strong>Khimaira Strategy Tactics<\/strong><\/a> and <strong>Hexatac<\/strong>. Dans la lign\u00e9e de nos poches <strong>AYCE\u00ae<\/strong>, elle poss\u00e8de \u00e9galement un h\u00f4te (<span style=\"text-decoration: underline;\"><a href=\"https:\/\/hexatac.com\/en\/shop\/poche-hote-hifaks-kst-x-hxtc\/\">vendu s\u00e9par\u00e9ment<\/a><\/span>) et un insert (ce produit).<\/p>\n<p>Le but de l\u2019<strong>Insert HIFAKS\u00ae<\/strong> est de proposer une solution \u00e0 la fois <strong>minimaliste et adaptable<\/strong> permettant de garder l\u2019encombrement au minimum tout en offrant une accessibilit\u00e9 en toute circonstance.<span class=\"Apple-converted-space\">\u00a0<\/span><\/p>\n<p>L'<strong>Insert HIFAKS\u00ae<\/strong> est utilisable aussi bien dans la <strong><a href=\"https:\/\/hexatac.com\/en\/shop\/poche-hote-hifaks-kst-x-hxtc\/\">Poche H\u00f4te HIFAKS\u00ae<\/a><\/strong>\u00a0pr\u00e9vue \u00e0 cet effet que dans une banane comme notre <a href=\"https:\/\/hexatac.com\/en\/\">3-in-1 HFP\u00ae Fanny Pack<\/a>.<span class=\"Apple-converted-space\">\u00a0<\/span><\/p>\n<p>Il est compos\u00e9 de<strong> deux rabats, deux poign\u00e9es et de sa base<\/strong>.<span class=\"Apple-converted-space\">\u00a0<\/span><\/p>\n<p>Au dos, la base faite en hypalon poss\u00e8de une ouverture destin\u00e9e \u00e0 <strong>stocker vos pansements thoraciques<\/strong> and <strong>fiches de prise en charge et transmissions<\/strong>. Le reste de la surface en hypalon pourra <strong>servir d\u2019inventaire<\/strong> en y \u00e9crivant au Posca\u00ae le contenu et les dates de p\u00e9remption. Lors du remplacement ou du retrait d\u2019un item, il suffira d\u2019effacer l\u2019inscription au moyen d\u2019ac\u00e9tone, la mati\u00e8re \u00e9tant r\u00e9sistante \u00e0 ce dernier.<\/p>\n<p>Les poign\u00e9es de chaque c\u00f4t\u00e9 sont<strong> flexibles tout en \u00e9tant rigidifi\u00e9es<\/strong> par du composite pour assurer \u00e0 la fois <strong>une bonne prise en main et le confort<\/strong> au tirage.<span class=\"Apple-converted-space\">\u00a0<\/span><\/p>\n<p>Les rabats de l\u2019<strong>Insert HIFAKS\u00ae<\/strong> se verrouillent gr\u00e2ce \u00e0 <strong>une fermeture par velcro<\/strong>.<span class=\"Apple-converted-space\">\u00a0<\/span><\/p>\n<p>A l\u2019int\u00e9rieur, vous pourrez <strong>agencer librement le contenu en fonction du contenu<\/strong> gr\u00e2ce \u00e0 notre matrice HIFAKS\u00ae qui permet une compatibilit\u00e9 avec des <strong>colliers velcro<\/strong> (fournis), des <strong>MOLLE belt loops<\/strong> et qui assure l\u2019ancrage de <strong>cordes \u00e9lastiques<\/strong> (fournies) pour s\u00e9curiser le contenu.<span class=\"Apple-converted-space\">\u00a0<\/span><\/p>\n<h4 id=\"inclus\"><span style=\"text-decoration: underline;\"><strong>What's included<\/strong><\/span><\/h4>\n<ul>\n<li>Insert HIFAKS\u00ae<\/li>\n<li>Des colliers velcro<\/li>\n<li>Une longueur de corde \u00e9lastique.<\/li>\n<\/ul>\n<h4 id=\"video\"><span style=\"text-decoration: underline;\"><strong>Video Presentation<\/strong><\/span><\/h4>\n<div class=\"epyt-video-wrapper\"><iframe  style=\"display: block; margin: 0px auto;\"  id=\"_ytid_56005\"  width=\"640\" height=\"360\"  data-origwidth=\"640\" data-origheight=\"360\" src=\"https:\/\/www.youtube.com\/embed\/_eFEaUwLJ4U?enablejsapi=1&autoplay=0&cc_load_policy=0&cc_lang_pref=&iv_load_policy=1&loop=1&playlist=_eFEaUwLJ4U&rel=0&fs=1&playsinline=0&autohide=2&theme=dark&color=red&controls=1&disablekb=0&\" class=\"__youtube_prefs__  no-lazyload\" title=\"YouTube player\"  allow=\"fullscreen; accelerometer; autoplay; clipboard-write; encrypted-media; gyroscope; picture-in-picture; web-share\" referrerpolicy=\"strict-origin-when-cross-origin\" allowfullscreen data-no-lazy=\"1\" data-skipgform_ajax_framebjll=\"\"><\/iframe><\/div>\n<p><strong>ORIGINS<\/strong> :<br \/>\n- Host : Manufacture : EU | Materials : USA and EU<br \/>\n- Insert: Manufacture: EU | Materials: USA and EU<\/p>\n<p>Limited lifetime warranty against manufacturing defects.<\/p>","protected":false},"excerpt":{"rendered":"<h4>SHORTCUTS<\/h4>\n<div class=\"boutons_short_desc\">\n<ul>\n<li><a class=\"button\" href=\"#video\">PRESENTATION VIDEO<\/a><\/li>\n<li><a class=\"button\" href=\"#inclus\">WHAT'S INCLUDED?<\/a><\/li>\n<li><a class=\"button\" href=\"https:\/\/hexatac.com\/en\/assembly-use\/\" target=\"_blank\" rel=\"noopener\">ASSEMBLY<\/a><\/li>\n<\/ul>\n<\/div>","protected":false},"featured_media":23219699,"comment_status":"open","ping_status":"closed","template":"","meta":{"_monsterinsights_skip_tracking":false,"_monsterinsights_sitenote_active":false,"_monsterinsights_sitenote_note":"","_monsterinsights_sitenote_category":0},"product_brand":[2323],"product_cat":[3879],"product_tag":[4175,4173],"class_list":{"0":"post-81800","1":"product","2":"type-product","3":"status-publish","4":"has-post-thumbnail","6":"product_brand-hexatac","7":"product_cat-poches","8":"product_tag-b2b","9":"product_tag-ceinture","11":"first","12":"outofstock","13":"taxable","14":"shipping-taxable","15":"purchasable","16":"product-type-simple"},"bundled_by":[],"bundle_stock_status":"outofstock","bundle_stock_quantity":0,"bundle_virtual":false,"bundle_layout":"","bundle_add_to_cart_form_location":"","bundle_editable_in_cart":false,"bundle_sold_individually_context":"","bundle_item_grouping":"","bundle_min_size":"","bundle_max_size":"","bundle_price":[],"bundled_items":[],"bundle_sell_ids":[],"yoast_head":"<!-- This site is optimized with the Yoast SEO Premium plugin v26.6 (Yoast SEO v27.4) - https:\/\/yoast.com\/product\/yoast-seo-premium-wordpress\/ -->\n<title>Insert M\u00e9dical HIFAKS\u00ae - KST x HXTC - Hexatac<\/title>\n<meta name=\"description\" content=\"H\u00f4te pour syst\u00e8me de poche premiers secours HIFAKS. Double s\u00fbret\u00e9, porte-garrot \u00e9lastique int\u00e9gr\u00e9. Fabriqu\u00e9 en Europe et Garantie \u00e0 vie.\" \/>\n<meta name=\"robots\" content=\"index, follow, max-snippet:-1, max-image-preview:large, max-video-preview:-1\" \/>\n<link rel=\"canonical\" href=\"https:\/\/hexatac.com\/en\/product\/ayce-pomegranate-pocket-3\/\" \/>\n<meta property=\"og:locale\" content=\"en_GB\" \/>\n<meta property=\"og:type\" content=\"article\" \/>\n<meta property=\"og:title\" content=\"Insert M\u00e9dical HIFAKS\u00ae - KST x HXTC\" \/>\n<meta property=\"og:description\" content=\"H\u00f4te pour syst\u00e8me de poche premiers secours HIFAKS. Double s\u00fbret\u00e9, porte-garrot \u00e9lastique int\u00e9gr\u00e9. Fabriqu\u00e9 en Europe et Garantie \u00e0 vie.\" \/>\n<meta property=\"og:url\" content=\"https:\/\/hexatac.com\/en\/product\/ayce-pomegranate-pocket-3\/\" \/>\n<meta property=\"og:site_name\" content=\"Hexatac\" \/>\n<meta property=\"article:modified_time\" content=\"2026-03-30T12:02:41+00:00\" \/>\n<meta property=\"og:image\" content=\"https:\/\/hexatac.com\/wp-content\/uploads\/2023\/11\/Insert_HIFAKS_vide-1024x1024.jpg\" \/>\n\t<meta property=\"og:image:width\" content=\"1024\" \/>\n\t<meta property=\"og:image:height\" content=\"1024\" \/>\n\t<meta property=\"og:image:type\" content=\"image\/jpeg\" \/>\n<meta name=\"twitter:card\" content=\"summary_large_image\" \/>\n<script type=\"application\/ld+json\" class=\"yoast-schema-graph\">{\"@context\":\"https:\\\/\\\/schema.org\",\"@graph\":[{\"@type\":[\"WebPage\",\"ItemPage\"],\"@id\":\"https:\\\/\\\/hexatac.com\\\/product\\\/insert-hifaks-kst-x-hxtc\\\/\",\"url\":\"https:\\\/\\\/hexatac.com\\\/product\\\/insert-hifaks-kst-x-hxtc\\\/\",\"name\":\"Insert M\u00e9dical HIFAKS\u00ae - KST x HXTC - Hexatac\",\"isPartOf\":{\"@id\":\"https:\\\/\\\/hexatac.com\\\/#website\"},\"primaryImageOfPage\":{\"@id\":\"https:\\\/\\\/hexatac.com\\\/product\\\/insert-hifaks-kst-x-hxtc\\\/#primaryimage\"},\"image\":{\"@id\":\"https:\\\/\\\/hexatac.com\\\/product\\\/insert-hifaks-kst-x-hxtc\\\/#primaryimage\"},\"thumbnailUrl\":\"https:\\\/\\\/cdn.hexatac.com\\\/\\\/wp-content\\\/uploads\\\/2023\\\/11\\\/Insert_HIFAKS_vide.jpg\",\"datePublished\":\"2023-11-02T09:55:16+00:00\",\"dateModified\":\"2026-03-30T12:02:41+00:00\",\"description\":\"H\u00f4te pour syst\u00e8me de poche premiers secours HIFAKS. Double s\u00fbret\u00e9, porte-garrot \u00e9lastique int\u00e9gr\u00e9. Fabriqu\u00e9 en Europe et Garantie \u00e0 vie.\",\"breadcrumb\":{\"@id\":\"https:\\\/\\\/hexatac.com\\\/product\\\/insert-hifaks-kst-x-hxtc\\\/#breadcrumb\"},\"inLanguage\":\"en-GB\",\"potentialAction\":[{\"@type\":\"ReadAction\",\"target\":[\"https:\\\/\\\/hexatac.com\\\/product\\\/insert-hifaks-kst-x-hxtc\\\/\"]}]},{\"@type\":\"ImageObject\",\"inLanguage\":\"en-GB\",\"@id\":\"https:\\\/\\\/hexatac.com\\\/product\\\/insert-hifaks-kst-x-hxtc\\\/#primaryimage\",\"url\":\"https:\\\/\\\/cdn.hexatac.com\\\/\\\/wp-content\\\/uploads\\\/2023\\\/11\\\/Insert_HIFAKS_vide.jpg\",\"contentUrl\":\"https:\\\/\\\/cdn.hexatac.com\\\/\\\/wp-content\\\/uploads\\\/2023\\\/11\\\/Insert_HIFAKS_vide.jpg\",\"width\":2560,\"height\":2560},{\"@type\":\"BreadcrumbList\",\"@id\":\"https:\\\/\\\/hexatac.com\\\/product\\\/insert-hifaks-kst-x-hxtc\\\/#breadcrumb\",\"itemListElement\":[{\"@type\":\"ListItem\",\"position\":1,\"name\":\"Accueil\",\"item\":\"https:\\\/\\\/hexatac.com\\\/\"},{\"@type\":\"ListItem\",\"position\":2,\"name\":\"Boutique\",\"item\":\"https:\\\/\\\/hexatac.com\\\/boutique\\\/\"},{\"@type\":\"ListItem\",\"position\":3,\"name\":\"Insert M\u00e9dical HIFAKS\u00ae &#8211; KST x HXTC\"}]},{\"@type\":\"WebSite\",\"@id\":\"https:\\\/\\\/hexatac.com\\\/#website\",\"url\":\"https:\\\/\\\/hexatac.com\\\/\",\"name\":\"Hexatac\",\"description\":\"Equipement Tactique | Policier | Militaire | Gendarme | Airsoft\",\"potentialAction\":[{\"@type\":\"SearchAction\",\"target\":{\"@type\":\"EntryPoint\",\"urlTemplate\":\"https:\\\/\\\/hexatac.com\\\/?s={search_term_string}\"},\"query-input\":{\"@type\":\"PropertyValueSpecification\",\"valueRequired\":true,\"valueName\":\"search_term_string\"}}],\"inLanguage\":\"en-GB\"}]}<\/script>\n<meta property=\"product:price:amount\" content=\"56.90\" \/>\n<meta property=\"product:price:currency\" content=\"EUR\" \/>\n<meta property=\"og:availability\" content=\"out of stock\" \/>\n<meta property=\"product:availability\" content=\"out of stock\" \/>\n<meta property=\"product:retailer_item_id\" content=\"HIFAKS-INSRT\" \/>\n<meta property=\"product:condition\" content=\"new\" \/>\n<!-- \/ Yoast SEO Premium plugin. -->","yoast_head_json":{"title":"Insert M\u00e9dical HIFAKS\u00ae - KST x HXTC - Hexatac","description":"H\u00f4te pour syst\u00e8me de poche premiers secours HIFAKS. Double s\u00fbret\u00e9, porte-garrot \u00e9lastique int\u00e9gr\u00e9. Fabriqu\u00e9 en Europe et Garantie \u00e0 vie.","robots":{"index":"index","follow":"follow","max-snippet":"max-snippet:-1","max-image-preview":"max-image-preview:large","max-video-preview":"max-video-preview:-1"},"canonical":"https:\/\/hexatac.com\/en\/product\/ayce-pomegranate-pocket-3\/","og_locale":"en_GB","og_type":"article","og_title":"Insert M\u00e9dical HIFAKS\u00ae - KST x HXTC","og_description":"H\u00f4te pour syst\u00e8me de poche premiers secours HIFAKS. Double s\u00fbret\u00e9, porte-garrot \u00e9lastique int\u00e9gr\u00e9. Fabriqu\u00e9 en Europe et Garantie \u00e0 vie.","og_url":"https:\/\/hexatac.com\/en\/product\/ayce-pomegranate-pocket-3\/","og_site_name":"Hexatac","article_modified_time":"2026-03-30T12:02:41+00:00","og_image":[{"width":1024,"height":1024,"url":"https:\/\/hexatac.com\/wp-content\/uploads\/2023\/11\/Insert_HIFAKS_vide-1024x1024.jpg","type":"image\/jpeg"}],"twitter_card":"summary_large_image","schema":{"@context":"https:\/\/schema.org","@graph":[{"@type":["WebPage","ItemPage"],"@id":"https:\/\/hexatac.com\/product\/insert-hifaks-kst-x-hxtc\/","url":"https:\/\/hexatac.com\/product\/insert-hifaks-kst-x-hxtc\/","name":"Insert M\u00e9dical HIFAKS\u00ae - KST x HXTC - Hexatac","isPartOf":{"@id":"https:\/\/hexatac.com\/#website"},"primaryImageOfPage":{"@id":"https:\/\/hexatac.com\/product\/insert-hifaks-kst-x-hxtc\/#primaryimage"},"image":{"@id":"https:\/\/hexatac.com\/product\/insert-hifaks-kst-x-hxtc\/#primaryimage"},"thumbnailUrl":"https:\/\/cdn.hexatac.com\/\/wp-content\/uploads\/2023\/11\/Insert_HIFAKS_vide.jpg","datePublished":"2023-11-02T09:55:16+00:00","dateModified":"2026-03-30T12:02:41+00:00","description":"H\u00f4te pour syst\u00e8me de poche premiers secours HIFAKS. Double s\u00fbret\u00e9, porte-garrot \u00e9lastique int\u00e9gr\u00e9. Fabriqu\u00e9 en Europe et Garantie \u00e0 vie.","breadcrumb":{"@id":"https:\/\/hexatac.com\/product\/insert-hifaks-kst-x-hxtc\/#breadcrumb"},"inLanguage":"en-GB","potentialAction":[{"@type":"ReadAction","target":["https:\/\/hexatac.com\/product\/insert-hifaks-kst-x-hxtc\/"]}]},{"@type":"ImageObject","inLanguage":"en-GB","@id":"https:\/\/hexatac.com\/product\/insert-hifaks-kst-x-hxtc\/#primaryimage","url":"https:\/\/cdn.hexatac.com\/\/wp-content\/uploads\/2023\/11\/Insert_HIFAKS_vide.jpg","contentUrl":"https:\/\/cdn.hexatac.com\/\/wp-content\/uploads\/2023\/11\/Insert_HIFAKS_vide.jpg","width":2560,"height":2560},{"@type":"BreadcrumbList","@id":"https:\/\/hexatac.com\/product\/insert-hifaks-kst-x-hxtc\/#breadcrumb","itemListElement":[{"@type":"ListItem","position":1,"name":"Accueil","item":"https:\/\/hexatac.com\/"},{"@type":"ListItem","position":2,"name":"Boutique","item":"https:\/\/hexatac.com\/boutique\/"},{"@type":"ListItem","position":3,"name":"Insert M\u00e9dical HIFAKS\u00ae &#8211; KST x HXTC"}]},{"@type":"WebSite","@id":"https:\/\/hexatac.com\/#website","url":"https:\/\/hexatac.com\/","name":"Hexatac","description":"Tactical Equipment | Policeman | Military | Gendarme | Airsoft","potentialAction":[{"@type":"SearchAction","target":{"@type":"EntryPoint","urlTemplate":"https:\/\/hexatac.com\/?s={search_term_string}"},"query-input":{"@type":"PropertyValueSpecification","valueRequired":true,"valueName":"search_term_string"}}],"inLanguage":"en-GB"}]},"product_price_amount":"56.90","product_price_currency":"EUR","og_availability":"out of stock","product_availability":"out of stock","product_retailer_item_id":"HIFAKS-INSRT","product_condition":"new"},"_links":{"self":[{"href":"https:\/\/hexatac.com\/en\/wp-json\/wp\/v2\/product\/81800","targetHints":{"allow":["GET"]}}],"collection":[{"href":"https:\/\/hexatac.com\/en\/wp-json\/wp\/v2\/product"}],"about":[{"href":"https:\/\/hexatac.com\/en\/wp-json\/wp\/v2\/types\/product"}],"replies":[{"embeddable":true,"href":"https:\/\/hexatac.com\/en\/wp-json\/wp\/v2\/comments?post=81800"}],"wp:featuredmedia":[{"embeddable":true,"href":"https:\/\/hexatac.com\/en\/wp-json\/wp\/v2\/media\/23219699"}],"wp:attachment":[{"href":"https:\/\/hexatac.com\/en\/wp-json\/wp\/v2\/media?parent=81800"}],"wp:term":[{"taxonomy":"product_brand","embeddable":true,"href":"https:\/\/hexatac.com\/en\/wp-json\/wp\/v2\/product_brand?post=81800"},{"taxonomy":"product_cat","embeddable":true,"href":"https:\/\/hexatac.com\/en\/wp-json\/wp\/v2\/product_cat?post=81800"},{"taxonomy":"product_tag","embeddable":true,"href":"https:\/\/hexatac.com\/en\/wp-json\/wp\/v2\/product_tag?post=81800"}],"curies":[{"name":"wp","href":"https:\/\/api.w.org\/{rel}","templated":true}]}}