{"id":81792,"date":"2023-11-02T10:27:47","date_gmt":"2023-11-02T09:27:47","guid":{"rendered":"https:\/\/hexatac.com\/?post_type=product&#038;p=81792"},"modified":"2026-03-30T14:02:37","modified_gmt":"2026-03-30T12:02:37","slug":"ayce-pomegranate-pocket-2","status":"publish","type":"product","link":"https:\/\/hexatac.com\/en\/product\/poche-medicale-hifaks-kst-x-hxtc\/","title":{"rendered":"HIFAKS\u00ae Medical Pouch - KST x HXTC"},"content":{"rendered":"<h4 style=\"text-align: justify;\">Poche M\u00e9dicale HIFAKS\u00ae | KHIMAIRA STRATEGY TACTICS x HEXATAC<\/h4>\n<p><strong>**Attention, Insert M\u00e9dical HIFAKS\u00ae non-inclus. <a href=\"https:\/\/hexatac.com\/en\/shop\/ayce-pomegranate-pocket-3\/\"><span style=\"text-decoration: underline;\">Disponible ici<\/span><\/a>**<\/strong><\/p>\n<p>Le <strong>syst\u00e8me HIFAKS\u00ae<\/strong> est le fruit d\u2019une collaboration entre <strong><a href=\"https:\/\/khimaira-st.com\">Khimaira Strategy Tactics<\/a> et Hexatac<\/strong>. Dans la lign\u00e9e de nos poches AYCE\u00ae, elle poss\u00e8de \u00e9galement un h\u00f4te (ce produit) et un insert (<span style=\"text-decoration: underline;\"><a href=\"https:\/\/hexatac.com\/en\/shop\/ayce-pomegranate-pocket-3\/\">vendu s\u00e9par\u00e9ment<\/a><\/span>)<\/p>\n<p>Le but de la <strong>HIFAKS\u00ae Medical Bag<\/strong> est de proposer<strong> une solution \u00e0 la fois minimaliste et adaptable<\/strong> permettant de garder l\u2019<strong>encombrement au minimum<\/strong> tout en offrant une accessibilit\u00e9 en toute circonstance.<span class=\"Apple-converted-space\">\u00a0<\/span><\/p>\n<h4 id=\"inclus\"><span style=\"text-decoration: underline;\"><strong>What's included<\/strong><\/span><\/h4>\n<ul>\n<li>H\u00f4te HIFAKS\u00ae<\/li>\n<li>Paire d&rsquo;attaches universelles<\/li>\n<\/ul>\n<p>La base de la <strong>HIFAKS\u00ae Medical Bag<\/strong> est compos\u00e9e d\u2019une feuille de composite d\u00e9coup\u00e9e au laser afin de laisser la possibilit\u00e9 \u00e0 l\u2019utilisateur de la porter sur une ceinture ou sur une plateforme MOLLE gr\u00e2ce aux <strong>attaches universelles fournies.<\/strong><\/p>\n<p>Au dos, une base velcro permet d\u2019<strong>ancrer le rabat \u00e9lastique<\/strong> pour que la <strong>Poche HIFAKS\u00ae<\/strong> s\u2019adapte au mieux du contenu de l\u2019insert (<span style=\"text-decoration: underline;\">vendu s\u00e9par\u00e9ment<\/span>).<span class=\"Apple-converted-space\">\u00a0<\/span><\/p>\n<p>La <strong>r\u00e9tention de l\u2019insert HIFAKS\u00ae est double<\/strong> et assur\u00e9e d\u2019une part par la tension induite par le rabat et par un ancrage velcro \u00e0 int\u00e9rieur.<\/p>\n<p>A l\u2019ext\u00e9rieur, un <strong>porte-garrot \u00e9lastique int\u00e9gr\u00e9<\/strong> permet l\u2019acc\u00e8s rapide au garrot sans avoir \u00e0 acc\u00e9der au contenu pour le poser le plus rapidement possible.<span class=\"Apple-converted-space\">\u00a0<\/span><\/p>\n<p>Enfin, une croix d\u00e9coup\u00e9e dans le velcro indique la nature de la <strong>Poche HIFAKS\u00ae<\/strong> tout en laissant la possibilit\u00e9 d\u2019apposer un \u00e9cusson sp\u00e9cifique pour les allergies, le groupe sanguin ou encore un marquage IR.<\/p>\n<h4 id=\"video\"><span style=\"text-decoration: underline;\"><strong>Video Presentation<\/strong><\/span><\/h4>\n<div class=\"epyt-video-wrapper\"><iframe  style=\"display: block; margin: 0px auto;\"  id=\"_ytid_37569\"  width=\"640\" height=\"360\"  data-origwidth=\"640\" data-origheight=\"360\" src=\"https:\/\/www.youtube.com\/embed\/C0uUQahn0Hs?enablejsapi=1&autoplay=0&cc_load_policy=0&cc_lang_pref=&iv_load_policy=1&loop=1&playlist=C0uUQahn0Hs&rel=0&fs=1&playsinline=0&autohide=2&theme=dark&color=red&controls=1&disablekb=0&\" class=\"__youtube_prefs__  no-lazyload\" title=\"YouTube player\"  allow=\"fullscreen; accelerometer; autoplay; clipboard-write; encrypted-media; gyroscope; picture-in-picture; web-share\" referrerpolicy=\"strict-origin-when-cross-origin\" allowfullscreen data-no-lazy=\"1\" data-skipgform_ajax_framebjll=\"\"><\/iframe><\/div>\n<p>&nbsp;<\/p>\n<p><strong>ORIGINS<\/strong> :<br \/>\n- Host : Manufacture : EU | Materials : USA and EU<br \/>\n- Insert: Manufacture: EU | Materials: USA and EU<\/p>\n<p>Limited lifetime warranty against manufacturing defects.<\/p>\n<p>&nbsp;<\/p>","protected":false},"excerpt":{"rendered":"<h4>SHORTCUTS<\/h4>\n<div class=\"boutons_short_desc\">\n<ul>\n<li><a class=\"button\" href=\"#video\">PRESENTATION VIDEO<\/a><\/li>\n<li><a class=\"button\" href=\"#inclus\">WHAT'S INCLUDED?<\/a><\/li>\n<li><a class=\"button\" href=\"https:\/\/hexatac.com\/en\/assembly-use\/\" target=\"_blank\" rel=\"noopener\">ASSEMBLY<\/a><\/li>\n<\/ul>\n<\/div>","protected":false},"featured_media":23219691,"comment_status":"open","ping_status":"closed","template":"","meta":{"_monsterinsights_skip_tracking":false,"_monsterinsights_sitenote_active":false,"_monsterinsights_sitenote_note":"","_monsterinsights_sitenote_category":0},"product_brand":[2323],"product_cat":[3879],"product_tag":[4175,4173],"class_list":{"0":"post-81792","1":"product","2":"type-product","3":"status-publish","4":"has-post-thumbnail","6":"product_brand-hexatac","7":"product_cat-poches","8":"product_tag-b2b","9":"product_tag-ceinture","11":"first","12":"outofstock","13":"taxable","14":"shipping-taxable","15":"purchasable","16":"product-type-variable","17":"has-default-attributes"},"bundled_by":[],"bundle_stock_status":"outofstock","bundle_stock_quantity":null,"bundle_virtual":false,"bundle_layout":"","bundle_add_to_cart_form_location":"","bundle_editable_in_cart":false,"bundle_sold_individually_context":"","bundle_item_grouping":"","bundle_min_size":"","bundle_max_size":"","bundle_price":[],"bundled_items":[],"bundle_sell_ids":[],"yoast_head":"<!-- This site is optimized with the Yoast SEO Premium plugin v26.6 (Yoast SEO v27.4) - https:\/\/yoast.com\/product\/yoast-seo-premium-wordpress\/ -->\n<title>Poche M\u00e9dicale HIFAKS\u00ae - KST x HXTC - Hexatac<\/title>\n<meta name=\"description\" content=\"H\u00f4te pour syst\u00e8me de poche premiers secours HIFAKS. Double s\u00fbret\u00e9, porte-garrot \u00e9lastique int\u00e9gr\u00e9. Fabriqu\u00e9 en Europe et Garantie \u00e0 vie.\" \/>\n<meta name=\"robots\" content=\"index, follow, max-snippet:-1, max-image-preview:large, max-video-preview:-1\" \/>\n<link rel=\"canonical\" href=\"https:\/\/hexatac.com\/en\/product\/ayce-pomegranate-pocket-2\/\" \/>\n<meta property=\"og:locale\" content=\"en_GB\" \/>\n<meta property=\"og:type\" content=\"article\" \/>\n<meta property=\"og:title\" content=\"Poche M\u00e9dicale HIFAKS\u00ae - KST x HXTC\" \/>\n<meta property=\"og:description\" content=\"H\u00f4te pour syst\u00e8me de poche premiers secours HIFAKS. Double s\u00fbret\u00e9, porte-garrot \u00e9lastique int\u00e9gr\u00e9. Fabriqu\u00e9 en Europe et Garantie \u00e0 vie.\" \/>\n<meta property=\"og:url\" content=\"https:\/\/hexatac.com\/en\/product\/ayce-pomegranate-pocket-2\/\" \/>\n<meta property=\"og:site_name\" content=\"Hexatac\" \/>\n<meta property=\"article:modified_time\" content=\"2026-03-30T12:02:37+00:00\" \/>\n<meta property=\"og:image\" content=\"https:\/\/hexatac.com\/wp-content\/uploads\/2023\/11\/Hote_HIFAKS_RG-1024x1024.jpg\" \/>\n\t<meta property=\"og:image:width\" content=\"1024\" \/>\n\t<meta property=\"og:image:height\" content=\"1024\" \/>\n\t<meta property=\"og:image:type\" content=\"image\/jpeg\" \/>\n<meta name=\"twitter:card\" content=\"summary_large_image\" \/>\n<script type=\"application\/ld+json\" class=\"yoast-schema-graph\">{\"@context\":\"https:\\\/\\\/schema.org\",\"@graph\":[{\"@type\":[\"WebPage\",\"ItemPage\"],\"@id\":\"https:\\\/\\\/hexatac.com\\\/product\\\/poche-medicale-hifaks-kst-x-hxtc\\\/\",\"url\":\"https:\\\/\\\/hexatac.com\\\/product\\\/poche-medicale-hifaks-kst-x-hxtc\\\/\",\"name\":\"Poche M\u00e9dicale HIFAKS\u00ae - KST x HXTC - Hexatac\",\"isPartOf\":{\"@id\":\"https:\\\/\\\/hexatac.com\\\/#website\"},\"primaryImageOfPage\":{\"@id\":\"https:\\\/\\\/hexatac.com\\\/product\\\/poche-medicale-hifaks-kst-x-hxtc\\\/#primaryimage\"},\"image\":{\"@id\":\"https:\\\/\\\/hexatac.com\\\/product\\\/poche-medicale-hifaks-kst-x-hxtc\\\/#primaryimage\"},\"thumbnailUrl\":\"https:\\\/\\\/cdn.hexatac.com\\\/\\\/wp-content\\\/uploads\\\/2023\\\/11\\\/Hote_HIFAKS_RG.jpg\",\"datePublished\":\"2023-11-02T09:27:47+00:00\",\"dateModified\":\"2026-03-30T12:02:37+00:00\",\"description\":\"H\u00f4te pour syst\u00e8me de poche premiers secours HIFAKS. Double s\u00fbret\u00e9, porte-garrot \u00e9lastique int\u00e9gr\u00e9. Fabriqu\u00e9 en Europe et Garantie \u00e0 vie.\",\"breadcrumb\":{\"@id\":\"https:\\\/\\\/hexatac.com\\\/product\\\/poche-medicale-hifaks-kst-x-hxtc\\\/#breadcrumb\"},\"inLanguage\":\"en-GB\",\"potentialAction\":[{\"@type\":\"ReadAction\",\"target\":[\"https:\\\/\\\/hexatac.com\\\/product\\\/poche-medicale-hifaks-kst-x-hxtc\\\/\"]}]},{\"@type\":\"ImageObject\",\"inLanguage\":\"en-GB\",\"@id\":\"https:\\\/\\\/hexatac.com\\\/product\\\/poche-medicale-hifaks-kst-x-hxtc\\\/#primaryimage\",\"url\":\"https:\\\/\\\/cdn.hexatac.com\\\/\\\/wp-content\\\/uploads\\\/2023\\\/11\\\/Hote_HIFAKS_RG.jpg\",\"contentUrl\":\"https:\\\/\\\/cdn.hexatac.com\\\/\\\/wp-content\\\/uploads\\\/2023\\\/11\\\/Hote_HIFAKS_RG.jpg\",\"width\":2560,\"height\":2560},{\"@type\":\"BreadcrumbList\",\"@id\":\"https:\\\/\\\/hexatac.com\\\/product\\\/poche-medicale-hifaks-kst-x-hxtc\\\/#breadcrumb\",\"itemListElement\":[{\"@type\":\"ListItem\",\"position\":1,\"name\":\"Accueil\",\"item\":\"https:\\\/\\\/hexatac.com\\\/\"},{\"@type\":\"ListItem\",\"position\":2,\"name\":\"Boutique\",\"item\":\"https:\\\/\\\/hexatac.com\\\/boutique\\\/\"},{\"@type\":\"ListItem\",\"position\":3,\"name\":\"Poche M\u00e9dicale HIFAKS\u00ae &#8211; KST x HXTC\"}]},{\"@type\":\"WebSite\",\"@id\":\"https:\\\/\\\/hexatac.com\\\/#website\",\"url\":\"https:\\\/\\\/hexatac.com\\\/\",\"name\":\"Hexatac\",\"description\":\"Equipement Tactique | Policier | Militaire | Gendarme | Airsoft\",\"potentialAction\":[{\"@type\":\"SearchAction\",\"target\":{\"@type\":\"EntryPoint\",\"urlTemplate\":\"https:\\\/\\\/hexatac.com\\\/?s={search_term_string}\"},\"query-input\":{\"@type\":\"PropertyValueSpecification\",\"valueRequired\":true,\"valueName\":\"search_term_string\"}}],\"inLanguage\":\"en-GB\"}]}<\/script>\n<meta property=\"og:availability\" content=\"out of stock\" \/>\n<meta property=\"product:availability\" content=\"out of stock\" \/>\n<meta property=\"product:retailer_item_id\" content=\"HIFAKS-HST\" \/>\n<meta property=\"product:condition\" content=\"new\" \/>\n<!-- \/ Yoast SEO Premium plugin. -->","yoast_head_json":{"title":"Poche M\u00e9dicale HIFAKS\u00ae - KST x HXTC - Hexatac","description":"H\u00f4te pour syst\u00e8me de poche premiers secours HIFAKS. Double s\u00fbret\u00e9, porte-garrot \u00e9lastique int\u00e9gr\u00e9. Fabriqu\u00e9 en Europe et Garantie \u00e0 vie.","robots":{"index":"index","follow":"follow","max-snippet":"max-snippet:-1","max-image-preview":"max-image-preview:large","max-video-preview":"max-video-preview:-1"},"canonical":"https:\/\/hexatac.com\/en\/product\/ayce-pomegranate-pocket-2\/","og_locale":"en_GB","og_type":"article","og_title":"Poche M\u00e9dicale HIFAKS\u00ae - KST x HXTC","og_description":"H\u00f4te pour syst\u00e8me de poche premiers secours HIFAKS. Double s\u00fbret\u00e9, porte-garrot \u00e9lastique int\u00e9gr\u00e9. Fabriqu\u00e9 en Europe et Garantie \u00e0 vie.","og_url":"https:\/\/hexatac.com\/en\/product\/ayce-pomegranate-pocket-2\/","og_site_name":"Hexatac","article_modified_time":"2026-03-30T12:02:37+00:00","og_image":[{"width":1024,"height":1024,"url":"https:\/\/hexatac.com\/wp-content\/uploads\/2023\/11\/Hote_HIFAKS_RG-1024x1024.jpg","type":"image\/jpeg"}],"twitter_card":"summary_large_image","schema":{"@context":"https:\/\/schema.org","@graph":[{"@type":["WebPage","ItemPage"],"@id":"https:\/\/hexatac.com\/product\/poche-medicale-hifaks-kst-x-hxtc\/","url":"https:\/\/hexatac.com\/product\/poche-medicale-hifaks-kst-x-hxtc\/","name":"Poche M\u00e9dicale HIFAKS\u00ae - KST x HXTC - Hexatac","isPartOf":{"@id":"https:\/\/hexatac.com\/#website"},"primaryImageOfPage":{"@id":"https:\/\/hexatac.com\/product\/poche-medicale-hifaks-kst-x-hxtc\/#primaryimage"},"image":{"@id":"https:\/\/hexatac.com\/product\/poche-medicale-hifaks-kst-x-hxtc\/#primaryimage"},"thumbnailUrl":"https:\/\/cdn.hexatac.com\/\/wp-content\/uploads\/2023\/11\/Hote_HIFAKS_RG.jpg","datePublished":"2023-11-02T09:27:47+00:00","dateModified":"2026-03-30T12:02:37+00:00","description":"H\u00f4te pour syst\u00e8me de poche premiers secours HIFAKS. Double s\u00fbret\u00e9, porte-garrot \u00e9lastique int\u00e9gr\u00e9. Fabriqu\u00e9 en Europe et Garantie \u00e0 vie.","breadcrumb":{"@id":"https:\/\/hexatac.com\/product\/poche-medicale-hifaks-kst-x-hxtc\/#breadcrumb"},"inLanguage":"en-GB","potentialAction":[{"@type":"ReadAction","target":["https:\/\/hexatac.com\/product\/poche-medicale-hifaks-kst-x-hxtc\/"]}]},{"@type":"ImageObject","inLanguage":"en-GB","@id":"https:\/\/hexatac.com\/product\/poche-medicale-hifaks-kst-x-hxtc\/#primaryimage","url":"https:\/\/cdn.hexatac.com\/\/wp-content\/uploads\/2023\/11\/Hote_HIFAKS_RG.jpg","contentUrl":"https:\/\/cdn.hexatac.com\/\/wp-content\/uploads\/2023\/11\/Hote_HIFAKS_RG.jpg","width":2560,"height":2560},{"@type":"BreadcrumbList","@id":"https:\/\/hexatac.com\/product\/poche-medicale-hifaks-kst-x-hxtc\/#breadcrumb","itemListElement":[{"@type":"ListItem","position":1,"name":"Accueil","item":"https:\/\/hexatac.com\/"},{"@type":"ListItem","position":2,"name":"Boutique","item":"https:\/\/hexatac.com\/boutique\/"},{"@type":"ListItem","position":3,"name":"Poche M\u00e9dicale HIFAKS\u00ae &#8211; KST x HXTC"}]},{"@type":"WebSite","@id":"https:\/\/hexatac.com\/#website","url":"https:\/\/hexatac.com\/","name":"Hexatac","description":"Tactical Equipment | Policeman | Military | Gendarme | Airsoft","potentialAction":[{"@type":"SearchAction","target":{"@type":"EntryPoint","urlTemplate":"https:\/\/hexatac.com\/?s={search_term_string}"},"query-input":{"@type":"PropertyValueSpecification","valueRequired":true,"valueName":"search_term_string"}}],"inLanguage":"en-GB"}]},"og_availability":"out of stock","product_availability":"out of stock","product_retailer_item_id":"HIFAKS-HST","product_condition":"new"},"_links":{"self":[{"href":"https:\/\/hexatac.com\/en\/wp-json\/wp\/v2\/product\/81792","targetHints":{"allow":["GET"]}}],"collection":[{"href":"https:\/\/hexatac.com\/en\/wp-json\/wp\/v2\/product"}],"about":[{"href":"https:\/\/hexatac.com\/en\/wp-json\/wp\/v2\/types\/product"}],"replies":[{"embeddable":true,"href":"https:\/\/hexatac.com\/en\/wp-json\/wp\/v2\/comments?post=81792"}],"wp:featuredmedia":[{"embeddable":true,"href":"https:\/\/hexatac.com\/en\/wp-json\/wp\/v2\/media\/23219691"}],"wp:attachment":[{"href":"https:\/\/hexatac.com\/en\/wp-json\/wp\/v2\/media?parent=81792"}],"wp:term":[{"taxonomy":"product_brand","embeddable":true,"href":"https:\/\/hexatac.com\/en\/wp-json\/wp\/v2\/product_brand?post=81792"},{"taxonomy":"product_cat","embeddable":true,"href":"https:\/\/hexatac.com\/en\/wp-json\/wp\/v2\/product_cat?post=81792"},{"taxonomy":"product_tag","embeddable":true,"href":"https:\/\/hexatac.com\/en\/wp-json\/wp\/v2\/product_tag?post=81792"}],"curies":[{"name":"wp","href":"https:\/\/api.w.org\/{rel}","templated":true}]}}