{"id":80149,"date":"2023-06-02T10:25:02","date_gmt":"2023-06-02T08:25:02","guid":{"rendered":"https:\/\/hexatac.com\/?post_type=product&#038;p=80149"},"modified":"2026-04-27T09:03:48","modified_gmt":"2026-04-27T07:03:48","slug":"ayce-pomegranate-pocket","status":"publish","type":"product","link":"https:\/\/hexatac.com\/en\/product\/poche-grenade-ayce\/","title":{"rendered":"AYCE\u00ae Grenade Pouch"},"content":{"rendered":"<h4 style=\"text-align: justify;\">AYCE\u00ae Universal Grenade Pocket | HEXATAC<\/h4>\n<p><span style=\"text-decoration: underline;\"><strong>A NEW GENERATION!<\/strong><\/span> Nous avons am\u00e9lior\u00e9 la poche <strong>Grenade AYCE\u00ae<\/strong> en faisant \u00e9voluer le mat\u00e9riau principal vers du cordura lamin\u00e9 ce qui permet d&rsquo;all\u00e9ger la poche et aussi de proposer un syst\u00e8me de montage simple qui s&rsquo;adapte aussi bien au MOLLE qu&rsquo;aux ceintures. Aussi, le cordura lamin\u00e9 nous a permis de cr\u00e9er une l\u00e8vre rigide permettant de maintenir la poche ouverte et faciliter l&rsquo;insertion de la grenade.<\/p>\n<p><strong>Developed in collaboration with RAID<\/strong>the <strong>AYCE\u00ae Grenade Pouch<\/strong> is a versatile pocket that will <strong>carrying any offensive or defensive grenade, 40mm grenade or flashbang<\/strong>.<span class=\"Apple-converted-space\">\u00a0<\/span><\/p>\n<p>La <strong>AYCE\u00ae Grenade Pouch<\/strong> is also compatible with administrative handcuffs.<\/p>\n<p>Just like the other bags in the AYCE\u00ae range, <strong>it consists of a host and an insert<\/strong> (supplied).<span class=\"Apple-converted-space\">\u00a0<\/span><\/p>\n<p>L\u2019h\u00f4te est fabriqu\u00e9 en Cordura Lamin\u00e9 Squadron B52. Le syst\u00e8me de fixation arri\u00e8re permet de <strong>mount the AYCE\u00ae Grenade Pouch on a MOLLE\u00ae platform<\/strong> au moyen des passants fournis et permet \u00e9galement d\u2019utiliser des colliers velcro ou encore des malice clips etc.<\/p>\n<p>The semi-cylindrical shape of the host allows<strong> to facilitate the insertion and gripping of cylindrical grenades<\/strong> but is also <strong>compatible with block-shaped flashbangs<\/strong>.<\/p>\n<p>On the front of the <strong>AYCE\u00ae Grenade Pouch<\/strong> is a composite ladder that can be used to<strong>adjust the height of the flap to suit the grenade used<\/strong>. You can use this grenade pouch for both small offensive grenades and long flashbangs.<span class=\"Apple-converted-space\">\u00a0<\/span><\/p>\n<p>A square in hypalon on the flap will allow <strong>to write the contents using an ink pen<\/strong> type Posca\u00ae et d\u2019en effacer le contenu au moyen d\u2019ac\u00e9tone (l&rsquo;hypalon ne craint pas l&rsquo;ac\u00e9tone).<\/p>\n<p>Inside, the<strong> AYCE\u00ae Grenade Pouch<\/strong> allows <strong>stabilise flashbangs, which are thin and dense<\/strong> to prevent them from being heckled in the pocket. <strong>Simply squeeze the elastic to use the volume<\/strong> of the <strong>AYCE\u00ae Grenade Pouch<\/strong>.<span class=\"Apple-converted-space\">\u00a0<\/span><\/p>\n<h4 id=\"compatibilite\"><span style=\"text-decoration: underline;\"><strong>Compatibility<\/strong><\/span><\/h4>\n<p><strong>Non-exhaustive list of compatible grenades tested<\/strong> :<span class=\"Apple-converted-space\">\u00a0<\/span><\/p>\n<ul>\n<li>Flashbang 9 bangs<\/li>\n<li>Flashbang SPECTAC<\/li>\n<li>Type 46 ASSD grenade<\/li>\n<li>Grenade OFF F1<\/li>\n<li>Grenade DEF F1<\/li>\n<li>French plaster grenade<\/li>\n<li>SPL HGR86<\/li>\n<li>40mm ammunition (4046HEBE, 40BDLRX Cinetic, HX Smoke, HC CS, etc)<\/li>\n<\/ul>\n<p><span style=\"text-decoration: underline;\"><strong>WARNING: this pouch is NOT compatible with M18 smoke grenades, CM6 and MP7 tear gas grenades, M67 and RGD5 frag grenades, etc.<\/strong><\/span><\/p>\n<h4 id=\"inclus\"><span style=\"text-decoration: underline;\"><strong>What's included<\/strong><\/span><\/h4>\n<ul>\n<li>AYCE\u00ae Pomegranate Pocket<\/li>\n<li>Internal modular board<\/li>\n<\/ul>\n<h4 id=\"video\"><span style=\"text-decoration: underline;\"><strong>Video Presentation<\/strong><\/span><\/h4>\n<div class=\"epyt-video-wrapper\"><iframe  style=\"display: block; margin: 0px auto;\"  id=\"_ytid_89844\"  width=\"640\" height=\"360\"  data-origwidth=\"640\" data-origheight=\"360\" src=\"https:\/\/www.youtube.com\/embed\/2wljha_Ixh4?enablejsapi=1&autoplay=0&cc_load_policy=0&cc_lang_pref=&iv_load_policy=1&loop=1&playlist=2wljha_Ixh4&rel=0&fs=1&playsinline=0&autohide=2&theme=dark&color=red&controls=1&disablekb=0&\" class=\"__youtube_prefs__  no-lazyload\" title=\"YouTube player\"  allow=\"fullscreen; accelerometer; autoplay; clipboard-write; encrypted-media; gyroscope; picture-in-picture; web-share\" referrerpolicy=\"strict-origin-when-cross-origin\" allowfullscreen data-no-lazy=\"1\" data-skipgform_ajax_framebjll=\"\"><\/iframe><\/div>\n<p>&nbsp;<\/p>\n<p><strong>ORIGINS<\/strong> :<br \/>\n- Host : Manufacture : EU | Materials : USA and EU<br \/>\n- Insert: Manufacture: EU | Materials: USA and EU<\/p>\n<p>Limited lifetime warranty against manufacturing defects.<\/p>\n<p>&nbsp;<\/p>","protected":false},"excerpt":{"rendered":"<h4><strong>\u2714 Hauteur de MOLLE r\u00e9glable<br \/>\n\u2714 Convient aux flashbangs et grenades offensives fran\u00e7aises<br \/>\n<\/strong><strong>\u2714 Ne convient pas aux grenades am\u00e9ricaines type m67<br \/>\n<\/strong><strong>\u2714 Rabat silencieux \u00e0 hauteur r\u00e9glable<\/strong><\/h4>\n<div class=\"boutons_short_desc\"><\/div>","protected":false},"featured_media":23254255,"comment_status":"open","ping_status":"closed","template":"","meta":{"_monsterinsights_skip_tracking":false,"_monsterinsights_sitenote_active":false,"_monsterinsights_sitenote_note":"","_monsterinsights_sitenote_category":0},"product_brand":[2323],"product_cat":[3879],"product_tag":[4175,4173],"class_list":{"0":"post-80149","1":"product","2":"type-product","3":"status-publish","4":"has-post-thumbnail","6":"product_brand-hexatac","7":"product_cat-poches","8":"product_tag-b2b","9":"product_tag-ceinture","11":"first","12":"onbackorder","13":"taxable","14":"shipping-taxable","15":"purchasable","16":"product-type-variable","17":"has-default-attributes"},"bundled_by":[],"bundle_stock_status":"onbackorder","bundle_stock_quantity":null,"bundle_virtual":false,"bundle_layout":"","bundle_add_to_cart_form_location":"","bundle_editable_in_cart":false,"bundle_sold_individually_context":"","bundle_item_grouping":"","bundle_min_size":"","bundle_max_size":"","bundle_price":[],"bundled_items":[],"bundle_sell_ids":[],"yoast_head":"<!-- This site is optimized with the Yoast SEO Premium plugin v26.6 (Yoast SEO v27.4) - https:\/\/yoast.com\/product\/yoast-seo-premium-wordpress\/ -->\n<title>Poche Grenade AYCE\u00ae - Hexatac<\/title>\n<meta name=\"description\" content=\"Poche pour grenades Offensives, D\u00e9fensives, Flashbangs et autres. Rabat avec ouverture silencieuse. Fabriqu\u00e9 en Europe et Garantie \u00e0 vie.\" \/>\n<meta name=\"robots\" content=\"index, follow, max-snippet:-1, max-image-preview:large, max-video-preview:-1\" \/>\n<link rel=\"canonical\" href=\"https:\/\/hexatac.com\/en\/product\/ayce-pomegranate-pocket\/\" \/>\n<meta property=\"og:locale\" content=\"en_GB\" \/>\n<meta property=\"og:type\" content=\"article\" \/>\n<meta property=\"og:title\" content=\"Poche Grenade AYCE\u00ae\" \/>\n<meta property=\"og:description\" content=\"Poche pour grenades Offensives, D\u00e9fensives, Flashbangs et autres. Rabat avec ouverture silencieuse. Fabriqu\u00e9 en Europe et Garantie \u00e0 vie.\" \/>\n<meta property=\"og:url\" content=\"https:\/\/hexatac.com\/en\/product\/ayce-pomegranate-pocket\/\" \/>\n<meta property=\"og:site_name\" content=\"Hexatac\" \/>\n<meta property=\"article:modified_time\" content=\"2026-04-27T07:03:48+00:00\" \/>\n<meta property=\"og:image\" content=\"https:\/\/hexatac.com\/wp-content\/uploads\/2025\/06\/AYCE-GR-MC_FACE2.jpg\" \/>\n\t<meta property=\"og:image:width\" content=\"2048\" \/>\n\t<meta property=\"og:image:height\" content=\"2048\" \/>\n\t<meta property=\"og:image:type\" content=\"image\/jpeg\" \/>\n<meta name=\"twitter:card\" content=\"summary_large_image\" \/>\n<script type=\"application\/ld+json\" class=\"yoast-schema-graph\">{\"@context\":\"https:\\\/\\\/schema.org\",\"@graph\":[{\"@type\":[\"WebPage\",\"ItemPage\"],\"@id\":\"https:\\\/\\\/hexatac.com\\\/product\\\/poche-grenade-ayce\\\/\",\"url\":\"https:\\\/\\\/hexatac.com\\\/product\\\/poche-grenade-ayce\\\/\",\"name\":\"Poche Grenade AYCE\u00ae - Hexatac\",\"isPartOf\":{\"@id\":\"https:\\\/\\\/hexatac.com\\\/#website\"},\"primaryImageOfPage\":{\"@id\":\"https:\\\/\\\/hexatac.com\\\/product\\\/poche-grenade-ayce\\\/#primaryimage\"},\"image\":{\"@id\":\"https:\\\/\\\/hexatac.com\\\/product\\\/poche-grenade-ayce\\\/#primaryimage\"},\"thumbnailUrl\":\"https:\\\/\\\/cdn.hexatac.com\\\/\\\/wp-content\\\/uploads\\\/2025\\\/06\\\/AYCE-GR-MC_FACE2.jpg\",\"datePublished\":\"2023-06-02T08:25:02+00:00\",\"dateModified\":\"2026-04-27T07:03:48+00:00\",\"description\":\"Poche pour grenades Offensives, D\u00e9fensives, Flashbangs et autres. Rabat avec ouverture silencieuse. Fabriqu\u00e9 en Europe et Garantie \u00e0 vie.\",\"breadcrumb\":{\"@id\":\"https:\\\/\\\/hexatac.com\\\/product\\\/poche-grenade-ayce\\\/#breadcrumb\"},\"inLanguage\":\"en-GB\",\"potentialAction\":[{\"@type\":\"ReadAction\",\"target\":[\"https:\\\/\\\/hexatac.com\\\/product\\\/poche-grenade-ayce\\\/\"]}]},{\"@type\":\"ImageObject\",\"inLanguage\":\"en-GB\",\"@id\":\"https:\\\/\\\/hexatac.com\\\/product\\\/poche-grenade-ayce\\\/#primaryimage\",\"url\":\"https:\\\/\\\/cdn.hexatac.com\\\/\\\/wp-content\\\/uploads\\\/2025\\\/06\\\/AYCE-GR-MC_FACE2.jpg\",\"contentUrl\":\"https:\\\/\\\/cdn.hexatac.com\\\/\\\/wp-content\\\/uploads\\\/2025\\\/06\\\/AYCE-GR-MC_FACE2.jpg\",\"width\":2048,\"height\":2048},{\"@type\":\"BreadcrumbList\",\"@id\":\"https:\\\/\\\/hexatac.com\\\/product\\\/poche-grenade-ayce\\\/#breadcrumb\",\"itemListElement\":[{\"@type\":\"ListItem\",\"position\":1,\"name\":\"Accueil\",\"item\":\"https:\\\/\\\/hexatac.com\\\/\"},{\"@type\":\"ListItem\",\"position\":2,\"name\":\"Boutique\",\"item\":\"https:\\\/\\\/hexatac.com\\\/boutique\\\/\"},{\"@type\":\"ListItem\",\"position\":3,\"name\":\"Poche Grenade AYCE\u00ae\"}]},{\"@type\":\"WebSite\",\"@id\":\"https:\\\/\\\/hexatac.com\\\/#website\",\"url\":\"https:\\\/\\\/hexatac.com\\\/\",\"name\":\"Hexatac\",\"description\":\"Equipement Tactique | Policier | Militaire | Gendarme | Airsoft\",\"potentialAction\":[{\"@type\":\"SearchAction\",\"target\":{\"@type\":\"EntryPoint\",\"urlTemplate\":\"https:\\\/\\\/hexatac.com\\\/?s={search_term_string}\"},\"query-input\":{\"@type\":\"PropertyValueSpecification\",\"valueRequired\":true,\"valueName\":\"search_term_string\"}}],\"inLanguage\":\"en-GB\"}]}<\/script>\n<meta property=\"og:availability\" content=\"backorder\" \/>\n<meta property=\"product:availability\" content=\"available for order\" \/>\n<meta property=\"product:retailer_item_id\" content=\"AYCE-GR\" \/>\n<meta property=\"product:condition\" content=\"new\" \/>\n<!-- \/ Yoast SEO Premium plugin. -->","yoast_head_json":{"title":"AYCE\u00ae Grenade Pocket - Hexatac","description":"Pocket for offensive and defensive grenades, flashbangs and more. Silent opening flap. Made in Europe and lifetime warranty.","robots":{"index":"index","follow":"follow","max-snippet":"max-snippet:-1","max-image-preview":"max-image-preview:large","max-video-preview":"max-video-preview:-1"},"canonical":"https:\/\/hexatac.com\/en\/product\/ayce-pomegranate-pocket\/","og_locale":"en_GB","og_type":"article","og_title":"Poche Grenade AYCE\u00ae","og_description":"Poche pour grenades Offensives, D\u00e9fensives, Flashbangs et autres. Rabat avec ouverture silencieuse. Fabriqu\u00e9 en Europe et Garantie \u00e0 vie.","og_url":"https:\/\/hexatac.com\/en\/product\/ayce-pomegranate-pocket\/","og_site_name":"Hexatac","article_modified_time":"2026-04-27T07:03:48+00:00","og_image":[{"width":2048,"height":2048,"url":"https:\/\/hexatac.com\/wp-content\/uploads\/2025\/06\/AYCE-GR-MC_FACE2.jpg","type":"image\/jpeg"}],"twitter_card":"summary_large_image","schema":{"@context":"https:\/\/schema.org","@graph":[{"@type":["WebPage","ItemPage"],"@id":"https:\/\/hexatac.com\/product\/poche-grenade-ayce\/","url":"https:\/\/hexatac.com\/product\/poche-grenade-ayce\/","name":"AYCE\u00ae Grenade Pocket - Hexatac","isPartOf":{"@id":"https:\/\/hexatac.com\/#website"},"primaryImageOfPage":{"@id":"https:\/\/hexatac.com\/product\/poche-grenade-ayce\/#primaryimage"},"image":{"@id":"https:\/\/hexatac.com\/product\/poche-grenade-ayce\/#primaryimage"},"thumbnailUrl":"https:\/\/cdn.hexatac.com\/\/wp-content\/uploads\/2025\/06\/AYCE-GR-MC_FACE2.jpg","datePublished":"2023-06-02T08:25:02+00:00","dateModified":"2026-04-27T07:03:48+00:00","description":"Pocket for offensive and defensive grenades, flashbangs and more. Silent opening flap. Made in Europe and lifetime warranty.","breadcrumb":{"@id":"https:\/\/hexatac.com\/product\/poche-grenade-ayce\/#breadcrumb"},"inLanguage":"en-GB","potentialAction":[{"@type":"ReadAction","target":["https:\/\/hexatac.com\/product\/poche-grenade-ayce\/"]}]},{"@type":"ImageObject","inLanguage":"en-GB","@id":"https:\/\/hexatac.com\/product\/poche-grenade-ayce\/#primaryimage","url":"https:\/\/cdn.hexatac.com\/\/wp-content\/uploads\/2025\/06\/AYCE-GR-MC_FACE2.jpg","contentUrl":"https:\/\/cdn.hexatac.com\/\/wp-content\/uploads\/2025\/06\/AYCE-GR-MC_FACE2.jpg","width":2048,"height":2048},{"@type":"BreadcrumbList","@id":"https:\/\/hexatac.com\/product\/poche-grenade-ayce\/#breadcrumb","itemListElement":[{"@type":"ListItem","position":1,"name":"Accueil","item":"https:\/\/hexatac.com\/"},{"@type":"ListItem","position":2,"name":"Boutique","item":"https:\/\/hexatac.com\/boutique\/"},{"@type":"ListItem","position":3,"name":"Poche Grenade AYCE\u00ae"}]},{"@type":"WebSite","@id":"https:\/\/hexatac.com\/#website","url":"https:\/\/hexatac.com\/","name":"Hexatac","description":"Tactical Equipment | Policeman | Military | Gendarme | Airsoft","potentialAction":[{"@type":"SearchAction","target":{"@type":"EntryPoint","urlTemplate":"https:\/\/hexatac.com\/?s={search_term_string}"},"query-input":{"@type":"PropertyValueSpecification","valueRequired":true,"valueName":"search_term_string"}}],"inLanguage":"en-GB"}]},"og_availability":"backorder","product_availability":"available for order","product_retailer_item_id":"AYCE-GR","product_condition":"new"},"_links":{"self":[{"href":"https:\/\/hexatac.com\/en\/wp-json\/wp\/v2\/product\/80149","targetHints":{"allow":["GET"]}}],"collection":[{"href":"https:\/\/hexatac.com\/en\/wp-json\/wp\/v2\/product"}],"about":[{"href":"https:\/\/hexatac.com\/en\/wp-json\/wp\/v2\/types\/product"}],"replies":[{"embeddable":true,"href":"https:\/\/hexatac.com\/en\/wp-json\/wp\/v2\/comments?post=80149"}],"wp:featuredmedia":[{"embeddable":true,"href":"https:\/\/hexatac.com\/en\/wp-json\/wp\/v2\/media\/23254255"}],"wp:attachment":[{"href":"https:\/\/hexatac.com\/en\/wp-json\/wp\/v2\/media?parent=80149"}],"wp:term":[{"taxonomy":"product_brand","embeddable":true,"href":"https:\/\/hexatac.com\/en\/wp-json\/wp\/v2\/product_brand?post=80149"},{"taxonomy":"product_cat","embeddable":true,"href":"https:\/\/hexatac.com\/en\/wp-json\/wp\/v2\/product_cat?post=80149"},{"taxonomy":"product_tag","embeddable":true,"href":"https:\/\/hexatac.com\/en\/wp-json\/wp\/v2\/product_tag?post=80149"}],"curies":[{"name":"wp","href":"https:\/\/api.w.org\/{rel}","templated":true}]}}