{"id":79799,"date":"2023-05-19T20:00:33","date_gmt":"2023-05-19T18:00:33","guid":{"rendered":"https:\/\/hexatac.com\/?post_type=product&#038;p=79799"},"modified":"2026-04-27T10:26:09","modified_gmt":"2026-04-27T08:26:09","slug":"pocket-charger-universal-ayce-p-a","status":"publish","type":"product","link":"https:\/\/hexatac.com\/en\/product\/poche-chargeur-universelle-ayce-p-a\/","title":{"rendered":"AYCE\u00ae Pistol\/SMG Magazine Pouch"},"content":{"rendered":"<h4 style=\"text-align: justify;\">AYCE\u00ae P.A.M. Universal Charger Pouches | HEXATAC<\/h4>\n<p><span style=\"text-decoration: underline;\"><strong>A NEW GENERATION!<\/strong><\/span> Nous avons am\u00e9lior\u00e9 la poche chargeur AYCE\u00ae en faisant \u00e9voluer le mat\u00e9riau principal vers du cordura lamin\u00e9 Squadron B52 ce qui permet d&rsquo;all\u00e9ger la poche et aussi de proposer un syst\u00e8me de montage simple qui s&rsquo;adapte aussi bien au MOLLE qu&rsquo;aux ceintures et m\u00eame \u00e0 45\u00b0 et en choisissant la hauteur. Nous avons \u00e9galement pris en compte les RETEX et cousu le fond de la poche pour \u00e9viter tout souci avec le velcro.<\/p>\n<p style=\"text-align: justify;\">We created the AYCE\u00ae Universal Magazine Pouches (<em>All You Can Eat<\/em>) in order to offer magazine pouches <strong>with adjustable retention<\/strong> which <strong>adapt to your issued magazines<\/strong> and will leave you with a <strong>maximum mounting possibilities<\/strong>.<\/p>\n<p style=\"text-align: justify;\">AYCE\u00ae Magazine Pouches are made of <strong>two distinct parts<\/strong> the host and the insert.<\/p>\n<p style=\"text-align: justify;\">L\u2019h\u00f4te est d\u00e9j\u00e0 une poche \u00e0 part enti\u00e8re avec son syst\u00e8me de fixation demi-MOLLE qui permet de s&rsquo;adapter aussi bien aux ceinturons qu&rsquo;\u00e0 n&rsquo;importe quelle plateforme MOLLE. Elle permettra aussi de r\u00e9gler la hauteur de votre poche sur la plateforme tout en vous laissant aussi la possibilit\u00e9 d&rsquo;utiliser des colliers velcro ou encore des attaches plastiques comme de MaliceClips<span class=\"Apple-converted-space\">.<\/span><\/p>\n<p style=\"text-align: justify;\">The insert is <strong>derived from our<a href=\"https:\/\/hexatac.com\/en\/shop\/insert-kydex-universal-loader-fa\/\"> URMI Universal Insert<\/a><\/strong> you're starting to know! It will <strong>wide range of compatibilities<\/strong> and will fit almost any charger. Like the URMI, it's adjustable with the Velcro collar supplied.<\/p>\n<h4 id=\"compatibilite\"><span style=\"text-decoration: underline;\"><strong>Compatibility<\/strong><\/span><\/h4>\n<p style=\"text-align: justify;\"><strong>(NON-EXHAUSTIVE LIST)<\/strong><\/p>\n<p style=\"text-align: justify;\">The AYCE P.A.M. pocket is compatible with the following chargers:<br \/>\n- All P.A. 9x19mm, .40SW, .45 ACP dual column magazines (Glock, SP2022, Beretta, CZ, etc)<br \/>\n- Heckler &amp; Koch MP5 9x19mm<br \/>\n- Heckler &amp; Koch MP7 4.6x30mm<br \/>\n- B&amp;T TP9 9x19mm<br \/>\n- Heckler &amp; Kock UMP 9x19mm and .45ACP<br \/>\n- Sig Sauer MPX 9x19mm<br \/>\n- CZ EVO 3 9x19mm<br \/>\n- etc.<\/p>\n<p style=\"text-align: justify;\"><strong>LVMS\u00ae (<em>Less Velcro Modular System)<\/em><\/strong><\/p>\n<p style=\"text-align: justify;\">We really wanted <strong>limit nappies<\/strong> fabrics that were not essential, in particular<strong> layers of velcro<\/strong> which are thick, can be noisy and soak up water.<\/p>\n<p style=\"text-align: justify;\">Nous avons donc cr\u00e9\u00e9 un nouveau syst\u00e8me de couplage d\u00e9sign\u00e9 par l&rsquo;acronyme <strong>LVMS\u00ae<\/strong> consisting of a male part on the insert and a female part on the host. We will be publishing all the specifications for this new system, which will be licensed free for use so that others can propose inserts to meet needs not covered by our catalogue.<\/p>\n<p style=\"text-align: justify;\">Le r\u00e9glage de la r\u00e9tention de la Poche Chargeur Universelle AYCE se fait gr\u00e2ce au collier velcro. Regardez notre vid\u00e9o youtube pour davantage d&rsquo;informations!<\/p>\n<h4 id=\"inclus\"><span style=\"text-decoration: underline;\"><strong>What's included<\/strong><\/span><\/h4>\n<ul>\n<li>Host AYCE\u00ae P.A.M.<\/li>\n<li>Adjustable composite insert<\/li>\n<li>Velcro adjustment collar<\/li>\n<\/ul>\n<h4 id=\"video\"><span style=\"text-decoration: underline;\"><strong>Video Presentation<\/strong><\/span><\/h4>\n<div class=\"epyt-video-wrapper\"><iframe  style=\"display: block; margin: 0px auto;\"  id=\"_ytid_97244\"  width=\"640\" height=\"360\"  data-origwidth=\"640\" data-origheight=\"360\" src=\"https:\/\/www.youtube.com\/embed\/PSCW8TE8nI4?enablejsapi=1&autoplay=0&cc_load_policy=0&cc_lang_pref=&iv_load_policy=1&loop=1&playlist=PSCW8TE8nI4&rel=0&fs=1&playsinline=0&autohide=2&theme=dark&color=red&controls=1&disablekb=0&\" class=\"__youtube_prefs__  no-lazyload\" title=\"YouTube player\"  allow=\"fullscreen; accelerometer; autoplay; clipboard-write; encrypted-media; gyroscope; picture-in-picture; web-share\" referrerpolicy=\"strict-origin-when-cross-origin\" allowfullscreen data-no-lazy=\"1\" data-skipgform_ajax_framebjll=\"\"><\/iframe><\/div>\n<p>&nbsp;<\/p>\n<p><strong>ORIGINS<\/strong> :<br \/>\n- Host : Manufacture : EU | Materials : USA and EU<br \/>\n- Insert: Manufacture: FR | Materials: USA<\/p>","protected":false},"excerpt":{"rendered":"<h4>SHORTCUTS<\/h4>\n<div class=\"boutons_short_desc\">\n<ul>\n<li><a class=\"button\" href=\"#video\">PRESENTATION VIDEO<\/a><\/li>\n<li><a class=\"button\" href=\"#inclus\">WHAT'S INCLUDED?<\/a><\/li>\n<li><a class=\"button\" href=\"#compatibilite\">COMPATIBILITY<\/a><\/li>\n<li><a class=\"button\" href=\"https:\/\/hexatac.com\/en\/assembly-use\/\" target=\"_blank\" rel=\"noopener\">ASSEMBLY<\/a><\/li>\n<\/ul>\n<\/div>","protected":false},"featured_media":23254274,"comment_status":"open","ping_status":"closed","template":"","meta":{"_monsterinsights_skip_tracking":false,"_monsterinsights_sitenote_active":false,"_monsterinsights_sitenote_note":"","_monsterinsights_sitenote_category":0},"product_brand":[2323],"product_cat":[3879],"product_tag":[4175,4173],"class_list":{"0":"post-79799","1":"product","2":"type-product","3":"status-publish","4":"has-post-thumbnail","6":"product_brand-hexatac","7":"product_cat-poches","8":"product_tag-b2b","9":"product_tag-ceinture","11":"first","12":"onbackorder","13":"featured","14":"taxable","15":"shipping-taxable","16":"purchasable","17":"product-type-variable","18":"has-default-attributes"},"bundled_by":["56000"],"bundle_stock_status":"onbackorder","bundle_stock_quantity":null,"bundle_virtual":false,"bundle_layout":"","bundle_add_to_cart_form_location":"","bundle_editable_in_cart":false,"bundle_sold_individually_context":"","bundle_item_grouping":"","bundle_min_size":"","bundle_max_size":"","bundle_price":[],"bundled_items":[],"bundle_sell_ids":[],"yoast_head":"<!-- This site is optimized with the Yoast SEO Premium plugin v26.6 (Yoast SEO v27.4) - https:\/\/yoast.com\/product\/yoast-seo-premium-wordpress\/ -->\n<title>Poche Chargeur AYCE\u00ae P.A.M. - Hexatac<\/title>\n<meta name=\"description\" content=\"Poche chargeur compatible Glock, SP2022, Beretta, MP5, MP7, MP9, UMP9, MPX etc. Insert Kydex r\u00e9glable. Fabriqu\u00e9 en Europe et en France.\" \/>\n<meta name=\"robots\" content=\"index, follow, max-snippet:-1, max-image-preview:large, max-video-preview:-1\" \/>\n<link rel=\"canonical\" href=\"https:\/\/hexatac.com\/en\/product\/pocket-charger-universal-ayce-p-a\/\" \/>\n<meta property=\"og:locale\" content=\"en_GB\" \/>\n<meta property=\"og:type\" content=\"article\" \/>\n<meta property=\"og:title\" content=\"Poche Chargeur AYCE\u00ae P.A.M.\" \/>\n<meta property=\"og:description\" content=\"Poche chargeur compatible Glock, SP2022, Beretta, MP5, MP7, MP9, UMP9, MPX etc. Insert Kydex r\u00e9glable. Fabriqu\u00e9 en Europe et en France.\" \/>\n<meta property=\"og:url\" content=\"https:\/\/hexatac.com\/en\/product\/pocket-charger-universal-ayce-p-a\/\" \/>\n<meta property=\"og:site_name\" content=\"Hexatac\" \/>\n<meta property=\"article:modified_time\" content=\"2026-04-27T08:26:09+00:00\" \/>\n<meta property=\"og:image\" content=\"https:\/\/hexatac.com\/wp-content\/uploads\/2025\/06\/AYCE-PA-MC_MAG.jpg\" \/>\n\t<meta property=\"og:image:width\" content=\"2048\" \/>\n\t<meta property=\"og:image:height\" content=\"2048\" \/>\n\t<meta property=\"og:image:type\" content=\"image\/jpeg\" \/>\n<meta name=\"twitter:card\" content=\"summary_large_image\" \/>\n<script type=\"application\/ld+json\" class=\"yoast-schema-graph\">{\"@context\":\"https:\\\/\\\/schema.org\",\"@graph\":[{\"@type\":[\"WebPage\",\"ItemPage\"],\"@id\":\"https:\\\/\\\/hexatac.com\\\/product\\\/poche-chargeur-universelle-ayce-p-a\\\/\",\"url\":\"https:\\\/\\\/hexatac.com\\\/product\\\/poche-chargeur-universelle-ayce-p-a\\\/\",\"name\":\"Poche Chargeur AYCE\u00ae P.A.M. - Hexatac\",\"isPartOf\":{\"@id\":\"https:\\\/\\\/hexatac.com\\\/#website\"},\"primaryImageOfPage\":{\"@id\":\"https:\\\/\\\/hexatac.com\\\/product\\\/poche-chargeur-universelle-ayce-p-a\\\/#primaryimage\"},\"image\":{\"@id\":\"https:\\\/\\\/hexatac.com\\\/product\\\/poche-chargeur-universelle-ayce-p-a\\\/#primaryimage\"},\"thumbnailUrl\":\"https:\\\/\\\/cdn.hexatac.com\\\/\\\/wp-content\\\/uploads\\\/2025\\\/06\\\/AYCE-PA-MC_MAG.jpg\",\"datePublished\":\"2023-05-19T18:00:33+00:00\",\"dateModified\":\"2026-04-27T08:26:09+00:00\",\"description\":\"Poche chargeur compatible Glock, SP2022, Beretta, MP5, MP7, MP9, UMP9, MPX etc. Insert Kydex r\u00e9glable. Fabriqu\u00e9 en Europe et en France.\",\"breadcrumb\":{\"@id\":\"https:\\\/\\\/hexatac.com\\\/product\\\/poche-chargeur-universelle-ayce-p-a\\\/#breadcrumb\"},\"inLanguage\":\"en-GB\",\"potentialAction\":[{\"@type\":\"ReadAction\",\"target\":[\"https:\\\/\\\/hexatac.com\\\/product\\\/poche-chargeur-universelle-ayce-p-a\\\/\"]}]},{\"@type\":\"ImageObject\",\"inLanguage\":\"en-GB\",\"@id\":\"https:\\\/\\\/hexatac.com\\\/product\\\/poche-chargeur-universelle-ayce-p-a\\\/#primaryimage\",\"url\":\"https:\\\/\\\/cdn.hexatac.com\\\/\\\/wp-content\\\/uploads\\\/2025\\\/06\\\/AYCE-PA-MC_MAG.jpg\",\"contentUrl\":\"https:\\\/\\\/cdn.hexatac.com\\\/\\\/wp-content\\\/uploads\\\/2025\\\/06\\\/AYCE-PA-MC_MAG.jpg\",\"width\":2048,\"height\":2048},{\"@type\":\"BreadcrumbList\",\"@id\":\"https:\\\/\\\/hexatac.com\\\/product\\\/poche-chargeur-universelle-ayce-p-a\\\/#breadcrumb\",\"itemListElement\":[{\"@type\":\"ListItem\",\"position\":1,\"name\":\"Accueil\",\"item\":\"https:\\\/\\\/hexatac.com\\\/\"},{\"@type\":\"ListItem\",\"position\":2,\"name\":\"Boutique\",\"item\":\"https:\\\/\\\/hexatac.com\\\/boutique\\\/\"},{\"@type\":\"ListItem\",\"position\":3,\"name\":\"Poche Chargeur AYCE\u00ae P.A.M.\"}]},{\"@type\":\"WebSite\",\"@id\":\"https:\\\/\\\/hexatac.com\\\/#website\",\"url\":\"https:\\\/\\\/hexatac.com\\\/\",\"name\":\"Hexatac\",\"description\":\"Equipement Tactique | Policier | Militaire | Gendarme | Airsoft\",\"potentialAction\":[{\"@type\":\"SearchAction\",\"target\":{\"@type\":\"EntryPoint\",\"urlTemplate\":\"https:\\\/\\\/hexatac.com\\\/?s={search_term_string}\"},\"query-input\":{\"@type\":\"PropertyValueSpecification\",\"valueRequired\":true,\"valueName\":\"search_term_string\"}}],\"inLanguage\":\"en-GB\"}]}<\/script>\n<meta property=\"og:availability\" content=\"backorder\" \/>\n<meta property=\"product:availability\" content=\"available for order\" \/>\n<meta property=\"product:retailer_item_id\" content=\"AYCE-PA\" \/>\n<meta property=\"product:condition\" content=\"new\" \/>\n<!-- \/ Yoast SEO Premium plugin. -->","yoast_head_json":{"title":"AYCE\u00ae P.A.M. Charger Pouch - Hexatac","description":"Magazine pocket compatible with Glock, SP2022, Beretta, MP5, MP7, MP9, UMP9, MPX etc. Adjustable Kydex insert. Made in Europe and France.","robots":{"index":"index","follow":"follow","max-snippet":"max-snippet:-1","max-image-preview":"max-image-preview:large","max-video-preview":"max-video-preview:-1"},"canonical":"https:\/\/hexatac.com\/en\/product\/pocket-charger-universal-ayce-p-a\/","og_locale":"en_GB","og_type":"article","og_title":"Poche Chargeur AYCE\u00ae P.A.M.","og_description":"Poche chargeur compatible Glock, SP2022, Beretta, MP5, MP7, MP9, UMP9, MPX etc. Insert Kydex r\u00e9glable. Fabriqu\u00e9 en Europe et en France.","og_url":"https:\/\/hexatac.com\/en\/product\/pocket-charger-universal-ayce-p-a\/","og_site_name":"Hexatac","article_modified_time":"2026-04-27T08:26:09+00:00","og_image":[{"width":2048,"height":2048,"url":"https:\/\/hexatac.com\/wp-content\/uploads\/2025\/06\/AYCE-PA-MC_MAG.jpg","type":"image\/jpeg"}],"twitter_card":"summary_large_image","schema":{"@context":"https:\/\/schema.org","@graph":[{"@type":["WebPage","ItemPage"],"@id":"https:\/\/hexatac.com\/product\/poche-chargeur-universelle-ayce-p-a\/","url":"https:\/\/hexatac.com\/product\/poche-chargeur-universelle-ayce-p-a\/","name":"AYCE\u00ae P.A.M. Charger Pouch - Hexatac","isPartOf":{"@id":"https:\/\/hexatac.com\/#website"},"primaryImageOfPage":{"@id":"https:\/\/hexatac.com\/product\/poche-chargeur-universelle-ayce-p-a\/#primaryimage"},"image":{"@id":"https:\/\/hexatac.com\/product\/poche-chargeur-universelle-ayce-p-a\/#primaryimage"},"thumbnailUrl":"https:\/\/cdn.hexatac.com\/\/wp-content\/uploads\/2025\/06\/AYCE-PA-MC_MAG.jpg","datePublished":"2023-05-19T18:00:33+00:00","dateModified":"2026-04-27T08:26:09+00:00","description":"Magazine pocket compatible with Glock, SP2022, Beretta, MP5, MP7, MP9, UMP9, MPX etc. Adjustable Kydex insert. Made in Europe and France.","breadcrumb":{"@id":"https:\/\/hexatac.com\/product\/poche-chargeur-universelle-ayce-p-a\/#breadcrumb"},"inLanguage":"en-GB","potentialAction":[{"@type":"ReadAction","target":["https:\/\/hexatac.com\/product\/poche-chargeur-universelle-ayce-p-a\/"]}]},{"@type":"ImageObject","inLanguage":"en-GB","@id":"https:\/\/hexatac.com\/product\/poche-chargeur-universelle-ayce-p-a\/#primaryimage","url":"https:\/\/cdn.hexatac.com\/\/wp-content\/uploads\/2025\/06\/AYCE-PA-MC_MAG.jpg","contentUrl":"https:\/\/cdn.hexatac.com\/\/wp-content\/uploads\/2025\/06\/AYCE-PA-MC_MAG.jpg","width":2048,"height":2048},{"@type":"BreadcrumbList","@id":"https:\/\/hexatac.com\/product\/poche-chargeur-universelle-ayce-p-a\/#breadcrumb","itemListElement":[{"@type":"ListItem","position":1,"name":"Accueil","item":"https:\/\/hexatac.com\/"},{"@type":"ListItem","position":2,"name":"Boutique","item":"https:\/\/hexatac.com\/boutique\/"},{"@type":"ListItem","position":3,"name":"Poche Chargeur AYCE\u00ae P.A.M."}]},{"@type":"WebSite","@id":"https:\/\/hexatac.com\/#website","url":"https:\/\/hexatac.com\/","name":"Hexatac","description":"Tactical Equipment | Policeman | Military | Gendarme | Airsoft","potentialAction":[{"@type":"SearchAction","target":{"@type":"EntryPoint","urlTemplate":"https:\/\/hexatac.com\/?s={search_term_string}"},"query-input":{"@type":"PropertyValueSpecification","valueRequired":true,"valueName":"search_term_string"}}],"inLanguage":"en-GB"}]},"og_availability":"backorder","product_availability":"available for order","product_retailer_item_id":"AYCE-PA","product_condition":"new"},"_links":{"self":[{"href":"https:\/\/hexatac.com\/en\/wp-json\/wp\/v2\/product\/79799","targetHints":{"allow":["GET"]}}],"collection":[{"href":"https:\/\/hexatac.com\/en\/wp-json\/wp\/v2\/product"}],"about":[{"href":"https:\/\/hexatac.com\/en\/wp-json\/wp\/v2\/types\/product"}],"replies":[{"embeddable":true,"href":"https:\/\/hexatac.com\/en\/wp-json\/wp\/v2\/comments?post=79799"}],"wp:featuredmedia":[{"embeddable":true,"href":"https:\/\/hexatac.com\/en\/wp-json\/wp\/v2\/media\/23254274"}],"wp:attachment":[{"href":"https:\/\/hexatac.com\/en\/wp-json\/wp\/v2\/media?parent=79799"}],"wp:term":[{"taxonomy":"product_brand","embeddable":true,"href":"https:\/\/hexatac.com\/en\/wp-json\/wp\/v2\/product_brand?post=79799"},{"taxonomy":"product_cat","embeddable":true,"href":"https:\/\/hexatac.com\/en\/wp-json\/wp\/v2\/product_cat?post=79799"},{"taxonomy":"product_tag","embeddable":true,"href":"https:\/\/hexatac.com\/en\/wp-json\/wp\/v2\/product_tag?post=79799"}],"curies":[{"name":"wp","href":"https:\/\/api.w.org\/{rel}","templated":true}]}}