{"id":77155,"date":"2022-08-30T10:31:51","date_gmt":"2022-08-30T08:31:51","guid":{"rendered":"https:\/\/hexatac.com\/?post_type=product&#038;p=77155"},"modified":"2025-10-14T10:57:39","modified_gmt":"2025-10-14T08:57:39","slug":"ballistic-plate-tencate-his-multicurves-nijiii","status":"publish","type":"product","link":"https:\/\/hexatac.com\/en\/product\/plaque-balistique-tencate-sa-multicourbes-nijiii\/","title":{"rendered":"Ballistic Plate Tencate SA MultiCourbes NIJIII+"},"content":{"rendered":"<h4>Stand Alone Multi-Curve Ballistic Plate NIJIII+ | Ballistic Protection | Made in France | LPSA<\/h4>\n<p>Choosing ballistic protection is always a question of use. But one criterion remains decisive in the choice of protection: the <strong>weight VS degree of protection<\/strong>. Parce qu&rsquo;\u00eatre \u00ab\u00a0blind\u00e9\u00a0\u00bb contre tous les calibres mais perdez en mobilit\u00e9, qui vous expose davantage.<\/p>\n<p>The <strong>SA Multi-Curve NIJIII+ ballistic plates<\/strong> LPSA Le Protecteur brand do not <strong>qu&rsquo;1,35kg<\/strong> for certified level NIJIII+ protection (in accordance with standard NIJ 01.01.04) and <strong>French production<\/strong>in the Rh\u00f4ne Alpes region.<\/p>\n<p>As well as being lightweight, these <strong>StandAlone ballistic plates<\/strong> are <strong>multi-curve<\/strong> so they're more ergonomic and comfortable over long periods. They are<strong> ideal for use with HPC<\/strong> !<\/p>\n<p>These protective plates offer the following protection <strong>against calibres<\/strong> :<\/p>\n<ul>\n<li><strong>7.62 x 39 MSC (PS BALL, M43, M1943)<\/strong><\/li>\n<li><strong>7.62 x 39 M67 FMJ<\/strong><\/li>\n<li><strong>7.62 x 51 M80 FMJ<\/strong><\/li>\n<li><strong>5.56 x 45 M193<\/strong><\/li>\n<\/ul>\n<p>Offrir une protection contre ces calibres ne signifie pas uniquement que ces plaques arr\u00eatent ces calibres mais surtout qu&rsquo;<strong>they stop these calibres by ensuring limited deformation on the body side<\/strong>This is less than the maximum deformation imposed by NIJ standards, i.e. 44mm.<\/p>\n<p>La <strong>NIJIII+ Multi-Curve Stand Alone Ballistic Plate<\/strong> LPSA is <strong>multi-impact, shockproof and stand-alone<\/strong> (= does not require additional protection to achieve its level of protection).<\/p>\n<p><strong>5-year guarantee<\/strong> par le fabricant, n\u00e9cessite une inspection visuel du propri\u00e9taire tous les 6mois pour s&rsquo;assurer de l&rsquo;int\u00e9grit\u00e9 de la plaque avant utilisation.<\/p>\n<p><span style=\"text-decoration: underline\">Special features:<\/span><\/p>\n<ul>\n<li><strong>Size<\/strong> Dimensions : 250 x 300mm<\/li>\n<li><strong>Thickness<\/strong> Size : 24mm<\/li>\n<li><strong>Weight<\/strong> Weight : 1,35kg<\/li>\n<li><strong>Cut<\/strong> : Coupe biseaut\u00e9e \u00ab\u00a0Shooter Cut)<\/li>\n<li><strong>Material<\/strong> : PE<\/li>\n<\/ul>","protected":false},"excerpt":{"rendered":"<h4 style=\"text-align: center;\">PROFESSIONALS ONLY<\/h4>\n<h4 style=\"text-align: center;\">PLEASE NOTE:<br \/>\nQUANTITY 1 = ONE PLATE.<br \/>\nQUANTITY 2 = ONE PAIR.<\/h4>\n<ul>\n<li>StandAlone plate, MultiCurves<\/li>\n<li>Size 25 x 30 x 2.5cm<\/li>\n<li>MADE IN FRANCE<\/li>\n<li>NIJ III+<\/li>\n<li>1.35kg per plate<\/li>\n<\/ul>","protected":false},"featured_media":75652,"comment_status":"open","ping_status":"closed","template":"","meta":{"_monsterinsights_skip_tracking":false,"_monsterinsights_sitenote_active":false,"_monsterinsights_sitenote_note":"","_monsterinsights_sitenote_category":0},"product_brand":[],"product_cat":[95],"product_tag":[4175],"class_list":{"0":"post-77155","1":"product","2":"type-product","3":"status-publish","4":"has-post-thumbnail","6":"product_cat-non-classe","7":"product_tag-b2b","9":"first","10":"outofstock","11":"taxable","12":"shipping-taxable","13":"purchasable","14":"product-type-simple"},"bundled_by":[],"bundle_stock_status":"outofstock","bundle_stock_quantity":0,"bundle_virtual":false,"bundle_layout":"","bundle_add_to_cart_form_location":"","bundle_editable_in_cart":false,"bundle_sold_individually_context":"","bundle_item_grouping":"","bundle_min_size":"","bundle_max_size":"","bundle_price":[],"bundled_items":[],"bundle_sell_ids":[],"yoast_head":"<!-- This site is optimized with the Yoast SEO Premium plugin v26.6 (Yoast SEO v27.4) - https:\/\/yoast.com\/product\/yoast-seo-premium-wordpress\/ -->\n<title>Plaque Balistique Tencate SA MultiCourbes NIJIII+ - Hexatac<\/title>\n<meta name=\"description\" content=\"Plaque Balistique NIJIII+ StandAlone Multi-courbes et ultra-l\u00e9g\u00e8res (seulement 1,35kg) fabriqu\u00e9es en France.\" \/>\n<meta name=\"robots\" content=\"index, follow, max-snippet:-1, max-image-preview:large, max-video-preview:-1\" \/>\n<link rel=\"canonical\" href=\"https:\/\/hexatac.com\/en\/product\/ballistic-plate-tencate-his-multicurves-nijiii\/\" \/>\n<meta property=\"og:locale\" content=\"en_GB\" \/>\n<meta property=\"og:type\" content=\"article\" \/>\n<meta property=\"og:title\" content=\"Plaque Balistique Tencate SA MultiCourbes NIJIII+\" \/>\n<meta property=\"og:description\" content=\"Plaque Balistique NIJIII+ StandAlone Multi-courbes et ultra-l\u00e9g\u00e8res (seulement 1,35kg) fabriqu\u00e9es en France.\" \/>\n<meta property=\"og:url\" content=\"https:\/\/hexatac.com\/en\/product\/ballistic-plate-tencate-his-multicurves-nijiii\/\" \/>\n<meta property=\"og:site_name\" content=\"Hexatac\" \/>\n<meta property=\"article:modified_time\" content=\"2025-10-14T08:57:39+00:00\" \/>\n<meta property=\"og:image\" content=\"https:\/\/hexatac.com\/wp-content\/uploads\/2022\/05\/IMG_4854.jpg\" \/>\n\t<meta property=\"og:image:width\" content=\"1280\" \/>\n\t<meta property=\"og:image:height\" content=\"1280\" \/>\n\t<meta property=\"og:image:type\" content=\"image\/jpeg\" \/>\n<meta name=\"twitter:card\" content=\"summary_large_image\" \/>\n<script type=\"application\/ld+json\" class=\"yoast-schema-graph\">{\"@context\":\"https:\\\/\\\/schema.org\",\"@graph\":[{\"@type\":[\"WebPage\",\"ItemPage\"],\"@id\":\"https:\\\/\\\/hexatac.com\\\/product\\\/plaque-balistique-tencate-sa-multicourbes-nijiii\\\/\",\"url\":\"https:\\\/\\\/hexatac.com\\\/product\\\/plaque-balistique-tencate-sa-multicourbes-nijiii\\\/\",\"name\":\"Plaque Balistique Tencate SA MultiCourbes NIJIII+ - Hexatac\",\"isPartOf\":{\"@id\":\"https:\\\/\\\/hexatac.com\\\/#website\"},\"primaryImageOfPage\":{\"@id\":\"https:\\\/\\\/hexatac.com\\\/product\\\/plaque-balistique-tencate-sa-multicourbes-nijiii\\\/#primaryimage\"},\"image\":{\"@id\":\"https:\\\/\\\/hexatac.com\\\/product\\\/plaque-balistique-tencate-sa-multicourbes-nijiii\\\/#primaryimage\"},\"thumbnailUrl\":\"https:\\\/\\\/cdn.hexatac.com\\\/\\\/wp-content\\\/uploads\\\/2022\\\/05\\\/IMG_4854.jpg\",\"datePublished\":\"2022-08-30T08:31:51+00:00\",\"dateModified\":\"2025-10-14T08:57:39+00:00\",\"description\":\"Plaque Balistique NIJIII+ StandAlone Multi-courbes et ultra-l\u00e9g\u00e8res (seulement 1,35kg) fabriqu\u00e9es en France.\",\"breadcrumb\":{\"@id\":\"https:\\\/\\\/hexatac.com\\\/product\\\/plaque-balistique-tencate-sa-multicourbes-nijiii\\\/#breadcrumb\"},\"inLanguage\":\"en-GB\",\"potentialAction\":[{\"@type\":\"ReadAction\",\"target\":[\"https:\\\/\\\/hexatac.com\\\/product\\\/plaque-balistique-tencate-sa-multicourbes-nijiii\\\/\"]}]},{\"@type\":\"ImageObject\",\"inLanguage\":\"en-GB\",\"@id\":\"https:\\\/\\\/hexatac.com\\\/product\\\/plaque-balistique-tencate-sa-multicourbes-nijiii\\\/#primaryimage\",\"url\":\"https:\\\/\\\/cdn.hexatac.com\\\/\\\/wp-content\\\/uploads\\\/2022\\\/05\\\/IMG_4854.jpg\",\"contentUrl\":\"https:\\\/\\\/cdn.hexatac.com\\\/\\\/wp-content\\\/uploads\\\/2022\\\/05\\\/IMG_4854.jpg\",\"width\":1280,\"height\":1280},{\"@type\":\"BreadcrumbList\",\"@id\":\"https:\\\/\\\/hexatac.com\\\/product\\\/plaque-balistique-tencate-sa-multicourbes-nijiii\\\/#breadcrumb\",\"itemListElement\":[{\"@type\":\"ListItem\",\"position\":1,\"name\":\"Accueil\",\"item\":\"https:\\\/\\\/hexatac.com\\\/\"},{\"@type\":\"ListItem\",\"position\":2,\"name\":\"Boutique\",\"item\":\"https:\\\/\\\/hexatac.com\\\/boutique\\\/\"},{\"@type\":\"ListItem\",\"position\":3,\"name\":\"Plaque Balistique Tencate SA MultiCourbes NIJIII+\"}]},{\"@type\":\"WebSite\",\"@id\":\"https:\\\/\\\/hexatac.com\\\/#website\",\"url\":\"https:\\\/\\\/hexatac.com\\\/\",\"name\":\"Hexatac\",\"description\":\"Equipement Tactique | Policier | Militaire | Gendarme | Airsoft\",\"potentialAction\":[{\"@type\":\"SearchAction\",\"target\":{\"@type\":\"EntryPoint\",\"urlTemplate\":\"https:\\\/\\\/hexatac.com\\\/?s={search_term_string}\"},\"query-input\":{\"@type\":\"PropertyValueSpecification\",\"valueRequired\":true,\"valueName\":\"search_term_string\"}}],\"inLanguage\":\"en-GB\"}]}<\/script>\n<meta property=\"product:price:amount\" content=\"449.90\" \/>\n<meta property=\"product:price:currency\" content=\"EUR\" \/>\n<meta property=\"og:availability\" content=\"out of stock\" \/>\n<meta property=\"product:availability\" content=\"out of stock\" \/>\n<meta property=\"product:retailer_item_id\" content=\"TENCATE-NIJIII+\" \/>\n<meta property=\"product:condition\" content=\"new\" \/>\n<!-- \/ Yoast SEO Premium plugin. -->","yoast_head_json":{"title":"Ballistic Plate Tencate SA MultiCourbes NIJIII+ - Hexatac","description":"NIJIII+ StandAlone ballistic plate Multi-curved and ultra-light (only 1.35kg), made in France.","robots":{"index":"index","follow":"follow","max-snippet":"max-snippet:-1","max-image-preview":"max-image-preview:large","max-video-preview":"max-video-preview:-1"},"canonical":"https:\/\/hexatac.com\/en\/product\/ballistic-plate-tencate-his-multicurves-nijiii\/","og_locale":"en_GB","og_type":"article","og_title":"Plaque Balistique Tencate SA MultiCourbes NIJIII+","og_description":"Plaque Balistique NIJIII+ StandAlone Multi-courbes et ultra-l\u00e9g\u00e8res (seulement 1,35kg) fabriqu\u00e9es en France.","og_url":"https:\/\/hexatac.com\/en\/product\/ballistic-plate-tencate-his-multicurves-nijiii\/","og_site_name":"Hexatac","article_modified_time":"2025-10-14T08:57:39+00:00","og_image":[{"width":1280,"height":1280,"url":"https:\/\/hexatac.com\/wp-content\/uploads\/2022\/05\/IMG_4854.jpg","type":"image\/jpeg"}],"twitter_card":"summary_large_image","schema":{"@context":"https:\/\/schema.org","@graph":[{"@type":["WebPage","ItemPage"],"@id":"https:\/\/hexatac.com\/product\/plaque-balistique-tencate-sa-multicourbes-nijiii\/","url":"https:\/\/hexatac.com\/product\/plaque-balistique-tencate-sa-multicourbes-nijiii\/","name":"Ballistic Plate Tencate SA MultiCourbes NIJIII+ - Hexatac","isPartOf":{"@id":"https:\/\/hexatac.com\/#website"},"primaryImageOfPage":{"@id":"https:\/\/hexatac.com\/product\/plaque-balistique-tencate-sa-multicourbes-nijiii\/#primaryimage"},"image":{"@id":"https:\/\/hexatac.com\/product\/plaque-balistique-tencate-sa-multicourbes-nijiii\/#primaryimage"},"thumbnailUrl":"https:\/\/cdn.hexatac.com\/\/wp-content\/uploads\/2022\/05\/IMG_4854.jpg","datePublished":"2022-08-30T08:31:51+00:00","dateModified":"2025-10-14T08:57:39+00:00","description":"NIJIII+ StandAlone ballistic plate Multi-curved and ultra-light (only 1.35kg), made in France.","breadcrumb":{"@id":"https:\/\/hexatac.com\/product\/plaque-balistique-tencate-sa-multicourbes-nijiii\/#breadcrumb"},"inLanguage":"en-GB","potentialAction":[{"@type":"ReadAction","target":["https:\/\/hexatac.com\/product\/plaque-balistique-tencate-sa-multicourbes-nijiii\/"]}]},{"@type":"ImageObject","inLanguage":"en-GB","@id":"https:\/\/hexatac.com\/product\/plaque-balistique-tencate-sa-multicourbes-nijiii\/#primaryimage","url":"https:\/\/cdn.hexatac.com\/\/wp-content\/uploads\/2022\/05\/IMG_4854.jpg","contentUrl":"https:\/\/cdn.hexatac.com\/\/wp-content\/uploads\/2022\/05\/IMG_4854.jpg","width":1280,"height":1280},{"@type":"BreadcrumbList","@id":"https:\/\/hexatac.com\/product\/plaque-balistique-tencate-sa-multicourbes-nijiii\/#breadcrumb","itemListElement":[{"@type":"ListItem","position":1,"name":"Accueil","item":"https:\/\/hexatac.com\/"},{"@type":"ListItem","position":2,"name":"Boutique","item":"https:\/\/hexatac.com\/boutique\/"},{"@type":"ListItem","position":3,"name":"Plaque Balistique Tencate SA MultiCourbes NIJIII+"}]},{"@type":"WebSite","@id":"https:\/\/hexatac.com\/#website","url":"https:\/\/hexatac.com\/","name":"Hexatac","description":"Tactical Equipment | Policeman | Military | Gendarme | Airsoft","potentialAction":[{"@type":"SearchAction","target":{"@type":"EntryPoint","urlTemplate":"https:\/\/hexatac.com\/?s={search_term_string}"},"query-input":{"@type":"PropertyValueSpecification","valueRequired":true,"valueName":"search_term_string"}}],"inLanguage":"en-GB"}]},"product_price_amount":"449.90","product_price_currency":"EUR","og_availability":"out of stock","product_availability":"out of stock","product_retailer_item_id":"TENCATE-NIJIII+","product_condition":"new"},"_links":{"self":[{"href":"https:\/\/hexatac.com\/en\/wp-json\/wp\/v2\/product\/77155","targetHints":{"allow":["GET"]}}],"collection":[{"href":"https:\/\/hexatac.com\/en\/wp-json\/wp\/v2\/product"}],"about":[{"href":"https:\/\/hexatac.com\/en\/wp-json\/wp\/v2\/types\/product"}],"replies":[{"embeddable":true,"href":"https:\/\/hexatac.com\/en\/wp-json\/wp\/v2\/comments?post=77155"}],"wp:featuredmedia":[{"embeddable":true,"href":"https:\/\/hexatac.com\/en\/wp-json\/wp\/v2\/media\/75652"}],"wp:attachment":[{"href":"https:\/\/hexatac.com\/en\/wp-json\/wp\/v2\/media?parent=77155"}],"wp:term":[{"taxonomy":"product_brand","embeddable":true,"href":"https:\/\/hexatac.com\/en\/wp-json\/wp\/v2\/product_brand?post=77155"},{"taxonomy":"product_cat","embeddable":true,"href":"https:\/\/hexatac.com\/en\/wp-json\/wp\/v2\/product_cat?post=77155"},{"taxonomy":"product_tag","embeddable":true,"href":"https:\/\/hexatac.com\/en\/wp-json\/wp\/v2\/product_tag?post=77155"}],"curies":[{"name":"wp","href":"https:\/\/api.w.org\/{rel}","templated":true}]}}