{"id":76951,"date":"2022-08-09T17:41:04","date_gmt":"2022-08-09T15:41:04","guid":{"rendered":"https:\/\/hexatac.com\/?post_type=product&#038;p=76951"},"modified":"2026-01-27T22:00:13","modified_gmt":"2026-01-27T21:00:13","slug":"strap-a-fusil-hildr-slim","status":"publish","type":"product","link":"https:\/\/hexatac.com\/en\/product\/sangle-a-fusil-hildr-slim\/","title":{"rendered":"HILDR\u00ae Slim Rifle Sling"},"content":{"rendered":"<h4>HILDR\u00ae Rifle Strap | HEXATAC<\/h4>\n<p>This <strong>HILDR\u00ae Slim Rifle Sling<\/strong> is the cousin of the first of the name la <a href=\"https:\/\/hexatac.com\/en\/shop\/strap-a-fusil-hildr\/\">HILDR\u00ae webbing<\/a> !<\/p>\n<p style=\"text-align: justify;\">Unlike the first version, this version <strong>Slim<\/strong> has been designed for <strong>general use<\/strong> for any long weapon with the aim of <strong>d&rsquo;optimiser la circulation de la sangle sur l&rsquo;\u00e9quipement<\/strong> de l&rsquo;homme. Cela facilite les transitions et les manipulations de son arme longue.<\/p>\n<p>On the programme: a <strong>long, narrow padded cushion covered in spandex<\/strong>.<\/p>\n<p style=\"text-align: justify;\">25mm nylon straps are attached to each side of the padded cushion using <strong>redundant, reinforced seams<\/strong>. These seams are made so that the face <strong>body side is as smooth as possible<\/strong> to ensure that the cushion slides as easily as possible and <strong>\u00e9viter qu&rsquo;il ne s&rsquo;accroche dans l&rsquo;\u00e9quipement.<\/strong><\/p>\n<p style=\"text-align: justify;\">The lengths of these straps will generally be <strong>longer than the length you need<\/strong> on your <strong>HILDR\u00ae Slim Rifle Sling<\/strong> : c&rsquo;est tout \u00e0 fait normal. Si vous n&rsquo;avez pas besoin de toute cette longueur, vous pourrez tout<strong> simply shorten each strap<\/strong> avec une paire de ciseaux et br\u00fbler les extr\u00e9mit\u00e9s avec un briquet pour \u00e9viter qu&rsquo;elles ne s&rsquo;effilochent.<\/p>\n<p style=\"text-align: justify;\">La <strong>HILDR\u00ae Slim Rifle Sling<\/strong>\u00a0has a steel quick-adjust system <strong>no moving parts<\/strong> which allows him to<strong> drastically reduce its footprint<\/strong> et d&rsquo;assurer encore une fois un confort optimal. Le syst\u00e8me de r\u00e9glage rapide de la <strong>HILDR\u00ae Slim Rifle Sling<\/strong>\u00a0is operated by a <strong>large, rigid handle<\/strong> and its<strong> operation is intuitive <\/strong>: on avance la poign\u00e9e vers l&rsquo;arme pour resserrer et on tire vers l&rsquo;ext\u00e9rieur pour desserrer la sangle.<\/p>\n<p style=\"text-align: justify;\">The rapid adjustment system for the <strong>HILDR\u00ae Rifle Sling<\/strong> is a system <strong>without free strand<\/strong> no strap hangs down when you tighten the strap.<\/p>\n<p style=\"text-align: justify;\">The HILDR\u00ae Rifle Strap<span style=\"text-decoration: underline;\"><strong> is supplied without metal fasteners.<\/strong><\/span><\/p>\n<h4 id=\"inclus\"><span style=\"text-decoration: underline;\"><strong>What's included<\/strong><\/span><\/h4>\n<ul>\n<li>HILDR\u00ae Slim girth<\/li>\n<\/ul>\n<h4 id=\"video\"><span style=\"text-decoration: underline;\"><strong>Video Presentation<\/strong><\/span><\/h4>\n<div class=\"epyt-video-wrapper\"><iframe  style=\"display: block; margin: 0px auto;\"  id=\"_ytid_61350\"  width=\"640\" height=\"360\"  data-origwidth=\"640\" data-origheight=\"360\" src=\"https:\/\/www.youtube.com\/embed\/Jo4vvKKLYyw?enablejsapi=1&autoplay=0&cc_load_policy=0&cc_lang_pref=&iv_load_policy=1&loop=1&playlist=Jo4vvKKLYyw&rel=0&fs=1&playsinline=0&autohide=2&theme=dark&color=red&controls=1&disablekb=0&\" class=\"__youtube_prefs__  no-lazyload\" title=\"YouTube player\"  allow=\"fullscreen; accelerometer; autoplay; clipboard-write; encrypted-media; gyroscope; picture-in-picture; web-share\" referrerpolicy=\"strict-origin-when-cross-origin\" allowfullscreen data-no-lazy=\"1\" data-skipgform_ajax_framebjll=\"\"><\/iframe><\/div>\n<p>&nbsp;<\/p>\n<p><strong>ORIGINS<\/strong> :<br \/>\n- Host : Manufacture : EU | Materials : USA and EU<br \/>\n- Insert: Manufacture: FR | Materials: USA<\/p>","protected":false},"excerpt":{"rendered":"<h4>SHORTCUTS<\/h4>\n<div class=\"boutons_short_desc\">\n<ul>\n<li><a class=\"button\" href=\"#video\">PRESENTATION VIDEO<\/a><\/li>\n<li><a class=\"button\" href=\"#inclus\">WHAT'S INCLUDED?<\/a><\/li>\n<li><a class=\"button\" href=\"https:\/\/hexatac.com\/en\/assembly-use\/\" target=\"_blank\" rel=\"noopener\">ASSEMBLY<\/a><\/li>\n<\/ul>\n<\/div>","protected":false},"featured_media":23227241,"comment_status":"closed","ping_status":"closed","template":"","meta":{"_monsterinsights_skip_tracking":false,"_monsterinsights_sitenote_active":false,"_monsterinsights_sitenote_note":"","_monsterinsights_sitenote_category":0},"product_brand":[2323],"product_cat":[117],"product_tag":[4175],"class_list":{"0":"post-76951","1":"product","2":"type-product","3":"status-publish","4":"has-post-thumbnail","6":"product_brand-hexatac","7":"product_cat-sangle-fusil","8":"product_tag-b2b","10":"first","11":"onbackorder","12":"taxable","13":"shipping-taxable","14":"purchasable","15":"product-type-variable","16":"has-default-attributes"},"bundled_by":[],"bundle_stock_status":"onbackorder","bundle_stock_quantity":null,"bundle_virtual":false,"bundle_layout":"","bundle_add_to_cart_form_location":"","bundle_editable_in_cart":false,"bundle_sold_individually_context":"","bundle_item_grouping":"","bundle_min_size":"","bundle_max_size":"","bundle_price":[],"bundled_items":[],"bundle_sell_ids":[],"yoast_head":"<!-- This site is optimized with the Yoast SEO Premium plugin v26.6 (Yoast SEO v27.4) - https:\/\/yoast.com\/product\/yoast-seo-premium-wordpress\/ -->\n<title>Sangle \u00e0 Fusil HILDR\u00ae Slim - Hexatac - Equipement Militaire<\/title>\n<meta name=\"description\" content=\"Sangle 2 Points pour Fusil avec coussin rembourr\u00e9 fin et flexible. Syst\u00e8me de r\u00e9glage rapide et minimaliste. Id\u00e9al toute arme longue\" \/>\n<meta name=\"robots\" content=\"index, follow, max-snippet:-1, max-image-preview:large, max-video-preview:-1\" \/>\n<link rel=\"canonical\" href=\"https:\/\/hexatac.com\/en\/product\/strap-a-fusil-hildr-slim\/\" \/>\n<meta property=\"og:locale\" content=\"en_GB\" \/>\n<meta property=\"og:type\" content=\"article\" \/>\n<meta property=\"og:title\" content=\"Sangle \u00e0 Fusil HILDR\u00ae Slim\" \/>\n<meta property=\"og:description\" content=\"Sangle 2 Points pour Fusil avec coussin rembourr\u00e9 fin et flexible. Syst\u00e8me de r\u00e9glage rapide et minimaliste. Id\u00e9al toute arme longue\" \/>\n<meta property=\"og:url\" content=\"https:\/\/hexatac.com\/en\/product\/strap-a-fusil-hildr-slim\/\" \/>\n<meta property=\"og:site_name\" content=\"Hexatac\" \/>\n<meta property=\"article:modified_time\" content=\"2026-01-27T21:00:13+00:00\" \/>\n<meta property=\"og:image\" content=\"https:\/\/hexatac.com\/wp-content\/uploads\/2024\/07\/Sangle-a-fusil-HILDR-Slim-NOIR-2.jpg\" \/>\n\t<meta property=\"og:image:width\" content=\"1920\" \/>\n\t<meta property=\"og:image:height\" content=\"1920\" \/>\n\t<meta property=\"og:image:type\" content=\"image\/jpeg\" \/>\n<meta name=\"twitter:card\" content=\"summary_large_image\" \/>\n<script type=\"application\/ld+json\" class=\"yoast-schema-graph\">{\"@context\":\"https:\\\/\\\/schema.org\",\"@graph\":[{\"@type\":[\"WebPage\",\"ItemPage\"],\"@id\":\"https:\\\/\\\/hexatac.com\\\/product\\\/sangle-a-fusil-hildr-slim\\\/\",\"url\":\"https:\\\/\\\/hexatac.com\\\/product\\\/sangle-a-fusil-hildr-slim\\\/\",\"name\":\"Sangle \u00e0 Fusil HILDR\u00ae Slim - Hexatac - Equipement Militaire\",\"isPartOf\":{\"@id\":\"https:\\\/\\\/hexatac.com\\\/#website\"},\"primaryImageOfPage\":{\"@id\":\"https:\\\/\\\/hexatac.com\\\/product\\\/sangle-a-fusil-hildr-slim\\\/#primaryimage\"},\"image\":{\"@id\":\"https:\\\/\\\/hexatac.com\\\/product\\\/sangle-a-fusil-hildr-slim\\\/#primaryimage\"},\"thumbnailUrl\":\"https:\\\/\\\/cdn.hexatac.com\\\/\\\/wp-content\\\/uploads\\\/2024\\\/07\\\/Sangle-a-fusil-HILDR-Slim-NOIR-2.jpg\",\"datePublished\":\"2022-08-09T15:41:04+00:00\",\"dateModified\":\"2026-01-27T21:00:13+00:00\",\"description\":\"Sangle 2 Points pour Fusil avec coussin rembourr\u00e9 fin et flexible. Syst\u00e8me de r\u00e9glage rapide et minimaliste. Id\u00e9al toute arme longue\",\"breadcrumb\":{\"@id\":\"https:\\\/\\\/hexatac.com\\\/product\\\/sangle-a-fusil-hildr-slim\\\/#breadcrumb\"},\"inLanguage\":\"en-GB\",\"potentialAction\":[{\"@type\":\"ReadAction\",\"target\":[\"https:\\\/\\\/hexatac.com\\\/product\\\/sangle-a-fusil-hildr-slim\\\/\"]}]},{\"@type\":\"ImageObject\",\"inLanguage\":\"en-GB\",\"@id\":\"https:\\\/\\\/hexatac.com\\\/product\\\/sangle-a-fusil-hildr-slim\\\/#primaryimage\",\"url\":\"https:\\\/\\\/cdn.hexatac.com\\\/\\\/wp-content\\\/uploads\\\/2024\\\/07\\\/Sangle-a-fusil-HILDR-Slim-NOIR-2.jpg\",\"contentUrl\":\"https:\\\/\\\/cdn.hexatac.com\\\/\\\/wp-content\\\/uploads\\\/2024\\\/07\\\/Sangle-a-fusil-HILDR-Slim-NOIR-2.jpg\",\"width\":1920,\"height\":1920},{\"@type\":\"BreadcrumbList\",\"@id\":\"https:\\\/\\\/hexatac.com\\\/product\\\/sangle-a-fusil-hildr-slim\\\/#breadcrumb\",\"itemListElement\":[{\"@type\":\"ListItem\",\"position\":1,\"name\":\"Accueil\",\"item\":\"https:\\\/\\\/hexatac.com\\\/\"},{\"@type\":\"ListItem\",\"position\":2,\"name\":\"Boutique\",\"item\":\"https:\\\/\\\/hexatac.com\\\/boutique\\\/\"},{\"@type\":\"ListItem\",\"position\":3,\"name\":\"Sangle \u00e0 Fusil HILDR\u00ae Slim\"}]},{\"@type\":\"WebSite\",\"@id\":\"https:\\\/\\\/hexatac.com\\\/#website\",\"url\":\"https:\\\/\\\/hexatac.com\\\/\",\"name\":\"Hexatac\",\"description\":\"Equipement Tactique | Policier | Militaire | Gendarme | Airsoft\",\"potentialAction\":[{\"@type\":\"SearchAction\",\"target\":{\"@type\":\"EntryPoint\",\"urlTemplate\":\"https:\\\/\\\/hexatac.com\\\/?s={search_term_string}\"},\"query-input\":{\"@type\":\"PropertyValueSpecification\",\"valueRequired\":true,\"valueName\":\"search_term_string\"}}],\"inLanguage\":\"en-GB\"}]}<\/script>\n<meta property=\"og:availability\" content=\"backorder\" \/>\n<meta property=\"product:availability\" content=\"available for order\" \/>\n<meta property=\"product:retailer_item_id\" content=\"HILDR-SLM\" \/>\n<meta property=\"product:condition\" content=\"new\" \/>\n<!-- \/ Yoast SEO Premium plugin. -->","yoast_head_json":{"title":"HILDR\u00ae Slim Rifle Strap - Hexatac - Military Equipment","description":"2-point rifle sling with thin, flexible padded cushion. Quick, minimalist adjustment system. Ideal for all long guns","robots":{"index":"index","follow":"follow","max-snippet":"max-snippet:-1","max-image-preview":"max-image-preview:large","max-video-preview":"max-video-preview:-1"},"canonical":"https:\/\/hexatac.com\/en\/product\/strap-a-fusil-hildr-slim\/","og_locale":"en_GB","og_type":"article","og_title":"Sangle \u00e0 Fusil HILDR\u00ae Slim","og_description":"Sangle 2 Points pour Fusil avec coussin rembourr\u00e9 fin et flexible. Syst\u00e8me de r\u00e9glage rapide et minimaliste. Id\u00e9al toute arme longue","og_url":"https:\/\/hexatac.com\/en\/product\/strap-a-fusil-hildr-slim\/","og_site_name":"Hexatac","article_modified_time":"2026-01-27T21:00:13+00:00","og_image":[{"width":1920,"height":1920,"url":"https:\/\/hexatac.com\/wp-content\/uploads\/2024\/07\/Sangle-a-fusil-HILDR-Slim-NOIR-2.jpg","type":"image\/jpeg"}],"twitter_card":"summary_large_image","schema":{"@context":"https:\/\/schema.org","@graph":[{"@type":["WebPage","ItemPage"],"@id":"https:\/\/hexatac.com\/product\/sangle-a-fusil-hildr-slim\/","url":"https:\/\/hexatac.com\/product\/sangle-a-fusil-hildr-slim\/","name":"HILDR\u00ae Slim Rifle Strap - Hexatac - Military Equipment","isPartOf":{"@id":"https:\/\/hexatac.com\/#website"},"primaryImageOfPage":{"@id":"https:\/\/hexatac.com\/product\/sangle-a-fusil-hildr-slim\/#primaryimage"},"image":{"@id":"https:\/\/hexatac.com\/product\/sangle-a-fusil-hildr-slim\/#primaryimage"},"thumbnailUrl":"https:\/\/cdn.hexatac.com\/\/wp-content\/uploads\/2024\/07\/Sangle-a-fusil-HILDR-Slim-NOIR-2.jpg","datePublished":"2022-08-09T15:41:04+00:00","dateModified":"2026-01-27T21:00:13+00:00","description":"2-point rifle sling with thin, flexible padded cushion. Quick, minimalist adjustment system. Ideal for all long guns","breadcrumb":{"@id":"https:\/\/hexatac.com\/product\/sangle-a-fusil-hildr-slim\/#breadcrumb"},"inLanguage":"en-GB","potentialAction":[{"@type":"ReadAction","target":["https:\/\/hexatac.com\/product\/sangle-a-fusil-hildr-slim\/"]}]},{"@type":"ImageObject","inLanguage":"en-GB","@id":"https:\/\/hexatac.com\/product\/sangle-a-fusil-hildr-slim\/#primaryimage","url":"https:\/\/cdn.hexatac.com\/\/wp-content\/uploads\/2024\/07\/Sangle-a-fusil-HILDR-Slim-NOIR-2.jpg","contentUrl":"https:\/\/cdn.hexatac.com\/\/wp-content\/uploads\/2024\/07\/Sangle-a-fusil-HILDR-Slim-NOIR-2.jpg","width":1920,"height":1920},{"@type":"BreadcrumbList","@id":"https:\/\/hexatac.com\/product\/sangle-a-fusil-hildr-slim\/#breadcrumb","itemListElement":[{"@type":"ListItem","position":1,"name":"Accueil","item":"https:\/\/hexatac.com\/"},{"@type":"ListItem","position":2,"name":"Boutique","item":"https:\/\/hexatac.com\/boutique\/"},{"@type":"ListItem","position":3,"name":"Sangle \u00e0 Fusil HILDR\u00ae Slim"}]},{"@type":"WebSite","@id":"https:\/\/hexatac.com\/#website","url":"https:\/\/hexatac.com\/","name":"Hexatac","description":"Tactical Equipment | Policeman | Military | Gendarme | Airsoft","potentialAction":[{"@type":"SearchAction","target":{"@type":"EntryPoint","urlTemplate":"https:\/\/hexatac.com\/?s={search_term_string}"},"query-input":{"@type":"PropertyValueSpecification","valueRequired":true,"valueName":"search_term_string"}}],"inLanguage":"en-GB"}]},"og_availability":"backorder","product_availability":"available for order","product_retailer_item_id":"HILDR-SLM","product_condition":"new"},"_links":{"self":[{"href":"https:\/\/hexatac.com\/en\/wp-json\/wp\/v2\/product\/76951","targetHints":{"allow":["GET"]}}],"collection":[{"href":"https:\/\/hexatac.com\/en\/wp-json\/wp\/v2\/product"}],"about":[{"href":"https:\/\/hexatac.com\/en\/wp-json\/wp\/v2\/types\/product"}],"replies":[{"embeddable":true,"href":"https:\/\/hexatac.com\/en\/wp-json\/wp\/v2\/comments?post=76951"}],"wp:featuredmedia":[{"embeddable":true,"href":"https:\/\/hexatac.com\/en\/wp-json\/wp\/v2\/media\/23227241"}],"wp:attachment":[{"href":"https:\/\/hexatac.com\/en\/wp-json\/wp\/v2\/media?parent=76951"}],"wp:term":[{"taxonomy":"product_brand","embeddable":true,"href":"https:\/\/hexatac.com\/en\/wp-json\/wp\/v2\/product_brand?post=76951"},{"taxonomy":"product_cat","embeddable":true,"href":"https:\/\/hexatac.com\/en\/wp-json\/wp\/v2\/product_cat?post=76951"},{"taxonomy":"product_tag","embeddable":true,"href":"https:\/\/hexatac.com\/en\/wp-json\/wp\/v2\/product_tag?post=76951"}],"curies":[{"name":"wp","href":"https:\/\/api.w.org\/{rel}","templated":true}]}}