{"id":76057,"date":"2022-06-10T12:01:30","date_gmt":"2022-06-10T10:01:30","guid":{"rendered":"https:\/\/hexatac.com\/?post_type=product&#038;p=76057"},"modified":"2026-02-04T13:16:36","modified_gmt":"2026-02-04T12:16:36","slug":"strap-attachment-qd-oval-2","status":"publish","type":"product","link":"https:\/\/hexatac.com\/en\/product\/attache-sangle-qd-ovale\/","title":{"rendered":"QD Oval Sling Stud"},"content":{"rendered":"","protected":false},"excerpt":{"rendered":"<ul>\n<li>For 25mm webbing<\/li>\n<li>Made in the USA<\/li>\n<li>One unit<\/li>\n<li>Ideal for <a href=\"https:\/\/hexatac.com\/en\/shop\/strap-a-fusil-hildr\/\">HILDR\u00ae gun sling<\/a><\/li>\n<\/ul>","protected":false},"featured_media":76055,"comment_status":"open","ping_status":"closed","template":"","meta":{"_monsterinsights_skip_tracking":false,"_monsterinsights_sitenote_active":false,"_monsterinsights_sitenote_note":"","_monsterinsights_sitenote_category":0},"product_brand":[2323],"product_cat":[4180,117],"product_tag":[4175],"class_list":{"0":"post-76057","1":"product","2":"type-product","3":"status-publish","4":"has-post-thumbnail","6":"product_brand-hexatac","7":"product_cat-accessoires","8":"product_cat-sangle-fusil","9":"product_tag-b2b","11":"first","12":"instock","13":"taxable","14":"shipping-taxable","15":"purchasable","16":"product-type-simple"},"bundled_by":[],"bundle_stock_status":"instock","bundle_stock_quantity":10,"bundle_virtual":false,"bundle_layout":"","bundle_add_to_cart_form_location":"","bundle_editable_in_cart":false,"bundle_sold_individually_context":"","bundle_item_grouping":"","bundle_min_size":"","bundle_max_size":"","bundle_price":[],"bundled_items":[],"bundle_sell_ids":[],"yoast_head":"<!-- This site is optimized with the Yoast SEO Premium plugin v26.6 (Yoast SEO v27.6) - https:\/\/yoast.com\/product\/yoast-seo-premium-wordpress\/ -->\n<title>Attache Sangle QD Ovale - Hexatac<\/title>\n<meta name=\"description\" content=\"Attache QD &quot;Quick Detach&quot; ovale de qualit\u00e9 sup\u00e9rieure fabriqu\u00e9e aux USA. Id\u00e9al pour votre sangle \u00e0 fusil Valkyrie ou Hildr.\" \/>\n<meta name=\"robots\" content=\"index, follow, max-snippet:-1, max-image-preview:large, max-video-preview:-1\" \/>\n<link rel=\"canonical\" href=\"https:\/\/hexatac.com\/en\/product\/strap-attachment-qd-oval-2\/\" \/>\n<meta property=\"og:locale\" content=\"en_GB\" \/>\n<meta property=\"og:type\" content=\"article\" \/>\n<meta property=\"og:title\" content=\"Attache Sangle QD Ovale\" \/>\n<meta property=\"og:description\" content=\"Attache QD &quot;Quick Detach&quot; ovale de qualit\u00e9 sup\u00e9rieure fabriqu\u00e9e aux USA. Id\u00e9al pour votre sangle \u00e0 fusil Valkyrie ou Hildr.\" \/>\n<meta property=\"og:url\" content=\"https:\/\/hexatac.com\/en\/product\/strap-attachment-qd-oval-2\/\" \/>\n<meta property=\"og:site_name\" content=\"Hexatac\" \/>\n<meta property=\"article:modified_time\" content=\"2026-02-04T12:16:36+00:00\" \/>\n<meta property=\"og:image\" content=\"https:\/\/hexatac.com\/wp-content\/uploads\/2022\/06\/IMG_4907.jpg\" \/>\n\t<meta property=\"og:image:width\" content=\"1280\" \/>\n\t<meta property=\"og:image:height\" content=\"1280\" \/>\n\t<meta property=\"og:image:type\" content=\"image\/jpeg\" \/>\n<meta name=\"twitter:card\" content=\"summary_large_image\" \/>\n<script type=\"application\/ld+json\" class=\"yoast-schema-graph\">{\"@context\":\"https:\\\/\\\/schema.org\",\"@graph\":[{\"@type\":[\"WebPage\",\"ItemPage\"],\"@id\":\"https:\\\/\\\/hexatac.com\\\/product\\\/attache-sangle-qd-ovale\\\/\",\"url\":\"https:\\\/\\\/hexatac.com\\\/product\\\/attache-sangle-qd-ovale\\\/\",\"name\":\"Attache Sangle QD Ovale - Hexatac\",\"isPartOf\":{\"@id\":\"https:\\\/\\\/hexatac.com\\\/#website\"},\"primaryImageOfPage\":{\"@id\":\"https:\\\/\\\/hexatac.com\\\/product\\\/attache-sangle-qd-ovale\\\/#primaryimage\"},\"image\":{\"@id\":\"https:\\\/\\\/hexatac.com\\\/product\\\/attache-sangle-qd-ovale\\\/#primaryimage\"},\"thumbnailUrl\":\"https:\\\/\\\/cdn.hexatac.com\\\/\\\/wp-content\\\/uploads\\\/2022\\\/06\\\/IMG_4907.jpg\",\"datePublished\":\"2022-06-10T10:01:30+00:00\",\"dateModified\":\"2026-02-04T12:16:36+00:00\",\"description\":\"Attache QD \\\"Quick Detach\\\" ovale de qualit\u00e9 sup\u00e9rieure fabriqu\u00e9e aux USA. Id\u00e9al pour votre sangle \u00e0 fusil Valkyrie ou Hildr.\",\"breadcrumb\":{\"@id\":\"https:\\\/\\\/hexatac.com\\\/product\\\/attache-sangle-qd-ovale\\\/#breadcrumb\"},\"inLanguage\":\"en-GB\",\"potentialAction\":[{\"@type\":\"ReadAction\",\"target\":[\"https:\\\/\\\/hexatac.com\\\/product\\\/attache-sangle-qd-ovale\\\/\"]}]},{\"@type\":\"ImageObject\",\"inLanguage\":\"en-GB\",\"@id\":\"https:\\\/\\\/hexatac.com\\\/product\\\/attache-sangle-qd-ovale\\\/#primaryimage\",\"url\":\"https:\\\/\\\/cdn.hexatac.com\\\/\\\/wp-content\\\/uploads\\\/2022\\\/06\\\/IMG_4907.jpg\",\"contentUrl\":\"https:\\\/\\\/cdn.hexatac.com\\\/\\\/wp-content\\\/uploads\\\/2022\\\/06\\\/IMG_4907.jpg\",\"width\":1280,\"height\":1280},{\"@type\":\"BreadcrumbList\",\"@id\":\"https:\\\/\\\/hexatac.com\\\/product\\\/attache-sangle-qd-ovale\\\/#breadcrumb\",\"itemListElement\":[{\"@type\":\"ListItem\",\"position\":1,\"name\":\"Accueil\",\"item\":\"https:\\\/\\\/hexatac.com\\\/\"},{\"@type\":\"ListItem\",\"position\":2,\"name\":\"Boutique\",\"item\":\"https:\\\/\\\/hexatac.com\\\/boutique\\\/\"},{\"@type\":\"ListItem\",\"position\":3,\"name\":\"Attache Sangle QD Ovale\"}]},{\"@type\":\"WebSite\",\"@id\":\"https:\\\/\\\/hexatac.com\\\/#website\",\"url\":\"https:\\\/\\\/hexatac.com\\\/\",\"name\":\"Hexatac\",\"description\":\"Equipement Tactique | Policier | Militaire | Gendarme | Airsoft\",\"potentialAction\":[{\"@type\":\"SearchAction\",\"target\":{\"@type\":\"EntryPoint\",\"urlTemplate\":\"https:\\\/\\\/hexatac.com\\\/?s={search_term_string}\"},\"query-input\":{\"@type\":\"PropertyValueSpecification\",\"valueRequired\":true,\"valueName\":\"search_term_string\"}}],\"inLanguage\":\"en-GB\"}]}<\/script>\n<meta property=\"product:price:amount\" content=\"27.90\" \/>\n<meta property=\"product:price:currency\" content=\"EUR\" \/>\n<meta property=\"og:availability\" content=\"instock\" \/>\n<meta property=\"product:availability\" content=\"instock\" \/>\n<meta property=\"product:retailer_item_id\" content=\"QD-OVL\" \/>\n<meta property=\"product:condition\" content=\"new\" \/>\n<!-- \/ Yoast SEO Premium plugin. -->","yoast_head_json":{"title":"QD Oval Strap Clips - Hexatac","description":"High quality oval QD \"Quick Detach\" made in the USA. Ideal for your Valkyrie or Hildr rifle sling.","robots":{"index":"index","follow":"follow","max-snippet":"max-snippet:-1","max-image-preview":"max-image-preview:large","max-video-preview":"max-video-preview:-1"},"canonical":"https:\/\/hexatac.com\/en\/product\/strap-attachment-qd-oval-2\/","og_locale":"en_GB","og_type":"article","og_title":"Attache Sangle QD Ovale","og_description":"Attache QD \"Quick Detach\" ovale de qualit\u00e9 sup\u00e9rieure fabriqu\u00e9e aux USA. Id\u00e9al pour votre sangle \u00e0 fusil Valkyrie ou Hildr.","og_url":"https:\/\/hexatac.com\/en\/product\/strap-attachment-qd-oval-2\/","og_site_name":"Hexatac","article_modified_time":"2026-02-04T12:16:36+00:00","og_image":[{"width":1280,"height":1280,"url":"https:\/\/hexatac.com\/wp-content\/uploads\/2022\/06\/IMG_4907.jpg","type":"image\/jpeg"}],"twitter_card":"summary_large_image","schema":{"@context":"https:\/\/schema.org","@graph":[{"@type":["WebPage","ItemPage"],"@id":"https:\/\/hexatac.com\/product\/attache-sangle-qd-ovale\/","url":"https:\/\/hexatac.com\/product\/attache-sangle-qd-ovale\/","name":"QD Oval Strap Clips - Hexatac","isPartOf":{"@id":"https:\/\/hexatac.com\/#website"},"primaryImageOfPage":{"@id":"https:\/\/hexatac.com\/product\/attache-sangle-qd-ovale\/#primaryimage"},"image":{"@id":"https:\/\/hexatac.com\/product\/attache-sangle-qd-ovale\/#primaryimage"},"thumbnailUrl":"https:\/\/cdn.hexatac.com\/\/wp-content\/uploads\/2022\/06\/IMG_4907.jpg","datePublished":"2022-06-10T10:01:30+00:00","dateModified":"2026-02-04T12:16:36+00:00","description":"High quality oval QD \"Quick Detach\" made in the USA. Ideal for your Valkyrie or Hildr rifle sling.","breadcrumb":{"@id":"https:\/\/hexatac.com\/product\/attache-sangle-qd-ovale\/#breadcrumb"},"inLanguage":"en-GB","potentialAction":[{"@type":"ReadAction","target":["https:\/\/hexatac.com\/product\/attache-sangle-qd-ovale\/"]}]},{"@type":"ImageObject","inLanguage":"en-GB","@id":"https:\/\/hexatac.com\/product\/attache-sangle-qd-ovale\/#primaryimage","url":"https:\/\/cdn.hexatac.com\/\/wp-content\/uploads\/2022\/06\/IMG_4907.jpg","contentUrl":"https:\/\/cdn.hexatac.com\/\/wp-content\/uploads\/2022\/06\/IMG_4907.jpg","width":1280,"height":1280},{"@type":"BreadcrumbList","@id":"https:\/\/hexatac.com\/product\/attache-sangle-qd-ovale\/#breadcrumb","itemListElement":[{"@type":"ListItem","position":1,"name":"Accueil","item":"https:\/\/hexatac.com\/"},{"@type":"ListItem","position":2,"name":"Boutique","item":"https:\/\/hexatac.com\/boutique\/"},{"@type":"ListItem","position":3,"name":"Attache Sangle QD Ovale"}]},{"@type":"WebSite","@id":"https:\/\/hexatac.com\/#website","url":"https:\/\/hexatac.com\/","name":"Hexatac","description":"Tactical Equipment | Policeman | Military | Gendarme | Airsoft","potentialAction":[{"@type":"SearchAction","target":{"@type":"EntryPoint","urlTemplate":"https:\/\/hexatac.com\/?s={search_term_string}"},"query-input":{"@type":"PropertyValueSpecification","valueRequired":true,"valueName":"search_term_string"}}],"inLanguage":"en-GB"}]},"product_price_amount":"27.90","product_price_currency":"EUR","og_availability":"instock","product_availability":"instock","product_retailer_item_id":"QD-OVL","product_condition":"new"},"_links":{"self":[{"href":"https:\/\/hexatac.com\/en\/wp-json\/wp\/v2\/product\/76057","targetHints":{"allow":["GET"]}}],"collection":[{"href":"https:\/\/hexatac.com\/en\/wp-json\/wp\/v2\/product"}],"about":[{"href":"https:\/\/hexatac.com\/en\/wp-json\/wp\/v2\/types\/product"}],"replies":[{"embeddable":true,"href":"https:\/\/hexatac.com\/en\/wp-json\/wp\/v2\/comments?post=76057"}],"wp:featuredmedia":[{"embeddable":true,"href":"https:\/\/hexatac.com\/en\/wp-json\/wp\/v2\/media\/76055"}],"wp:attachment":[{"href":"https:\/\/hexatac.com\/en\/wp-json\/wp\/v2\/media?parent=76057"}],"wp:term":[{"taxonomy":"product_brand","embeddable":true,"href":"https:\/\/hexatac.com\/en\/wp-json\/wp\/v2\/product_brand?post=76057"},{"taxonomy":"product_cat","embeddable":true,"href":"https:\/\/hexatac.com\/en\/wp-json\/wp\/v2\/product_cat?post=76057"},{"taxonomy":"product_tag","embeddable":true,"href":"https:\/\/hexatac.com\/en\/wp-json\/wp\/v2\/product_tag?post=76057"}],"curies":[{"name":"wp","href":"https:\/\/api.w.org\/{rel}","templated":true}]}}