{"id":74883,"date":"2022-04-25T15:38:22","date_gmt":"2022-04-25T13:38:22","guid":{"rendered":"https:\/\/hexatac.com\/?post_type=product&#038;p=74883"},"modified":"2025-10-14T10:57:25","modified_gmt":"2025-10-14T08:57:25","slug":"sticker-holo-hexagonia","status":"publish","type":"product","link":"https:\/\/hexatac.com\/en\/product\/sticker-holo-hexagonia\/","title":{"rendered":"Holo Hexagonia sticker"},"content":{"rendered":"<h4>Holographic sticker Hexagonia | Merchandising<\/h4>\n<p style=\"text-align: justify\">We created this holographic sticker for <strong>pay tribute to Brigadier Lo\u00efc Risser<\/strong> of the 2nd Hussar Regiment, who died for France on 2 January 2022 in Opex with <strong>Sergeant Yvonne Huynh<\/strong>.<\/p>\n<p style=\"text-align: justify\">Lo\u00efc was one of our ambassadors but <strong>\u00e9tait surtout l&rsquo;un de nos amis<\/strong>. He radiated <strong>soif d&rsquo;apprendre<\/strong>his taste for <strong>job well<\/strong> fact and its <strong>altruism<\/strong>.<\/p>\n<p style=\"text-align: justify\">The silhouette of the<strong> soldier on the right of this drawing is in fact that of Lo\u00efc<\/strong>, prise sur une photo qu&rsquo;il nous avait envoy\u00e9 quelques jours avant l&rsquo;incident.<\/p>\n<p style=\"text-align: justify\">We make <strong>tribute to Lo\u00efc, his family, his loved ones and all those who died for France<\/strong> through this sticker.<\/p>\n<p>Edition limit\u00e9e, \u00e9dit\u00e9e uniquement pendant l&rsquo;ann\u00e9e 2022.<\/p>","protected":false},"excerpt":{"rendered":"<ul>\n<li>Sticker Holographique en Hommage au Brigadier Lo\u00efc Risser mort pour la France le 2\/01\/2021 au Mali lors d&rsquo;une Opex.<\/li>\n<li>Edition Limit\u00e9e : ne sera produite que pendant l&rsquo;ann\u00e9e 2022.<\/li>\n<li>Size 80 x 55mm<\/li>\n<\/ul>","protected":false},"featured_media":74884,"comment_status":"open","ping_status":"closed","template":"","meta":{"_monsterinsights_skip_tracking":false,"_monsterinsights_sitenote_active":false,"_monsterinsights_sitenote_note":"","_monsterinsights_sitenote_category":0},"product_brand":[2323],"product_cat":[3498],"product_tag":[],"class_list":{"0":"post-74883","1":"product","2":"type-product","3":"status-publish","4":"has-post-thumbnail","6":"product_brand-hexatac","7":"product_cat-merchandising","9":"first","10":"outofstock","11":"taxable","12":"shipping-taxable","13":"purchasable","14":"product-type-simple"},"bundled_by":[],"bundle_stock_status":"outofstock","bundle_stock_quantity":0,"bundle_virtual":false,"bundle_layout":"","bundle_add_to_cart_form_location":"","bundle_editable_in_cart":false,"bundle_sold_individually_context":"","bundle_item_grouping":"","bundle_min_size":"","bundle_max_size":"","bundle_price":[],"bundled_items":[],"bundle_sell_ids":[],"yoast_head":"<!-- This site is optimized with the Yoast SEO Premium plugin v26.6 (Yoast SEO v27.4) - https:\/\/yoast.com\/product\/yoast-seo-premium-wordpress\/ -->\n<title>Sticker Holo Hexagonia - Hexatac<\/title>\n<meta name=\"description\" content=\"Sticker holographique inspir\u00e9 d&#039;une marque connue. Hommage \u00e0 Lo\u00efc Risser mort pour la France le 2 janvier 2021 au Mali en Opex.\" \/>\n<meta name=\"robots\" content=\"index, follow, max-snippet:-1, max-image-preview:large, max-video-preview:-1\" \/>\n<link rel=\"canonical\" href=\"https:\/\/hexatac.com\/en\/product\/sticker-holo-hexagonia\/\" \/>\n<meta property=\"og:locale\" content=\"en_GB\" \/>\n<meta property=\"og:type\" content=\"article\" \/>\n<meta property=\"og:title\" content=\"Sticker Holo Hexagonia\" \/>\n<meta property=\"og:description\" content=\"Sticker holographique inspir\u00e9 d&#039;une marque connue. Hommage \u00e0 Lo\u00efc Risser mort pour la France le 2 janvier 2021 au Mali en Opex.\" \/>\n<meta property=\"og:url\" content=\"https:\/\/hexatac.com\/en\/product\/sticker-holo-hexagonia\/\" \/>\n<meta property=\"og:site_name\" content=\"Hexatac\" \/>\n<meta property=\"article:modified_time\" content=\"2025-10-14T08:57:25+00:00\" \/>\n<meta property=\"og:image\" content=\"https:\/\/hexatac.com\/wp-content\/uploads\/2022\/04\/Sticker_hexagonia.jpg\" \/>\n\t<meta property=\"og:image:width\" content=\"1280\" \/>\n\t<meta property=\"og:image:height\" content=\"1280\" \/>\n\t<meta property=\"og:image:type\" content=\"image\/jpeg\" \/>\n<meta name=\"twitter:card\" content=\"summary_large_image\" \/>\n<script type=\"application\/ld+json\" class=\"yoast-schema-graph\">{\"@context\":\"https:\\\/\\\/schema.org\",\"@graph\":[{\"@type\":[\"WebPage\",\"ItemPage\"],\"@id\":\"https:\\\/\\\/hexatac.com\\\/product\\\/sticker-holo-hexagonia\\\/\",\"url\":\"https:\\\/\\\/hexatac.com\\\/product\\\/sticker-holo-hexagonia\\\/\",\"name\":\"Sticker Holo Hexagonia - Hexatac\",\"isPartOf\":{\"@id\":\"https:\\\/\\\/hexatac.com\\\/#website\"},\"primaryImageOfPage\":{\"@id\":\"https:\\\/\\\/hexatac.com\\\/product\\\/sticker-holo-hexagonia\\\/#primaryimage\"},\"image\":{\"@id\":\"https:\\\/\\\/hexatac.com\\\/product\\\/sticker-holo-hexagonia\\\/#primaryimage\"},\"thumbnailUrl\":\"https:\\\/\\\/cdn.hexatac.com\\\/\\\/wp-content\\\/uploads\\\/2022\\\/04\\\/Sticker_hexagonia.jpg\",\"datePublished\":\"2022-04-25T13:38:22+00:00\",\"dateModified\":\"2025-10-14T08:57:25+00:00\",\"description\":\"Sticker holographique inspir\u00e9 d'une marque connue. Hommage \u00e0 Lo\u00efc Risser mort pour la France le 2 janvier 2021 au Mali en Opex.\",\"breadcrumb\":{\"@id\":\"https:\\\/\\\/hexatac.com\\\/product\\\/sticker-holo-hexagonia\\\/#breadcrumb\"},\"inLanguage\":\"en-GB\",\"potentialAction\":[{\"@type\":\"ReadAction\",\"target\":[\"https:\\\/\\\/hexatac.com\\\/product\\\/sticker-holo-hexagonia\\\/\"]}]},{\"@type\":\"ImageObject\",\"inLanguage\":\"en-GB\",\"@id\":\"https:\\\/\\\/hexatac.com\\\/product\\\/sticker-holo-hexagonia\\\/#primaryimage\",\"url\":\"https:\\\/\\\/cdn.hexatac.com\\\/\\\/wp-content\\\/uploads\\\/2022\\\/04\\\/Sticker_hexagonia.jpg\",\"contentUrl\":\"https:\\\/\\\/cdn.hexatac.com\\\/\\\/wp-content\\\/uploads\\\/2022\\\/04\\\/Sticker_hexagonia.jpg\",\"width\":1280,\"height\":1280},{\"@type\":\"BreadcrumbList\",\"@id\":\"https:\\\/\\\/hexatac.com\\\/product\\\/sticker-holo-hexagonia\\\/#breadcrumb\",\"itemListElement\":[{\"@type\":\"ListItem\",\"position\":1,\"name\":\"Accueil\",\"item\":\"https:\\\/\\\/hexatac.com\\\/\"},{\"@type\":\"ListItem\",\"position\":2,\"name\":\"Boutique\",\"item\":\"https:\\\/\\\/hexatac.com\\\/boutique\\\/\"},{\"@type\":\"ListItem\",\"position\":3,\"name\":\"Sticker Holo Hexagonia\"}]},{\"@type\":\"WebSite\",\"@id\":\"https:\\\/\\\/hexatac.com\\\/#website\",\"url\":\"https:\\\/\\\/hexatac.com\\\/\",\"name\":\"Hexatac\",\"description\":\"Equipement Tactique | Policier | Militaire | Gendarme | Airsoft\",\"potentialAction\":[{\"@type\":\"SearchAction\",\"target\":{\"@type\":\"EntryPoint\",\"urlTemplate\":\"https:\\\/\\\/hexatac.com\\\/?s={search_term_string}\"},\"query-input\":{\"@type\":\"PropertyValueSpecification\",\"valueRequired\":true,\"valueName\":\"search_term_string\"}}],\"inLanguage\":\"en-GB\"}]}<\/script>\n<meta property=\"product:price:amount\" content=\"2.90\" \/>\n<meta property=\"product:price:currency\" content=\"EUR\" \/>\n<meta property=\"og:availability\" content=\"out of stock\" \/>\n<meta property=\"product:availability\" content=\"out of stock\" \/>\n<meta property=\"product:retailer_item_id\" content=\"HXGNIA_STCKR_HOLO\" \/>\n<meta property=\"product:condition\" content=\"new\" \/>\n<!-- \/ Yoast SEO Premium plugin. -->","yoast_head_json":{"title":"Holo Hexagonia sticker - Hexatac","description":"Holographic sticker inspired by a well-known brand. A tribute to Lo\u00efc Risser who died for France on 2 January 2021 in Mali during an OPEX operation.","robots":{"index":"index","follow":"follow","max-snippet":"max-snippet:-1","max-image-preview":"max-image-preview:large","max-video-preview":"max-video-preview:-1"},"canonical":"https:\/\/hexatac.com\/en\/product\/sticker-holo-hexagonia\/","og_locale":"en_GB","og_type":"article","og_title":"Sticker Holo Hexagonia","og_description":"Sticker holographique inspir\u00e9 d'une marque connue. Hommage \u00e0 Lo\u00efc Risser mort pour la France le 2 janvier 2021 au Mali en Opex.","og_url":"https:\/\/hexatac.com\/en\/product\/sticker-holo-hexagonia\/","og_site_name":"Hexatac","article_modified_time":"2025-10-14T08:57:25+00:00","og_image":[{"width":1280,"height":1280,"url":"https:\/\/hexatac.com\/wp-content\/uploads\/2022\/04\/Sticker_hexagonia.jpg","type":"image\/jpeg"}],"twitter_card":"summary_large_image","schema":{"@context":"https:\/\/schema.org","@graph":[{"@type":["WebPage","ItemPage"],"@id":"https:\/\/hexatac.com\/product\/sticker-holo-hexagonia\/","url":"https:\/\/hexatac.com\/product\/sticker-holo-hexagonia\/","name":"Holo Hexagonia sticker - Hexatac","isPartOf":{"@id":"https:\/\/hexatac.com\/#website"},"primaryImageOfPage":{"@id":"https:\/\/hexatac.com\/product\/sticker-holo-hexagonia\/#primaryimage"},"image":{"@id":"https:\/\/hexatac.com\/product\/sticker-holo-hexagonia\/#primaryimage"},"thumbnailUrl":"https:\/\/cdn.hexatac.com\/\/wp-content\/uploads\/2022\/04\/Sticker_hexagonia.jpg","datePublished":"2022-04-25T13:38:22+00:00","dateModified":"2025-10-14T08:57:25+00:00","description":"Holographic sticker inspired by a well-known brand. A tribute to Lo\u00efc Risser who died for France on 2 January 2021 in Mali during an OPEX operation.","breadcrumb":{"@id":"https:\/\/hexatac.com\/product\/sticker-holo-hexagonia\/#breadcrumb"},"inLanguage":"en-GB","potentialAction":[{"@type":"ReadAction","target":["https:\/\/hexatac.com\/product\/sticker-holo-hexagonia\/"]}]},{"@type":"ImageObject","inLanguage":"en-GB","@id":"https:\/\/hexatac.com\/product\/sticker-holo-hexagonia\/#primaryimage","url":"https:\/\/cdn.hexatac.com\/\/wp-content\/uploads\/2022\/04\/Sticker_hexagonia.jpg","contentUrl":"https:\/\/cdn.hexatac.com\/\/wp-content\/uploads\/2022\/04\/Sticker_hexagonia.jpg","width":1280,"height":1280},{"@type":"BreadcrumbList","@id":"https:\/\/hexatac.com\/product\/sticker-holo-hexagonia\/#breadcrumb","itemListElement":[{"@type":"ListItem","position":1,"name":"Accueil","item":"https:\/\/hexatac.com\/"},{"@type":"ListItem","position":2,"name":"Boutique","item":"https:\/\/hexatac.com\/boutique\/"},{"@type":"ListItem","position":3,"name":"Sticker Holo Hexagonia"}]},{"@type":"WebSite","@id":"https:\/\/hexatac.com\/#website","url":"https:\/\/hexatac.com\/","name":"Hexatac","description":"Tactical Equipment | Policeman | Military | Gendarme | Airsoft","potentialAction":[{"@type":"SearchAction","target":{"@type":"EntryPoint","urlTemplate":"https:\/\/hexatac.com\/?s={search_term_string}"},"query-input":{"@type":"PropertyValueSpecification","valueRequired":true,"valueName":"search_term_string"}}],"inLanguage":"en-GB"}]},"product_price_amount":"2.90","product_price_currency":"EUR","og_availability":"out of stock","product_availability":"out of stock","product_retailer_item_id":"HXGNIA_STCKR_HOLO","product_condition":"new"},"_links":{"self":[{"href":"https:\/\/hexatac.com\/en\/wp-json\/wp\/v2\/product\/74883","targetHints":{"allow":["GET"]}}],"collection":[{"href":"https:\/\/hexatac.com\/en\/wp-json\/wp\/v2\/product"}],"about":[{"href":"https:\/\/hexatac.com\/en\/wp-json\/wp\/v2\/types\/product"}],"replies":[{"embeddable":true,"href":"https:\/\/hexatac.com\/en\/wp-json\/wp\/v2\/comments?post=74883"}],"wp:featuredmedia":[{"embeddable":true,"href":"https:\/\/hexatac.com\/en\/wp-json\/wp\/v2\/media\/74884"}],"wp:attachment":[{"href":"https:\/\/hexatac.com\/en\/wp-json\/wp\/v2\/media?parent=74883"}],"wp:term":[{"taxonomy":"product_brand","embeddable":true,"href":"https:\/\/hexatac.com\/en\/wp-json\/wp\/v2\/product_brand?post=74883"},{"taxonomy":"product_cat","embeddable":true,"href":"https:\/\/hexatac.com\/en\/wp-json\/wp\/v2\/product_cat?post=74883"},{"taxonomy":"product_tag","embeddable":true,"href":"https:\/\/hexatac.com\/en\/wp-json\/wp\/v2\/product_tag?post=74883"}],"curies":[{"name":"wp","href":"https:\/\/api.w.org\/{rel}","templated":true}]}}