{"id":73374,"date":"2022-02-16T17:40:10","date_gmt":"2022-02-16T16:40:10","guid":{"rendered":"https:\/\/hexatac.com\/?post_type=product&#038;p=73374"},"modified":"2026-01-01T23:55:06","modified_gmt":"2026-01-01T22:55:06","slug":"insert-kydex-universal-loader-fa","status":"publish","type":"product","link":"https:\/\/hexatac.com\/en\/product\/insert-kydex-chargeur-universel-fa\/","title":{"rendered":"URMI Magazine Insert"},"content":{"rendered":"<h4 style=\"text-align: justify;\">FA | Chest-Rig HMCR\u00ae Universal Charger Insert<\/h4>\n<p style=\"text-align: justify;\">Regardless of the modular load-carrying system you use, a chest-rig like the <a href=\"https:\/\/hexatac.com\/en\/shop\/chassis-gen2-chest-rig-mamcr-2\/\">HMCR\u00ae<\/a> or similar, a kangaroo pocket integrated into your waistcoat, its <strong>performance<\/strong> is in fact <strong>as good as the inserts it contains<\/strong>.<\/p>\n<p style=\"text-align: justify;\">Our <strong>Inserts for F.A. Universal Chargers<\/strong> (Fusil d&rsquo;Assaut) sont fabriqu\u00e9s en Kydex thermo-form\u00e9 et sont optimis\u00e9s pour une utilisation avec des chargeurs. Ils peuvent \u00eatre compatibles avec du petit mat\u00e9riel mais nous ne pourrons garantir la compatibilit\u00e9.<\/p>\n<h4 id=\"compatibilite\"><span style=\"text-decoration: underline;\"><strong>Compatibility<\/strong><\/span><\/h4>\n<p style=\"text-align: justify;\">This model is <strong>\u00ab\u00a0universel\u00a0\u00bb pour chargeurs de Fusil d&rsquo;Assaut<\/strong>, c&rsquo;est \u00e0 dire qu&rsquo;ils permettent une <strong>safe insertion, extraction and locking<\/strong> for chargers on the following list <span style=\"text-decoration: underline;\">(non-exhaustive list)<\/span> :<\/p>\n<ul style=\"text-align: justify;\">\n<li>Chargers <strong>type AR15\/ M4\/ HK416\/ Sig MCX (PMag or Stanag in steel)<\/strong><\/li>\n<li>Chargers <strong>60coups<\/strong> .223 Surefire<\/li>\n<li>Chargers <strong>Sig55X<\/strong><\/li>\n<li>Chargers for <strong>G36 <span style=\"text-decoration: underline;\">with coupling pins<\/span><\/strong>, <strong>smooth<\/strong> and <strong>PMag<\/strong> for G36.<\/li>\n<li>Chargers <strong>AK in 5.45, 5.56, 7.62<\/strong> qu&rsquo;ils soient <span style=\"text-decoration: underline;\">polymer, steel, bakelite<\/span>, <span style=\"text-decoration: underline;\">head up or down<\/span>.<\/li>\n<li>308 Stanag chargers type <strong>SCAR H<\/strong> or<strong> FAL<\/strong> in 7.62,<\/li>\n<li>Chargers <strong>cal.12<\/strong> Molot type, Deyra<\/li>\n<li>Chargers for <strong>HK417<\/strong><\/li>\n<\/ul>\n<p style=\"text-align: justify;\">Pour s&rsquo;adapter \u00e0 votre \u00e9quipement, les <strong>Universal charger inserts for F.A.<\/strong> are available in two compatibility versions:<\/p>\n<ul style=\"text-align: justify;\">\n<li><span style=\"text-decoration: underline;\"><strong>Hook and loop model<\/strong><\/span> One side with Velcro hook, one side with Velcro loop. It is compatible with our<a href=\"https:\/\/hexatac.com\/en\/shop\/chassis-gen2-chest-rig-mamcr-2\/\"> HMCR<\/a>Kangaroo Crye Precision, LBT (London Bridge Trading), Warrior Assault Systems, etc.<\/li>\n<li><span style=\"text-decoration: underline;\"><strong>Hook and eye model<\/strong><\/span> Both sides are covered with Velcro hooks for use in systems such as Spiritus Systems chassis or Chest-Rig Haley Strategic Partners (HSP), etc.<\/li>\n<\/ul>\n<p><img fetchpriority=\"high\" decoding=\"async\" class=\"aligncenter size-large wp-image-76009\" src=\"https:\/\/hexatac.com\/wp-content\/uploads\/2022\/02\/IMG_4903-1024x768.jpg\" alt=\"\" width=\"1024\" height=\"768\" srcset=\"https:\/\/cdn.hexatac.com\/\/wp-content\/uploads\/2022\/02\/IMG_4903-1024x768.jpg 1024w, https:\/\/cdn.hexatac.com\/\/wp-content\/uploads\/2022\/02\/IMG_4903-1280x960.jpg 1280w, https:\/\/cdn.hexatac.com\/\/wp-content\/uploads\/2022\/02\/IMG_4903-300x225.jpg 300w, https:\/\/cdn.hexatac.com\/\/wp-content\/uploads\/2022\/02\/IMG_4903-768x576.jpg 768w, https:\/\/cdn.hexatac.com\/\/wp-content\/uploads\/2022\/02\/IMG_4903-610x458.jpg 610w, https:\/\/cdn.hexatac.com\/\/wp-content\/uploads\/2022\/02\/IMG_4903-510x382.jpg 510w, https:\/\/cdn.hexatac.com\/\/wp-content\/uploads\/2022\/02\/IMG_4903-1080x810.jpg 1080w, https:\/\/cdn.hexatac.com\/\/wp-content\/uploads\/2022\/02\/IMG_4903-980x735.jpg 980w, https:\/\/cdn.hexatac.com\/\/wp-content\/uploads\/2022\/02\/IMG_4903-480x360.jpg 480w, https:\/\/cdn.hexatac.com\/\/wp-content\/uploads\/2022\/02\/IMG_4903-570x428.jpg 570w, https:\/\/cdn.hexatac.com\/\/wp-content\/uploads\/2022\/02\/IMG_4903.jpg 1440w\" sizes=\"(max-width: 1024px) 100vw, 1024px\" \/><\/p>\n<p style=\"text-align: justify;\">L'<strong>Insert for F.A. Universal Charger<\/strong> consists of 3 parts: <span style=\"text-decoration: underline;\">the main insert, the secondary insert and the velcro collar<\/span>.<\/p>\n<p style=\"text-align: justify;\">This construction allows <strong>optimum retention<\/strong> peu importe le chargeur utilis\u00e9 gr\u00e2ce au r\u00e9glage de la r\u00e9tention avec le collier velcro et surtout d&rsquo;\u00e9viter les interf\u00e9rences g\u00e9n\u00e9r\u00e9es par les ergots de verrouillage et de sur-insertion qui g\u00eanent souvent lors de l&rsquo;insertion et l&rsquo;extraction des chargeurs.<\/p>\n<p style=\"text-align: justify;\">L&rsquo;onglet trou\u00e9 au sommet de l&rsquo;insert principal vous permettra d&rsquo;y fixer une r\u00e9tention \u00e9lastique suppl\u00e9mentaire &#8211; particuli\u00e8rement pratique pour les Forces de l&rsquo;Ordre ou les missions a\u00e9roport\u00e9es.<\/p>\n<p><span style=\"text-decoration: underline;\"><strong>Attention<\/strong><\/span>The chassis you use will dictate the number of inserts you can fit. For example, in a Spiritus Systems MK3 chassis you'll only be able to fit 2 inserts, whereas you'll be able to fit 3 in an HMCR, a Haley Strategic chassis etc. See insert dimensions.<\/p>\n<h4 id=\"dimensions\"><span style=\"text-decoration: underline;\"><strong>Dimensions<\/strong><\/span><\/h4>\n<p><span style=\"text-decoration: underline;\">Width at base<\/span> (incompressible): 76mm<br \/>\n<span style=\"text-decoration: underline;\">Height<\/span> 122 \u00b1 2mm (excluding mitre)<\/p>\n<h4 id=\"inclus\" style=\"text-align: justify;\"><span style=\"text-decoration: underline;\"><strong>What's included<\/strong><\/span><\/h4>\n<ul>\n<li>Kydex insert<\/li>\n<li>Adjustment collar<\/li>\n<\/ul>\n<h4 id=\"video\"><span style=\"text-decoration: underline;\"><strong>Video Presentation<\/strong><\/span><\/h4>\n<div class=\"epyt-video-wrapper\"><iframe  style=\"display: block; margin: 0px auto;\"  id=\"_ytid_84442\"  width=\"640\" height=\"360\"  data-origwidth=\"640\" data-origheight=\"360\" src=\"https:\/\/www.youtube.com\/embed\/Ea9yRsSScyo?enablejsapi=1&autoplay=0&cc_load_policy=0&cc_lang_pref=&iv_load_policy=1&loop=1&playlist=Ea9yRsSScyo&rel=0&fs=1&playsinline=0&autohide=2&theme=dark&color=red&controls=1&disablekb=0&\" class=\"__youtube_prefs__  no-lazyload\" title=\"YouTube player\"  allow=\"fullscreen; accelerometer; autoplay; clipboard-write; encrypted-media; gyroscope; picture-in-picture; web-share\" referrerpolicy=\"strict-origin-when-cross-origin\" allowfullscreen data-no-lazy=\"1\" data-skipgform_ajax_framebjll=\"\"><\/iframe><\/div>\n<p style=\"text-align: justify;\"><strong>Registered design. Designed and manufactured in France.<\/strong><\/p>","protected":false},"excerpt":{"rendered":"<h4>SHORTCUTS<\/h4>\n<div class=\"boutons_short_desc\">\n<ul>\n<li><a class=\"button\" href=\"#video\">PRESENTATION VIDEO<\/a><\/li>\n<li><a class=\"button\" href=\"#inclus\">WHAT'S INCLUDED?<\/a><\/li>\n<li><a class=\"button\" href=\"#compatibilite\">COMPATIBILITY<\/a><\/li>\n<li><a class=\"button\" href=\"#dimensions\">DIMENSIONS<\/a><\/li>\n<li><a class=\"button\" href=\"https:\/\/hexatac.com\/en\/assembly-use\/\" target=\"_blank\" rel=\"noopener\">ASSEMBLY<\/a><\/li>\n<\/ul>\n<\/div>","protected":false},"featured_media":73866,"comment_status":"open","ping_status":"closed","template":"","meta":{"_monsterinsights_skip_tracking":false,"_monsterinsights_sitenote_active":false,"_monsterinsights_sitenote_note":"","_monsterinsights_sitenote_category":0},"product_brand":[2323],"product_cat":[95],"product_tag":[4175,4174],"class_list":{"0":"post-73374","1":"product","2":"type-product","3":"status-publish","4":"has-post-thumbnail","6":"product_brand-hexatac","7":"product_cat-non-classe","8":"product_tag-b2b","9":"product_tag-gilet","11":"first","12":"outofstock","13":"taxable","14":"shipping-taxable","15":"purchasable","16":"product-type-variable","17":"has-default-attributes"},"bundled_by":["34761","53404"],"bundle_stock_status":"outofstock","bundle_stock_quantity":null,"bundle_virtual":false,"bundle_layout":"","bundle_add_to_cart_form_location":"","bundle_editable_in_cart":false,"bundle_sold_individually_context":"","bundle_item_grouping":"","bundle_min_size":"","bundle_max_size":"","bundle_price":[],"bundled_items":[],"bundle_sell_ids":[],"yoast_head":"<!-- This site is optimized with the Yoast SEO Premium plugin v26.6 (Yoast SEO v27.4) - https:\/\/yoast.com\/product\/yoast-seo-premium-wordpress\/ -->\n<title>Insert Chargeur Universel F.A. | Ch\u00e2ssis HMCR\u00ae | HEXATAC<\/title>\n<meta name=\"description\" content=\"Insert en Kydex Universel pour Chargeurs de Fusil d&#039;Assaut. Compatible avec PMag type M4, G36 avec t\u00e9tons, AK, HK417 etc. Fabriqu\u00e9 en France.\" \/>\n<meta name=\"robots\" content=\"index, follow, max-snippet:-1, max-image-preview:large, max-video-preview:-1\" \/>\n<link rel=\"canonical\" href=\"https:\/\/hexatac.com\/en\/product\/insert-kydex-universal-loader-fa\/\" \/>\n<meta property=\"og:locale\" content=\"en_GB\" \/>\n<meta property=\"og:type\" content=\"article\" \/>\n<meta property=\"og:title\" content=\"Insert Chargeur Universel F.A.\" \/>\n<meta property=\"og:description\" content=\"Insert en Kydex Universel pour Chargeurs de Fusil d&#039;Assaut. Compatible avec PMag type M4, G36 avec t\u00e9tons, AK, HK417 etc. Fabriqu\u00e9 en France.\" \/>\n<meta property=\"og:url\" content=\"https:\/\/hexatac.com\/en\/product\/insert-kydex-universal-loader-fa\/\" \/>\n<meta property=\"og:site_name\" content=\"Hexatac\" \/>\n<meta property=\"article:modified_time\" content=\"2026-01-01T22:55:06+00:00\" \/>\n<meta property=\"og:image\" content=\"https:\/\/hexatac.com\/wp-content\/uploads\/2022\/02\/IMG_4683.png\" \/>\n\t<meta property=\"og:image:width\" content=\"1280\" \/>\n\t<meta property=\"og:image:height\" content=\"1280\" \/>\n\t<meta property=\"og:image:type\" content=\"image\/png\" \/>\n<meta name=\"twitter:card\" content=\"summary_large_image\" \/>\n<script type=\"application\/ld+json\" class=\"yoast-schema-graph\">{\"@context\":\"https:\\\/\\\/schema.org\",\"@graph\":[{\"@type\":[\"WebPage\",\"ItemPage\"],\"@id\":\"https:\\\/\\\/hexatac.com\\\/product\\\/insert-kydex-chargeur-universel-fa\\\/\",\"url\":\"https:\\\/\\\/hexatac.com\\\/product\\\/insert-kydex-chargeur-universel-fa\\\/\",\"name\":\"Insert Chargeur Universel F.A. | Ch\u00e2ssis HMCR\u00ae | HEXATAC\",\"isPartOf\":{\"@id\":\"https:\\\/\\\/hexatac.com\\\/#website\"},\"primaryImageOfPage\":{\"@id\":\"https:\\\/\\\/hexatac.com\\\/product\\\/insert-kydex-chargeur-universel-fa\\\/#primaryimage\"},\"image\":{\"@id\":\"https:\\\/\\\/hexatac.com\\\/product\\\/insert-kydex-chargeur-universel-fa\\\/#primaryimage\"},\"thumbnailUrl\":\"https:\\\/\\\/cdn.hexatac.com\\\/\\\/wp-content\\\/uploads\\\/2022\\\/02\\\/IMG_4683.png\",\"datePublished\":\"2022-02-16T16:40:10+00:00\",\"dateModified\":\"2026-01-01T22:55:06+00:00\",\"description\":\"Insert en Kydex Universel pour Chargeurs de Fusil d'Assaut. Compatible avec PMag type M4, G36 avec t\u00e9tons, AK, HK417 etc. Fabriqu\u00e9 en France.\",\"breadcrumb\":{\"@id\":\"https:\\\/\\\/hexatac.com\\\/product\\\/insert-kydex-chargeur-universel-fa\\\/#breadcrumb\"},\"inLanguage\":\"en-GB\",\"potentialAction\":[{\"@type\":\"ReadAction\",\"target\":[\"https:\\\/\\\/hexatac.com\\\/product\\\/insert-kydex-chargeur-universel-fa\\\/\"]}]},{\"@type\":\"ImageObject\",\"inLanguage\":\"en-GB\",\"@id\":\"https:\\\/\\\/hexatac.com\\\/product\\\/insert-kydex-chargeur-universel-fa\\\/#primaryimage\",\"url\":\"https:\\\/\\\/cdn.hexatac.com\\\/\\\/wp-content\\\/uploads\\\/2022\\\/02\\\/IMG_4683.png\",\"contentUrl\":\"https:\\\/\\\/cdn.hexatac.com\\\/\\\/wp-content\\\/uploads\\\/2022\\\/02\\\/IMG_4683.png\",\"width\":1280,\"height\":1280},{\"@type\":\"BreadcrumbList\",\"@id\":\"https:\\\/\\\/hexatac.com\\\/product\\\/insert-kydex-chargeur-universel-fa\\\/#breadcrumb\",\"itemListElement\":[{\"@type\":\"ListItem\",\"position\":1,\"name\":\"Accueil\",\"item\":\"https:\\\/\\\/hexatac.com\\\/\"},{\"@type\":\"ListItem\",\"position\":2,\"name\":\"Boutique\",\"item\":\"https:\\\/\\\/hexatac.com\\\/boutique\\\/\"},{\"@type\":\"ListItem\",\"position\":3,\"name\":\"Insert Chargeur Universel F.A.\"}]},{\"@type\":\"WebSite\",\"@id\":\"https:\\\/\\\/hexatac.com\\\/#website\",\"url\":\"https:\\\/\\\/hexatac.com\\\/\",\"name\":\"Hexatac\",\"description\":\"Equipement Tactique | Policier | Militaire | Gendarme | Airsoft\",\"potentialAction\":[{\"@type\":\"SearchAction\",\"target\":{\"@type\":\"EntryPoint\",\"urlTemplate\":\"https:\\\/\\\/hexatac.com\\\/?s={search_term_string}\"},\"query-input\":{\"@type\":\"PropertyValueSpecification\",\"valueRequired\":true,\"valueName\":\"search_term_string\"}}],\"inLanguage\":\"en-GB\"}]}<\/script>\n<meta property=\"og:availability\" content=\"out of stock\" \/>\n<meta property=\"product:availability\" content=\"out of stock\" \/>\n<meta property=\"product:retailer_item_id\" content=\"INSRT-URMI\" \/>\n<meta property=\"product:condition\" content=\"new\" \/>\n<!-- \/ Yoast SEO Premium plugin. -->","yoast_head_json":{"title":"Universal Charger Insert F.A. | HMCR\u00ae Chassis | HEXATAC","description":"Universal Kydex insert for Assault Rifle magazines. Compatible with PMag type M4, G36 with nipples, AK, HK417 etc. Made in France.","robots":{"index":"index","follow":"follow","max-snippet":"max-snippet:-1","max-image-preview":"max-image-preview:large","max-video-preview":"max-video-preview:-1"},"canonical":"https:\/\/hexatac.com\/en\/product\/insert-kydex-universal-loader-fa\/","og_locale":"en_GB","og_type":"article","og_title":"Insert Chargeur Universel F.A.","og_description":"Insert en Kydex Universel pour Chargeurs de Fusil d'Assaut. Compatible avec PMag type M4, G36 avec t\u00e9tons, AK, HK417 etc. Fabriqu\u00e9 en France.","og_url":"https:\/\/hexatac.com\/en\/product\/insert-kydex-universal-loader-fa\/","og_site_name":"Hexatac","article_modified_time":"2026-01-01T22:55:06+00:00","og_image":[{"width":1280,"height":1280,"url":"https:\/\/hexatac.com\/wp-content\/uploads\/2022\/02\/IMG_4683.png","type":"image\/png"}],"twitter_card":"summary_large_image","schema":{"@context":"https:\/\/schema.org","@graph":[{"@type":["WebPage","ItemPage"],"@id":"https:\/\/hexatac.com\/product\/insert-kydex-chargeur-universel-fa\/","url":"https:\/\/hexatac.com\/product\/insert-kydex-chargeur-universel-fa\/","name":"Universal Charger Insert F.A. | HMCR\u00ae Chassis | HEXATAC","isPartOf":{"@id":"https:\/\/hexatac.com\/#website"},"primaryImageOfPage":{"@id":"https:\/\/hexatac.com\/product\/insert-kydex-chargeur-universel-fa\/#primaryimage"},"image":{"@id":"https:\/\/hexatac.com\/product\/insert-kydex-chargeur-universel-fa\/#primaryimage"},"thumbnailUrl":"https:\/\/cdn.hexatac.com\/\/wp-content\/uploads\/2022\/02\/IMG_4683.png","datePublished":"2022-02-16T16:40:10+00:00","dateModified":"2026-01-01T22:55:06+00:00","description":"Universal Kydex insert for Assault Rifle magazines. Compatible with PMag type M4, G36 with nipples, AK, HK417 etc. Made in France.","breadcrumb":{"@id":"https:\/\/hexatac.com\/product\/insert-kydex-chargeur-universel-fa\/#breadcrumb"},"inLanguage":"en-GB","potentialAction":[{"@type":"ReadAction","target":["https:\/\/hexatac.com\/product\/insert-kydex-chargeur-universel-fa\/"]}]},{"@type":"ImageObject","inLanguage":"en-GB","@id":"https:\/\/hexatac.com\/product\/insert-kydex-chargeur-universel-fa\/#primaryimage","url":"https:\/\/cdn.hexatac.com\/\/wp-content\/uploads\/2022\/02\/IMG_4683.png","contentUrl":"https:\/\/cdn.hexatac.com\/\/wp-content\/uploads\/2022\/02\/IMG_4683.png","width":1280,"height":1280},{"@type":"BreadcrumbList","@id":"https:\/\/hexatac.com\/product\/insert-kydex-chargeur-universel-fa\/#breadcrumb","itemListElement":[{"@type":"ListItem","position":1,"name":"Accueil","item":"https:\/\/hexatac.com\/"},{"@type":"ListItem","position":2,"name":"Boutique","item":"https:\/\/hexatac.com\/boutique\/"},{"@type":"ListItem","position":3,"name":"Insert Chargeur Universel F.A."}]},{"@type":"WebSite","@id":"https:\/\/hexatac.com\/#website","url":"https:\/\/hexatac.com\/","name":"Hexatac","description":"Tactical Equipment | Policeman | Military | Gendarme | Airsoft","potentialAction":[{"@type":"SearchAction","target":{"@type":"EntryPoint","urlTemplate":"https:\/\/hexatac.com\/?s={search_term_string}"},"query-input":{"@type":"PropertyValueSpecification","valueRequired":true,"valueName":"search_term_string"}}],"inLanguage":"en-GB"}]},"og_availability":"out of stock","product_availability":"out of stock","product_retailer_item_id":"INSRT-URMI","product_condition":"new"},"_links":{"self":[{"href":"https:\/\/hexatac.com\/en\/wp-json\/wp\/v2\/product\/73374","targetHints":{"allow":["GET"]}}],"collection":[{"href":"https:\/\/hexatac.com\/en\/wp-json\/wp\/v2\/product"}],"about":[{"href":"https:\/\/hexatac.com\/en\/wp-json\/wp\/v2\/types\/product"}],"replies":[{"embeddable":true,"href":"https:\/\/hexatac.com\/en\/wp-json\/wp\/v2\/comments?post=73374"}],"wp:featuredmedia":[{"embeddable":true,"href":"https:\/\/hexatac.com\/en\/wp-json\/wp\/v2\/media\/73866"}],"wp:attachment":[{"href":"https:\/\/hexatac.com\/en\/wp-json\/wp\/v2\/media?parent=73374"}],"wp:term":[{"taxonomy":"product_brand","embeddable":true,"href":"https:\/\/hexatac.com\/en\/wp-json\/wp\/v2\/product_brand?post=73374"},{"taxonomy":"product_cat","embeddable":true,"href":"https:\/\/hexatac.com\/en\/wp-json\/wp\/v2\/product_cat?post=73374"},{"taxonomy":"product_tag","embeddable":true,"href":"https:\/\/hexatac.com\/en\/wp-json\/wp\/v2\/product_tag?post=73374"}],"curies":[{"name":"wp","href":"https:\/\/api.w.org\/{rel}","templated":true}]}}