{"id":56297,"date":"2021-11-09T19:28:35","date_gmt":"2021-11-09T18:28:35","guid":{"rendered":"https:\/\/hexatac.com\/?post_type=product&#038;p=56297"},"modified":"2026-03-30T14:02:46","modified_gmt":"2026-03-30T12:02:46","slug":"strap-a-fusil-hildr","status":"publish","type":"product","link":"https:\/\/hexatac.com\/en\/product\/sangle-a-fusil-hildr\/","title":{"rendered":"HILDR\u00ae Rifle Sling"},"content":{"rendered":"<h4>HILDR\u00ae Rifle Strap | HEXATAC x KHIMAIRA STRATEGY TACTICS<\/h4>\n<p>&nbsp;<\/p>\n<p style=\"text-align: justify;\">La<strong> HILDR\u00ae Rifle Sling<\/strong> is the result of the first collaboration between <a href=\"https:\/\/khimaira-st.com\">Khimaira Strategy Tactics<\/a> and <strong>Hexatac<\/strong>.<\/p>\n<p style=\"text-align: justify;\">C&rsquo;est une <strong>2-point Rifle Strap<\/strong> optimised for long weapons with a <strong>takes up a lot of space and weighs a lot<\/strong>. La <strong>HILDR\u00ae Rifle Sling<\/strong> will be particularly well suited to <strong>Precision shooters<\/strong> of any speciality (Tiflu - <em>Tireur Fusil d&rsquo;Assaut \u00e0 Lunette<\/em>THP - <em>High Precision Shooter<\/em>TE - <em>Tireur d&rsquo;\u00c9lite<\/em>TELD - <em>Tireur d&rsquo;\u00c9lite Longue Distance<\/em>etc) and even <strong>FM shooters<\/strong> &#8211; <em>Machine gun<\/em>.<\/p>\n<p style=\"text-align: justify;\">La <strong>HILDR\u00ae Rifle Sling<\/strong> presents a <strong>wide, thick, flexible cushioning<\/strong>e, which will ensure <strong>optimum comfort<\/strong>, m\u00eame en portant des armes d\u00e9passant les 10kg. Aucune sangle n&rsquo;est pr\u00e9sente \u00e0 l&rsquo;int\u00e9rieur du coussin rembourr\u00e9 ce qui permet au <strong>weight to be distributed over the entire surface of the cushion<\/strong>.<\/p>\n<p style=\"text-align: justify;\">25mm nylon straps are attached to each side of the padded cushion using <strong>redundant, reinforced seams<\/strong>. These seams are made so that the face <strong>body side is as smooth as possible<\/strong> to ensure that the cushion slides as easily as possible and <strong>\u00e9viter qu&rsquo;il ne s&rsquo;accroche dans l&rsquo;\u00e9quipement.<\/strong><\/p>\n<p style=\"text-align: justify;\">The lengths of these straps will generally be <strong>longer than the length you need<\/strong> on your <strong>HILDR\u00ae Rifle Sling<\/strong> : c&rsquo;est tout \u00e0 fait normal. Si vous n&rsquo;avez pas besoin de toute cette longueur, vous pourrez tout<strong> simply shorten each strap<\/strong> avec une paire de ciseaux et br\u00fbler les extr\u00e9mit\u00e9s avec un briquet pour \u00e9viter qu&rsquo;elles ne s&rsquo;effilochent.<\/p>\n<p style=\"text-align: justify;\">La <strong>HILDR\u00ae Rifle Sling<\/strong> has a steel quick-adjust system <strong>no moving parts<\/strong> which allows him to<strong> drastically reduce its footprint<\/strong> et d&rsquo;assurer encore une fois un confort optimal. Le syst\u00e8me de r\u00e9glage rapide de la <strong>HILDR\u00ae Rifle Sling<\/strong> is operated by a <strong>large, rigid handle<\/strong> and its<strong> operation is intuitive <\/strong>: on avance la poign\u00e9e vers l&rsquo;arme pour resserrer et on tire vers l&rsquo;ext\u00e9rieur pour desserrer la sangle.<\/p>\n<p style=\"text-align: justify;\">The rapid adjustment system for the <strong>HILDR\u00ae Rifle Sling<\/strong> is a system <strong>without free strand<\/strong> no strap hangs down when you tighten the strap.<\/p>\n<p style=\"text-align: justify;\">The HILDR\u00ae Rifle Strap<span style=\"text-decoration: underline;\"><strong> is supplied without metal fasteners.<\/strong><\/span><\/p>\n<h4 id=\"inclus\"><span style=\"text-decoration: underline;\"><strong>What's included<\/strong><\/span><\/h4>\n<ul>\n<li>HILDR\u00ae webbing<\/li>\n<\/ul>\n<h4 id=\"video\"><span style=\"text-decoration: underline;\"><strong>Video Presentation<\/strong><\/span><\/h4>\n<div class=\"epyt-video-wrapper\"><iframe  style=\"display: block; margin: 0px auto;\"  id=\"_ytid_99427\"  width=\"640\" height=\"360\"  data-origwidth=\"640\" data-origheight=\"360\" src=\"https:\/\/www.youtube.com\/embed\/HGuW5RGb2Oo?enablejsapi=1&autoplay=0&cc_load_policy=0&cc_lang_pref=&iv_load_policy=1&loop=1&playlist=HGuW5RGb2Oo&rel=0&fs=1&playsinline=0&autohide=2&theme=dark&color=red&controls=1&disablekb=0&\" class=\"__youtube_prefs__  no-lazyload\" title=\"YouTube player\"  allow=\"fullscreen; accelerometer; autoplay; clipboard-write; encrypted-media; gyroscope; picture-in-picture; web-share\" referrerpolicy=\"strict-origin-when-cross-origin\" allowfullscreen data-no-lazy=\"1\" data-skipgform_ajax_framebjll=\"\"><\/iframe><\/div>\n<p>&nbsp;<\/p>\n<p style=\"text-align: justify;\"><strong>Designed in France, Made in Europe &amp; Lifetime Warranty.<\/strong><\/p>\n<p>&nbsp;<\/p>","protected":false},"excerpt":{"rendered":"<h4>SHORTCUTS<\/h4>\n<div class=\"boutons_short_desc\">\n<ul>\n<li><a class=\"button\" href=\"#video\">PRESENTATION VIDEO<\/a><\/li>\n<li><a class=\"button\" href=\"#inclus\">WHAT'S INCLUDED?<\/a><\/li>\n<li><a class=\"button\" href=\"https:\/\/hexatac.com\/en\/assembly-use\/\" target=\"_blank\" rel=\"noopener\">ASSEMBLY<\/a><\/li>\n<\/ul>\n<\/div>","protected":false},"featured_media":62668,"comment_status":"open","ping_status":"closed","template":"","meta":{"_monsterinsights_skip_tracking":false,"_monsterinsights_sitenote_active":false,"_monsterinsights_sitenote_note":"","_monsterinsights_sitenote_category":0},"product_brand":[2323],"product_cat":[117],"product_tag":[4175],"class_list":{"0":"post-56297","1":"product","2":"type-product","3":"status-publish","4":"has-post-thumbnail","6":"product_brand-hexatac","7":"product_cat-sangle-fusil","8":"product_tag-b2b","10":"first","11":"onbackorder","12":"featured","13":"taxable","14":"shipping-taxable","15":"purchasable","16":"product-type-variable","17":"has-default-attributes"},"bundled_by":[],"bundle_stock_status":"onbackorder","bundle_stock_quantity":null,"bundle_virtual":false,"bundle_layout":"","bundle_add_to_cart_form_location":"","bundle_editable_in_cart":false,"bundle_sold_individually_context":"","bundle_item_grouping":"","bundle_min_size":"","bundle_max_size":"","bundle_price":[],"bundled_items":[],"bundle_sell_ids":[],"yoast_head":"<!-- This site is optimized with the Yoast SEO Premium plugin v26.6 (Yoast SEO v27.4) - https:\/\/yoast.com\/product\/yoast-seo-premium-wordpress\/ -->\n<title>Sangle \u00e0 Fusil HILDR\u00ae - Khimaira ST x Hexatac - Equipement Militaire<\/title>\n<meta name=\"description\" content=\"Sangle 2 Points pour Fusil avec coussin rembourr\u00e9 extra-confortable et flexible. Syst\u00e8me de r\u00e9glage rapide et minimaliste. Id\u00e9al THP\/FM\/FA\" \/>\n<meta name=\"robots\" content=\"index, follow, max-snippet:-1, max-image-preview:large, max-video-preview:-1\" \/>\n<link rel=\"canonical\" href=\"https:\/\/hexatac.com\/en\/product\/strap-a-fusil-hildr\/\" \/>\n<meta property=\"og:locale\" content=\"en_GB\" \/>\n<meta property=\"og:type\" content=\"article\" \/>\n<meta property=\"og:title\" content=\"Sangle \u00e0 Fusil HILDR\u00ae\" \/>\n<meta property=\"og:description\" content=\"Sangle 2 Points pour Fusil avec coussin rembourr\u00e9 extra-confortable et flexible. Syst\u00e8me de r\u00e9glage rapide et minimaliste. Id\u00e9al THP\/FM\/FA\" \/>\n<meta property=\"og:url\" content=\"https:\/\/hexatac.com\/en\/product\/strap-a-fusil-hildr\/\" \/>\n<meta property=\"og:site_name\" content=\"Hexatac\" \/>\n<meta property=\"article:modified_time\" content=\"2026-03-30T12:02:46+00:00\" \/>\n<meta property=\"og:image\" content=\"https:\/\/hexatac.com\/wp-content\/uploads\/2021\/12\/8003A7F9-AD8A-4CE8-80B3-29FBA4EC0DAD.png\" \/>\n\t<meta property=\"og:image:width\" content=\"1280\" \/>\n\t<meta property=\"og:image:height\" content=\"1280\" \/>\n\t<meta property=\"og:image:type\" content=\"image\/png\" \/>\n<meta name=\"twitter:card\" content=\"summary_large_image\" \/>\n<script type=\"application\/ld+json\" class=\"yoast-schema-graph\">{\"@context\":\"https:\\\/\\\/schema.org\",\"@graph\":[{\"@type\":[\"WebPage\",\"ItemPage\"],\"@id\":\"https:\\\/\\\/hexatac.com\\\/product\\\/sangle-a-fusil-hildr\\\/\",\"url\":\"https:\\\/\\\/hexatac.com\\\/product\\\/sangle-a-fusil-hildr\\\/\",\"name\":\"Sangle \u00e0 Fusil HILDR\u00ae - Khimaira ST x Hexatac - Equipement Militaire\",\"isPartOf\":{\"@id\":\"https:\\\/\\\/hexatac.com\\\/#website\"},\"primaryImageOfPage\":{\"@id\":\"https:\\\/\\\/hexatac.com\\\/product\\\/sangle-a-fusil-hildr\\\/#primaryimage\"},\"image\":{\"@id\":\"https:\\\/\\\/hexatac.com\\\/product\\\/sangle-a-fusil-hildr\\\/#primaryimage\"},\"thumbnailUrl\":\"https:\\\/\\\/cdn.hexatac.com\\\/\\\/wp-content\\\/uploads\\\/2021\\\/12\\\/8003A7F9-AD8A-4CE8-80B3-29FBA4EC0DAD.png\",\"datePublished\":\"2021-11-09T18:28:35+00:00\",\"dateModified\":\"2026-03-30T12:02:46+00:00\",\"description\":\"Sangle 2 Points pour Fusil avec coussin rembourr\u00e9 extra-confortable et flexible. Syst\u00e8me de r\u00e9glage rapide et minimaliste. Id\u00e9al THP\\\/FM\\\/FA\",\"breadcrumb\":{\"@id\":\"https:\\\/\\\/hexatac.com\\\/product\\\/sangle-a-fusil-hildr\\\/#breadcrumb\"},\"inLanguage\":\"en-GB\",\"potentialAction\":[{\"@type\":\"ReadAction\",\"target\":[\"https:\\\/\\\/hexatac.com\\\/product\\\/sangle-a-fusil-hildr\\\/\"]}]},{\"@type\":\"ImageObject\",\"inLanguage\":\"en-GB\",\"@id\":\"https:\\\/\\\/hexatac.com\\\/product\\\/sangle-a-fusil-hildr\\\/#primaryimage\",\"url\":\"https:\\\/\\\/cdn.hexatac.com\\\/\\\/wp-content\\\/uploads\\\/2021\\\/12\\\/8003A7F9-AD8A-4CE8-80B3-29FBA4EC0DAD.png\",\"contentUrl\":\"https:\\\/\\\/cdn.hexatac.com\\\/\\\/wp-content\\\/uploads\\\/2021\\\/12\\\/8003A7F9-AD8A-4CE8-80B3-29FBA4EC0DAD.png\",\"width\":1280,\"height\":1280},{\"@type\":\"BreadcrumbList\",\"@id\":\"https:\\\/\\\/hexatac.com\\\/product\\\/sangle-a-fusil-hildr\\\/#breadcrumb\",\"itemListElement\":[{\"@type\":\"ListItem\",\"position\":1,\"name\":\"Accueil\",\"item\":\"https:\\\/\\\/hexatac.com\\\/\"},{\"@type\":\"ListItem\",\"position\":2,\"name\":\"Boutique\",\"item\":\"https:\\\/\\\/hexatac.com\\\/boutique\\\/\"},{\"@type\":\"ListItem\",\"position\":3,\"name\":\"Sangle \u00e0 Fusil HILDR\u00ae\"}]},{\"@type\":\"WebSite\",\"@id\":\"https:\\\/\\\/hexatac.com\\\/#website\",\"url\":\"https:\\\/\\\/hexatac.com\\\/\",\"name\":\"Hexatac\",\"description\":\"Equipement Tactique | Policier | Militaire | Gendarme | Airsoft\",\"potentialAction\":[{\"@type\":\"SearchAction\",\"target\":{\"@type\":\"EntryPoint\",\"urlTemplate\":\"https:\\\/\\\/hexatac.com\\\/?s={search_term_string}\"},\"query-input\":{\"@type\":\"PropertyValueSpecification\",\"valueRequired\":true,\"valueName\":\"search_term_string\"}}],\"inLanguage\":\"en-GB\"}]}<\/script>\n<meta property=\"og:availability\" content=\"backorder\" \/>\n<meta property=\"product:availability\" content=\"available for order\" \/>\n<meta property=\"product:retailer_item_id\" content=\"HILDR\" \/>\n<meta property=\"product:condition\" content=\"new\" \/>\n<!-- \/ Yoast SEO Premium plugin. -->","yoast_head_json":{"title":"HILDR\u00ae Rifle Strap - Khimaira ST x Hexatac - Military Equipment","description":"2-point rifle sling with extra-comfortable, flexible padding. Quick, minimalist adjustment system. Ideal for THP\/FM\/FA","robots":{"index":"index","follow":"follow","max-snippet":"max-snippet:-1","max-image-preview":"max-image-preview:large","max-video-preview":"max-video-preview:-1"},"canonical":"https:\/\/hexatac.com\/en\/product\/strap-a-fusil-hildr\/","og_locale":"en_GB","og_type":"article","og_title":"Sangle \u00e0 Fusil HILDR\u00ae","og_description":"Sangle 2 Points pour Fusil avec coussin rembourr\u00e9 extra-confortable et flexible. Syst\u00e8me de r\u00e9glage rapide et minimaliste. Id\u00e9al THP\/FM\/FA","og_url":"https:\/\/hexatac.com\/en\/product\/strap-a-fusil-hildr\/","og_site_name":"Hexatac","article_modified_time":"2026-03-30T12:02:46+00:00","og_image":[{"width":1280,"height":1280,"url":"https:\/\/hexatac.com\/wp-content\/uploads\/2021\/12\/8003A7F9-AD8A-4CE8-80B3-29FBA4EC0DAD.png","type":"image\/png"}],"twitter_card":"summary_large_image","schema":{"@context":"https:\/\/schema.org","@graph":[{"@type":["WebPage","ItemPage"],"@id":"https:\/\/hexatac.com\/product\/sangle-a-fusil-hildr\/","url":"https:\/\/hexatac.com\/product\/sangle-a-fusil-hildr\/","name":"HILDR\u00ae Rifle Strap - Khimaira ST x Hexatac - Military Equipment","isPartOf":{"@id":"https:\/\/hexatac.com\/#website"},"primaryImageOfPage":{"@id":"https:\/\/hexatac.com\/product\/sangle-a-fusil-hildr\/#primaryimage"},"image":{"@id":"https:\/\/hexatac.com\/product\/sangle-a-fusil-hildr\/#primaryimage"},"thumbnailUrl":"https:\/\/cdn.hexatac.com\/\/wp-content\/uploads\/2021\/12\/8003A7F9-AD8A-4CE8-80B3-29FBA4EC0DAD.png","datePublished":"2021-11-09T18:28:35+00:00","dateModified":"2026-03-30T12:02:46+00:00","description":"2-point rifle sling with extra-comfortable, flexible padding. Quick, minimalist adjustment system. Ideal for THP\/FM\/FA","breadcrumb":{"@id":"https:\/\/hexatac.com\/product\/sangle-a-fusil-hildr\/#breadcrumb"},"inLanguage":"en-GB","potentialAction":[{"@type":"ReadAction","target":["https:\/\/hexatac.com\/product\/sangle-a-fusil-hildr\/"]}]},{"@type":"ImageObject","inLanguage":"en-GB","@id":"https:\/\/hexatac.com\/product\/sangle-a-fusil-hildr\/#primaryimage","url":"https:\/\/cdn.hexatac.com\/\/wp-content\/uploads\/2021\/12\/8003A7F9-AD8A-4CE8-80B3-29FBA4EC0DAD.png","contentUrl":"https:\/\/cdn.hexatac.com\/\/wp-content\/uploads\/2021\/12\/8003A7F9-AD8A-4CE8-80B3-29FBA4EC0DAD.png","width":1280,"height":1280},{"@type":"BreadcrumbList","@id":"https:\/\/hexatac.com\/product\/sangle-a-fusil-hildr\/#breadcrumb","itemListElement":[{"@type":"ListItem","position":1,"name":"Accueil","item":"https:\/\/hexatac.com\/"},{"@type":"ListItem","position":2,"name":"Boutique","item":"https:\/\/hexatac.com\/boutique\/"},{"@type":"ListItem","position":3,"name":"Sangle \u00e0 Fusil HILDR\u00ae"}]},{"@type":"WebSite","@id":"https:\/\/hexatac.com\/#website","url":"https:\/\/hexatac.com\/","name":"Hexatac","description":"Tactical Equipment | Policeman | Military | Gendarme | Airsoft","potentialAction":[{"@type":"SearchAction","target":{"@type":"EntryPoint","urlTemplate":"https:\/\/hexatac.com\/?s={search_term_string}"},"query-input":{"@type":"PropertyValueSpecification","valueRequired":true,"valueName":"search_term_string"}}],"inLanguage":"en-GB"}]},"og_availability":"backorder","product_availability":"available for order","product_retailer_item_id":"HILDR","product_condition":"new"},"_links":{"self":[{"href":"https:\/\/hexatac.com\/en\/wp-json\/wp\/v2\/product\/56297","targetHints":{"allow":["GET"]}}],"collection":[{"href":"https:\/\/hexatac.com\/en\/wp-json\/wp\/v2\/product"}],"about":[{"href":"https:\/\/hexatac.com\/en\/wp-json\/wp\/v2\/types\/product"}],"replies":[{"embeddable":true,"href":"https:\/\/hexatac.com\/en\/wp-json\/wp\/v2\/comments?post=56297"}],"wp:featuredmedia":[{"embeddable":true,"href":"https:\/\/hexatac.com\/en\/wp-json\/wp\/v2\/media\/62668"}],"wp:attachment":[{"href":"https:\/\/hexatac.com\/en\/wp-json\/wp\/v2\/media?parent=56297"}],"wp:term":[{"taxonomy":"product_brand","embeddable":true,"href":"https:\/\/hexatac.com\/en\/wp-json\/wp\/v2\/product_brand?post=56297"},{"taxonomy":"product_cat","embeddable":true,"href":"https:\/\/hexatac.com\/en\/wp-json\/wp\/v2\/product_cat?post=56297"},{"taxonomy":"product_tag","embeddable":true,"href":"https:\/\/hexatac.com\/en\/wp-json\/wp\/v2\/product_tag?post=56297"}],"curies":[{"name":"wp","href":"https:\/\/api.w.org\/{rel}","templated":true}]}}