{"id":55720,"date":"2021-10-01T16:22:15","date_gmt":"2021-10-01T14:22:15","guid":{"rendered":"https:\/\/hexatac.com\/?post_type=product&#038;p=55720"},"modified":"2024-08-22T16:40:53","modified_gmt":"2024-08-22T16:40:53","slug":"adapter-crye-spc-airlite-hmcr","status":"publish","type":"product","link":"https:\/\/hexatac.com\/en\/product\/adaptateur-crye-spc-airlite-hmcr\/","title":{"rendered":"Crye SPC Airlite HMCR\u00ae Adapter"},"content":{"rendered":"<h4>Chest-Rig HMCR\u00ae Plate Holder Adapter<\/h4>\n<p><strong>L&rsquo;adaptateur Porte-Plaques HMCR\u00ae<\/strong> is the solution for hanging your <a href=\"https:\/\/hexatac.com\/en\/shop\/chassis-gen2-chest-rig-mamcr-pack\/\" target=\"_blank\" rel=\"noopener noreferrer\">Chest-rig HMCR<\/a> to your favourite plate carrier. It is compatible with most of the best-known plate carriers on the market, such as the SMB, LBT-6094, LBx-0300, 5.11 TacTec, NFM Thor, etc. This list is not exhaustive, as the adapter is compatible with all plate holders with at least <strong>4 rows and 6 columns<\/strong> MOLLE loops.<\/p>\n<p>Le syst\u00e8me est compos\u00e9 de deux panels avec un c\u00f4t\u00e9 face velcro femelle et un c\u00f4t\u00e9 arri\u00e8re \u00e9quip\u00e9 du syst\u00e8me MOLLE.\u00a0 L&rsquo;adaptateur est aussi livr\u00e9 avec 2 clips QASM compatibles avec la plupart des porte-plaques sur le march\u00e9. L&rsquo;adaptateur est disponible en 2 couleurs : <strong>black<\/strong>\u00a0and <strong>coyote<\/strong>. (we recommend black to go with the ranger green!)<\/p>\n<p>L&rsquo;installation est simple et rapide comme avec tous les accessoires de la gamme HMCR\u00ae. Il suffit de monter l&rsquo;adaptateur HMCR\u00ae sur le syst\u00e8me MOLLE de votre porte-plaque, puis de venir poser le Chest-rig HMCR\u00ae sur la surface velcro. Enfin, il n&rsquo;y a plus qu&rsquo;\u00e0 s\u00e9curiser l&#8217;emport avec les 2 clips QASM.<\/p>\n<p>L&rsquo;adaptateur porte-plaque est un des accessoires indispensables pour profiter de toute la versatilit\u00e9 du Chest-rig HMCR. Vous pouvez compl\u00e9ter votre configuration avec <a href=\"https:\/\/hexatac.com\/en\/shop\/wings-owra-chest-rig-mamcr\/\" target=\"_blank\" rel=\"noopener noreferrer\">a pair of OWRA Wings<\/a> and <a href=\"https:\/\/hexatac.com\/en\/shop\/kit-conversion-\/\" target=\"_blank\" rel=\"noopener noreferrer\">Velcro conversion kit<\/a> to maximise the carrying capacity of your combat configuration. Thanks to its accessories, the Chest-rig HMCR offers unlimited configuration possibilities.<\/p>\n<p>Registered model, French design, Made in Europe with materials imported from the USA.<\/p>\n<p><strong>Adaptateur pour micro Chest-Rig HMCR pour l&rsquo;accrocher sur votre gilet porte-plaque pr\u00e9f\u00e9r\u00e9. Fonctionne avec la plupart des gilets pare-balle Molle.<\/strong><\/p>","protected":false},"excerpt":{"rendered":"<p>\u2714\ufe0f Hang your <a href=\"https:\/\/hexatac.com\/en\/shop\/chassis-gen2-chest-rig-mamcr-pack\/\" target=\"_blank\" rel=\"noopener noreferrer\">Chest-rig HMCR<\/a> sur votre porte-plaque SMB m\u00eame s&rsquo;il ne poss\u00e8de pas de velcro en fa\u00e7ade !<br \/>\n\u2714\ufe0f Now compatible with waistcoats with central fastening!<br \/>\n\u2714\ufe0f Compatible with 4-row and 6-column MOLLE surfaces<br \/>\n\u2714\ufe0f Contains 2 accessorised QASM clips + 2 4\u00d73 soft velcro panels<br \/>\n\u2714\ufe0f Made in Europe with materials imported from the USA<\/p>\n<p>&nbsp;<\/p>","protected":false},"featured_media":0,"comment_status":"open","ping_status":"closed","template":"","meta":{"_monsterinsights_skip_tracking":false,"_monsterinsights_sitenote_active":false,"_monsterinsights_sitenote_note":"","_monsterinsights_sitenote_category":0},"product_brand":[2323],"product_cat":[39,1174],"product_tag":[4175],"class_list":{"0":"post-55720","1":"product","2":"type-product","3":"status-publish","5":"product_brand-hexatac","6":"product_cat-chest-rig","7":"product_cat-gilet-tactique","8":"product_tag-b2b","10":"first","11":"outofstock","12":"taxable","13":"shipping-taxable","14":"purchasable","15":"product-type-variable","16":"has-default-attributes"},"bundled_by":[],"bundle_stock_status":"outofstock","bundle_stock_quantity":null,"bundle_virtual":false,"bundle_layout":"","bundle_add_to_cart_form_location":"","bundle_editable_in_cart":false,"bundle_sold_individually_context":"","bundle_item_grouping":"","bundle_min_size":"","bundle_max_size":"","bundle_price":[],"bundled_items":[],"bundle_sell_ids":[],"yoast_head":"<!-- This site is optimized with the Yoast SEO Premium plugin v26.6 (Yoast SEO v27.5) - https:\/\/yoast.com\/product\/yoast-seo-premium-wordpress\/ -->\n<title>Adaptateur Porte-Plaque | Micro Chest-Rig HMCR | Molle &amp; Velcro<\/title>\n<meta name=\"description\" content=\"Adaptateur pour micro Chest-Rig HMCR pour l&#039;accrocher sur votre gilet porte-plaque pr\u00e9f\u00e9r\u00e9. Fonctionne avec la plupart des gilets dont SMB.\" \/>\n<meta name=\"robots\" content=\"index, follow, max-snippet:-1, max-image-preview:large, max-video-preview:-1\" \/>\n<link rel=\"canonical\" href=\"https:\/\/hexatac.com\/en\/product\/adapter-crye-spc-airlite-hmcr\/\" \/>\n<meta property=\"og:locale\" content=\"en_GB\" \/>\n<meta property=\"og:type\" content=\"article\" \/>\n<meta property=\"og:title\" content=\"Adaptateur Crye SPC Airlite HMCR\u00ae\" \/>\n<meta property=\"og:description\" content=\"Adaptateur pour micro Chest-Rig HMCR pour l&#039;accrocher sur votre gilet porte-plaque pr\u00e9f\u00e9r\u00e9. Fonctionne avec la plupart des gilets dont SMB.\" \/>\n<meta property=\"og:url\" content=\"https:\/\/hexatac.com\/en\/product\/adapter-crye-spc-airlite-hmcr\/\" \/>\n<meta property=\"og:site_name\" content=\"Hexatac\" \/>\n<meta property=\"article:modified_time\" content=\"2024-08-22T16:40:53+00:00\" \/>\n<meta name=\"twitter:card\" content=\"summary_large_image\" \/>\n<script type=\"application\/ld+json\" class=\"yoast-schema-graph\">{\"@context\":\"https:\\\/\\\/schema.org\",\"@graph\":[{\"@type\":[\"WebPage\",\"ItemPage\"],\"@id\":\"https:\\\/\\\/hexatac.com\\\/product\\\/adaptateur-crye-spc-airlite-hmcr\\\/\",\"url\":\"https:\\\/\\\/hexatac.com\\\/product\\\/adaptateur-crye-spc-airlite-hmcr\\\/\",\"name\":\"Adaptateur Porte-Plaque | Micro Chest-Rig HMCR | Molle & Velcro\",\"isPartOf\":{\"@id\":\"https:\\\/\\\/hexatac.com\\\/#website\"},\"datePublished\":\"2021-10-01T14:22:15+00:00\",\"dateModified\":\"2024-08-22T16:40:53+00:00\",\"description\":\"Adaptateur pour micro Chest-Rig HMCR pour l'accrocher sur votre gilet porte-plaque pr\u00e9f\u00e9r\u00e9. Fonctionne avec la plupart des gilets dont SMB.\",\"breadcrumb\":{\"@id\":\"https:\\\/\\\/hexatac.com\\\/product\\\/adaptateur-crye-spc-airlite-hmcr\\\/#breadcrumb\"},\"inLanguage\":\"en-GB\",\"potentialAction\":[{\"@type\":\"ReadAction\",\"target\":[\"https:\\\/\\\/hexatac.com\\\/product\\\/adaptateur-crye-spc-airlite-hmcr\\\/\"]}]},{\"@type\":\"BreadcrumbList\",\"@id\":\"https:\\\/\\\/hexatac.com\\\/product\\\/adaptateur-crye-spc-airlite-hmcr\\\/#breadcrumb\",\"itemListElement\":[{\"@type\":\"ListItem\",\"position\":1,\"name\":\"Accueil\",\"item\":\"https:\\\/\\\/hexatac.com\\\/\"},{\"@type\":\"ListItem\",\"position\":2,\"name\":\"Boutique\",\"item\":\"https:\\\/\\\/hexatac.com\\\/boutique\\\/\"},{\"@type\":\"ListItem\",\"position\":3,\"name\":\"Adaptateur Crye SPC Airlite HMCR\u00ae\"}]},{\"@type\":\"WebSite\",\"@id\":\"https:\\\/\\\/hexatac.com\\\/#website\",\"url\":\"https:\\\/\\\/hexatac.com\\\/\",\"name\":\"Hexatac\",\"description\":\"Equipement Tactique | Policier | Militaire | Gendarme | Airsoft\",\"potentialAction\":[{\"@type\":\"SearchAction\",\"target\":{\"@type\":\"EntryPoint\",\"urlTemplate\":\"https:\\\/\\\/hexatac.com\\\/?s={search_term_string}\"},\"query-input\":{\"@type\":\"PropertyValueSpecification\",\"valueRequired\":true,\"valueName\":\"search_term_string\"}}],\"inLanguage\":\"en-GB\"}]}<\/script>\n<meta property=\"og:availability\" content=\"out of stock\" \/>\n<meta property=\"product:availability\" content=\"out of stock\" \/>\n<meta property=\"product:retailer_item_id\" content=\"SPC-ADAPT\" \/>\n<meta property=\"product:condition\" content=\"new\" \/>\n<!-- \/ Yoast SEO Premium plugin. -->","yoast_head_json":{"title":"Plate Holder Adapter | Micro Chest-Rig HMCR | Molle &amp; Velcro","description":"Adapter for Chest-Rig HMCR microphone to attach to your favourite plate waistcoat. Works with most waistcoats including SMB.","robots":{"index":"index","follow":"follow","max-snippet":"max-snippet:-1","max-image-preview":"max-image-preview:large","max-video-preview":"max-video-preview:-1"},"canonical":"https:\/\/hexatac.com\/en\/product\/adapter-crye-spc-airlite-hmcr\/","og_locale":"en_GB","og_type":"article","og_title":"Adaptateur Crye SPC Airlite HMCR\u00ae","og_description":"Adaptateur pour micro Chest-Rig HMCR pour l'accrocher sur votre gilet porte-plaque pr\u00e9f\u00e9r\u00e9. Fonctionne avec la plupart des gilets dont SMB.","og_url":"https:\/\/hexatac.com\/en\/product\/adapter-crye-spc-airlite-hmcr\/","og_site_name":"Hexatac","article_modified_time":"2024-08-22T16:40:53+00:00","twitter_card":"summary_large_image","schema":{"@context":"https:\/\/schema.org","@graph":[{"@type":["WebPage","ItemPage"],"@id":"https:\/\/hexatac.com\/product\/adaptateur-crye-spc-airlite-hmcr\/","url":"https:\/\/hexatac.com\/product\/adaptateur-crye-spc-airlite-hmcr\/","name":"Plate Holder Adapter | Micro Chest-Rig HMCR | Molle &amp; Velcro","isPartOf":{"@id":"https:\/\/hexatac.com\/#website"},"datePublished":"2021-10-01T14:22:15+00:00","dateModified":"2024-08-22T16:40:53+00:00","description":"Adapter for Chest-Rig HMCR microphone to attach to your favourite plate waistcoat. Works with most waistcoats including SMB.","breadcrumb":{"@id":"https:\/\/hexatac.com\/product\/adaptateur-crye-spc-airlite-hmcr\/#breadcrumb"},"inLanguage":"en-GB","potentialAction":[{"@type":"ReadAction","target":["https:\/\/hexatac.com\/product\/adaptateur-crye-spc-airlite-hmcr\/"]}]},{"@type":"BreadcrumbList","@id":"https:\/\/hexatac.com\/product\/adaptateur-crye-spc-airlite-hmcr\/#breadcrumb","itemListElement":[{"@type":"ListItem","position":1,"name":"Accueil","item":"https:\/\/hexatac.com\/"},{"@type":"ListItem","position":2,"name":"Boutique","item":"https:\/\/hexatac.com\/boutique\/"},{"@type":"ListItem","position":3,"name":"Adaptateur Crye SPC Airlite HMCR\u00ae"}]},{"@type":"WebSite","@id":"https:\/\/hexatac.com\/#website","url":"https:\/\/hexatac.com\/","name":"Hexatac","description":"Tactical Equipment | Policeman | Military | Gendarme | Airsoft","potentialAction":[{"@type":"SearchAction","target":{"@type":"EntryPoint","urlTemplate":"https:\/\/hexatac.com\/?s={search_term_string}"},"query-input":{"@type":"PropertyValueSpecification","valueRequired":true,"valueName":"search_term_string"}}],"inLanguage":"en-GB"}]},"og_availability":"out of stock","product_availability":"out of stock","product_retailer_item_id":"SPC-ADAPT","product_condition":"new"},"_links":{"self":[{"href":"https:\/\/hexatac.com\/en\/wp-json\/wp\/v2\/product\/55720","targetHints":{"allow":["GET"]}}],"collection":[{"href":"https:\/\/hexatac.com\/en\/wp-json\/wp\/v2\/product"}],"about":[{"href":"https:\/\/hexatac.com\/en\/wp-json\/wp\/v2\/types\/product"}],"replies":[{"embeddable":true,"href":"https:\/\/hexatac.com\/en\/wp-json\/wp\/v2\/comments?post=55720"}],"wp:attachment":[{"href":"https:\/\/hexatac.com\/en\/wp-json\/wp\/v2\/media?parent=55720"}],"wp:term":[{"taxonomy":"product_brand","embeddable":true,"href":"https:\/\/hexatac.com\/en\/wp-json\/wp\/v2\/product_brand?post=55720"},{"taxonomy":"product_cat","embeddable":true,"href":"https:\/\/hexatac.com\/en\/wp-json\/wp\/v2\/product_cat?post=55720"},{"taxonomy":"product_tag","embeddable":true,"href":"https:\/\/hexatac.com\/en\/wp-json\/wp\/v2\/product_tag?post=55720"}],"curies":[{"name":"wp","href":"https:\/\/api.w.org\/{rel}","templated":true}]}}