{"id":52858,"date":"2021-09-30T09:25:04","date_gmt":"2021-09-30T07:25:04","guid":{"rendered":"https:\/\/hexatac.com\/?post_type=product&#038;p=52858"},"modified":"2026-04-24T14:19:43","modified_gmt":"2026-04-24T12:19:43","slug":"ballast-bag-hdp","status":"publish","type":"product","link":"https:\/\/hexatac.com\/en\/product\/poche-de-delestage-hdp\/","title":{"rendered":"HDP\u00ae Dump Pouch"},"content":{"rendered":"<h4 style=\"text-align: justify;\">HDP\u00ae offloading bag | HEXATAC<\/h4>\n<p>&nbsp;<\/p>\n<p style=\"text-align: justify;\">La<strong> HDP\u00ae deballasting bag<\/strong> is a relief pocket for used magazines, excavation collections, collected cases, etc.<\/p>\n<p style=\"text-align: justify;\">La <strong>HDP\u00ae deballasting bag<\/strong> se fixe \u00e0 l&rsquo;int\u00e9rieur d&rsquo;un Ceinturon \u00e0 fixation velcro ou sur un Gilet Porte-Plaques ce qui vous permettra de<strong> attach it to the underside of your charger pockets<\/strong> to bring together <strong>your supply and your load shedding in the same place<\/strong>.<br \/>\nEn plus d&rsquo;<strong>save space<\/strong> on your belt, you can <strong>also save on movement<\/strong> while maintaining a view of your work. <strong>Relief pocket<\/strong> \u00e0 l&rsquo;instar des Poches traditionnelles qui sont souvent rel\u00e9gu\u00e9es \u00e0 une position arri\u00e8re par manque de place.<br \/>\nAn eyelet is provided for those who need to <strong>moor<\/strong> l&rsquo;ensemble de leur mat\u00e9riel (ex : missions a\u00e9roport\u00e9es, etc), mais sachez que lorsque mont\u00e9e sur un <strong>HMB\u00ae Belt<\/strong>With a shear strength of over 150kg!<\/p>\n<p style=\"text-align: justify;\">This Velcro fastener is<strong> foldable<\/strong> et si vous ne poss\u00e9dez par d&rsquo;\u00e9quipement compatible, la <strong>HDP\u00ae deballasting bag<\/strong> has <strong>50mm belt loops<\/strong> for a more traditional assembly.<\/p>\n<p style=\"text-align: justify;\">La <strong>half-moon shape<\/strong> and inserts in <strong>rigid composite<\/strong> of the <strong>HDP\u00ae deballasting bag<\/strong> enable <strong>greater stability<\/strong> on the thigh. You can <strong>also add a cord<\/strong> around your thigh if you want to keep the Pocket against your thigh at all times.<\/p>\n<p style=\"text-align: justify;\">L&rsquo;ouverture de la <strong>HDP\u00ae deballasting bag<\/strong> is partially stiffened with composite rods to ensure a high level of stability. <strong>permanently open<\/strong> while leaving open the possibility of <strong>moduler la taille de l&rsquo;ouverture<\/strong> or <strong>to roll it<\/strong> lorsqu&rsquo;elle n&rsquo;est pas utilis\u00e9e.<\/p>\n<p style=\"text-align: justify;\">La <strong>HDP\u00ae deballasting bag<\/strong> is <strong>resealable<\/strong> thanks to a Cordura tongue with Velcro fastening which is also <strong>erasable<\/strong> si elle n&rsquo;est pas utile. M\u00eame ferm\u00e9e ou roul\u00e9e, <strong>cette poche n&rsquo;entravera pas l&rsquo;acc\u00e8s aux poches mont\u00e9es sur votre Ceinturon<\/strong>.<\/p>\n<p style=\"text-align: justify;\">L&rsquo;int\u00e9rieur comporte un <strong>large velcro loop panel<\/strong> 10cm wide <strong>sur l&rsquo;ensemble de la hauteur<\/strong> to attach elastic Velcro inserts for an extra charger, light sticks (cyalums) etc.<\/p>\n<p style=\"text-align: justify;\">The bottom of the <strong>HDP\u00ae deballasting bag<\/strong> is made in<strong> strong mesh<\/strong> permettant l&rsquo;\u00e9vacuation de l&rsquo;eau et des poussi\u00e8res.<\/p>\n<h4 id=\"dimensions\"><span style=\"text-decoration: underline;\"><strong>Dimensions<\/strong><\/span><\/h4>\n<p style=\"text-align: justify;\"><strong>Dimensions folded<\/strong> Dimensions : 16(w) x 6(h) x 4cm(d)<br \/>\n<strong>Dimensions unfolded<\/strong> Size : 16(w) x 19(h) x 11cm(d)<\/p>\n<h4 id=\"inclus\"><span style=\"text-decoration: underline;\"><strong>What's included<\/strong><\/span><\/h4>\n<ul>\n<li>HDP\u00ae Dump Pouch<\/li>\n<\/ul>\n<h4 id=\"video\"><span style=\"text-decoration: underline;\"><strong>Video Presentation<\/strong><\/span><\/h4>\n<div class=\"epyt-video-wrapper\"><iframe  style=\"display: block; margin: 0px auto;\"  id=\"_ytid_44437\"  width=\"640\" height=\"360\"  data-origwidth=\"640\" data-origheight=\"360\" src=\"https:\/\/www.youtube.com\/embed\/8T41-HrtrKk?enablejsapi=1&autoplay=0&cc_load_policy=0&cc_lang_pref=&iv_load_policy=1&loop=1&playlist=8T41-HrtrKk&rel=0&fs=1&playsinline=0&autohide=2&theme=dark&color=red&controls=1&disablekb=0&\" class=\"__youtube_prefs__  no-lazyload\" title=\"YouTube player\"  allow=\"fullscreen; accelerometer; autoplay; clipboard-write; encrypted-media; gyroscope; picture-in-picture; web-share\" referrerpolicy=\"strict-origin-when-cross-origin\" allowfullscreen data-no-lazy=\"1\" data-skipgform_ajax_framebjll=\"\"><\/iframe><\/div>\n<p>&nbsp;<\/p>\n<p style=\"text-align: justify;\"><strong>Made in Europe with materials manufactured and imported directly from the USA. French design by Hexatac, registered design, lifetime warranty.<\/strong><\/p>","protected":false},"excerpt":{"rendered":"<h4><strong>\u2714 Fixation s\u00e9curis\u00e9e par velcro<br \/>\n\u2714 Repliable et ouverture r\u00e9glable<br \/>\n<\/strong><strong>\u2714 Fond en filet pour \u00e9vacuer la poussi\u00e8re et la terre<br \/>\n<\/strong><strong>\u2714 Rabat velcro et r\u00e9tention \u00e9lastique disponibles s\u00e9par\u00e9ment<\/strong><\/h4>\n<div class=\"boutons_short_desc\"><\/div>","protected":false},"featured_media":66709,"comment_status":"open","ping_status":"closed","template":"","meta":{"_monsterinsights_skip_tracking":false,"_monsterinsights_sitenote_active":false,"_monsterinsights_sitenote_note":"","_monsterinsights_sitenote_category":0},"product_brand":[2323],"product_cat":[3879],"product_tag":[4175,4173],"class_list":{"0":"post-52858","1":"product","2":"type-product","3":"status-publish","4":"has-post-thumbnail","6":"product_brand-hexatac","7":"product_cat-poches","8":"product_tag-b2b","9":"product_tag-ceinture","11":"first","12":"instock","13":"featured","14":"taxable","15":"shipping-taxable","16":"purchasable","17":"product-type-variable","18":"has-default-attributes"},"bundled_by":["56000"],"bundle_stock_status":"instock","bundle_stock_quantity":null,"bundle_virtual":false,"bundle_layout":"","bundle_add_to_cart_form_location":"","bundle_editable_in_cart":false,"bundle_sold_individually_context":"","bundle_item_grouping":"","bundle_min_size":"","bundle_max_size":"","bundle_price":[],"bundled_items":[],"bundle_sell_ids":[],"yoast_head":"<!-- This site is optimized with the Yoast SEO Premium plugin v26.6 (Yoast SEO v27.4) - https:\/\/yoast.com\/product\/yoast-seo-premium-wordpress\/ -->\n<title>Poche de d\u00e9lestage | Hexatac | Dump Pouch | Ceinture<\/title>\n<meta name=\"description\" content=\"Poche d\u00e9lestage Hexatac pour utilisation en vide chargeur, fourre tout ou d\u00e9charge. Fixation velcro ou ceinture. Garantie \u00e0 vie.\" \/>\n<meta name=\"robots\" content=\"index, follow, max-snippet:-1, max-image-preview:large, max-video-preview:-1\" \/>\n<link rel=\"canonical\" href=\"https:\/\/hexatac.com\/en\/product\/ballast-bag-hdp\/\" \/>\n<meta property=\"og:locale\" content=\"en_GB\" \/>\n<meta property=\"og:type\" content=\"article\" \/>\n<meta property=\"og:title\" content=\"Poche de d\u00e9lestage HDP\u00ae\" \/>\n<meta property=\"og:description\" content=\"Poche d\u00e9lestage Hexatac pour utilisation en vide chargeur, fourre tout ou d\u00e9charge. Fixation velcro ou ceinture. Garantie \u00e0 vie.\" \/>\n<meta property=\"og:url\" content=\"https:\/\/hexatac.com\/en\/product\/ballast-bag-hdp\/\" \/>\n<meta property=\"og:site_name\" content=\"Hexatac\" \/>\n<meta property=\"article:modified_time\" content=\"2026-04-24T12:19:43+00:00\" \/>\n<meta property=\"og:image\" content=\"https:\/\/hexatac.com\/wp-content\/uploads\/2021\/09\/ED6E0C5F-3CDB-46E8-A5CF-E7F6EDDCD6A1.jpeg\" \/>\n\t<meta property=\"og:image:width\" content=\"1280\" \/>\n\t<meta property=\"og:image:height\" content=\"1280\" \/>\n\t<meta property=\"og:image:type\" content=\"image\/jpeg\" \/>\n<meta name=\"twitter:card\" content=\"summary_large_image\" \/>\n<script type=\"application\/ld+json\" class=\"yoast-schema-graph\">{\"@context\":\"https:\\\/\\\/schema.org\",\"@graph\":[{\"@type\":[\"WebPage\",\"ItemPage\"],\"@id\":\"https:\\\/\\\/hexatac.com\\\/product\\\/poche-de-delestage-hdp\\\/\",\"url\":\"https:\\\/\\\/hexatac.com\\\/product\\\/poche-de-delestage-hdp\\\/\",\"name\":\"Poche de d\u00e9lestage | Hexatac | Dump Pouch | Ceinture\",\"isPartOf\":{\"@id\":\"https:\\\/\\\/hexatac.com\\\/#website\"},\"primaryImageOfPage\":{\"@id\":\"https:\\\/\\\/hexatac.com\\\/product\\\/poche-de-delestage-hdp\\\/#primaryimage\"},\"image\":{\"@id\":\"https:\\\/\\\/hexatac.com\\\/product\\\/poche-de-delestage-hdp\\\/#primaryimage\"},\"thumbnailUrl\":\"https:\\\/\\\/cdn.hexatac.com\\\/\\\/wp-content\\\/uploads\\\/2021\\\/09\\\/ED6E0C5F-3CDB-46E8-A5CF-E7F6EDDCD6A1.jpeg\",\"datePublished\":\"2021-09-30T07:25:04+00:00\",\"dateModified\":\"2026-04-24T12:19:43+00:00\",\"description\":\"Poche d\u00e9lestage Hexatac pour utilisation en vide chargeur, fourre tout ou d\u00e9charge. Fixation velcro ou ceinture. Garantie \u00e0 vie.\",\"breadcrumb\":{\"@id\":\"https:\\\/\\\/hexatac.com\\\/product\\\/poche-de-delestage-hdp\\\/#breadcrumb\"},\"inLanguage\":\"en-GB\",\"potentialAction\":[{\"@type\":\"ReadAction\",\"target\":[\"https:\\\/\\\/hexatac.com\\\/product\\\/poche-de-delestage-hdp\\\/\"]}]},{\"@type\":\"ImageObject\",\"inLanguage\":\"en-GB\",\"@id\":\"https:\\\/\\\/hexatac.com\\\/product\\\/poche-de-delestage-hdp\\\/#primaryimage\",\"url\":\"https:\\\/\\\/cdn.hexatac.com\\\/\\\/wp-content\\\/uploads\\\/2021\\\/09\\\/ED6E0C5F-3CDB-46E8-A5CF-E7F6EDDCD6A1.jpeg\",\"contentUrl\":\"https:\\\/\\\/cdn.hexatac.com\\\/\\\/wp-content\\\/uploads\\\/2021\\\/09\\\/ED6E0C5F-3CDB-46E8-A5CF-E7F6EDDCD6A1.jpeg\",\"width\":1280,\"height\":1280},{\"@type\":\"BreadcrumbList\",\"@id\":\"https:\\\/\\\/hexatac.com\\\/product\\\/poche-de-delestage-hdp\\\/#breadcrumb\",\"itemListElement\":[{\"@type\":\"ListItem\",\"position\":1,\"name\":\"Accueil\",\"item\":\"https:\\\/\\\/hexatac.com\\\/\"},{\"@type\":\"ListItem\",\"position\":2,\"name\":\"Boutique\",\"item\":\"https:\\\/\\\/hexatac.com\\\/boutique\\\/\"},{\"@type\":\"ListItem\",\"position\":3,\"name\":\"Poche de d\u00e9lestage HDP\u00ae\"}]},{\"@type\":\"WebSite\",\"@id\":\"https:\\\/\\\/hexatac.com\\\/#website\",\"url\":\"https:\\\/\\\/hexatac.com\\\/\",\"name\":\"Hexatac\",\"description\":\"Equipement Tactique | Policier | Militaire | Gendarme | Airsoft\",\"potentialAction\":[{\"@type\":\"SearchAction\",\"target\":{\"@type\":\"EntryPoint\",\"urlTemplate\":\"https:\\\/\\\/hexatac.com\\\/?s={search_term_string}\"},\"query-input\":{\"@type\":\"PropertyValueSpecification\",\"valueRequired\":true,\"valueName\":\"search_term_string\"}}],\"inLanguage\":\"en-GB\"}]}<\/script>\n<meta property=\"og:availability\" content=\"instock\" \/>\n<meta property=\"product:availability\" content=\"instock\" \/>\n<meta property=\"product:retailer_item_id\" content=\"HDP\" \/>\n<meta property=\"product:condition\" content=\"new\" \/>\n<!-- \/ Yoast SEO Premium plugin. -->","yoast_head_json":{"title":"Hexatac | Dump Pouch | Belt","description":"Hexatac off-loading pocket for use as a vacuum charger, holdall or unloader. Velcro or belt attachment. Lifetime warranty.","robots":{"index":"index","follow":"follow","max-snippet":"max-snippet:-1","max-image-preview":"max-image-preview:large","max-video-preview":"max-video-preview:-1"},"canonical":"https:\/\/hexatac.com\/en\/product\/ballast-bag-hdp\/","og_locale":"en_GB","og_type":"article","og_title":"Poche de d\u00e9lestage HDP\u00ae","og_description":"Poche d\u00e9lestage Hexatac pour utilisation en vide chargeur, fourre tout ou d\u00e9charge. Fixation velcro ou ceinture. Garantie \u00e0 vie.","og_url":"https:\/\/hexatac.com\/en\/product\/ballast-bag-hdp\/","og_site_name":"Hexatac","article_modified_time":"2026-04-24T12:19:43+00:00","og_image":[{"width":1280,"height":1280,"url":"https:\/\/hexatac.com\/wp-content\/uploads\/2021\/09\/ED6E0C5F-3CDB-46E8-A5CF-E7F6EDDCD6A1.jpeg","type":"image\/jpeg"}],"twitter_card":"summary_large_image","schema":{"@context":"https:\/\/schema.org","@graph":[{"@type":["WebPage","ItemPage"],"@id":"https:\/\/hexatac.com\/product\/poche-de-delestage-hdp\/","url":"https:\/\/hexatac.com\/product\/poche-de-delestage-hdp\/","name":"Hexatac | Dump Pouch | Belt","isPartOf":{"@id":"https:\/\/hexatac.com\/#website"},"primaryImageOfPage":{"@id":"https:\/\/hexatac.com\/product\/poche-de-delestage-hdp\/#primaryimage"},"image":{"@id":"https:\/\/hexatac.com\/product\/poche-de-delestage-hdp\/#primaryimage"},"thumbnailUrl":"https:\/\/cdn.hexatac.com\/\/wp-content\/uploads\/2021\/09\/ED6E0C5F-3CDB-46E8-A5CF-E7F6EDDCD6A1.jpeg","datePublished":"2021-09-30T07:25:04+00:00","dateModified":"2026-04-24T12:19:43+00:00","description":"Hexatac off-loading pocket for use as a vacuum charger, holdall or unloader. Velcro or belt attachment. Lifetime warranty.","breadcrumb":{"@id":"https:\/\/hexatac.com\/product\/poche-de-delestage-hdp\/#breadcrumb"},"inLanguage":"en-GB","potentialAction":[{"@type":"ReadAction","target":["https:\/\/hexatac.com\/product\/poche-de-delestage-hdp\/"]}]},{"@type":"ImageObject","inLanguage":"en-GB","@id":"https:\/\/hexatac.com\/product\/poche-de-delestage-hdp\/#primaryimage","url":"https:\/\/cdn.hexatac.com\/\/wp-content\/uploads\/2021\/09\/ED6E0C5F-3CDB-46E8-A5CF-E7F6EDDCD6A1.jpeg","contentUrl":"https:\/\/cdn.hexatac.com\/\/wp-content\/uploads\/2021\/09\/ED6E0C5F-3CDB-46E8-A5CF-E7F6EDDCD6A1.jpeg","width":1280,"height":1280},{"@type":"BreadcrumbList","@id":"https:\/\/hexatac.com\/product\/poche-de-delestage-hdp\/#breadcrumb","itemListElement":[{"@type":"ListItem","position":1,"name":"Accueil","item":"https:\/\/hexatac.com\/"},{"@type":"ListItem","position":2,"name":"Boutique","item":"https:\/\/hexatac.com\/boutique\/"},{"@type":"ListItem","position":3,"name":"Poche de d\u00e9lestage HDP\u00ae"}]},{"@type":"WebSite","@id":"https:\/\/hexatac.com\/#website","url":"https:\/\/hexatac.com\/","name":"Hexatac","description":"Tactical Equipment | Policeman | Military | Gendarme | Airsoft","potentialAction":[{"@type":"SearchAction","target":{"@type":"EntryPoint","urlTemplate":"https:\/\/hexatac.com\/?s={search_term_string}"},"query-input":{"@type":"PropertyValueSpecification","valueRequired":true,"valueName":"search_term_string"}}],"inLanguage":"en-GB"}]},"og_availability":"instock","product_availability":"instock","product_retailer_item_id":"HDP","product_condition":"new"},"_links":{"self":[{"href":"https:\/\/hexatac.com\/en\/wp-json\/wp\/v2\/product\/52858","targetHints":{"allow":["GET"]}}],"collection":[{"href":"https:\/\/hexatac.com\/en\/wp-json\/wp\/v2\/product"}],"about":[{"href":"https:\/\/hexatac.com\/en\/wp-json\/wp\/v2\/types\/product"}],"replies":[{"embeddable":true,"href":"https:\/\/hexatac.com\/en\/wp-json\/wp\/v2\/comments?post=52858"}],"wp:featuredmedia":[{"embeddable":true,"href":"https:\/\/hexatac.com\/en\/wp-json\/wp\/v2\/media\/66709"}],"wp:attachment":[{"href":"https:\/\/hexatac.com\/en\/wp-json\/wp\/v2\/media?parent=52858"}],"wp:term":[{"taxonomy":"product_brand","embeddable":true,"href":"https:\/\/hexatac.com\/en\/wp-json\/wp\/v2\/product_brand?post=52858"},{"taxonomy":"product_cat","embeddable":true,"href":"https:\/\/hexatac.com\/en\/wp-json\/wp\/v2\/product_cat?post=52858"},{"taxonomy":"product_tag","embeddable":true,"href":"https:\/\/hexatac.com\/en\/wp-json\/wp\/v2\/product_tag?post=52858"}],"curies":[{"name":"wp","href":"https:\/\/api.w.org\/{rel}","templated":true}]}}