{"id":52797,"date":"2021-07-10T14:41:42","date_gmt":"2021-07-10T12:41:42","guid":{"rendered":"https:\/\/hexatac.com\/?post_type=product&#038;p=52797"},"modified":"2026-01-01T23:55:06","modified_gmt":"2026-01-01T22:55:06","slug":"cummerbunds-rigides","status":"publish","type":"product","link":"https:\/\/hexatac.com\/en\/product\/cummerbunds-rigides\/","title":{"rendered":"Rigid Cummerbunds"},"content":{"rendered":"<h4>Cummerbunds Rigides | Gilet Porte-Plaques HPC\u00ae | HEXATAC<\/h4>\n<p>\u00a0<\/p>\n<p>Our Rigid Cummerbunds have been designed to offer a solution <strong>slight<\/strong>,<strong> rigid<\/strong> and <strong>comfortable<\/strong> operators who tend to load up their Cummerbunds.<\/p>\n<p>\u00a0<\/p>\n<h4><span style=\"text-decoration: underline\"><strong>By ordering on this page, you will receive<\/strong> <\/span>:<\/h4>\n<p><strong>2 symmetrical Cummerbunds<\/strong> identical to the size chosen &amp; a length of<strong> thick elastic cord<\/strong>.<\/p>\n<h4><\/h4>\n<h4><span style=\"text-decoration: underline\"><strong>Size<\/strong><\/span><\/h4>\n<p>Hexatac Rigid Cummerbunds are available in <strong>2 sizes<\/strong> Medium and Large. Choose your usual size - if you're not sure, you'll find realistic visuals of our cummerbunds below.<\/p>\n<p><img fetchpriority=\"high\" decoding=\"async\" class=\"aligncenter wp-image-53172\" src=\"https:\/\/hexatac.com\/wp-content\/uploads\/2021\/06\/IMG_4058-1024x797.jpg\" alt=\"size_chart_cummerbunds_rigides\" width=\"640\" height=\"498\" srcset=\"https:\/\/cdn.hexatac.com\/\/wp-content\/uploads\/2021\/06\/IMG_4058-1024x797.jpg 1024w, https:\/\/cdn.hexatac.com\/\/wp-content\/uploads\/2021\/06\/IMG_4058-300x233.jpg 300w, https:\/\/cdn.hexatac.com\/\/wp-content\/uploads\/2021\/06\/IMG_4058-768x598.jpg 768w, https:\/\/cdn.hexatac.com\/\/wp-content\/uploads\/2021\/06\/IMG_4058-610x475.jpg 610w, https:\/\/cdn.hexatac.com\/\/wp-content\/uploads\/2021\/06\/IMG_4058-1080x840.jpg 1080w, https:\/\/cdn.hexatac.com\/\/wp-content\/uploads\/2021\/06\/IMG_4058-980x763.jpg 980w, https:\/\/cdn.hexatac.com\/\/wp-content\/uploads\/2021\/06\/IMG_4058-480x374.jpg 480w, https:\/\/cdn.hexatac.com\/\/wp-content\/uploads\/2021\/06\/IMG_4058-570x444.jpg 570w, https:\/\/cdn.hexatac.com\/\/wp-content\/uploads\/2021\/06\/IMG_4058.jpg 1082w\" sizes=\"(max-width: 640px) 100vw, 640px\" \/><\/p>\n<p>Pour les Cummerbunds en taille Medium par exemple, la longueur totale des deux cummerbunds bout \u00e0 bout est de 101cm. C&rsquo;est \u00e0 peu de choses pr\u00e8s le r\u00e9glage minimum. Vous pourrez <strong>modulate the exact size<\/strong> of your Cummerbunds <strong>using the elastic cord supplied<\/strong> (<span style=\"text-decoration: underline\">see video presentation<\/span>) and reach a height of up to 130cm.<br \/>\nThis elastic rope will also enable you to <strong>modulate the firmness of the support<\/strong> of your cummerbunds with a single pass for soft support or two or more passes for firm support.<\/p>\n<h4><\/h4>\n<h4><span style=\"text-decoration: underline\"><strong>Modularity<\/strong><\/span><\/h4>\n<p>Our Rigid Cummerbunds are made up of <strong>two rows of MOLLE loops<\/strong>. Thanks to the composite skeleton (of the same nature as that of our <span style=\"text-decoration: underline\"><a href=\"https:\/\/hexatac.com\/en\/shop\/hmb-belt-hexatac\/\">HMB\u00ae Belts<\/a><\/span>), these <strong>two lines are enough<\/strong> to a large extent, even when carrying<strong> radios<\/strong>, <strong>ballistic side plates<\/strong> etc.<\/p>\n<p>Vous retrouverez du MOLLE \u00e0 l&rsquo;ext\u00e9rieur mais aussi \u00e0 l&rsquo;int\u00e9rieur ce qui rend possible le <strong>mounting equipment on both sides<\/strong> cummerbunds and <strong>even simultaneously<\/strong> in the same place.<\/p>\n<p>Du velcro bouclette sur la face interne permet d&rsquo;ancrer des poches de plaque balistiques et d&rsquo;utiliser des inserts velcro divers.<\/p>\n<h4><\/h4>\n<h4><span style=\"text-decoration: underline\"><strong>Assembly Instructions<\/strong><\/span><\/h4>\n<p>On the <span style=\"text-decoration: underline\"><a href=\"https:\/\/hexatac.com\/en\/shop\/hpc-plate-holder-2\/\">HPC\u00ae Plate Vest<\/a><\/span> or any other waistcoat compatible with 3-row skeleton cummerbunds, you can choose between <strong>two mounting positions<\/strong> A high position and a low position.<\/p>\n<p>As a general rule, we recommend that you mount your Hexatac Rigid Cummerbunds in <strong>position basse \u00e0 l&rsquo;arri\u00e8re<\/strong> and <strong>haute \u00e0 l&rsquo;avant<\/strong> (<span style=\"text-decoration: underline\">see video presentation<\/span>). This will enable you to keep your Plate Vest in place. <strong>in the right position to cover your vital areas properly<\/strong> with your ballistic protection.<\/p>\n<h4><\/h4>\n<h4><span style=\"text-decoration: underline\"><strong>Installation<\/strong><\/span><\/h4>\n<p>L&rsquo;<strong>anchoring<\/strong> of our Rigid Cummerbunds is achieved by means of the <strong>elastic rope<\/strong> <strong>provided.<\/strong> Simply braid alternately to the left and to the right, depending on the size and tension required. If you mount our Rigid Cummerbunds on our <span style=\"text-decoration: underline\"><a href=\"https:\/\/hexatac.com\/en\/shop\/hpc-plate-holder-2\/\">HPC\u00ae Plate Vest<\/a><\/span>You can weave through the central vertical loops to keep your cummerbunds perfectly centred.<\/p>\n<h4><\/h4>\n<h4><span style=\"text-decoration: underline\"><strong>Lock<\/strong><\/span><\/h4>\n<p>Le verrouillage \u00e0 l&rsquo;avant se fait au moyen de <strong>Velcro panels<\/strong>. They can even be used to lock your licence plate waistcoat to the front of your car. <span style=\"text-decoration: underline\"><a href=\"https:\/\/hexatac.com\/en\/shop\/chassis-gen2-chest-rig-mamcr-pack\/\">HMCR\u00ae<\/a><\/span> par exemple. L&rsquo;ouverture est facilit\u00e9e gr\u00e2ce aux <strong>sewn tabs<\/strong> at the ends of the Velcro fastening panels.<br \/>\nDes kits d&rsquo;ouverture rapide sont en cours de d\u00e9veloppement mais en attendant, nos Cummerbunds Rigides <strong>provide a simple and effective quick release system<\/strong> (<span style=\"text-decoration: underline\">see video presentation)<\/span>.<\/p>\n<p>\u00a0<\/p>\n<p style=\"text-align: center\"><div class=\"epyt-video-wrapper\"><iframe  style=\"display: block; margin: 0px auto;\"  id=\"_ytid_20455\"  width=\"640\" height=\"360\"  data-origwidth=\"640\" data-origheight=\"360\" src=\"https:\/\/www.youtube.com\/embed\/sxjytBXNiCQ?enablejsapi=1&autoplay=0&cc_load_policy=0&cc_lang_pref=&iv_load_policy=1&loop=1&playlist=sxjytBXNiCQ&rel=0&fs=1&playsinline=0&autohide=2&theme=dark&color=red&controls=1&disablekb=0&\" class=\"__youtube_prefs__  no-lazyload\" title=\"YouTube player\"  allow=\"fullscreen; accelerometer; autoplay; clipboard-write; encrypted-media; gyroscope; picture-in-picture; web-share\" referrerpolicy=\"strict-origin-when-cross-origin\" allowfullscreen data-no-lazy=\"1\" data-skipgform_ajax_framebjll=\"\"><\/iframe><\/div><\/p>","protected":false},"excerpt":{"rendered":"<ul>\n<li>Rigid Cummerbunds with elastic adjustment<\/li>\n<li>Interior &amp; exterior MOLLE<\/li>\n<li>Velcro loop interior<\/li>\n<\/ul>","protected":false},"featured_media":66646,"comment_status":"open","ping_status":"closed","template":"","meta":{"_monsterinsights_skip_tracking":false,"_monsterinsights_sitenote_active":false,"_monsterinsights_sitenote_note":"","_monsterinsights_sitenote_category":0},"product_brand":[2323],"product_cat":[3695],"product_tag":[4175,4174],"class_list":{"0":"post-52797","1":"product","2":"type-product","3":"status-publish","4":"has-post-thumbnail","6":"product_brand-hexatac","7":"product_cat-destockage","8":"product_tag-b2b","9":"product_tag-gilet","11":"first","12":"outofstock","13":"sale","14":"taxable","15":"shipping-taxable","16":"purchasable","17":"product-type-variable","18":"has-default-attributes"},"bundled_by":["53404"],"bundle_stock_status":"outofstock","bundle_stock_quantity":null,"bundle_virtual":false,"bundle_layout":"","bundle_add_to_cart_form_location":"","bundle_editable_in_cart":false,"bundle_sold_individually_context":"","bundle_item_grouping":"","bundle_min_size":"","bundle_max_size":"","bundle_price":[],"bundled_items":[],"bundle_sell_ids":[],"yoast_head":"<!-- This site is optimized with the Yoast SEO Premium plugin v26.6 (Yoast SEO v27.4) - https:\/\/yoast.com\/product\/yoast-seo-premium-wordpress\/ -->\n<title>Cummerbunds Rigides - Hexatac<\/title>\n<meta name=\"description\" content=\"Nos Cummerbunds Rigides pour Gilet Porte-Plaques sont une solution l\u00e9g\u00e8re, rigide et confortable avec son syst\u00e8me \u00e9lastique r\u00e9glable.\" \/>\n<meta name=\"robots\" content=\"index, follow, max-snippet:-1, max-image-preview:large, max-video-preview:-1\" \/>\n<link rel=\"canonical\" href=\"https:\/\/hexatac.com\/en\/product\/cummerbunds-rigides\/\" \/>\n<meta property=\"og:locale\" content=\"en_GB\" \/>\n<meta property=\"og:type\" content=\"article\" \/>\n<meta property=\"og:title\" content=\"Cummerbunds Rigides\" \/>\n<meta property=\"og:description\" content=\"Nos Cummerbunds Rigides pour Gilet Porte-Plaques sont une solution l\u00e9g\u00e8re, rigide et confortable avec son syst\u00e8me \u00e9lastique r\u00e9glable.\" \/>\n<meta property=\"og:url\" content=\"https:\/\/hexatac.com\/en\/product\/cummerbunds-rigides\/\" \/>\n<meta property=\"og:site_name\" content=\"Hexatac\" \/>\n<meta property=\"article:modified_time\" content=\"2026-01-01T22:55:06+00:00\" \/>\n<meta property=\"og:image\" content=\"https:\/\/hexatac.com\/wp-content\/uploads\/2021\/07\/36646789-2207-4021-AEF2-3B4959820173.jpeg\" \/>\n\t<meta property=\"og:image:width\" content=\"1280\" \/>\n\t<meta property=\"og:image:height\" content=\"1280\" \/>\n\t<meta property=\"og:image:type\" content=\"image\/jpeg\" \/>\n<meta name=\"twitter:card\" content=\"summary_large_image\" \/>\n<script type=\"application\/ld+json\" class=\"yoast-schema-graph\">{\"@context\":\"https:\\\/\\\/schema.org\",\"@graph\":[{\"@type\":[\"WebPage\",\"ItemPage\"],\"@id\":\"https:\\\/\\\/hexatac.com\\\/product\\\/cummerbunds-rigides\\\/\",\"url\":\"https:\\\/\\\/hexatac.com\\\/product\\\/cummerbunds-rigides\\\/\",\"name\":\"Cummerbunds Rigides - Hexatac\",\"isPartOf\":{\"@id\":\"https:\\\/\\\/hexatac.com\\\/#website\"},\"primaryImageOfPage\":{\"@id\":\"https:\\\/\\\/hexatac.com\\\/product\\\/cummerbunds-rigides\\\/#primaryimage\"},\"image\":{\"@id\":\"https:\\\/\\\/hexatac.com\\\/product\\\/cummerbunds-rigides\\\/#primaryimage\"},\"thumbnailUrl\":\"https:\\\/\\\/cdn.hexatac.com\\\/\\\/wp-content\\\/uploads\\\/2021\\\/07\\\/36646789-2207-4021-AEF2-3B4959820173.jpeg\",\"datePublished\":\"2021-07-10T12:41:42+00:00\",\"dateModified\":\"2026-01-01T22:55:06+00:00\",\"description\":\"Nos Cummerbunds Rigides pour Gilet Porte-Plaques sont une solution l\u00e9g\u00e8re, rigide et confortable avec son syst\u00e8me \u00e9lastique r\u00e9glable.\",\"breadcrumb\":{\"@id\":\"https:\\\/\\\/hexatac.com\\\/product\\\/cummerbunds-rigides\\\/#breadcrumb\"},\"inLanguage\":\"en-GB\",\"potentialAction\":[{\"@type\":\"ReadAction\",\"target\":[\"https:\\\/\\\/hexatac.com\\\/product\\\/cummerbunds-rigides\\\/\"]}]},{\"@type\":\"ImageObject\",\"inLanguage\":\"en-GB\",\"@id\":\"https:\\\/\\\/hexatac.com\\\/product\\\/cummerbunds-rigides\\\/#primaryimage\",\"url\":\"https:\\\/\\\/cdn.hexatac.com\\\/\\\/wp-content\\\/uploads\\\/2021\\\/07\\\/36646789-2207-4021-AEF2-3B4959820173.jpeg\",\"contentUrl\":\"https:\\\/\\\/cdn.hexatac.com\\\/\\\/wp-content\\\/uploads\\\/2021\\\/07\\\/36646789-2207-4021-AEF2-3B4959820173.jpeg\",\"width\":1280,\"height\":1280},{\"@type\":\"BreadcrumbList\",\"@id\":\"https:\\\/\\\/hexatac.com\\\/product\\\/cummerbunds-rigides\\\/#breadcrumb\",\"itemListElement\":[{\"@type\":\"ListItem\",\"position\":1,\"name\":\"Accueil\",\"item\":\"https:\\\/\\\/hexatac.com\\\/\"},{\"@type\":\"ListItem\",\"position\":2,\"name\":\"Boutique\",\"item\":\"https:\\\/\\\/hexatac.com\\\/boutique\\\/\"},{\"@type\":\"ListItem\",\"position\":3,\"name\":\"Cummerbunds Rigides\"}]},{\"@type\":\"WebSite\",\"@id\":\"https:\\\/\\\/hexatac.com\\\/#website\",\"url\":\"https:\\\/\\\/hexatac.com\\\/\",\"name\":\"Hexatac\",\"description\":\"Equipement Tactique | Policier | Militaire | Gendarme | Airsoft\",\"potentialAction\":[{\"@type\":\"SearchAction\",\"target\":{\"@type\":\"EntryPoint\",\"urlTemplate\":\"https:\\\/\\\/hexatac.com\\\/?s={search_term_string}\"},\"query-input\":{\"@type\":\"PropertyValueSpecification\",\"valueRequired\":true,\"valueName\":\"search_term_string\"}}],\"inLanguage\":\"en-GB\"}]}<\/script>\n<meta property=\"og:availability\" content=\"out of stock\" \/>\n<meta property=\"product:availability\" content=\"out of stock\" \/>\n<meta property=\"product:retailer_item_id\" content=\"CMB-RGD\" \/>\n<meta property=\"product:condition\" content=\"new\" \/>\n<!-- \/ Yoast SEO Premium plugin. -->","yoast_head_json":{"title":"Rigid Cummerbunds - Hexatac","description":"Our Rigid Cummerbunds for Plate Vests are a lightweight, rigid and comfortable solution with an adjustable elastic system.","robots":{"index":"index","follow":"follow","max-snippet":"max-snippet:-1","max-image-preview":"max-image-preview:large","max-video-preview":"max-video-preview:-1"},"canonical":"https:\/\/hexatac.com\/en\/product\/cummerbunds-rigides\/","og_locale":"en_GB","og_type":"article","og_title":"Cummerbunds Rigides","og_description":"Nos Cummerbunds Rigides pour Gilet Porte-Plaques sont une solution l\u00e9g\u00e8re, rigide et confortable avec son syst\u00e8me \u00e9lastique r\u00e9glable.","og_url":"https:\/\/hexatac.com\/en\/product\/cummerbunds-rigides\/","og_site_name":"Hexatac","article_modified_time":"2026-01-01T22:55:06+00:00","og_image":[{"width":1280,"height":1280,"url":"https:\/\/hexatac.com\/wp-content\/uploads\/2021\/07\/36646789-2207-4021-AEF2-3B4959820173.jpeg","type":"image\/jpeg"}],"twitter_card":"summary_large_image","schema":{"@context":"https:\/\/schema.org","@graph":[{"@type":["WebPage","ItemPage"],"@id":"https:\/\/hexatac.com\/product\/cummerbunds-rigides\/","url":"https:\/\/hexatac.com\/product\/cummerbunds-rigides\/","name":"Rigid Cummerbunds - Hexatac","isPartOf":{"@id":"https:\/\/hexatac.com\/#website"},"primaryImageOfPage":{"@id":"https:\/\/hexatac.com\/product\/cummerbunds-rigides\/#primaryimage"},"image":{"@id":"https:\/\/hexatac.com\/product\/cummerbunds-rigides\/#primaryimage"},"thumbnailUrl":"https:\/\/cdn.hexatac.com\/\/wp-content\/uploads\/2021\/07\/36646789-2207-4021-AEF2-3B4959820173.jpeg","datePublished":"2021-07-10T12:41:42+00:00","dateModified":"2026-01-01T22:55:06+00:00","description":"Our Rigid Cummerbunds for Plate Vests are a lightweight, rigid and comfortable solution with an adjustable elastic system.","breadcrumb":{"@id":"https:\/\/hexatac.com\/product\/cummerbunds-rigides\/#breadcrumb"},"inLanguage":"en-GB","potentialAction":[{"@type":"ReadAction","target":["https:\/\/hexatac.com\/product\/cummerbunds-rigides\/"]}]},{"@type":"ImageObject","inLanguage":"en-GB","@id":"https:\/\/hexatac.com\/product\/cummerbunds-rigides\/#primaryimage","url":"https:\/\/cdn.hexatac.com\/\/wp-content\/uploads\/2021\/07\/36646789-2207-4021-AEF2-3B4959820173.jpeg","contentUrl":"https:\/\/cdn.hexatac.com\/\/wp-content\/uploads\/2021\/07\/36646789-2207-4021-AEF2-3B4959820173.jpeg","width":1280,"height":1280},{"@type":"BreadcrumbList","@id":"https:\/\/hexatac.com\/product\/cummerbunds-rigides\/#breadcrumb","itemListElement":[{"@type":"ListItem","position":1,"name":"Accueil","item":"https:\/\/hexatac.com\/"},{"@type":"ListItem","position":2,"name":"Boutique","item":"https:\/\/hexatac.com\/boutique\/"},{"@type":"ListItem","position":3,"name":"Cummerbunds Rigides"}]},{"@type":"WebSite","@id":"https:\/\/hexatac.com\/#website","url":"https:\/\/hexatac.com\/","name":"Hexatac","description":"Tactical Equipment | Policeman | Military | Gendarme | Airsoft","potentialAction":[{"@type":"SearchAction","target":{"@type":"EntryPoint","urlTemplate":"https:\/\/hexatac.com\/?s={search_term_string}"},"query-input":{"@type":"PropertyValueSpecification","valueRequired":true,"valueName":"search_term_string"}}],"inLanguage":"en-GB"}]},"og_availability":"out of stock","product_availability":"out of stock","product_retailer_item_id":"CMB-RGD","product_condition":"new"},"_links":{"self":[{"href":"https:\/\/hexatac.com\/en\/wp-json\/wp\/v2\/product\/52797","targetHints":{"allow":["GET"]}}],"collection":[{"href":"https:\/\/hexatac.com\/en\/wp-json\/wp\/v2\/product"}],"about":[{"href":"https:\/\/hexatac.com\/en\/wp-json\/wp\/v2\/types\/product"}],"replies":[{"embeddable":true,"href":"https:\/\/hexatac.com\/en\/wp-json\/wp\/v2\/comments?post=52797"}],"wp:featuredmedia":[{"embeddable":true,"href":"https:\/\/hexatac.com\/en\/wp-json\/wp\/v2\/media\/66646"}],"wp:attachment":[{"href":"https:\/\/hexatac.com\/en\/wp-json\/wp\/v2\/media?parent=52797"}],"wp:term":[{"taxonomy":"product_brand","embeddable":true,"href":"https:\/\/hexatac.com\/en\/wp-json\/wp\/v2\/product_brand?post=52797"},{"taxonomy":"product_cat","embeddable":true,"href":"https:\/\/hexatac.com\/en\/wp-json\/wp\/v2\/product_cat?post=52797"},{"taxonomy":"product_tag","embeddable":true,"href":"https:\/\/hexatac.com\/en\/wp-json\/wp\/v2\/product_tag?post=52797"}],"curies":[{"name":"wp","href":"https:\/\/api.w.org\/{rel}","templated":true}]}}