{"id":52774,"date":"2021-07-10T14:34:54","date_gmt":"2021-07-10T12:34:54","guid":{"rendered":"https:\/\/hexatac.com\/?post_type=product&#038;p=52774"},"modified":"2026-01-01T23:55:06","modified_gmt":"2026-01-01T22:55:06","slug":"hpc-plate-holder-2","status":"publish","type":"product","link":"https:\/\/hexatac.com\/en\/product\/porte-plaques-hpc\/","title":{"rendered":"HPC\u00ae Plate Holders"},"content":{"rendered":"<h4>HPC\u00ae Plate Holder | Tactical Vest | HEXATAC<\/h4>\n<p><strong>Developed and tested with and for operators<\/strong>the HPC\u00ae Plate Vest (<em>Hexatac&rsquo;s Plate Carrier<\/em>) is designed to <strong>meeting the needs of the modern warrior<\/strong>.<\/p>\n<p>The HPC\u00ae Plate Vest has been developed to be <strong>minimalist<\/strong>, <strong>modular<\/strong>,<strong> scalable<\/strong> and above all <strong>comfortable<\/strong> - even over extended periods of wear.<\/p>\n<p><strong><span style=\"text-decoration: underline;\">Minimalist<\/span><\/strong> no frills, we've been there <strong>as simple as possible<\/strong> m\u00eame si ce n&rsquo;est pas le plus facile : <span style=\"text-decoration: underline;\"><strong>it weighs just 470 grams<\/strong><\/span> !<\/p>\n<p><strong><span style=\"text-decoration: underline;\">Modular<\/span><\/strong> with a host of <strong>MOLLE belt loops<\/strong> and <strong>compatible with the majority<\/strong> front pockets (ITW buckles, G-hook etc) the HPC\u00ae Plate Vest will enable you to build a solution to suit your needs.<\/p>\n<p><strong><span style=\"text-decoration: underline;\">Scalable<\/span><\/strong> The HPC\u00ae Plate Vest can be worn<strong> smooth<\/strong> <strong>or<\/strong> well-being <strong>fully charged<\/strong> front, back and sides.<\/p>\n<p><strong><span style=\"text-decoration: underline;\">Comfortable<\/span><\/strong> Comfort: often overlooked by manufacturers, comfort is of paramount importance. The HPC\u00ae Plate Carrier Vest has been <strong>d\u00e9velopp\u00e9 pour \u00eatre port\u00e9 des heures et m\u00eame des jours d&rsquo;affil\u00e9e<\/strong> thanks to its internal structure and numerous adjustments.<\/p>\n<h4><span style=\"text-decoration: underline;\"><strong>By ordering on this page, you will receive<\/strong> <\/span>:<\/h4>\n<p>A <strong>front plate pocket<\/strong> with clips <strong>QASM<\/strong> supplied, a <strong>rear plate pocket<\/strong> and <strong>sangles d&rsquo;\u00e9paules<\/strong> adjustable and removable <strong>sleeves<\/strong>.<\/p>\n<p><span style=\"color: #800000;\"><strong>Cummerbunds are not supplied.<\/strong><\/span><\/p>\n<p><span style=\"text-decoration: underline;\"><a href=\"https:\/\/hexatac.com\/en\/shop\/cummerbunds-rigides\/\"><strong>To find out more about our Rigid Cummerbunds developed specifically for the HPC\u00ae Plate Vest, click here.<\/strong><\/a><\/span><\/p>\n<h4><\/h4>\n<h4><\/h4>\n<h4><span style=\"text-decoration: underline;\"><strong>Size<\/strong><\/span><\/h4>\n<p>The HPC\u00ae Plate Vest is made for plates <strong>SAPI Medium or 25x30cm<\/strong>. On request only, we can produce specific sizes, but only the Medium\/25x30cm size is stocked.<\/p>\n<p>Les plages de r\u00e9glages des sangles d&rsquo;\u00e9paules vous permettront d&rsquo;<strong>adapt<\/strong> HPC\u00ae Plate Vest <strong>to your body<\/strong> and your needs.<\/p>\n<h4><\/h4>\n<h4><\/h4>\n<h4><strong><span style=\"text-decoration: underline;\">Exterior<\/span><\/strong><\/h4>\n<p>The HPC\u00ae Plate Vest has a<strong> very large admin pocket<\/strong> on the front panel. You can easily store a phone, small items of equipment, maps and so on.<\/p>\n<p>In front of this admin pocket, the HPC\u00ae Plate Vest features<strong> 4 columns of 4 rows of MOLLE<\/strong> to attach equipment, run cables and, above all, to attach a pivoting smartphone holder such as a Juggernaut, Ka\u00ebgwerks, etc. The placement of this modular panel has been <strong>specifically designed so that you can open your smartphone swivel platform completely<\/strong> even over your gun magazines.<\/p>\n<p>De part et d&rsquo;autre du panneau modulable admin, des passants verticaux vous permettront de monter des <strong>QASM loops<\/strong> (<span style=\"text-decoration: underline;\">provided<\/span>) ou d&rsquo;y amarrer des <strong>G hooks<\/strong> to attach a modular platform such as the <span style=\"text-decoration: underline;\"><a href=\"https:\/\/hexatac.com\/en\/shop\/chassis-gen2-chest-rig-mamcr-pack\/\">HMCR\u00ae\u00a0<\/a><\/span><\/p>\n<p>On the lower part of the front plate pocket of the HPC\u00ae Plate Vest, there is a large Velcro panel for anchoring the modular platform mentioned in the previous paragraph.<\/p>\n<p>The row of MOLLE loops allows the <strong>montage d&rsquo;une bavette<\/strong> bulletproof,<strong> l&rsquo;ancrage de petits mat\u00e9riels<\/strong> such as glow sticks, gloves, etc., but also ensures that the <strong>compatible with our shield harness<\/strong>.<\/p>\n<p>A l&rsquo;arri\u00e8re, on retrouve une plateforme classique de <strong>6 rows and 6 columns of MOLLE<\/strong>. Compatibility accessories are currently being developed, in particular for attaching Velcro bibs, <span style=\"text-decoration: underline;\"><a href=\"https:\/\/hexatac.com\/en\/shop\/kit-adaptateur-panel-arriere-map-lbx-tactical\/\">ensure compatibility with modular rear panel systems<\/a> <\/span>etc.<\/p>\n<p>On the edge, the HPC\u00ae Plate Vest features<strong> elastic cable routing<\/strong> afin de g\u00e9rer au mieux votre c\u00e2blage, mais aussi vos tubes d&rsquo;hydratation etc.<\/p>\n<h4><\/h4>\n<h4><\/h4>\n<h4><span style=\"text-decoration: underline;\"><strong>Interior<\/strong><\/span><\/h4>\n<p>L&rsquo;<strong>interior<\/strong> of the HPC\u00ae Plate Vest is made of<strong> in spandex<\/strong> military quality. This elastic material is <strong>pleasant to the port<\/strong> and <strong>dries quickly<\/strong>.<\/p>\n<p>On each side, a r<strong>Thick-filmed<\/strong> assure le confort tandis que l&rsquo;espace entre ces deux panneaux rembourr\u00e9s cr\u00e9\u00e9 un<strong> canal de circulation d&rsquo;air<\/strong> to prevent overheating.<\/p>\n<h4><\/h4>\n<h4><\/h4>\n<h4><span style=\"text-decoration: underline;\"><strong>Features<\/strong><\/span><\/h4>\n<p><span style=\"text-decoration: underline;\"><strong>Les sangles d&rsquo;\u00e9paules sont totalement amovibles<\/strong><\/span>, ce qui vous permettra de changer les boucles reliant les sangles d&rsquo;\u00e9paules \u00e0 la poche de plaque avant de votre Gilet Porte-Plaques HPC\u00ae. Vous pourrez ainsi utiliser n&rsquo;importe quelle boucle qui s&rsquo;adapte sur une sangle 25mm de la boucle standard ITW jusque \u00e0 une boucle \u00e0 d\u00e9lestage rapide Austri Alpin en passants par les anneaux m\u00e9talliques.<\/p>\n<p><span style=\"text-decoration: underline;\"><strong>R\u00e9glage de l&rsquo;\u00e9cartement des \u00e9paules<\/strong><\/span><span style=\"text-decoration: underline;\">.<\/span> Avec le Gilet Porte-Plaques HPC\u00ae, vous pourrez moduler l&rsquo;\u00e9cartement des sangles d&rsquo;\u00e9paules selon votre morphologie, si vous le souhaitez par dessus un pack de protections souples etc. Il vous suffira de d\u00e9monter les ancrages des sangles d&rsquo;\u00e9paules et de les monter \u00e0 la position idoine \u00e0 la fa\u00e7on de passants MOLLE. Le r\u00e9glage se fait dans la poche admin et nous vous conseillons de retirer votre protection balistique de la poche de plaque avant afin de faciliter l&rsquo;acc\u00e8s au r\u00e9glage.<\/p>\n<p><span style=\"text-decoration: underline;\"><strong>Montage d&rsquo;une banane velcro \u00e0 demeure.<\/strong><\/span> Vous pourrez monter une banane velcro directement \u00e0 demeure sur le Gilet Porte-Plaques HPC\u00ae. L&rsquo;avantage d&rsquo;un montage \u00e0 demeure est multiple : il emp\u00eache de devoir retirer la banane \u00e0 chaque fois que l&rsquo;on retire le porte-plaques ou la poche frontale, d\u00e9placer le centre de gravit\u00e9 pour am\u00e9liorer le confort &#8211; surtout lors des courses rapides et en position accroupi. Ce montage est compatible avec le sens standard des bananes velcro (bouclettes \u00e0 l&rsquo;avant, crochets c\u00f4t\u00e9 corps), mais gr\u00e2ce \u00e0 notre fermeture propri\u00e9taire, le velcro crochet qui a tendance \u00e0 user pr\u00e9matur\u00e9ment les chemises de combat ne sera jamais en contact avec celles-ci.<\/p>\n<p><span style=\"text-decoration: underline;\"><strong>Ultimate compatibility of cummerbunds.<\/strong><\/span> The aim is for you to be able to use the cummerbunds that really correspond to your needs and not to impose a specific cummerbund model on you. <a href=\"https:\/\/hexatac.com\/en\/shop\/cummerbunds-rigides\/\"><span style=\"text-decoration: underline;\">Our Rigid Cummerbunds<\/span><\/a> and elastics are of course an excellent option for the HPC\u00ae Plate Vest, but depending on your needs, they may not be the optimal solution. You can fit cummerbunds with Velcro fastenings, or <span style=\"text-decoration: underline;\"><a href=\"https:\/\/hexatac.com\/en\/shop\/cummerbunds-rigides\/\">cummerbunds elastic skeletons<\/a><\/span> and also quite simply the simpler cummerbunds that go into a headline like the <span style=\"text-decoration: underline;\"><a href=\"https:\/\/hexatac.com\/en\/marque\/lbx-tactical\/\">LBX Tactical<\/a><\/span> for example.<\/p>\n<p style=\"text-align: center;\"><div class=\"epyt-video-wrapper\"><iframe  style=\"display: block; margin: 0px auto;\"  id=\"_ytid_20618\"  width=\"640\" height=\"360\"  data-origwidth=\"640\" data-origheight=\"360\" src=\"https:\/\/www.youtube.com\/embed\/R5QNj2dgO7g?enablejsapi=1&autoplay=0&cc_load_policy=0&cc_lang_pref=&iv_load_policy=1&loop=1&playlist=R5QNj2dgO7g&rel=0&fs=1&playsinline=0&autohide=2&theme=dark&color=red&controls=1&disablekb=0&\" class=\"__youtube_prefs__  no-lazyload\" title=\"YouTube player\"  allow=\"fullscreen; accelerometer; autoplay; clipboard-write; encrypted-media; gyroscope; picture-in-picture; web-share\" referrerpolicy=\"strict-origin-when-cross-origin\" allowfullscreen data-no-lazy=\"1\" data-skipgform_ajax_framebjll=\"\"><\/iframe><\/div><\/p>","protected":false},"excerpt":{"rendered":"<ul>\n<li>Minimalist, comfortable and scalable<\/li>\n<li>One size fits all for Sapi Medium plates (25x30cm) (custom sizes available on request)<\/li>\n<li>Designed to accommodate a smartphone platform without getting in the way of chargers<\/li>\n<li>Compatible with the vast majority of Cummerbunds available on the market<\/li>\n<li>Montage d&rsquo;un banane velcro optimis\u00e9<\/li>\n<\/ul>","protected":false},"featured_media":53118,"comment_status":"open","ping_status":"closed","template":"","meta":{"_monsterinsights_skip_tracking":false,"_monsterinsights_sitenote_active":false,"_monsterinsights_sitenote_note":"","_monsterinsights_sitenote_category":0},"product_brand":[2323],"product_cat":[95],"product_tag":[4175,4174],"class_list":{"0":"post-52774","1":"product","2":"type-product","3":"status-publish","4":"has-post-thumbnail","6":"product_brand-hexatac","7":"product_cat-non-classe","8":"product_tag-b2b","9":"product_tag-gilet","11":"first","12":"outofstock","13":"taxable","14":"shipping-taxable","15":"purchasable","16":"product-type-variable","17":"has-default-attributes"},"bundled_by":["53404"],"bundle_stock_status":"outofstock","bundle_stock_quantity":null,"bundle_virtual":false,"bundle_layout":"","bundle_add_to_cart_form_location":"","bundle_editable_in_cart":false,"bundle_sold_individually_context":"","bundle_item_grouping":"","bundle_min_size":"","bundle_max_size":"","bundle_price":[],"bundled_items":[],"bundle_sell_ids":[],"yoast_head":"<!-- This site is optimized with the Yoast SEO Premium plugin v26.6 (Yoast SEO v27.4) - https:\/\/yoast.com\/product\/yoast-seo-premium-wordpress\/ -->\n<title>Porte-Plaques HPC\u00ae - Hexatac<\/title>\n<meta name=\"description\" content=\"Gilet Tactique Porte-Plaque minimaliste, modulable, confortable. D\u00e9velopp\u00e9 avec des FS fran\u00e7ais .Fabriqu\u00e9 en Europe, garantie \u00e0 vie.\" \/>\n<meta name=\"robots\" content=\"index, follow, max-snippet:-1, max-image-preview:large, max-video-preview:-1\" \/>\n<link rel=\"canonical\" href=\"https:\/\/hexatac.com\/en\/product\/hpc-plate-holder-2\/\" \/>\n<meta property=\"og:locale\" content=\"en_GB\" \/>\n<meta property=\"og:type\" content=\"article\" \/>\n<meta property=\"og:title\" content=\"Porte-Plaques HPC\u00ae\" \/>\n<meta property=\"og:description\" content=\"Gilet Tactique Porte-Plaque minimaliste, modulable, confortable. D\u00e9velopp\u00e9 avec des FS fran\u00e7ais .Fabriqu\u00e9 en Europe, garantie \u00e0 vie.\" \/>\n<meta property=\"og:url\" content=\"https:\/\/hexatac.com\/en\/product\/hpc-plate-holder-2\/\" \/>\n<meta property=\"og:site_name\" content=\"Hexatac\" \/>\n<meta property=\"article:modified_time\" content=\"2026-01-01T22:55:06+00:00\" \/>\n<meta property=\"og:image\" content=\"https:\/\/hexatac.com\/wp-content\/uploads\/2021\/07\/2AE1E3FC-032F-4BB7-B9AE-B39E1B635273.jpeg\" \/>\n\t<meta property=\"og:image:width\" content=\"1280\" \/>\n\t<meta property=\"og:image:height\" content=\"1280\" \/>\n\t<meta property=\"og:image:type\" content=\"image\/jpeg\" \/>\n<meta name=\"twitter:card\" content=\"summary_large_image\" \/>\n<script type=\"application\/ld+json\" class=\"yoast-schema-graph\">{\"@context\":\"https:\\\/\\\/schema.org\",\"@graph\":[{\"@type\":[\"WebPage\",\"ItemPage\"],\"@id\":\"https:\\\/\\\/hexatac.com\\\/product\\\/porte-plaques-hpc\\\/\",\"url\":\"https:\\\/\\\/hexatac.com\\\/product\\\/porte-plaques-hpc\\\/\",\"name\":\"Porte-Plaques HPC\u00ae - Hexatac\",\"isPartOf\":{\"@id\":\"https:\\\/\\\/hexatac.com\\\/#website\"},\"primaryImageOfPage\":{\"@id\":\"https:\\\/\\\/hexatac.com\\\/product\\\/porte-plaques-hpc\\\/#primaryimage\"},\"image\":{\"@id\":\"https:\\\/\\\/hexatac.com\\\/product\\\/porte-plaques-hpc\\\/#primaryimage\"},\"thumbnailUrl\":\"https:\\\/\\\/cdn.hexatac.com\\\/\\\/wp-content\\\/uploads\\\/2021\\\/07\\\/2AE1E3FC-032F-4BB7-B9AE-B39E1B635273.jpeg\",\"datePublished\":\"2021-07-10T12:34:54+00:00\",\"dateModified\":\"2026-01-01T22:55:06+00:00\",\"description\":\"Gilet Tactique Porte-Plaque minimaliste, modulable, confortable. D\u00e9velopp\u00e9 avec des FS fran\u00e7ais .Fabriqu\u00e9 en Europe, garantie \u00e0 vie.\",\"breadcrumb\":{\"@id\":\"https:\\\/\\\/hexatac.com\\\/product\\\/porte-plaques-hpc\\\/#breadcrumb\"},\"inLanguage\":\"en-GB\",\"potentialAction\":[{\"@type\":\"ReadAction\",\"target\":[\"https:\\\/\\\/hexatac.com\\\/product\\\/porte-plaques-hpc\\\/\"]}]},{\"@type\":\"ImageObject\",\"inLanguage\":\"en-GB\",\"@id\":\"https:\\\/\\\/hexatac.com\\\/product\\\/porte-plaques-hpc\\\/#primaryimage\",\"url\":\"https:\\\/\\\/cdn.hexatac.com\\\/\\\/wp-content\\\/uploads\\\/2021\\\/07\\\/2AE1E3FC-032F-4BB7-B9AE-B39E1B635273.jpeg\",\"contentUrl\":\"https:\\\/\\\/cdn.hexatac.com\\\/\\\/wp-content\\\/uploads\\\/2021\\\/07\\\/2AE1E3FC-032F-4BB7-B9AE-B39E1B635273.jpeg\",\"width\":1280,\"height\":1280},{\"@type\":\"BreadcrumbList\",\"@id\":\"https:\\\/\\\/hexatac.com\\\/product\\\/porte-plaques-hpc\\\/#breadcrumb\",\"itemListElement\":[{\"@type\":\"ListItem\",\"position\":1,\"name\":\"Accueil\",\"item\":\"https:\\\/\\\/hexatac.com\\\/\"},{\"@type\":\"ListItem\",\"position\":2,\"name\":\"Boutique\",\"item\":\"https:\\\/\\\/hexatac.com\\\/boutique\\\/\"},{\"@type\":\"ListItem\",\"position\":3,\"name\":\"Porte-Plaques HPC\u00ae\"}]},{\"@type\":\"WebSite\",\"@id\":\"https:\\\/\\\/hexatac.com\\\/#website\",\"url\":\"https:\\\/\\\/hexatac.com\\\/\",\"name\":\"Hexatac\",\"description\":\"Equipement Tactique | Policier | Militaire | Gendarme | Airsoft\",\"potentialAction\":[{\"@type\":\"SearchAction\",\"target\":{\"@type\":\"EntryPoint\",\"urlTemplate\":\"https:\\\/\\\/hexatac.com\\\/?s={search_term_string}\"},\"query-input\":{\"@type\":\"PropertyValueSpecification\",\"valueRequired\":true,\"valueName\":\"search_term_string\"}}],\"inLanguage\":\"en-GB\"}]}<\/script>\n<meta property=\"og:availability\" content=\"out of stock\" \/>\n<meta property=\"product:availability\" content=\"out of stock\" \/>\n<meta property=\"product:retailer_item_id\" content=\"HPC\" \/>\n<meta property=\"product:condition\" content=\"new\" \/>\n<!-- \/ Yoast SEO Premium plugin. -->","yoast_head_json":{"title":"HPC\u00ae Plate Holders - Hexatac","description":"Minimalist, modular, comfortable tactical plate-carrier waistcoat. Developed with French FS, made in Europe, lifetime warranty.","robots":{"index":"index","follow":"follow","max-snippet":"max-snippet:-1","max-image-preview":"max-image-preview:large","max-video-preview":"max-video-preview:-1"},"canonical":"https:\/\/hexatac.com\/en\/product\/hpc-plate-holder-2\/","og_locale":"en_GB","og_type":"article","og_title":"Porte-Plaques HPC\u00ae","og_description":"Gilet Tactique Porte-Plaque minimaliste, modulable, confortable. D\u00e9velopp\u00e9 avec des FS fran\u00e7ais .Fabriqu\u00e9 en Europe, garantie \u00e0 vie.","og_url":"https:\/\/hexatac.com\/en\/product\/hpc-plate-holder-2\/","og_site_name":"Hexatac","article_modified_time":"2026-01-01T22:55:06+00:00","og_image":[{"width":1280,"height":1280,"url":"https:\/\/hexatac.com\/wp-content\/uploads\/2021\/07\/2AE1E3FC-032F-4BB7-B9AE-B39E1B635273.jpeg","type":"image\/jpeg"}],"twitter_card":"summary_large_image","schema":{"@context":"https:\/\/schema.org","@graph":[{"@type":["WebPage","ItemPage"],"@id":"https:\/\/hexatac.com\/product\/porte-plaques-hpc\/","url":"https:\/\/hexatac.com\/product\/porte-plaques-hpc\/","name":"HPC\u00ae Plate Holders - Hexatac","isPartOf":{"@id":"https:\/\/hexatac.com\/#website"},"primaryImageOfPage":{"@id":"https:\/\/hexatac.com\/product\/porte-plaques-hpc\/#primaryimage"},"image":{"@id":"https:\/\/hexatac.com\/product\/porte-plaques-hpc\/#primaryimage"},"thumbnailUrl":"https:\/\/cdn.hexatac.com\/\/wp-content\/uploads\/2021\/07\/2AE1E3FC-032F-4BB7-B9AE-B39E1B635273.jpeg","datePublished":"2021-07-10T12:34:54+00:00","dateModified":"2026-01-01T22:55:06+00:00","description":"Minimalist, modular, comfortable tactical plate-carrier waistcoat. Developed with French FS, made in Europe, lifetime warranty.","breadcrumb":{"@id":"https:\/\/hexatac.com\/product\/porte-plaques-hpc\/#breadcrumb"},"inLanguage":"en-GB","potentialAction":[{"@type":"ReadAction","target":["https:\/\/hexatac.com\/product\/porte-plaques-hpc\/"]}]},{"@type":"ImageObject","inLanguage":"en-GB","@id":"https:\/\/hexatac.com\/product\/porte-plaques-hpc\/#primaryimage","url":"https:\/\/cdn.hexatac.com\/\/wp-content\/uploads\/2021\/07\/2AE1E3FC-032F-4BB7-B9AE-B39E1B635273.jpeg","contentUrl":"https:\/\/cdn.hexatac.com\/\/wp-content\/uploads\/2021\/07\/2AE1E3FC-032F-4BB7-B9AE-B39E1B635273.jpeg","width":1280,"height":1280},{"@type":"BreadcrumbList","@id":"https:\/\/hexatac.com\/product\/porte-plaques-hpc\/#breadcrumb","itemListElement":[{"@type":"ListItem","position":1,"name":"Accueil","item":"https:\/\/hexatac.com\/"},{"@type":"ListItem","position":2,"name":"Boutique","item":"https:\/\/hexatac.com\/boutique\/"},{"@type":"ListItem","position":3,"name":"Porte-Plaques HPC\u00ae"}]},{"@type":"WebSite","@id":"https:\/\/hexatac.com\/#website","url":"https:\/\/hexatac.com\/","name":"Hexatac","description":"Tactical Equipment | Policeman | Military | Gendarme | Airsoft","potentialAction":[{"@type":"SearchAction","target":{"@type":"EntryPoint","urlTemplate":"https:\/\/hexatac.com\/?s={search_term_string}"},"query-input":{"@type":"PropertyValueSpecification","valueRequired":true,"valueName":"search_term_string"}}],"inLanguage":"en-GB"}]},"og_availability":"out of stock","product_availability":"out of stock","product_retailer_item_id":"HPC","product_condition":"new"},"_links":{"self":[{"href":"https:\/\/hexatac.com\/en\/wp-json\/wp\/v2\/product\/52774","targetHints":{"allow":["GET"]}}],"collection":[{"href":"https:\/\/hexatac.com\/en\/wp-json\/wp\/v2\/product"}],"about":[{"href":"https:\/\/hexatac.com\/en\/wp-json\/wp\/v2\/types\/product"}],"replies":[{"embeddable":true,"href":"https:\/\/hexatac.com\/en\/wp-json\/wp\/v2\/comments?post=52774"}],"wp:featuredmedia":[{"embeddable":true,"href":"https:\/\/hexatac.com\/en\/wp-json\/wp\/v2\/media\/53118"}],"wp:attachment":[{"href":"https:\/\/hexatac.com\/en\/wp-json\/wp\/v2\/media?parent=52774"}],"wp:term":[{"taxonomy":"product_brand","embeddable":true,"href":"https:\/\/hexatac.com\/en\/wp-json\/wp\/v2\/product_brand?post=52774"},{"taxonomy":"product_cat","embeddable":true,"href":"https:\/\/hexatac.com\/en\/wp-json\/wp\/v2\/product_cat?post=52774"},{"taxonomy":"product_tag","embeddable":true,"href":"https:\/\/hexatac.com\/en\/wp-json\/wp\/v2\/product_tag?post=52774"}],"curies":[{"name":"wp","href":"https:\/\/api.w.org\/{rel}","templated":true}]}}