{"id":49287,"date":"2021-03-30T10:00:55","date_gmt":"2021-03-30T08:00:55","guid":{"rendered":"https:\/\/hexatac.com\/?post_type=product&#038;p=49287"},"modified":"2026-04-19T03:28:03","modified_gmt":"2026-04-19T01:28:03","slug":"hmb-belt-hexatac","status":"publish","type":"product","link":"https:\/\/hexatac.com\/en\/product\/ceinturon-hmb-ceinture-molle-hexatac\/","title":{"rendered":"HMB\u00ae Belt"},"content":{"rendered":"<h4>HMB\u00ae Belt | MOLLE BELT | HEXATAC<\/h4>\n<h4 id=\"notice\"><span style=\"text-decoration: underline;\"><strong>Information leaflet<\/strong><\/span><\/h4>\n<p style=\"text-align: left;\"><span style=\"color: #800000;\"><a style=\"color: #800000;\" href=\"https:\/\/hexatac.com\/wp-content\/uploads\/2021\/03\/Notice_Ceinuron_HMB_V1.1_Hexatac.pdf\" target=\"_blank\" rel=\"noopener\"><u><em><strong>DOWNLOAD THE MANUAL IN PDF FORMAT : CLICK HERE<\/strong><\/em><\/u><\/a><\/span><\/p>\n<p>&nbsp;<\/p>\n<p style=\"text-align: justify;\"><strong>Developed and tested with and for operators<\/strong>Tactical Belt (<em>Hexatac's Modular Belt<\/em>) meets the needs of modern fighters and sports shooters.<\/p>\n<p style=\"text-align: justify;\">Composed of <strong>state-of-the-art materials<\/strong>This tactical belt is both <strong>ultra-rigid<\/strong> while maintaining a <strong>featherweight<\/strong> (<em>285gr only in size XL!<\/em>)<\/p>\n<p style=\"text-align: justify;\">The HMB\u00ae Tactical Belt is <strong>made up of two belts<\/strong> a <span style=\"text-decoration: underline;\">velcro underbelt<\/span> (38mm) and a <span style=\"text-decoration: underline;\">external belt<\/span> (50mm).<\/p>\n<p style=\"text-align: justify;\">The outer belt has a <strong>rigid skeleton<\/strong> in laser-cut composite that offers <strong>high rigidity<\/strong> to best support your equipment.<\/p>\n<p style=\"text-align: justify;\">MOLLE (1\/2 MOLLE) loops are <strong>made from solid<\/strong> of the skeleton and covered with a layer of finishing fabric: the pockets that will be fitted to the HMB\u00ae tactical belt using this system\u00a0<strong>will be more stable<\/strong> on a tactical belt with soft fabric loops.<\/p>\n<p>The design of the HMB\u00ae tactical belt means that it has <strong>MOLLE loops all around the wearer<\/strong>360\u00b0, regardless of whether it is at the upper or lower limit of the chosen size.<\/p>\n<p>The <strong>free adjustment strand<\/strong> of the outer belt is<strong> inside<\/strong> of the belt, avoiding external clutter and allowing you to take full advantage of the MOLLE slots all around the belt.<\/p>\n<p style=\"text-align: justify;\"><strong>Made from highly resistant materials<\/strong> normally used for climbing equipment** (webbing, AustriAlpin Cobra\u00ae buckles and even rope), tests of breaking load under realistic conditions* have shown that <strong>the AustriAlpin loop<\/strong> (Certified 15KN) <strong>would break before the slightest seam in the belt was disturbed<\/strong> at a load of approximately <span style=\"text-decoration: underline;\">1350kg<\/span> (for realistic conditions with a load pulled on the D-ring perpendicular to the belt).<\/p>\n<p style=\"text-align: justify;\">Velcro underbelt (female) <strong>is adjustable<\/strong> thanks to two separate systems to ensure the best possible adaptation to each and every customer. <strong>semi-rigid<\/strong> to enable an IWB\/AIWB holster to be worn and to ensure that the trousers stay in place.<br \/>\nWith a width of <strong>38mm<\/strong>it will adapt to <strong>belt loops on all types of trousers<\/strong> tactical or civilian.<\/p>\n<p style=\"text-align: justify;\"><strong>Made in Europe<\/strong> with assembly standards <em>mli-spec<\/em> and <strong>materials imported directly from the USA<\/strong>.<br \/>\nThe Cobra\u00ae buckle is an original Cobra\u00ae buckle manufactured in Austria by AustriAlpin. This brand is the undisputed benchmark for load-bearing and climbing buckles.<\/p>\n<h4 id=\"tailles\"><span style=\"text-decoration: underline;\"><strong>Size Guide<\/strong><\/span><\/h4>\n<p>The HMB\u00ae tactical belt size chart <span style=\"text-decoration: underline;\"><strong>is based on your actual circumference<\/strong><\/span> and is as follows:<\/p>\n<p><strong>SMALL<\/strong> Size: 72.5cm - 86.5cm<br \/>\n<strong>MEDIUM<\/strong> size : 84,5cm - 98,5cm<br \/>\n<strong>LARGE<\/strong> Size : 96.5cm - 110.5cm<br \/>\n<strong>X-LARGE<\/strong> size : 108,5cm - 122,5cm<\/p>\n<p>To measure your height, measure your waist size\u00a0<strong>at the belt loops on your trousers, over your trousers, without a belt<\/strong> with a flexible tape measure, without being too tight or too loose. If you don't have a tape measure, you can use a piece of string or paracord to go round the edge and then measure it.<\/p>\n<p><img fetchpriority=\"high\" decoding=\"async\" class=\"aligncenter size-full wp-image-49837\" src=\"https:\/\/hexatac.com\/wp-content\/uploads\/2021\/03\/Presentation_Ceinturon_HMB\u00ae__Hexatac__Ceinture_Cobra_Molle.gif\" alt=\"\" width=\"520\" height=\"293\" \/><\/p>\n<p><strong>Please note:<\/strong> Si votre taille mesur\u00e9e est \u00e0 1cm du maximum de la taille choisie, nous vous conseillons de choisir la taille au-dessus, ce qui vous permettra d&rsquo;avoir davantage de place pour les \u00e9quipements avec des fixations velcro et des passants de ceinture.<\/p>\n<p><strong>Good to know:\u00a0<\/strong>At the highest setting, the two ends overlap by about 2cm to ensure continuity of rigidity.<\/p>\n<p style=\"text-align: justify;\">Choosing a belt based on these measurements can be complicated. The following illustration will show you the number of MOLLE cells and enable you to compare with your current belt. Because of the thickness of the underbelt and the outer belt, it is normal for the length of the outer belt (shown below) to be about 3cm longer than your measured waist.<\/p>\n<p style=\"text-align: center;\"><img decoding=\"async\" class=\"aligncenter size-full wp-image-49588\" src=\"https:\/\/hexatac.com\/wp-content\/uploads\/2021\/03\/DA7E6AF8-F148-4B57-B2B1-604893054328.jpeg\" alt=\"\" width=\"1920\" height=\"515\" srcset=\"https:\/\/cdn.hexatac.com\/\/wp-content\/uploads\/2021\/03\/DA7E6AF8-F148-4B57-B2B1-604893054328.jpeg 1920w, https:\/\/cdn.hexatac.com\/\/wp-content\/uploads\/2021\/03\/DA7E6AF8-F148-4B57-B2B1-604893054328-1280x343.jpeg 1280w, https:\/\/cdn.hexatac.com\/\/wp-content\/uploads\/2021\/03\/DA7E6AF8-F148-4B57-B2B1-604893054328-300x80.jpeg 300w, https:\/\/cdn.hexatac.com\/\/wp-content\/uploads\/2021\/03\/DA7E6AF8-F148-4B57-B2B1-604893054328-1024x275.jpeg 1024w, https:\/\/cdn.hexatac.com\/\/wp-content\/uploads\/2021\/03\/DA7E6AF8-F148-4B57-B2B1-604893054328-768x206.jpeg 768w, https:\/\/cdn.hexatac.com\/\/wp-content\/uploads\/2021\/03\/DA7E6AF8-F148-4B57-B2B1-604893054328-1536x412.jpeg 1536w, https:\/\/cdn.hexatac.com\/\/wp-content\/uploads\/2021\/03\/DA7E6AF8-F148-4B57-B2B1-604893054328-610x164.jpeg 610w, https:\/\/cdn.hexatac.com\/\/wp-content\/uploads\/2021\/03\/DA7E6AF8-F148-4B57-B2B1-604893054328-1080x290.jpeg 1080w, https:\/\/cdn.hexatac.com\/\/wp-content\/uploads\/2021\/03\/DA7E6AF8-F148-4B57-B2B1-604893054328-980x263.jpeg 980w, https:\/\/cdn.hexatac.com\/\/wp-content\/uploads\/2021\/03\/DA7E6AF8-F148-4B57-B2B1-604893054328-480x129.jpeg 480w, https:\/\/cdn.hexatac.com\/\/wp-content\/uploads\/2021\/03\/DA7E6AF8-F148-4B57-B2B1-604893054328-570x153.jpeg 570w\" sizes=\"(max-width: 1920px) 100vw, 1920px\" \/><\/p>\n<h4 id=\"assemblage\"><span style=\"text-decoration: underline;\"><strong>Assembly<\/strong><\/span><\/h4>\n<p style=\"text-align: justify;\"><strong>Loop assembly :\u00a0<\/strong>Pour fonctionner correctement, la boucle doit \u00eatre assembl\u00e9e de la mani\u00e8re suivante. Attention, si l&rsquo;assemblage n&rsquo;est pas correct, le frein de la boucle ne fonctionnera pas.<\/p>\n<p><img decoding=\"async\" class=\"aligncenter size-full wp-image-49838\" src=\"https:\/\/hexatac.com\/wp-content\/uploads\/2021\/03\/Presentation_Ceinturon_HMB\u00ae__Hexatac__Ceinture_Cobra_Molle-1.gif\" alt=\"\" width=\"520\" height=\"293\" \/><\/p>\n<h4 id=\"inclus\"><span style=\"text-decoration: underline;\"><strong>What's included<\/strong><\/span><\/h4>\n<ul>\n<li>HMB\u00ae carrying belt<\/li>\n<li>HMB\u00ae underbelt<\/li>\n<li>Cobra\u00ae buckle protection<\/li>\n<\/ul>\n<h4 id=\"video\"><span style=\"text-decoration: underline;\"><strong>Video Presentation<\/strong><\/span><\/h4>\n<div class=\"epyt-video-wrapper\"><iframe  style=\"display: block; margin: 0px auto;\"  id=\"_ytid_74810\"  width=\"640\" height=\"360\"  data-origwidth=\"640\" data-origheight=\"360\" src=\"https:\/\/www.youtube.com\/embed\/gczgFzGgWms?enablejsapi=1&autoplay=0&cc_load_policy=0&cc_lang_pref=&iv_load_policy=1&loop=1&playlist=gczgFzGgWms&rel=0&fs=1&playsinline=0&autohide=2&theme=dark&color=red&controls=1&disablekb=0&\" class=\"__youtube_prefs__  no-lazyload\" title=\"YouTube player\"  allow=\"fullscreen; accelerometer; autoplay; clipboard-write; encrypted-media; gyroscope; picture-in-picture; web-share\" referrerpolicy=\"strict-origin-when-cross-origin\" allowfullscreen data-no-lazy=\"1\" data-skipgform_ajax_framebjll=\"\"><\/iframe><\/div>\n<p><em><strong><span style=\"color: #800000;\">Depending on the batch, the colour of the black carrier strap may vary slightly towards a bluish grey, although it remains within MilSpec tolerances due to the dyeing process used.<\/span><\/strong><\/em><\/p>\n<p><em>*Tests carried out in the laboratories of the Universit\u00e9 de Technologie de Compi\u00e8gne. Test results and technical data available on request.<\/em><\/p>\n<p style=\"text-align: justify;\"><em>**The HMB\u00ae Tactical Belt is NOT designed for use in rappelling, hovercraft etc. This belt has been designed to enable personnel to secure themselves during air operations in helicopters. Misuse of this belt may result in injury or death. The HEXATAC.COM website, its parent company and its partners cannot be held responsible in the event of improper use.<\/em><\/p>\n<p>&nbsp;<\/p>","protected":false},"excerpt":{"rendered":"<h4>SHORTCUTS<\/h4>\n<h2><strong><span style=\"color: #ff0000;\">CET ARTICLE N&rsquo;EST PLUS DISPONIBLE. IL A \u00c9T\u00c9 REMPLAC\u00c9 PAR LE <a style=\"color: #ff0000;\" href=\"https:\/\/hexatac.com\/en\/product\/ceinturon-hmb-classic\/\" target=\"_blank\" rel=\"noopener\">CEINTURON HMB CLASSIC\u00ae<\/a><\/span><\/strong><\/h2>\n<div class=\"boutons_short_desc\">\n<ul>\n<li><a class=\"button\" href=\"#notice\">NOTICE<\/a><\/li>\n<li><a class=\"button\" href=\"#video\">PRESENTATION VIDEO<\/a><\/li>\n<li><a class=\"button\" href=\"#inclus\">WHAT'S INCLUDED?<\/a><\/li>\n<li><a class=\"button\" href=\"#tailles\">SIZE GUIDE<\/a><\/li>\n<li><a class=\"button\" href=\"https:\/\/hexatac.com\/en\/assembly-use\/\" target=\"_blank\" rel=\"noopener\">ASSEMBLY<\/a><\/li>\n<\/ul>\n<\/div>","protected":false},"featured_media":66476,"comment_status":"open","ping_status":"closed","template":"","meta":{"_monsterinsights_skip_tracking":false,"_monsterinsights_sitenote_active":false,"_monsterinsights_sitenote_note":"","_monsterinsights_sitenote_category":0},"product_brand":[2323],"product_cat":[3695],"product_tag":[4175,4173],"class_list":{"0":"post-49287","1":"product","2":"type-product","3":"status-publish","4":"has-post-thumbnail","6":"product_brand-hexatac","7":"product_cat-destockage","8":"product_tag-b2b","9":"product_tag-ceinture","11":"first","12":"instock","13":"taxable","14":"shipping-taxable","15":"purchasable","16":"product-type-variable","17":"has-default-attributes"},"bundled_by":["56000"],"bundle_stock_status":"instock","bundle_stock_quantity":null,"bundle_virtual":false,"bundle_layout":"","bundle_add_to_cart_form_location":"","bundle_editable_in_cart":false,"bundle_sold_individually_context":"","bundle_item_grouping":"","bundle_min_size":"","bundle_max_size":"","bundle_price":[],"bundled_items":[],"bundle_sell_ids":[],"yoast_head":"<!-- This site is optimized with the Yoast SEO Premium plugin v26.6 (Yoast SEO v27.4) - https:\/\/yoast.com\/product\/yoast-seo-premium-wordpress\/ -->\n<title>Ceinturon HMB | Cobra | Militaire, Gendarme &amp; Police | HEXATAC<\/title>\n<meta name=\"description\" content=\"Ceinturon HMB Hexatac l\u00e9ger et rigide. Compatible Molle et Velcro. R\u00e9siste jusqu\u2018\u00e0 plus de 1300kg. Taille S\/M\/L\/XL. Noir, CB, RG, MC, MCBK\" \/>\n<meta name=\"robots\" content=\"index, follow, max-snippet:-1, max-image-preview:large, max-video-preview:-1\" \/>\n<link rel=\"canonical\" href=\"https:\/\/hexatac.com\/en\/product\/hmb-belt-hexatac\/\" \/>\n<meta property=\"og:locale\" content=\"en_GB\" \/>\n<meta property=\"og:type\" content=\"article\" \/>\n<meta property=\"og:title\" content=\"Ceinturon HMB\u00ae\" \/>\n<meta property=\"og:description\" content=\"Ceinturon HMB Hexatac l\u00e9ger et rigide. Compatible Molle et Velcro. R\u00e9siste jusqu\u2018\u00e0 plus de 1300kg. Taille S\/M\/L\/XL. Noir, CB, RG, MC, MCBK\" \/>\n<meta property=\"og:url\" content=\"https:\/\/hexatac.com\/en\/product\/hmb-belt-hexatac\/\" \/>\n<meta property=\"og:site_name\" content=\"Hexatac\" \/>\n<meta property=\"article:modified_time\" content=\"2026-04-19T01:28:03+00:00\" \/>\n<meta property=\"og:image\" content=\"https:\/\/hexatac.com\/wp-content\/uploads\/2021\/03\/20A59A72-BC36-4546-8DB8-FF8184821A50.jpeg\" \/>\n\t<meta property=\"og:image:width\" content=\"1920\" \/>\n\t<meta property=\"og:image:height\" content=\"1920\" \/>\n\t<meta property=\"og:image:type\" content=\"image\/jpeg\" \/>\n<meta name=\"twitter:card\" content=\"summary_large_image\" \/>\n<script type=\"application\/ld+json\" class=\"yoast-schema-graph\">{\"@context\":\"https:\\\/\\\/schema.org\",\"@graph\":[{\"@type\":[\"WebPage\",\"ItemPage\"],\"@id\":\"https:\\\/\\\/hexatac.com\\\/product\\\/ceinturon-hmb-ceinture-molle-hexatac\\\/\",\"url\":\"https:\\\/\\\/hexatac.com\\\/product\\\/ceinturon-hmb-ceinture-molle-hexatac\\\/\",\"name\":\"Ceinturon HMB | Cobra | Militaire, Gendarme & Police | HEXATAC\",\"isPartOf\":{\"@id\":\"https:\\\/\\\/hexatac.com\\\/#website\"},\"primaryImageOfPage\":{\"@id\":\"https:\\\/\\\/hexatac.com\\\/product\\\/ceinturon-hmb-ceinture-molle-hexatac\\\/#primaryimage\"},\"image\":{\"@id\":\"https:\\\/\\\/hexatac.com\\\/product\\\/ceinturon-hmb-ceinture-molle-hexatac\\\/#primaryimage\"},\"thumbnailUrl\":\"https:\\\/\\\/cdn.hexatac.com\\\/\\\/wp-content\\\/uploads\\\/2021\\\/03\\\/20A59A72-BC36-4546-8DB8-FF8184821A50.jpeg\",\"datePublished\":\"2021-03-30T08:00:55+00:00\",\"dateModified\":\"2026-04-19T01:28:03+00:00\",\"description\":\"Ceinturon HMB Hexatac l\u00e9ger et rigide. Compatible Molle et Velcro. R\u00e9siste jusqu\u2018\u00e0 plus de 1300kg. Taille S\\\/M\\\/L\\\/XL. Noir, CB, RG, MC, MCBK\",\"breadcrumb\":{\"@id\":\"https:\\\/\\\/hexatac.com\\\/product\\\/ceinturon-hmb-ceinture-molle-hexatac\\\/#breadcrumb\"},\"inLanguage\":\"en-GB\",\"potentialAction\":[{\"@type\":\"ReadAction\",\"target\":[\"https:\\\/\\\/hexatac.com\\\/product\\\/ceinturon-hmb-ceinture-molle-hexatac\\\/\"]}]},{\"@type\":\"ImageObject\",\"inLanguage\":\"en-GB\",\"@id\":\"https:\\\/\\\/hexatac.com\\\/product\\\/ceinturon-hmb-ceinture-molle-hexatac\\\/#primaryimage\",\"url\":\"https:\\\/\\\/cdn.hexatac.com\\\/\\\/wp-content\\\/uploads\\\/2021\\\/03\\\/20A59A72-BC36-4546-8DB8-FF8184821A50.jpeg\",\"contentUrl\":\"https:\\\/\\\/cdn.hexatac.com\\\/\\\/wp-content\\\/uploads\\\/2021\\\/03\\\/20A59A72-BC36-4546-8DB8-FF8184821A50.jpeg\",\"width\":1920,\"height\":1920},{\"@type\":\"BreadcrumbList\",\"@id\":\"https:\\\/\\\/hexatac.com\\\/product\\\/ceinturon-hmb-ceinture-molle-hexatac\\\/#breadcrumb\",\"itemListElement\":[{\"@type\":\"ListItem\",\"position\":1,\"name\":\"Accueil\",\"item\":\"https:\\\/\\\/hexatac.com\\\/\"},{\"@type\":\"ListItem\",\"position\":2,\"name\":\"Boutique\",\"item\":\"https:\\\/\\\/hexatac.com\\\/boutique\\\/\"},{\"@type\":\"ListItem\",\"position\":3,\"name\":\"Ceinturon HMB\u00ae\"}]},{\"@type\":\"WebSite\",\"@id\":\"https:\\\/\\\/hexatac.com\\\/#website\",\"url\":\"https:\\\/\\\/hexatac.com\\\/\",\"name\":\"Hexatac\",\"description\":\"Equipement Tactique | Policier | Militaire | Gendarme | Airsoft\",\"potentialAction\":[{\"@type\":\"SearchAction\",\"target\":{\"@type\":\"EntryPoint\",\"urlTemplate\":\"https:\\\/\\\/hexatac.com\\\/?s={search_term_string}\"},\"query-input\":{\"@type\":\"PropertyValueSpecification\",\"valueRequired\":true,\"valueName\":\"search_term_string\"}}],\"inLanguage\":\"en-GB\"}]}<\/script>\n<meta property=\"og:availability\" content=\"instock\" \/>\n<meta property=\"product:availability\" content=\"instock\" \/>\n<meta property=\"product:retailer_item_id\" content=\"HMB\" \/>\n<meta property=\"product:condition\" content=\"new\" \/>\n<!-- \/ Yoast SEO Premium plugin. -->","yoast_head_json":{"title":"Belt HMB | Cobra | Military, Gendarme &amp; Police | HEXATAC","description":"Lightweight, rigid HMB Hexatac belt. Molle and Velcro compatible. Resistant to over 1300kg. Size S\/M\/L\/XL. Black, CB, RG, MC, MCBK","robots":{"index":"index","follow":"follow","max-snippet":"max-snippet:-1","max-image-preview":"max-image-preview:large","max-video-preview":"max-video-preview:-1"},"canonical":"https:\/\/hexatac.com\/en\/product\/hmb-belt-hexatac\/","og_locale":"en_GB","og_type":"article","og_title":"Ceinturon HMB\u00ae","og_description":"Ceinturon HMB Hexatac l\u00e9ger et rigide. Compatible Molle et Velcro. R\u00e9siste jusqu\u2018\u00e0 plus de 1300kg. Taille S\/M\/L\/XL. Noir, CB, RG, MC, MCBK","og_url":"https:\/\/hexatac.com\/en\/product\/hmb-belt-hexatac\/","og_site_name":"Hexatac","article_modified_time":"2026-04-19T01:28:03+00:00","og_image":[{"width":1920,"height":1920,"url":"https:\/\/hexatac.com\/wp-content\/uploads\/2021\/03\/20A59A72-BC36-4546-8DB8-FF8184821A50.jpeg","type":"image\/jpeg"}],"twitter_card":"summary_large_image","schema":{"@context":"https:\/\/schema.org","@graph":[{"@type":["WebPage","ItemPage"],"@id":"https:\/\/hexatac.com\/product\/ceinturon-hmb-ceinture-molle-hexatac\/","url":"https:\/\/hexatac.com\/product\/ceinturon-hmb-ceinture-molle-hexatac\/","name":"Belt HMB | Cobra | Military, Gendarme &amp; Police | HEXATAC","isPartOf":{"@id":"https:\/\/hexatac.com\/#website"},"primaryImageOfPage":{"@id":"https:\/\/hexatac.com\/product\/ceinturon-hmb-ceinture-molle-hexatac\/#primaryimage"},"image":{"@id":"https:\/\/hexatac.com\/product\/ceinturon-hmb-ceinture-molle-hexatac\/#primaryimage"},"thumbnailUrl":"https:\/\/cdn.hexatac.com\/\/wp-content\/uploads\/2021\/03\/20A59A72-BC36-4546-8DB8-FF8184821A50.jpeg","datePublished":"2021-03-30T08:00:55+00:00","dateModified":"2026-04-19T01:28:03+00:00","description":"Lightweight, rigid HMB Hexatac belt. Molle and Velcro compatible. Resistant to over 1300kg. Size S\/M\/L\/XL. Black, CB, RG, MC, MCBK","breadcrumb":{"@id":"https:\/\/hexatac.com\/product\/ceinturon-hmb-ceinture-molle-hexatac\/#breadcrumb"},"inLanguage":"en-GB","potentialAction":[{"@type":"ReadAction","target":["https:\/\/hexatac.com\/product\/ceinturon-hmb-ceinture-molle-hexatac\/"]}]},{"@type":"ImageObject","inLanguage":"en-GB","@id":"https:\/\/hexatac.com\/product\/ceinturon-hmb-ceinture-molle-hexatac\/#primaryimage","url":"https:\/\/cdn.hexatac.com\/\/wp-content\/uploads\/2021\/03\/20A59A72-BC36-4546-8DB8-FF8184821A50.jpeg","contentUrl":"https:\/\/cdn.hexatac.com\/\/wp-content\/uploads\/2021\/03\/20A59A72-BC36-4546-8DB8-FF8184821A50.jpeg","width":1920,"height":1920},{"@type":"BreadcrumbList","@id":"https:\/\/hexatac.com\/product\/ceinturon-hmb-ceinture-molle-hexatac\/#breadcrumb","itemListElement":[{"@type":"ListItem","position":1,"name":"Accueil","item":"https:\/\/hexatac.com\/"},{"@type":"ListItem","position":2,"name":"Boutique","item":"https:\/\/hexatac.com\/boutique\/"},{"@type":"ListItem","position":3,"name":"Ceinturon HMB\u00ae"}]},{"@type":"WebSite","@id":"https:\/\/hexatac.com\/#website","url":"https:\/\/hexatac.com\/","name":"Hexatac","description":"Tactical Equipment | Policeman | Military | Gendarme | Airsoft","potentialAction":[{"@type":"SearchAction","target":{"@type":"EntryPoint","urlTemplate":"https:\/\/hexatac.com\/?s={search_term_string}"},"query-input":{"@type":"PropertyValueSpecification","valueRequired":true,"valueName":"search_term_string"}}],"inLanguage":"en-GB"}]},"og_availability":"instock","product_availability":"instock","product_retailer_item_id":"HMB","product_condition":"new"},"_links":{"self":[{"href":"https:\/\/hexatac.com\/en\/wp-json\/wp\/v2\/product\/49287","targetHints":{"allow":["GET"]}}],"collection":[{"href":"https:\/\/hexatac.com\/en\/wp-json\/wp\/v2\/product"}],"about":[{"href":"https:\/\/hexatac.com\/en\/wp-json\/wp\/v2\/types\/product"}],"replies":[{"embeddable":true,"href":"https:\/\/hexatac.com\/en\/wp-json\/wp\/v2\/comments?post=49287"}],"wp:featuredmedia":[{"embeddable":true,"href":"https:\/\/hexatac.com\/en\/wp-json\/wp\/v2\/media\/66476"}],"wp:attachment":[{"href":"https:\/\/hexatac.com\/en\/wp-json\/wp\/v2\/media?parent=49287"}],"wp:term":[{"taxonomy":"product_brand","embeddable":true,"href":"https:\/\/hexatac.com\/en\/wp-json\/wp\/v2\/product_brand?post=49287"},{"taxonomy":"product_cat","embeddable":true,"href":"https:\/\/hexatac.com\/en\/wp-json\/wp\/v2\/product_cat?post=49287"},{"taxonomy":"product_tag","embeddable":true,"href":"https:\/\/hexatac.com\/en\/wp-json\/wp\/v2\/product_tag?post=49287"}],"curies":[{"name":"wp","href":"https:\/\/api.w.org\/{rel}","templated":true}]}}