{"id":23258019,"date":"2026-03-19T12:01:42","date_gmt":"2026-03-19T11:01:42","guid":{"rendered":"https:\/\/hexatac.com\/?post_type=product&#038;p=23258019"},"modified":"2026-03-19T18:22:22","modified_gmt":"2026-03-19T17:22:22","slug":"ecusson-hypalon-e-wynne-battleworn","status":"publish","type":"product","link":"https:\/\/hexatac.com\/en\/product\/ecusson-hypalon-e-wynne-battleworn\/","title":{"rendered":"Ecusson Hypalon E. Wynne Battleworn"},"content":{"rendered":"<h4>Ecusson en Hypalon Emmanuel Wynne Battleworn | Merchandising | Hexatac<\/h4>\n<p>Chacun de ces \u00e9cussons sont <strong>fabriqu\u00e9s \u00e0 la main<\/strong> par notre \u00e9quipe. \u00c9tant donn\u00e9 le <strong>processus artisanal<\/strong>, chaque \u00e9cusson peut poss\u00e9der certaines <strong>imperfections qui les rendent uniques<\/strong>.<\/p>\n<p style=\"text-align: justify;\">Do you know <strong>Emmanuel Wynne<\/strong> ? Everyone knows <em>Jack Rackham<\/em> (aka<em> Calico Jack<\/em>), <em>Edward Teach<\/em> (Barbe Noire), mais malheureusement l&rsquo;histoire d&rsquo;<strong>Emmanuel Wynne<\/strong> est rarement connue alors qu&rsquo;il est le <strong>creator of the pirate flag<\/strong> tel qu&rsquo;on le conna\u00eet aujourd&rsquo;hui et qu&rsquo;il <strong>is... French<\/strong> !<\/p>\n<p style=\"text-align: justify;\"><strong>Emmanuel Wynne<\/strong> (or <em>Wynn<\/em> lorsqu&rsquo;il est repris par les anglo-saxons) est un<strong> French pirate<\/strong> born in 1650 and died around 1700 in the Caribbean.<strong> It is the first<\/strong> to display a skull with crossed femurs on its flag and is considered to be <strong>the designer<\/strong> from <em>Jolly Roger<\/em>. D&rsquo;ailleurs l&rsquo;expression <em>Jolly Roger<\/em> viendrait de la d\u00e9formation anglo-saxonne de l&rsquo;expression fran\u00e7aise \u00ab\u00a0<strong>pretty red<\/strong>\u00a0\u00bb d\u00e9signant la <strong>red version of the flag<\/strong> des pirates qui signifiait \u00ab\u00a0<strong>no quarters<\/strong>\u00ab\u00a0.<\/p>\n<p style=\"text-align: justify;\">Le pavillon d&rsquo;<strong>Emmanuel Wynne<\/strong> qui \u00e9tait hiss\u00e9 au grand m\u00e2t de l&rsquo;<em>Adventure<\/em>\u00a0is made up of <strong>two femurs<\/strong> intertwined, a <strong>skull<\/strong> and a<strong> hourglass<\/strong>. The significance of the bones is rather trivial and the <strong>hourglass<\/strong> expresses <strong>le peu de temps qu&rsquo;il restait \u00e0 ses adversaires avaient pour prendre la d\u00e9cision de fuir ou de se rendre<\/strong> s&rsquo;ils ne voulaient pas mourir.<\/p>\n<p style=\"text-align: justify;\">We've created this slightly restyled version of the original pirate flag for<strong> pay tribute to Emmanuel Wynne<\/strong>but also to express our share of<span style=\"text-decoration: underline;\"> chauvinism<\/span>. L&rsquo;h\u00e9ritage fran\u00e7ais est immense, et <strong>we are often forerunners in many areas without taking credit for it<\/strong>. <em>Let's be proud of it<\/em>.<\/p>\n<p style=\"text-align: justify;\">Ils mesurent <strong>50 x 80mm<\/strong> to cover 2 x 2 MOLLE perfectly.<\/p>\n<p>&nbsp;<\/p>","protected":false},"excerpt":{"rendered":"<ul>\n<li>Arborez fi\u00e8rement notre nouvelle version du pavillon d&rsquo;Emmanuel Wynne Battleworn, Pirate fran\u00e7ais et cr\u00e9ateur du Jolly Roger.<\/li>\n<li>Ecusson fabriqu\u00e9 enti\u00e8rement \u00e0 la main en France par notre \u00e9quipe.<\/li>\n<li>Size: 80 x 50mm (perfectly covers 2 x 2 MOLLE)<\/li>\n<\/ul>","protected":false},"featured_media":23258018,"comment_status":"open","ping_status":"closed","template":"","meta":{"_monsterinsights_skip_tracking":false,"_monsterinsights_sitenote_active":false,"_monsterinsights_sitenote_note":"","_monsterinsights_sitenote_category":0},"product_brand":[2323],"product_cat":[3498],"product_tag":[],"class_list":{"0":"post-23258019","1":"product","2":"type-product","3":"status-publish","4":"has-post-thumbnail","6":"product_brand-hexatac","7":"product_cat-merchandising","9":"first","10":"outofstock","11":"taxable","12":"shipping-taxable","13":"purchasable","14":"product-type-variable","15":"has-default-attributes"},"bundled_by":[],"bundle_stock_status":"outofstock","bundle_stock_quantity":null,"bundle_virtual":false,"bundle_layout":"","bundle_add_to_cart_form_location":"","bundle_editable_in_cart":false,"bundle_sold_individually_context":"","bundle_item_grouping":"","bundle_min_size":"","bundle_max_size":"","bundle_price":[],"bundled_items":[],"bundle_sell_ids":[],"yoast_head":"<!-- This site is optimized with the Yoast SEO Premium plugin v26.6 (Yoast SEO v27.4) - https:\/\/yoast.com\/product\/yoast-seo-premium-wordpress\/ -->\n<title>Ecusson Hypalon E. Wynne Battleworn - Hexatac<\/title>\n<meta name=\"description\" content=\"Connaissez-vous Emmanuel Wynne ? Probablement pas, pourtant c&#039;est le cr\u00e9ateur du Jolly Roger. Mais surtout, il \u00e9tait Fran\u00e7ais !\" \/>\n<meta name=\"robots\" content=\"index, follow, max-snippet:-1, max-image-preview:large, max-video-preview:-1\" \/>\n<link rel=\"canonical\" href=\"https:\/\/hexatac.com\/en\/product\/ecusson-hypalon-e-wynne-battleworn\/\" \/>\n<meta property=\"og:locale\" content=\"en_GB\" \/>\n<meta property=\"og:type\" content=\"article\" \/>\n<meta property=\"og:title\" content=\"Ecusson Hypalon E. Wynne Battleworn\" \/>\n<meta property=\"og:description\" content=\"Connaissez-vous Emmanuel Wynne ? Probablement pas, pourtant c&#039;est le cr\u00e9ateur du Jolly Roger. Mais surtout, il \u00e9tait Fran\u00e7ais !\" \/>\n<meta property=\"og:url\" content=\"https:\/\/hexatac.com\/en\/product\/ecusson-hypalon-e-wynne-battleworn\/\" \/>\n<meta property=\"og:site_name\" content=\"Hexatac\" \/>\n<meta property=\"article:modified_time\" content=\"2026-03-19T17:22:22+00:00\" \/>\n<meta property=\"og:image\" content=\"https:\/\/hexatac.com\/wp-content\/uploads\/2026\/03\/Wynne_distressed_hypalon_CB.jpeg\" \/>\n\t<meta property=\"og:image:width\" content=\"1512\" \/>\n\t<meta property=\"og:image:height\" content=\"1512\" \/>\n\t<meta property=\"og:image:type\" content=\"image\/jpeg\" \/>\n<meta name=\"twitter:card\" content=\"summary_large_image\" \/>\n<script type=\"application\/ld+json\" class=\"yoast-schema-graph\">{\"@context\":\"https:\\\/\\\/schema.org\",\"@graph\":[{\"@type\":[\"WebPage\",\"ItemPage\"],\"@id\":\"https:\\\/\\\/hexatac.com\\\/product\\\/ecusson-hypalon-e-wynne-battleworn\\\/\",\"url\":\"https:\\\/\\\/hexatac.com\\\/product\\\/ecusson-hypalon-e-wynne-battleworn\\\/\",\"name\":\"Ecusson Hypalon E. Wynne Battleworn - Hexatac\",\"isPartOf\":{\"@id\":\"https:\\\/\\\/hexatac.com\\\/#website\"},\"primaryImageOfPage\":{\"@id\":\"https:\\\/\\\/hexatac.com\\\/product\\\/ecusson-hypalon-e-wynne-battleworn\\\/#primaryimage\"},\"image\":{\"@id\":\"https:\\\/\\\/hexatac.com\\\/product\\\/ecusson-hypalon-e-wynne-battleworn\\\/#primaryimage\"},\"thumbnailUrl\":\"https:\\\/\\\/cdn.hexatac.com\\\/\\\/wp-content\\\/uploads\\\/2026\\\/03\\\/Wynne_distressed_hypalon_CB.jpeg\",\"datePublished\":\"2026-03-19T11:01:42+00:00\",\"dateModified\":\"2026-03-19T17:22:22+00:00\",\"description\":\"Connaissez-vous Emmanuel Wynne ? Probablement pas, pourtant c'est le cr\u00e9ateur du Jolly Roger. Mais surtout, il \u00e9tait Fran\u00e7ais !\",\"breadcrumb\":{\"@id\":\"https:\\\/\\\/hexatac.com\\\/product\\\/ecusson-hypalon-e-wynne-battleworn\\\/#breadcrumb\"},\"inLanguage\":\"en-GB\",\"potentialAction\":[{\"@type\":\"ReadAction\",\"target\":[\"https:\\\/\\\/hexatac.com\\\/product\\\/ecusson-hypalon-e-wynne-battleworn\\\/\"]}]},{\"@type\":\"ImageObject\",\"inLanguage\":\"en-GB\",\"@id\":\"https:\\\/\\\/hexatac.com\\\/product\\\/ecusson-hypalon-e-wynne-battleworn\\\/#primaryimage\",\"url\":\"https:\\\/\\\/cdn.hexatac.com\\\/\\\/wp-content\\\/uploads\\\/2026\\\/03\\\/Wynne_distressed_hypalon_CB.jpeg\",\"contentUrl\":\"https:\\\/\\\/cdn.hexatac.com\\\/\\\/wp-content\\\/uploads\\\/2026\\\/03\\\/Wynne_distressed_hypalon_CB.jpeg\",\"width\":1512,\"height\":1512},{\"@type\":\"BreadcrumbList\",\"@id\":\"https:\\\/\\\/hexatac.com\\\/product\\\/ecusson-hypalon-e-wynne-battleworn\\\/#breadcrumb\",\"itemListElement\":[{\"@type\":\"ListItem\",\"position\":1,\"name\":\"Accueil\",\"item\":\"https:\\\/\\\/hexatac.com\\\/\"},{\"@type\":\"ListItem\",\"position\":2,\"name\":\"Boutique\",\"item\":\"https:\\\/\\\/hexatac.com\\\/boutique\\\/\"},{\"@type\":\"ListItem\",\"position\":3,\"name\":\"Ecusson Hypalon E. Wynne Battleworn\"}]},{\"@type\":\"WebSite\",\"@id\":\"https:\\\/\\\/hexatac.com\\\/#website\",\"url\":\"https:\\\/\\\/hexatac.com\\\/\",\"name\":\"Hexatac\",\"description\":\"Equipement Tactique | Policier | Militaire | Gendarme | Airsoft\",\"potentialAction\":[{\"@type\":\"SearchAction\",\"target\":{\"@type\":\"EntryPoint\",\"urlTemplate\":\"https:\\\/\\\/hexatac.com\\\/?s={search_term_string}\"},\"query-input\":{\"@type\":\"PropertyValueSpecification\",\"valueRequired\":true,\"valueName\":\"search_term_string\"}}],\"inLanguage\":\"en-GB\"}]}<\/script>\n<meta property=\"og:availability\" content=\"out of stock\" \/>\n<meta property=\"product:availability\" content=\"out of stock\" \/>\n<meta property=\"product:retailer_item_id\" content=\"HYP-WYNBW\" \/>\n<meta property=\"product:condition\" content=\"new\" \/>\n<!-- \/ Yoast SEO Premium plugin. -->","yoast_head_json":{"title":"Ecusson Hypalon E. Wynne Battleworn - Hexatac","description":"Do you know Emmanuel Wynne? Probably not, but he's the creator of the Jolly Roger. But above all, he was French!","robots":{"index":"index","follow":"follow","max-snippet":"max-snippet:-1","max-image-preview":"max-image-preview:large","max-video-preview":"max-video-preview:-1"},"canonical":"https:\/\/hexatac.com\/en\/product\/ecusson-hypalon-e-wynne-battleworn\/","og_locale":"en_GB","og_type":"article","og_title":"Ecusson Hypalon E. Wynne Battleworn","og_description":"Connaissez-vous Emmanuel Wynne ? Probablement pas, pourtant c'est le cr\u00e9ateur du Jolly Roger. Mais surtout, il \u00e9tait Fran\u00e7ais !","og_url":"https:\/\/hexatac.com\/en\/product\/ecusson-hypalon-e-wynne-battleworn\/","og_site_name":"Hexatac","article_modified_time":"2026-03-19T17:22:22+00:00","og_image":[{"width":1512,"height":1512,"url":"https:\/\/hexatac.com\/wp-content\/uploads\/2026\/03\/Wynne_distressed_hypalon_CB.jpeg","type":"image\/jpeg"}],"twitter_card":"summary_large_image","schema":{"@context":"https:\/\/schema.org","@graph":[{"@type":["WebPage","ItemPage"],"@id":"https:\/\/hexatac.com\/product\/ecusson-hypalon-e-wynne-battleworn\/","url":"https:\/\/hexatac.com\/product\/ecusson-hypalon-e-wynne-battleworn\/","name":"Ecusson Hypalon E. Wynne Battleworn - Hexatac","isPartOf":{"@id":"https:\/\/hexatac.com\/#website"},"primaryImageOfPage":{"@id":"https:\/\/hexatac.com\/product\/ecusson-hypalon-e-wynne-battleworn\/#primaryimage"},"image":{"@id":"https:\/\/hexatac.com\/product\/ecusson-hypalon-e-wynne-battleworn\/#primaryimage"},"thumbnailUrl":"https:\/\/cdn.hexatac.com\/\/wp-content\/uploads\/2026\/03\/Wynne_distressed_hypalon_CB.jpeg","datePublished":"2026-03-19T11:01:42+00:00","dateModified":"2026-03-19T17:22:22+00:00","description":"Do you know Emmanuel Wynne? Probably not, but he's the creator of the Jolly Roger. But above all, he was French!","breadcrumb":{"@id":"https:\/\/hexatac.com\/product\/ecusson-hypalon-e-wynne-battleworn\/#breadcrumb"},"inLanguage":"en-GB","potentialAction":[{"@type":"ReadAction","target":["https:\/\/hexatac.com\/product\/ecusson-hypalon-e-wynne-battleworn\/"]}]},{"@type":"ImageObject","inLanguage":"en-GB","@id":"https:\/\/hexatac.com\/product\/ecusson-hypalon-e-wynne-battleworn\/#primaryimage","url":"https:\/\/cdn.hexatac.com\/\/wp-content\/uploads\/2026\/03\/Wynne_distressed_hypalon_CB.jpeg","contentUrl":"https:\/\/cdn.hexatac.com\/\/wp-content\/uploads\/2026\/03\/Wynne_distressed_hypalon_CB.jpeg","width":1512,"height":1512},{"@type":"BreadcrumbList","@id":"https:\/\/hexatac.com\/product\/ecusson-hypalon-e-wynne-battleworn\/#breadcrumb","itemListElement":[{"@type":"ListItem","position":1,"name":"Accueil","item":"https:\/\/hexatac.com\/"},{"@type":"ListItem","position":2,"name":"Boutique","item":"https:\/\/hexatac.com\/boutique\/"},{"@type":"ListItem","position":3,"name":"Ecusson Hypalon E. Wynne Battleworn"}]},{"@type":"WebSite","@id":"https:\/\/hexatac.com\/#website","url":"https:\/\/hexatac.com\/","name":"Hexatac","description":"Tactical Equipment | Policeman | Military | Gendarme | Airsoft","potentialAction":[{"@type":"SearchAction","target":{"@type":"EntryPoint","urlTemplate":"https:\/\/hexatac.com\/?s={search_term_string}"},"query-input":{"@type":"PropertyValueSpecification","valueRequired":true,"valueName":"search_term_string"}}],"inLanguage":"en-GB"}]},"og_availability":"out of stock","product_availability":"out of stock","product_retailer_item_id":"HYP-WYNBW","product_condition":"new"},"_links":{"self":[{"href":"https:\/\/hexatac.com\/en\/wp-json\/wp\/v2\/product\/23258019","targetHints":{"allow":["GET"]}}],"collection":[{"href":"https:\/\/hexatac.com\/en\/wp-json\/wp\/v2\/product"}],"about":[{"href":"https:\/\/hexatac.com\/en\/wp-json\/wp\/v2\/types\/product"}],"replies":[{"embeddable":true,"href":"https:\/\/hexatac.com\/en\/wp-json\/wp\/v2\/comments?post=23258019"}],"wp:featuredmedia":[{"embeddable":true,"href":"https:\/\/hexatac.com\/en\/wp-json\/wp\/v2\/media\/23258018"}],"wp:attachment":[{"href":"https:\/\/hexatac.com\/en\/wp-json\/wp\/v2\/media?parent=23258019"}],"wp:term":[{"taxonomy":"product_brand","embeddable":true,"href":"https:\/\/hexatac.com\/en\/wp-json\/wp\/v2\/product_brand?post=23258019"},{"taxonomy":"product_cat","embeddable":true,"href":"https:\/\/hexatac.com\/en\/wp-json\/wp\/v2\/product_cat?post=23258019"},{"taxonomy":"product_tag","embeddable":true,"href":"https:\/\/hexatac.com\/en\/wp-json\/wp\/v2\/product_tag?post=23258019"}],"curies":[{"name":"wp","href":"https:\/\/api.w.org\/{rel}","templated":true}]}}