{"id":23256963,"date":"2025-11-28T13:00:04","date_gmt":"2025-11-28T12:00:04","guid":{"rendered":"https:\/\/hexatac.com\/?post_type=product&#038;p=23256963"},"modified":"2026-04-23T08:38:41","modified_gmt":"2026-04-23T06:38:41","slug":"brb-barre-deffraction-et-de-sauvetage","status":"publish","type":"product","link":"https:\/\/hexatac.com\/en\/product\/brb-barre-deffraction-et-de-sauvetage\/","title":{"rendered":"BRB\u2122 Barre d&rsquo;effraction et de sauvetage"},"content":{"rendered":"<h4>BRB<strong> &#8211; BARRE D&rsquo;EFFRACTION ET DE SAUVETAGE | GOOD DUDE CONCEPTS<\/strong><\/h4>\n<p>La Barre d&rsquo;Effraction et de Sauvetage Good Dude Concepts permet de forcer des portes et de cr\u00e9er des ouvertures dans les fen\u00eatres et pare-brises (verre tremp\u00e9 ou verre lamin\u00e9) avec un outil tr\u00e8s compact.<\/p>\n<p>D\u00e9velopp\u00e9 par des actifs des forces de l&rsquo;ordre et des services de sauvetage bas\u00e9 sur des situations critiques rencontr\u00e9es sur le terrain, la Barre d&rsquo;Effraction et de Sauvetage BRB est le fruit de d\u00e9cennies d&rsquo;exp\u00e9rience du terrain combin\u00e9e pour cr\u00e9er un outil tr\u00e8s efficace que tout op\u00e9rateur est en mesure d&rsquo;int\u00e9grer \u00e0 son kit.<\/p>\n<p>Sa conception intelligente permet de le glisser dans les passants molle de votre gilet sans pour autant avoir besoin de poche d\u00e9di\u00e9e (d&rsquo;autres modes de port bient\u00f4t disponibles).<\/p>\n<p><img fetchpriority=\"high\" decoding=\"async\" class=\"aligncenter wp-image-23256970\" src=\"https:\/\/hexatac.com\/wp-content\/uploads\/2025\/11\/BRB_presentation.png\" alt=\"\" width=\"1280\" height=\"703\" srcset=\"https:\/\/cdn.hexatac.com\/\/wp-content\/uploads\/2025\/11\/BRB_presentation.png 2334w, https:\/\/cdn.hexatac.com\/\/wp-content\/uploads\/2025\/11\/BRB_presentation-350x192.png 350w, https:\/\/cdn.hexatac.com\/\/wp-content\/uploads\/2025\/11\/BRB_presentation-595x327.png 595w, https:\/\/cdn.hexatac.com\/\/wp-content\/uploads\/2025\/11\/BRB_presentation-150x82.png 150w, https:\/\/cdn.hexatac.com\/\/wp-content\/uploads\/2025\/11\/BRB_presentation-768x422.png 768w\" sizes=\"(max-width: 1280px) 100vw, 1280px\" \/><\/p>\n<ul>\n<li>Dimensions : 26,5 x 9,5cm (\u00e0 la t\u00eate).<\/li>\n<li>Mat\u00e9riau : Acier 420HC r\u00e9sistant \u00e0 la corrosion<\/li>\n<li>Duret\u00e9 : 50-51 HRC<\/li>\n<li>Poids : 700gr<\/li>\n<li>Fabriqu\u00e9 \u00e0 Taiwan ou en Italie selon les arrivages<\/li>\n<\/ul>","protected":false},"excerpt":{"rendered":"<p>Forcez l&rsquo;ouverture des portes, percer le verre tremp\u00e9 ou lamin\u00e9 et sciez-le avec cette Barre d&rsquo;Effraction et de Sauvetage !<\/p>","protected":false},"featured_media":23256964,"comment_status":"open","ping_status":"closed","template":"","meta":{"_monsterinsights_skip_tracking":false,"_monsterinsights_sitenote_active":false,"_monsterinsights_sitenote_note":"","_monsterinsights_sitenote_category":0},"product_brand":[4440],"product_cat":[4430],"product_tag":[],"class_list":{"0":"post-23256963","1":"product","2":"type-product","3":"status-publish","4":"has-post-thumbnail","6":"product_brand-good-dude","7":"product_cat-effraction","9":"first","10":"onbackorder","11":"taxable","12":"shipping-taxable","13":"purchasable","14":"product-type-simple"},"bundled_by":[],"bundle_stock_status":"onbackorder","bundle_stock_quantity":0,"bundle_virtual":false,"bundle_layout":"","bundle_add_to_cart_form_location":"","bundle_editable_in_cart":false,"bundle_sold_individually_context":"","bundle_item_grouping":"","bundle_min_size":"","bundle_max_size":"","bundle_price":[],"bundled_items":[],"bundle_sell_ids":[],"yoast_head":"<!-- This site is optimized with the Yoast SEO Premium plugin v26.6 (Yoast SEO v27.5) - https:\/\/yoast.com\/product\/yoast-seo-premium-wordpress\/ -->\n<title>BRB\u2122 Barre d&#039;effraction et de sauvetage - Hexatac<\/title>\n<meta name=\"description\" content=\"La Barre d&#039;Effraction BRB\u2122 enfin disponible en France ! Elle vous permettra de forcer des portes et cr\u00e9er des ouvertures dans les fen\u00eatres et pare-brises.\" \/>\n<meta name=\"robots\" content=\"index, follow, max-snippet:-1, max-image-preview:large, max-video-preview:-1\" \/>\n<link rel=\"canonical\" href=\"https:\/\/hexatac.com\/en\/product\/brb-barre-deffraction-et-de-sauvetage\/\" \/>\n<meta property=\"og:locale\" content=\"en_GB\" \/>\n<meta property=\"og:type\" content=\"article\" \/>\n<meta property=\"og:title\" content=\"BRB\u2122 Barre d&#039;effraction et de sauvetage\" \/>\n<meta property=\"og:description\" content=\"La Barre d&#039;Effraction BRB\u2122 enfin disponible en France ! Elle vous permettra de forcer des portes et cr\u00e9er des ouvertures dans les fen\u00eatres et pare-brises.\" \/>\n<meta property=\"og:url\" content=\"https:\/\/hexatac.com\/en\/product\/brb-barre-deffraction-et-de-sauvetage\/\" \/>\n<meta property=\"og:site_name\" content=\"Hexatac\" \/>\n<meta property=\"article:modified_time\" content=\"2026-04-23T06:38:41+00:00\" \/>\n<meta property=\"og:image\" content=\"https:\/\/hexatac.com\/wp-content\/uploads\/2025\/11\/GD-Prybar-Front-Resized.jpg\" \/>\n\t<meta property=\"og:image:width\" content=\"2000\" \/>\n\t<meta property=\"og:image:height\" content=\"2000\" \/>\n\t<meta property=\"og:image:type\" content=\"image\/jpeg\" \/>\n<meta name=\"twitter:card\" content=\"summary_large_image\" \/>\n<script type=\"application\/ld+json\" class=\"yoast-schema-graph\">{\"@context\":\"https:\\\/\\\/schema.org\",\"@graph\":[{\"@type\":[\"WebPage\",\"ItemPage\"],\"@id\":\"https:\\\/\\\/hexatac.com\\\/product\\\/brb-barre-deffraction-et-de-sauvetage\\\/\",\"url\":\"https:\\\/\\\/hexatac.com\\\/product\\\/brb-barre-deffraction-et-de-sauvetage\\\/\",\"name\":\"BRB\u2122 Barre d'effraction et de sauvetage - Hexatac\",\"isPartOf\":{\"@id\":\"https:\\\/\\\/hexatac.com\\\/#website\"},\"primaryImageOfPage\":{\"@id\":\"https:\\\/\\\/hexatac.com\\\/product\\\/brb-barre-deffraction-et-de-sauvetage\\\/#primaryimage\"},\"image\":{\"@id\":\"https:\\\/\\\/hexatac.com\\\/product\\\/brb-barre-deffraction-et-de-sauvetage\\\/#primaryimage\"},\"thumbnailUrl\":\"https:\\\/\\\/cdn.hexatac.com\\\/\\\/wp-content\\\/uploads\\\/2025\\\/11\\\/GD-Prybar-Front-Resized.jpg\",\"datePublished\":\"2025-11-28T12:00:04+00:00\",\"dateModified\":\"2026-04-23T06:38:41+00:00\",\"description\":\"La Barre d'Effraction BRB\u2122 enfin disponible en France ! Elle vous permettra de forcer des portes et cr\u00e9er des ouvertures dans les fen\u00eatres et pare-brises.\",\"breadcrumb\":{\"@id\":\"https:\\\/\\\/hexatac.com\\\/product\\\/brb-barre-deffraction-et-de-sauvetage\\\/#breadcrumb\"},\"inLanguage\":\"en-GB\",\"potentialAction\":[{\"@type\":\"ReadAction\",\"target\":[\"https:\\\/\\\/hexatac.com\\\/product\\\/brb-barre-deffraction-et-de-sauvetage\\\/\"]}]},{\"@type\":\"ImageObject\",\"inLanguage\":\"en-GB\",\"@id\":\"https:\\\/\\\/hexatac.com\\\/product\\\/brb-barre-deffraction-et-de-sauvetage\\\/#primaryimage\",\"url\":\"https:\\\/\\\/cdn.hexatac.com\\\/\\\/wp-content\\\/uploads\\\/2025\\\/11\\\/GD-Prybar-Front-Resized.jpg\",\"contentUrl\":\"https:\\\/\\\/cdn.hexatac.com\\\/\\\/wp-content\\\/uploads\\\/2025\\\/11\\\/GD-Prybar-Front-Resized.jpg\",\"width\":2000,\"height\":2000},{\"@type\":\"BreadcrumbList\",\"@id\":\"https:\\\/\\\/hexatac.com\\\/product\\\/brb-barre-deffraction-et-de-sauvetage\\\/#breadcrumb\",\"itemListElement\":[{\"@type\":\"ListItem\",\"position\":1,\"name\":\"Accueil\",\"item\":\"https:\\\/\\\/hexatac.com\\\/\"},{\"@type\":\"ListItem\",\"position\":2,\"name\":\"Boutique\",\"item\":\"https:\\\/\\\/hexatac.com\\\/boutique\\\/\"},{\"@type\":\"ListItem\",\"position\":3,\"name\":\"BRB\u2122 Barre d&#8217;effraction et de sauvetage\"}]},{\"@type\":\"WebSite\",\"@id\":\"https:\\\/\\\/hexatac.com\\\/#website\",\"url\":\"https:\\\/\\\/hexatac.com\\\/\",\"name\":\"Hexatac\",\"description\":\"Equipement Tactique | Policier | Militaire | Gendarme | Airsoft\",\"potentialAction\":[{\"@type\":\"SearchAction\",\"target\":{\"@type\":\"EntryPoint\",\"urlTemplate\":\"https:\\\/\\\/hexatac.com\\\/?s={search_term_string}\"},\"query-input\":{\"@type\":\"PropertyValueSpecification\",\"valueRequired\":true,\"valueName\":\"search_term_string\"}}],\"inLanguage\":\"en-GB\"}]}<\/script>\n<meta property=\"product:price:amount\" content=\"159.90\" \/>\n<meta property=\"product:price:currency\" content=\"EUR\" \/>\n<meta property=\"og:availability\" content=\"backorder\" \/>\n<meta property=\"product:availability\" content=\"available for order\" \/>\n<meta property=\"product:retailer_item_id\" content=\"GD-BRB-BK\" \/>\n<meta property=\"product:condition\" content=\"new\" \/>\n<!-- \/ Yoast SEO Premium plugin. -->","yoast_head_json":{"title":"BRB\u2122 Barre d'effraction et de sauvetage - Hexatac","description":"La Barre d'Effraction BRB\u2122 enfin disponible en France ! Elle vous permettra de forcer des portes et cr\u00e9er des ouvertures dans les fen\u00eatres et pare-brises.","robots":{"index":"index","follow":"follow","max-snippet":"max-snippet:-1","max-image-preview":"max-image-preview:large","max-video-preview":"max-video-preview:-1"},"canonical":"https:\/\/hexatac.com\/en\/product\/brb-barre-deffraction-et-de-sauvetage\/","og_locale":"en_GB","og_type":"article","og_title":"BRB\u2122 Barre d'effraction et de sauvetage","og_description":"La Barre d'Effraction BRB\u2122 enfin disponible en France ! Elle vous permettra de forcer des portes et cr\u00e9er des ouvertures dans les fen\u00eatres et pare-brises.","og_url":"https:\/\/hexatac.com\/en\/product\/brb-barre-deffraction-et-de-sauvetage\/","og_site_name":"Hexatac","article_modified_time":"2026-04-23T06:38:41+00:00","og_image":[{"width":2000,"height":2000,"url":"https:\/\/hexatac.com\/wp-content\/uploads\/2025\/11\/GD-Prybar-Front-Resized.jpg","type":"image\/jpeg"}],"twitter_card":"summary_large_image","schema":{"@context":"https:\/\/schema.org","@graph":[{"@type":["WebPage","ItemPage"],"@id":"https:\/\/hexatac.com\/product\/brb-barre-deffraction-et-de-sauvetage\/","url":"https:\/\/hexatac.com\/product\/brb-barre-deffraction-et-de-sauvetage\/","name":"BRB\u2122 Barre d'effraction et de sauvetage - Hexatac","isPartOf":{"@id":"https:\/\/hexatac.com\/#website"},"primaryImageOfPage":{"@id":"https:\/\/hexatac.com\/product\/brb-barre-deffraction-et-de-sauvetage\/#primaryimage"},"image":{"@id":"https:\/\/hexatac.com\/product\/brb-barre-deffraction-et-de-sauvetage\/#primaryimage"},"thumbnailUrl":"https:\/\/cdn.hexatac.com\/\/wp-content\/uploads\/2025\/11\/GD-Prybar-Front-Resized.jpg","datePublished":"2025-11-28T12:00:04+00:00","dateModified":"2026-04-23T06:38:41+00:00","description":"La Barre d'Effraction BRB\u2122 enfin disponible en France ! Elle vous permettra de forcer des portes et cr\u00e9er des ouvertures dans les fen\u00eatres et pare-brises.","breadcrumb":{"@id":"https:\/\/hexatac.com\/product\/brb-barre-deffraction-et-de-sauvetage\/#breadcrumb"},"inLanguage":"en-GB","potentialAction":[{"@type":"ReadAction","target":["https:\/\/hexatac.com\/product\/brb-barre-deffraction-et-de-sauvetage\/"]}]},{"@type":"ImageObject","inLanguage":"en-GB","@id":"https:\/\/hexatac.com\/product\/brb-barre-deffraction-et-de-sauvetage\/#primaryimage","url":"https:\/\/cdn.hexatac.com\/\/wp-content\/uploads\/2025\/11\/GD-Prybar-Front-Resized.jpg","contentUrl":"https:\/\/cdn.hexatac.com\/\/wp-content\/uploads\/2025\/11\/GD-Prybar-Front-Resized.jpg","width":2000,"height":2000},{"@type":"BreadcrumbList","@id":"https:\/\/hexatac.com\/product\/brb-barre-deffraction-et-de-sauvetage\/#breadcrumb","itemListElement":[{"@type":"ListItem","position":1,"name":"Accueil","item":"https:\/\/hexatac.com\/"},{"@type":"ListItem","position":2,"name":"Boutique","item":"https:\/\/hexatac.com\/boutique\/"},{"@type":"ListItem","position":3,"name":"BRB\u2122 Barre d&#8217;effraction et de sauvetage"}]},{"@type":"WebSite","@id":"https:\/\/hexatac.com\/#website","url":"https:\/\/hexatac.com\/","name":"Hexatac","description":"Tactical Equipment | Policeman | Military | Gendarme | Airsoft","potentialAction":[{"@type":"SearchAction","target":{"@type":"EntryPoint","urlTemplate":"https:\/\/hexatac.com\/?s={search_term_string}"},"query-input":{"@type":"PropertyValueSpecification","valueRequired":true,"valueName":"search_term_string"}}],"inLanguage":"en-GB"}]},"product_price_amount":"159.90","product_price_currency":"EUR","og_availability":"backorder","product_availability":"available for order","product_retailer_item_id":"GD-BRB-BK","product_condition":"new"},"_links":{"self":[{"href":"https:\/\/hexatac.com\/en\/wp-json\/wp\/v2\/product\/23256963","targetHints":{"allow":["GET"]}}],"collection":[{"href":"https:\/\/hexatac.com\/en\/wp-json\/wp\/v2\/product"}],"about":[{"href":"https:\/\/hexatac.com\/en\/wp-json\/wp\/v2\/types\/product"}],"replies":[{"embeddable":true,"href":"https:\/\/hexatac.com\/en\/wp-json\/wp\/v2\/comments?post=23256963"}],"wp:featuredmedia":[{"embeddable":true,"href":"https:\/\/hexatac.com\/en\/wp-json\/wp\/v2\/media\/23256964"}],"wp:attachment":[{"href":"https:\/\/hexatac.com\/en\/wp-json\/wp\/v2\/media?parent=23256963"}],"wp:term":[{"taxonomy":"product_brand","embeddable":true,"href":"https:\/\/hexatac.com\/en\/wp-json\/wp\/v2\/product_brand?post=23256963"},{"taxonomy":"product_cat","embeddable":true,"href":"https:\/\/hexatac.com\/en\/wp-json\/wp\/v2\/product_cat?post=23256963"},{"taxonomy":"product_tag","embeddable":true,"href":"https:\/\/hexatac.com\/en\/wp-json\/wp\/v2\/product_tag?post=23256963"}],"curies":[{"name":"wp","href":"https:\/\/api.w.org\/{rel}","templated":true}]}}