{"id":23255451,"date":"2025-09-27T10:29:51","date_gmt":"2025-09-27T08:29:51","guid":{"rendered":"https:\/\/hexatac.com\/?post_type=product&#038;p=23255451"},"modified":"2026-04-10T11:30:07","modified_gmt":"2026-04-10T09:30:07","slug":"longe-de-positionnement-reglable-pour-hmb-epi","status":"publish","type":"product","link":"https:\/\/hexatac.com\/en\/product\/longe-de-positionnement-reglable-pour-hmb-epi\/","title":{"rendered":"Longe de Positionnement R\u00e9glable pour HMB EPI\u00ae"},"content":{"rendered":"<h4>Longe de Positionnement R\u00e9glable pour HMB EPI\u00ae | EPI Tactique<\/h4>\n<p>Cette longe de <strong>Positionnement \u00c9lastique<\/strong> sera parfaite avec notre <a href=\"https:\/\/hexatac.com\/en\/shop\/lot-ceinture-de-maintien-hmb-epi-en358\/\" target=\"_blank\" rel=\"noopener\"><strong>Ceinture de Retenue et de Maintien HMB EPI\u00ae<\/strong> <\/a>!<\/p>\n<p>Certifi\u00e9e EN354, elle poss\u00e8de une longueur de corde totale de <strong>130cm<\/strong> que vous pourrez ajuster pr\u00e9cis\u00e9ment gr\u00e2ce au Trimmer.<\/p>\n<p>Vous pourrez fixer cette<strong> Longe de Positionnement R\u00e9glable sur votre HMB EPI\u00ae<\/strong> au moyen du mousqueton fournit sur l&rsquo;anneau de charge textile renforc\u00e9 (cf. Notice).<\/p>\n<p>Elle sera id\u00e9ale pour vous s\u00e9curiser en soute lisse, pour du personnel de bord ou un tireur embarqu\u00e9.<\/p>\n<p>Fabriqu\u00e9e en Italie.<\/p>","protected":false},"excerpt":{"rendered":"<p>Longe de Positionnement R\u00e9glable pour HMB EPI\u00ae | EPI Tactique Cette longe de Positionnement \u00c9lastique sera parfaite avec notre Ceinture de Retenue et de Maintien HMB EPI\u00ae ! Certifi\u00e9e EN354, elle poss\u00e8de une longueur de corde totale de 130cm que vous pourrez ajuster pr\u00e9cis\u00e9ment gr\u00e2ce au Trimmer. Vous pourrez fixer cette Longe de Positionnement R\u00e9glable [&hellip;]<\/p>\n","protected":false},"featured_media":23255566,"comment_status":"open","ping_status":"closed","template":"","meta":{"_monsterinsights_skip_tracking":false,"_monsterinsights_sitenote_active":false,"_monsterinsights_sitenote_note":"","_monsterinsights_sitenote_category":0},"product_brand":[4244],"product_cat":[4243],"product_tag":[],"class_list":{"0":"post-23255451","1":"product","2":"type-product","3":"status-publish","4":"has-post-thumbnail","6":"product_brand-kong-italia","7":"product_cat-epi","9":"first","10":"onbackorder","11":"taxable","12":"shipping-taxable","13":"purchasable","14":"product-type-simple"},"bundled_by":[],"bundle_stock_status":"onbackorder","bundle_stock_quantity":-15,"bundle_virtual":false,"bundle_layout":"","bundle_add_to_cart_form_location":"","bundle_editable_in_cart":false,"bundle_sold_individually_context":"","bundle_item_grouping":"","bundle_min_size":"","bundle_max_size":"","bundle_price":[],"bundled_items":[],"bundle_sell_ids":[],"yoast_head":"<!-- This site is optimized with the Yoast SEO Premium plugin v26.6 (Yoast SEO v27.5) - https:\/\/yoast.com\/product\/yoast-seo-premium-wordpress\/ -->\n<title>Longe de Positionnement R\u00e9glable pour HMB EPI\u00ae - Hexatac - EPI Tactique<\/title>\n<meta name=\"description\" content=\"Longe de Maintien \u00c9lastique certifi\u00e9e EN354 et recommand\u00e9e avec notre HMB EPI\u00ae. Simple, l\u00e9g\u00e8re et s\u00e9curis\u00e9e, fabriqu\u00e9 en Italie.\" \/>\n<meta name=\"robots\" content=\"index, follow, max-snippet:-1, max-image-preview:large, max-video-preview:-1\" \/>\n<link rel=\"canonical\" href=\"https:\/\/hexatac.com\/en\/product\/longe-de-positionnement-reglable-pour-hmb-epi\/\" \/>\n<meta property=\"og:locale\" content=\"en_GB\" \/>\n<meta property=\"og:type\" content=\"article\" \/>\n<meta property=\"og:title\" content=\"Longe de Positionnement R\u00e9glable pour HMB EPI\u00ae\" \/>\n<meta property=\"og:description\" content=\"Longe de Maintien \u00c9lastique certifi\u00e9e EN354 et recommand\u00e9e avec notre HMB EPI\u00ae. Simple, l\u00e9g\u00e8re et s\u00e9curis\u00e9e, fabriqu\u00e9 en Italie.\" \/>\n<meta property=\"og:url\" content=\"https:\/\/hexatac.com\/en\/product\/longe-de-positionnement-reglable-pour-hmb-epi\/\" \/>\n<meta property=\"og:site_name\" content=\"Hexatac\" \/>\n<meta property=\"article:modified_time\" content=\"2026-04-10T09:30:07+00:00\" \/>\n<meta property=\"og:image\" content=\"https:\/\/hexatac.com\/wp-content\/uploads\/2025\/10\/Longe-de-positionnement-reglable-trimmer-Kong-Italia.jpg\" \/>\n\t<meta property=\"og:image:width\" content=\"2048\" \/>\n\t<meta property=\"og:image:height\" content=\"2048\" \/>\n\t<meta property=\"og:image:type\" content=\"image\/jpeg\" \/>\n<meta name=\"twitter:card\" content=\"summary_large_image\" \/>\n<script type=\"application\/ld+json\" class=\"yoast-schema-graph\">{\"@context\":\"https:\\\/\\\/schema.org\",\"@graph\":[{\"@type\":[\"WebPage\",\"ItemPage\"],\"@id\":\"https:\\\/\\\/hexatac.com\\\/product\\\/longe-de-positionnement-reglable-pour-hmb-epi\\\/\",\"url\":\"https:\\\/\\\/hexatac.com\\\/product\\\/longe-de-positionnement-reglable-pour-hmb-epi\\\/\",\"name\":\"Longe de Positionnement R\u00e9glable pour HMB EPI\u00ae - Hexatac - EPI Tactique\",\"isPartOf\":{\"@id\":\"https:\\\/\\\/hexatac.com\\\/#website\"},\"primaryImageOfPage\":{\"@id\":\"https:\\\/\\\/hexatac.com\\\/product\\\/longe-de-positionnement-reglable-pour-hmb-epi\\\/#primaryimage\"},\"image\":{\"@id\":\"https:\\\/\\\/hexatac.com\\\/product\\\/longe-de-positionnement-reglable-pour-hmb-epi\\\/#primaryimage\"},\"thumbnailUrl\":\"https:\\\/\\\/cdn.hexatac.com\\\/\\\/wp-content\\\/uploads\\\/2025\\\/10\\\/Longe-de-positionnement-reglable-trimmer-Kong-Italia.jpg\",\"datePublished\":\"2025-09-27T08:29:51+00:00\",\"dateModified\":\"2026-04-10T09:30:07+00:00\",\"description\":\"Longe de Maintien \u00c9lastique certifi\u00e9e EN354 et recommand\u00e9e avec notre HMB EPI\u00ae. Simple, l\u00e9g\u00e8re et s\u00e9curis\u00e9e, fabriqu\u00e9 en Italie.\",\"breadcrumb\":{\"@id\":\"https:\\\/\\\/hexatac.com\\\/product\\\/longe-de-positionnement-reglable-pour-hmb-epi\\\/#breadcrumb\"},\"inLanguage\":\"en-GB\",\"potentialAction\":[{\"@type\":\"ReadAction\",\"target\":[\"https:\\\/\\\/hexatac.com\\\/product\\\/longe-de-positionnement-reglable-pour-hmb-epi\\\/\"]}]},{\"@type\":\"ImageObject\",\"inLanguage\":\"en-GB\",\"@id\":\"https:\\\/\\\/hexatac.com\\\/product\\\/longe-de-positionnement-reglable-pour-hmb-epi\\\/#primaryimage\",\"url\":\"https:\\\/\\\/cdn.hexatac.com\\\/\\\/wp-content\\\/uploads\\\/2025\\\/10\\\/Longe-de-positionnement-reglable-trimmer-Kong-Italia.jpg\",\"contentUrl\":\"https:\\\/\\\/cdn.hexatac.com\\\/\\\/wp-content\\\/uploads\\\/2025\\\/10\\\/Longe-de-positionnement-reglable-trimmer-Kong-Italia.jpg\",\"width\":2048,\"height\":2048},{\"@type\":\"BreadcrumbList\",\"@id\":\"https:\\\/\\\/hexatac.com\\\/product\\\/longe-de-positionnement-reglable-pour-hmb-epi\\\/#breadcrumb\",\"itemListElement\":[{\"@type\":\"ListItem\",\"position\":1,\"name\":\"Accueil\",\"item\":\"https:\\\/\\\/hexatac.com\\\/\"},{\"@type\":\"ListItem\",\"position\":2,\"name\":\"Boutique\",\"item\":\"https:\\\/\\\/hexatac.com\\\/boutique\\\/\"},{\"@type\":\"ListItem\",\"position\":3,\"name\":\"Longe de Positionnement R\u00e9glable pour HMB EPI\u00ae\"}]},{\"@type\":\"WebSite\",\"@id\":\"https:\\\/\\\/hexatac.com\\\/#website\",\"url\":\"https:\\\/\\\/hexatac.com\\\/\",\"name\":\"Hexatac\",\"description\":\"Equipement Tactique | Policier | Militaire | Gendarme | Airsoft\",\"potentialAction\":[{\"@type\":\"SearchAction\",\"target\":{\"@type\":\"EntryPoint\",\"urlTemplate\":\"https:\\\/\\\/hexatac.com\\\/?s={search_term_string}\"},\"query-input\":{\"@type\":\"PropertyValueSpecification\",\"valueRequired\":true,\"valueName\":\"search_term_string\"}}],\"inLanguage\":\"en-GB\"}]}<\/script>\n<meta property=\"product:price:amount\" content=\"199.90\" \/>\n<meta property=\"product:price:currency\" content=\"EUR\" \/>\n<meta property=\"og:availability\" content=\"backorder\" \/>\n<meta property=\"product:availability\" content=\"available for order\" \/>\n<meta property=\"product:retailer_item_id\" content=\"289SETS08KK\" \/>\n<meta property=\"product:condition\" content=\"new\" \/>\n<!-- \/ Yoast SEO Premium plugin. -->","yoast_head_json":{"title":"Longe de Positionnement R\u00e9glable pour HMB EPI\u00ae - Hexatac - EPI Tactique","description":"Longe de Maintien \u00c9lastique certifi\u00e9e EN354 et recommand\u00e9e avec notre HMB EPI\u00ae. Simple, l\u00e9g\u00e8re et s\u00e9curis\u00e9e, fabriqu\u00e9 en Italie.","robots":{"index":"index","follow":"follow","max-snippet":"max-snippet:-1","max-image-preview":"max-image-preview:large","max-video-preview":"max-video-preview:-1"},"canonical":"https:\/\/hexatac.com\/en\/product\/longe-de-positionnement-reglable-pour-hmb-epi\/","og_locale":"en_GB","og_type":"article","og_title":"Longe de Positionnement R\u00e9glable pour HMB EPI\u00ae","og_description":"Longe de Maintien \u00c9lastique certifi\u00e9e EN354 et recommand\u00e9e avec notre HMB EPI\u00ae. Simple, l\u00e9g\u00e8re et s\u00e9curis\u00e9e, fabriqu\u00e9 en Italie.","og_url":"https:\/\/hexatac.com\/en\/product\/longe-de-positionnement-reglable-pour-hmb-epi\/","og_site_name":"Hexatac","article_modified_time":"2026-04-10T09:30:07+00:00","og_image":[{"width":2048,"height":2048,"url":"https:\/\/hexatac.com\/wp-content\/uploads\/2025\/10\/Longe-de-positionnement-reglable-trimmer-Kong-Italia.jpg","type":"image\/jpeg"}],"twitter_card":"summary_large_image","schema":{"@context":"https:\/\/schema.org","@graph":[{"@type":["WebPage","ItemPage"],"@id":"https:\/\/hexatac.com\/product\/longe-de-positionnement-reglable-pour-hmb-epi\/","url":"https:\/\/hexatac.com\/product\/longe-de-positionnement-reglable-pour-hmb-epi\/","name":"Longe de Positionnement R\u00e9glable pour HMB EPI\u00ae - Hexatac - EPI Tactique","isPartOf":{"@id":"https:\/\/hexatac.com\/#website"},"primaryImageOfPage":{"@id":"https:\/\/hexatac.com\/product\/longe-de-positionnement-reglable-pour-hmb-epi\/#primaryimage"},"image":{"@id":"https:\/\/hexatac.com\/product\/longe-de-positionnement-reglable-pour-hmb-epi\/#primaryimage"},"thumbnailUrl":"https:\/\/cdn.hexatac.com\/\/wp-content\/uploads\/2025\/10\/Longe-de-positionnement-reglable-trimmer-Kong-Italia.jpg","datePublished":"2025-09-27T08:29:51+00:00","dateModified":"2026-04-10T09:30:07+00:00","description":"Longe de Maintien \u00c9lastique certifi\u00e9e EN354 et recommand\u00e9e avec notre HMB EPI\u00ae. Simple, l\u00e9g\u00e8re et s\u00e9curis\u00e9e, fabriqu\u00e9 en Italie.","breadcrumb":{"@id":"https:\/\/hexatac.com\/product\/longe-de-positionnement-reglable-pour-hmb-epi\/#breadcrumb"},"inLanguage":"en-GB","potentialAction":[{"@type":"ReadAction","target":["https:\/\/hexatac.com\/product\/longe-de-positionnement-reglable-pour-hmb-epi\/"]}]},{"@type":"ImageObject","inLanguage":"en-GB","@id":"https:\/\/hexatac.com\/product\/longe-de-positionnement-reglable-pour-hmb-epi\/#primaryimage","url":"https:\/\/cdn.hexatac.com\/\/wp-content\/uploads\/2025\/10\/Longe-de-positionnement-reglable-trimmer-Kong-Italia.jpg","contentUrl":"https:\/\/cdn.hexatac.com\/\/wp-content\/uploads\/2025\/10\/Longe-de-positionnement-reglable-trimmer-Kong-Italia.jpg","width":2048,"height":2048},{"@type":"BreadcrumbList","@id":"https:\/\/hexatac.com\/product\/longe-de-positionnement-reglable-pour-hmb-epi\/#breadcrumb","itemListElement":[{"@type":"ListItem","position":1,"name":"Accueil","item":"https:\/\/hexatac.com\/"},{"@type":"ListItem","position":2,"name":"Boutique","item":"https:\/\/hexatac.com\/boutique\/"},{"@type":"ListItem","position":3,"name":"Longe de Positionnement R\u00e9glable pour HMB EPI\u00ae"}]},{"@type":"WebSite","@id":"https:\/\/hexatac.com\/#website","url":"https:\/\/hexatac.com\/","name":"Hexatac","description":"Tactical Equipment | Policeman | Military | Gendarme | Airsoft","potentialAction":[{"@type":"SearchAction","target":{"@type":"EntryPoint","urlTemplate":"https:\/\/hexatac.com\/?s={search_term_string}"},"query-input":{"@type":"PropertyValueSpecification","valueRequired":true,"valueName":"search_term_string"}}],"inLanguage":"en-GB"}]},"product_price_amount":"199.90","product_price_currency":"EUR","og_availability":"backorder","product_availability":"available for order","product_retailer_item_id":"289SETS08KK","product_condition":"new"},"_links":{"self":[{"href":"https:\/\/hexatac.com\/en\/wp-json\/wp\/v2\/product\/23255451","targetHints":{"allow":["GET"]}}],"collection":[{"href":"https:\/\/hexatac.com\/en\/wp-json\/wp\/v2\/product"}],"about":[{"href":"https:\/\/hexatac.com\/en\/wp-json\/wp\/v2\/types\/product"}],"replies":[{"embeddable":true,"href":"https:\/\/hexatac.com\/en\/wp-json\/wp\/v2\/comments?post=23255451"}],"wp:featuredmedia":[{"embeddable":true,"href":"https:\/\/hexatac.com\/en\/wp-json\/wp\/v2\/media\/23255566"}],"wp:attachment":[{"href":"https:\/\/hexatac.com\/en\/wp-json\/wp\/v2\/media?parent=23255451"}],"wp:term":[{"taxonomy":"product_brand","embeddable":true,"href":"https:\/\/hexatac.com\/en\/wp-json\/wp\/v2\/product_brand?post=23255451"},{"taxonomy":"product_cat","embeddable":true,"href":"https:\/\/hexatac.com\/en\/wp-json\/wp\/v2\/product_cat?post=23255451"},{"taxonomy":"product_tag","embeddable":true,"href":"https:\/\/hexatac.com\/en\/wp-json\/wp\/v2\/product_tag?post=23255451"}],"curies":[{"name":"wp","href":"https:\/\/api.w.org\/{rel}","templated":true}]}}