{"id":23255383,"date":"2025-09-20T16:55:57","date_gmt":"2025-09-20T14:55:57","guid":{"rendered":"https:\/\/hexatac.com\/?post_type=product&#038;p=23255383"},"modified":"2026-03-31T11:02:20","modified_gmt":"2026-03-31T09:02:20","slug":"lot-harnais-de-securite-hmb-epi-en813","status":"publish","type":"product","link":"https:\/\/hexatac.com\/en\/product\/lot-harnais-de-securite-hmb-epi-en813\/","title":{"rendered":"Lot Harnais de S\u00e9curit\u00e9 HMB EPI\u00ae EN813, EN358, EN12277A1 Type C"},"content":{"rendered":"<h4>Lot Harnais de S\u00e9curit\u00e9 HMB EPI\u00ae | EPI conforme EN813 | HEXATAC<\/h4>\n<p style=\"text-align: justify;\">Vous avez r\u00eav\u00e9 de pouvoir juste <strong>vous attacher \u00e0 votre Ceinturon de Combat pour vous assurer<\/strong> ? <strong>Nous l&rsquo;avons fait<\/strong>.<\/p>\n<p style=\"text-align: justify;\"><strong><span style=\"text-decoration: underline;\">UNE EXCLUSIVIT\u00c9 MONDIALE<\/span><\/strong>* : la <strong>seule Ceinture de Combat<\/strong> avec des <strong>capacit\u00e9s EPI ayant une boucle Cobra de 25mm<\/strong>, ce qui lui conf\u00e8re une <strong>l\u00e9g\u00e8ret\u00e9<\/strong> sans \u00e9gal.<\/p>\n<p style=\"text-align: justify;\">This\u00a0<strong>Harnais de S\u00e9curit\u00e9 HMB EPI\u00ae EN813<\/strong>\u00a0est le fruit d&rsquo;un d\u00e9veloppement de 3 ann\u00e9es initi\u00e9 par l&rsquo;<strong>EMHM<\/strong> (\u00c9cole Militaire de Haute Montagne de Chamonix).<\/p>\n<p style=\"text-align: justify;\"><span style=\"text-decoration: underline;\">Le but \u00e9tait simple sur le papier<\/span> : cr\u00e9er <strong>un ceinturon de combat performant<\/strong>, nouvelle g\u00e9n\u00e9ration qui ait <strong>les capacit\u00e9s d&rsquo;un \u00e9quipement de protection individuelle<\/strong> sans pour autant sacrifier le confort, la modularit\u00e9 du ceinturon de combat.<\/p>\n<p style=\"text-align: justify;\">Nous avons constat\u00e9 que <strong>la capacit\u00e9 d&rsquo;EPI bien qu&rsquo;indispensable<\/strong> \u00e0 certains usages (transport h\u00e9lico, personnel de bord, varappe, escalade, alpinisme etc) n<strong>e repr\u00e9sentait qu&rsquo;un temps d&rsquo;utilisation restreint<\/strong> face au port de la Ceinture pour son utilisation premi\u00e8re en tant que Ceinturon de Combat.<\/p>\n<p style=\"text-align: justify;\">Nous n&rsquo;avons donc fait <strong>aucune concession sur la performance de cet EPI en tant que Ceinturon de Combat<\/strong> et avons fait en sorte qu&rsquo;il soit un EPI certifi\u00e9 conforme.<\/p>\n<p style=\"text-align: justify;\">Gr\u00e2ce \u00e0 notre motif signature &#8211; <strong>cr\u00e9\u00e9 sp\u00e9cialement pour cet\u00a0Harnais de S\u00e9curit\u00e9 HMB EPI\u00ae<\/strong>, la structure poss\u00e8de une <strong>rigidit\u00e9 homog\u00e8ne sur l&rsquo;ensemble<\/strong> de sa longueur sans rupture. Ce nouveau motif signature permet \u00e9galement de <strong>faire sortir la sangle porteuse le plus loin possible<\/strong> sur la Ceinture et ainsi de <strong>la prot\u00e9ger<\/strong> derri\u00e8re le squelette en composite.<\/p>\n<p style=\"text-align: justify;\">Nous utilisons des sangles a\u00e9ro Type 8 qui conf\u00e8rent <strong>la r\u00e9sistance et les capacit\u00e9s de portage<\/strong> au HMB EPI\u00ae.<\/p>\n<p style=\"text-align: justify;\">Le <strong>Harnais de S\u00e9curit\u00e9 HMB EPI\u00ae EN813<\/strong>\u00a0utilise la boucle Cobra\u00ae 25mm<strong> la plus r\u00e9sistante qui existe<\/strong>. L&rsquo;<strong>anneau de charge textile<\/strong> is <strong>renforc\u00e9 avec de l&rsquo;hypalon<\/strong> et \u00e9vite le contact m\u00e9tal contre m\u00e9tal qui peut exister avec des D-ring m\u00e9talliques.<\/p>\n<p style=\"text-align: justify;\">Dans la suite de notre d\u00e9marche de <strong>r\u00e9duire la pr\u00e9sence de velcro<\/strong> aux endroits o\u00f9 cela n&rsquo;est pas indispensable, la continuit\u00e9 de rigidit\u00e9 se fait au moyen d&rsquo;une extension rigide du squelette qui <strong>vient se verrouiller dans le motif signature<\/strong>. En particulier, <strong>le velcro crochet ab\u00eeme les sangles et il est important pour nous de r\u00e9duire les risques d&rsquo;usure<\/strong> pr\u00e9matur\u00e9e de nos \u00e9quipements.<\/p>\n<p>Le <strong>Harnais Cuissard HMB EPI\u00ae<\/strong> fourni se fixe rapidement et sans connecteur au syst\u00e8me. Des d\u00e9trompeurs de couleur permettent d&rsquo;identifier facilement la jambe gauche de la jambe droite. Les sangles autour des cuisses se verrouillent avec des boucles Cobra AustriAlpin.<\/p>\n<p>Le <strong>Harnais Cuissard HMB EPI\u00ae<\/strong> poss\u00e8de des renforcements rigides et rembourr\u00e9s pour renforcer le confort en utilisation.<\/p>\n<h4 id=\"conforme\"><strong>Certifi\u00e9 Conforme<\/strong><\/h4>\n<p style=\"text-align: justify;\">Cet <strong>Harnais de S\u00e9urit\u00e9<\/strong><strong>\u00a0HMB EPI\u00ae<\/strong> est certifi\u00e9e conforme \u00e0 la norme <strong>EN813:2018<\/strong>. Il pourra notamment \u00eatre utilis\u00e9 pour le <strong>travail statique en hauteur sur des fa\u00e7ades de b\u00e2timents<\/strong>.<\/p>\n<p style=\"text-align: justify;\"><span style=\"text-decoration: underline;\">Point d&rsquo;attache certifi\u00e9 conforme en utilisation EN813 (cf notice) : <\/span><\/p>\n<ul>\n<li>Point d&rsquo;attache vertical<\/li>\n<\/ul>\n<p>En utilisant seulement la <strong>Sous-Ceinture, la Ceinture de Maintien et le Dosseret,<\/strong> ce lot est \u00e9galement conforme \u00e0 la norme<strong> EN358:2018<\/strong> (a\u00e9ro).<\/p>\n<p><span style=\"text-decoration: underline;\">Point d&rsquo;attache certifi\u00e9 conforme en utilisation EN358 (cf notice) : <\/span><\/p>\n<ul>\n<li>Point d&rsquo;attache vertical<\/li>\n<\/ul>\n<p>En utilisant seulement la <strong>Sous-Ceinture, la Ceinture de Maintien et le Harnais Cuissard<\/strong>, ce lot est \u00e9galement conforme \u00e0 la norme <strong>EN12277:2015+A1:2018 Type C<\/strong> (alpinisme et escalade)<\/p>\n<p><span style=\"text-decoration: underline;\">Points d&rsquo;attache certifi\u00e9s conforme en utilisation EN12277A1 Type C (cf notice) : <\/span><\/p>\n<ul>\n<li>Point d&rsquo;attache horizontal renforc\u00e9<\/li>\n<li>Point d&rsquo;attache vertical<\/li>\n<\/ul>\n<h4 id=\"tailles\"><strong>Size Guide<\/strong><\/h4>\n<p style=\"text-align: justify;\"><strong>ATTENTION MERCI DE BIEN PRENDRE CONNAISSANCE DES INFORMATIONS CI-DESSOUS<\/strong><\/p>\n<p style=\"text-align: justify;\">Les mesures suivantes sont les circonf\u00e9rences internes maximum. Il n&rsquo;y a pas de minimum mais plus vous vous \u00e9loignez du maximum, plus il y a de superposition entre les deux extr\u00e9mit\u00e9s.Si votre tour de taille est exactement la mesure maximale, prenez cette taille.<\/p>\n<p style=\"text-align: justify;\"><span style=\"text-decoration: underline;\"><strong>Ceinture de Retenue et Maintien HMB EPI\u00ae<\/strong><\/span><\/p>\n<p style=\"text-align: justify;\"><strong><span style=\"color: #800000;\">ATTENTION : l&rsquo;ajout du dosseret entre la Sous-Ceinture et la Ceinture de Maintien r\u00e9duit de 5cm les circonf\u00e9rences maximum et minimum. Les tailles indiqu\u00e9es sont celles de la Ceinture de Maintien seule, sans utiliser le dosseret.<\/span><\/strong><\/p>\n<p style=\"text-align: justify;\"><strong>X-SMALL<\/strong> : 56 \u00e0 77cm<br \/>\n<strong>SMALL<\/strong> : 68 \u00e0 89cm<br \/>\n<strong>MEDIUM<\/strong> : 80 \u00e0 101cm<br \/>\n<strong>LARGE<\/strong> : 92 \u00e0 113cm<br \/>\n<strong>X-LARGE<\/strong> : 104 \u00e0 125cm<\/p>\n<p style=\"text-align: justify;\">Pour mesurer votre taille, mesurer votre tour de taille au niveau des passants de ceintures de votre pantalon, par dessus le pantalon, <strong>AVEC UNE SOUS-CEINTURE<\/strong> with a flexible tape measure, without being too tight or too loose. If you don't have a tape measure, you can use a piece of string or paracord to go round the edge and then measure it.<\/p>\n<p><span style=\"text-decoration: underline;\"><strong>Dosseret de Maintien HMB EPI\u00ae<\/strong><\/span><\/p>\n<p>Il est obligatoire de prendre la m\u00eame taille que la <strong>Ceinture de Retenue et de Maintien HMB EPI\u00ae<\/strong>.<\/p>\n<p style=\"text-align: justify;\"><span style=\"text-decoration: underline;\"><strong>Sous-Ceinture HMB EPI\u00ae<\/strong><\/span><\/p>\n<p style=\"text-align: justify;\"><strong>X-SMALL<\/strong> : 51 \u00e0 71cm<br \/>\n<strong>SMALL<\/strong> : 63 \u00e0 83cm<br \/>\n<strong>MEDIUM<\/strong> : 76 \u00e0 95cm<br \/>\n<strong>LARGE<\/strong> : 88 \u00e0 106cm<br \/>\n<strong>X-LARGE<\/strong> : 99 \u00e0 119cm<\/p>\n<p><span style=\"text-decoration: underline;\"><strong>Harnais Cuissard HMB EPI\u00ae<\/strong><\/span><\/p>\n<p>Taille Unique.<\/p>\n<p style=\"text-align: justify;\">Mesures \u00e0 effectuer autour de votre pantalon, au niveau des passants de ceinture sans appliquer de force sur votre peau.<\/p>\n<h4 style=\"text-align: justify;\"><img decoding=\"async\" class=\"aligncenter size-full wp-image-49837\" src=\"https:\/\/hexatac.com\/wp-content\/uploads\/2021\/03\/Presentation_Ceinturon_HMB\u00ae__Hexatac__Ceinture_Cobra_Molle.gif\" height=\"293\" \/><\/h4>\n<h4 id=\"inclus\"><strong>What's included<\/strong><\/h4>\n<ul>\n<li style=\"text-align: justify;\">Sous-Ceinture HMB EPI\u00ae<\/li>\n<li style=\"text-align: justify;\">Ceinture de Retenue &amp; Maintien HMB EPI\u00ae<\/li>\n<li>Dosseret de Maintien HMB EPI\u00ae<\/li>\n<li>Harnais Cuissard HMB EPI\u00ae<\/li>\n<\/ul>\n<h4 id=\"video\"><strong>Video Presentation<\/strong><\/h4>\n<p>\u00c0 VENIR<\/p>\n<p style=\"text-align: justify;\"><span style=\"text-decoration: underline;\"><strong>ORIGINES :<\/strong><\/span><br \/>\n- Host : Manufacture : EU | Materials : USA and EU<\/p>\n<p style=\"text-align: justify;\"><strong>Limited lifetime warranty against manufacturing defects.<\/strong><\/p>\n<p><a href=\"https:\/\/hexatac.com\/wp-content\/uploads\/2026\/03\/Notice_certif_HMBR_CERTIF10.pdf\">Manuel d&rsquo;utilisation<\/a><\/p>\n<p><a href=\"https:\/\/hexatac.com\/wp-content\/uploads\/2026\/03\/DECLARATION-DE-CONFORMITE-UE-HMBE.pdf\"><u>D\u00e9claration de Conformit\u00e9 Ceinture de Maintien HMB EPI\u00ae (HMBE)<\/u><\/a><\/p>\n<p style=\"text-align: justify;\"><em>*\u00c0 la date de sortie le 30\/09\/2025<\/em><\/p>","protected":false},"excerpt":{"rendered":"<p><strong>\u2714 Un vrai Ceinturon tactique certifi\u00e9 EPI<br \/>\n\u2714 Pour les activit\u00e9s a\u00e9ro, le travail en hauteur et l&rsquo;escalade et l&rsquo;alpinisme (EN358, EN813, EN12277A1 Type C)<\/strong><br \/>\n<strong>\u2714 S&rsquo;adapte \u00e0 la norme n\u00e9cessaire selon les \u00e9l\u00e9ments utilis\u00e9s<\/strong><br \/>\n<strong>\u2714 Point d\u2019accroche textile renforc\u00e9 pour \u00e9viter le contact m\u00e9tal contre m\u00e9tal<\/strong><br \/>\n<strong>\u2714 MOLLE sur toute la longueur peu importe le r\u00e9glage<\/strong><br \/>\n<strong>\u2714 Rigidit\u00e9 continue<\/strong><\/p>","protected":false},"featured_media":23257862,"comment_status":"open","ping_status":"closed","template":"","meta":{"_monsterinsights_skip_tracking":false,"_monsterinsights_sitenote_active":false,"_monsterinsights_sitenote_note":"","_monsterinsights_sitenote_category":0},"product_brand":[2323],"product_cat":[4243],"product_tag":[4175,4173],"class_list":{"0":"post-23255383","1":"product","2":"type-product","3":"status-publish","4":"has-post-thumbnail","6":"product_brand-hexatac","7":"product_cat-epi","8":"product_tag-b2b","9":"product_tag-ceinture","11":"first","12":"onbackorder","13":"downloadable","14":"taxable","15":"shipping-taxable","16":"purchasable","17":"product-type-bundle"},"bundled_by":[],"bundle_stock_status":"instock","bundle_stock_quantity":"","bundle_virtual":false,"bundle_layout":"default","bundle_add_to_cart_form_location":"default","bundle_editable_in_cart":false,"bundle_sold_individually_context":"product","bundle_item_grouping":"parent","bundle_min_size":"","bundle_max_size":"","bundle_price":{"price":{"min":{"incl_tax":"639.9","excl_tax":"533.25"},"max":{"incl_tax":"639.9","excl_tax":"533.25"}},"regular_price":{"min":{"incl_tax":"639.9","excl_tax":"533.25"},"max":{"incl_tax":"639.9","excl_tax":"533.25"}}},"bundled_items":[{"bundled_item_id":138,"product_id":23249111,"menu_order":0,"quantity_min":1,"quantity_max":1,"quantity_default":1,"priced_individually":false,"shipped_individually":false,"override_title":true,"title":"Sous-Ceinture HMB\u00b2\u00ae","override_description":true,"description":"","optional":false,"hide_thumbnail":true,"discount":"","override_variations":false,"allowed_variations":[],"override_default_variation_attributes":false,"default_variation_attributes":[],"single_product_visibility":"visible","cart_visibility":"visible","order_visibility":"visible","single_product_price_visibility":"visible","cart_price_visibility":"visible","order_price_visibility":"visible","stock_status":"in_stock"},{"bundled_item_id":147,"product_id":23221098,"menu_order":1,"quantity_min":1,"quantity_max":1,"quantity_default":1,"priced_individually":false,"shipped_individually":false,"override_title":false,"title":"Ceinture de Maintien HMB EPI\u00ae","override_description":true,"description":"","optional":false,"hide_thumbnail":true,"discount":"","override_variations":false,"allowed_variations":[],"override_default_variation_attributes":false,"default_variation_attributes":[],"single_product_visibility":"visible","cart_visibility":"visible","order_visibility":"visible","single_product_price_visibility":"visible","cart_price_visibility":"visible","order_price_visibility":"visible","stock_status":"on_backorder"},{"bundled_item_id":140,"product_id":23249982,"menu_order":2,"quantity_min":1,"quantity_max":1,"quantity_default":1,"priced_individually":false,"shipped_individually":false,"override_title":false,"title":"Dosseret de Maintien HMB EPI\u00ae","override_description":true,"description":"ATTENTION : La taille du dosseret doit \u00eatre identique \u00e0 la taille de la Ceinture de Maintien","optional":false,"hide_thumbnail":true,"discount":"","override_variations":false,"allowed_variations":[],"override_default_variation_attributes":false,"default_variation_attributes":[],"single_product_visibility":"visible","cart_visibility":"visible","order_visibility":"visible","single_product_price_visibility":"visible","cart_price_visibility":"visible","order_price_visibility":"visible","stock_status":"in_stock"},{"bundled_item_id":141,"product_id":78200,"menu_order":3,"quantity_min":1,"quantity_max":1,"quantity_default":1,"priced_individually":false,"shipped_individually":false,"override_title":false,"title":"Harnais Cuissard HMB EPI\u00ae","override_description":true,"description":"","optional":false,"hide_thumbnail":true,"discount":"","override_variations":false,"allowed_variations":[],"override_default_variation_attributes":false,"default_variation_attributes":[],"single_product_visibility":"visible","cart_visibility":"visible","order_visibility":"visible","single_product_price_visibility":"visible","cart_price_visibility":"visible","order_price_visibility":"visible","stock_status":"on_backorder"}],"bundle_sell_ids":[],"yoast_head":"<!-- This site is optimized with the Yoast SEO Premium plugin v26.6 (Yoast SEO v27.5) - https:\/\/yoast.com\/product\/yoast-seo-premium-wordpress\/ -->\n<title>Lot Harnais de S\u00e9curit\u00e9 HMB EPI\u00ae EN813 | Varappe | HEXATAC<\/title>\n<meta name=\"description\" content=\"Harnais de S\u00e9curit\u00e9 EPI avec Ceinture de Combat certifi\u00e9 EN813. Id\u00e9al pour la varappe et les positions statiques en fa\u00e7ade. Con\u00e7u en France.\" \/>\n<meta name=\"robots\" content=\"index, follow, max-snippet:-1, max-image-preview:large, max-video-preview:-1\" \/>\n<link rel=\"canonical\" href=\"https:\/\/hexatac.com\/en\/product\/lot-harnais-de-securite-hmb-epi-en813\/\" \/>\n<meta property=\"og:locale\" content=\"en_GB\" \/>\n<meta property=\"og:type\" content=\"article\" \/>\n<meta property=\"og:title\" content=\"Lot Harnais de S\u00e9curit\u00e9 HMB EPI\u00ae EN813, EN358, EN12277A1 Type C\" \/>\n<meta property=\"og:description\" content=\"Harnais de S\u00e9curit\u00e9 EPI avec Ceinture de Combat certifi\u00e9 EN813. Id\u00e9al pour la varappe et les positions statiques en fa\u00e7ade. Con\u00e7u en France.\" \/>\n<meta property=\"og:url\" content=\"https:\/\/hexatac.com\/en\/product\/lot-harnais-de-securite-hmb-epi-en813\/\" \/>\n<meta property=\"og:site_name\" content=\"Hexatac\" \/>\n<meta property=\"article:modified_time\" content=\"2026-03-31T09:02:20+00:00\" \/>\n<meta property=\"og:image\" content=\"https:\/\/hexatac.com\/wp-content\/uploads\/2026\/02\/HMBE813-MC-34DROIT.jpeg\" \/>\n\t<meta property=\"og:image:width\" content=\"2048\" \/>\n\t<meta property=\"og:image:height\" content=\"2048\" \/>\n\t<meta property=\"og:image:type\" content=\"image\/jpeg\" \/>\n<meta name=\"twitter:card\" content=\"summary_large_image\" \/>\n<script type=\"application\/ld+json\" class=\"yoast-schema-graph\">{\"@context\":\"https:\\\/\\\/schema.org\",\"@graph\":[{\"@type\":[\"WebPage\",\"ItemPage\"],\"@id\":\"https:\\\/\\\/hexatac.com\\\/product\\\/lot-harnais-de-securite-hmb-epi-en813\\\/\",\"url\":\"https:\\\/\\\/hexatac.com\\\/product\\\/lot-harnais-de-securite-hmb-epi-en813\\\/\",\"name\":\"Lot Harnais de S\u00e9curit\u00e9 HMB EPI\u00ae EN813 | Varappe | HEXATAC\",\"isPartOf\":{\"@id\":\"https:\\\/\\\/hexatac.com\\\/#website\"},\"primaryImageOfPage\":{\"@id\":\"https:\\\/\\\/hexatac.com\\\/product\\\/lot-harnais-de-securite-hmb-epi-en813\\\/#primaryimage\"},\"image\":{\"@id\":\"https:\\\/\\\/hexatac.com\\\/product\\\/lot-harnais-de-securite-hmb-epi-en813\\\/#primaryimage\"},\"thumbnailUrl\":\"https:\\\/\\\/cdn.hexatac.com\\\/\\\/wp-content\\\/uploads\\\/2026\\\/02\\\/HMBE813-MC-34DROIT.jpeg\",\"datePublished\":\"2025-09-20T14:55:57+00:00\",\"dateModified\":\"2026-03-31T09:02:20+00:00\",\"description\":\"Harnais de S\u00e9curit\u00e9 EPI avec Ceinture de Combat certifi\u00e9 EN813. Id\u00e9al pour la varappe et les positions statiques en fa\u00e7ade. Con\u00e7u en France.\",\"breadcrumb\":{\"@id\":\"https:\\\/\\\/hexatac.com\\\/product\\\/lot-harnais-de-securite-hmb-epi-en813\\\/#breadcrumb\"},\"inLanguage\":\"en-GB\",\"potentialAction\":[{\"@type\":\"ReadAction\",\"target\":[\"https:\\\/\\\/hexatac.com\\\/product\\\/lot-harnais-de-securite-hmb-epi-en813\\\/\"]}]},{\"@type\":\"ImageObject\",\"inLanguage\":\"en-GB\",\"@id\":\"https:\\\/\\\/hexatac.com\\\/product\\\/lot-harnais-de-securite-hmb-epi-en813\\\/#primaryimage\",\"url\":\"https:\\\/\\\/cdn.hexatac.com\\\/\\\/wp-content\\\/uploads\\\/2026\\\/02\\\/HMBE813-MC-34DROIT.jpeg\",\"contentUrl\":\"https:\\\/\\\/cdn.hexatac.com\\\/\\\/wp-content\\\/uploads\\\/2026\\\/02\\\/HMBE813-MC-34DROIT.jpeg\",\"width\":2048,\"height\":2048},{\"@type\":\"BreadcrumbList\",\"@id\":\"https:\\\/\\\/hexatac.com\\\/product\\\/lot-harnais-de-securite-hmb-epi-en813\\\/#breadcrumb\",\"itemListElement\":[{\"@type\":\"ListItem\",\"position\":1,\"name\":\"Accueil\",\"item\":\"https:\\\/\\\/hexatac.com\\\/\"},{\"@type\":\"ListItem\",\"position\":2,\"name\":\"Boutique\",\"item\":\"https:\\\/\\\/hexatac.com\\\/boutique\\\/\"},{\"@type\":\"ListItem\",\"position\":3,\"name\":\"Lot Harnais de S\u00e9curit\u00e9 HMB EPI\u00ae EN813, EN358, EN12277A1 Type C\"}]},{\"@type\":\"WebSite\",\"@id\":\"https:\\\/\\\/hexatac.com\\\/#website\",\"url\":\"https:\\\/\\\/hexatac.com\\\/\",\"name\":\"Hexatac\",\"description\":\"Equipement Tactique | Policier | Militaire | Gendarme | Airsoft\",\"potentialAction\":[{\"@type\":\"SearchAction\",\"target\":{\"@type\":\"EntryPoint\",\"urlTemplate\":\"https:\\\/\\\/hexatac.com\\\/?s={search_term_string}\"},\"query-input\":{\"@type\":\"PropertyValueSpecification\",\"valueRequired\":true,\"valueName\":\"search_term_string\"}}],\"inLanguage\":\"en-GB\"}]}<\/script>\n<meta property=\"product:price:amount\" content=\"639.90\" \/>\n<meta property=\"product:price:currency\" content=\"EUR\" \/>\n<meta property=\"og:availability\" content=\"backorder\" \/>\n<meta property=\"product:availability\" content=\"available for order\" \/>\n<meta property=\"product:retailer_item_id\" content=\"HMBE-813\" \/>\n<meta property=\"product:condition\" content=\"new\" \/>\n<!-- \/ Yoast SEO Premium plugin. -->","yoast_head_json":{"title":"Lot Harnais de S\u00e9curit\u00e9 HMB EPI\u00ae EN813 | Varappe | HEXATAC","description":"Harnais de S\u00e9curit\u00e9 EPI avec Ceinture de Combat certifi\u00e9 EN813. Id\u00e9al pour la varappe et les positions statiques en fa\u00e7ade. Con\u00e7u en France.","robots":{"index":"index","follow":"follow","max-snippet":"max-snippet:-1","max-image-preview":"max-image-preview:large","max-video-preview":"max-video-preview:-1"},"canonical":"https:\/\/hexatac.com\/en\/product\/lot-harnais-de-securite-hmb-epi-en813\/","og_locale":"en_GB","og_type":"article","og_title":"Lot Harnais de S\u00e9curit\u00e9 HMB EPI\u00ae EN813, EN358, EN12277A1 Type C","og_description":"Harnais de S\u00e9curit\u00e9 EPI avec Ceinture de Combat certifi\u00e9 EN813. Id\u00e9al pour la varappe et les positions statiques en fa\u00e7ade. Con\u00e7u en France.","og_url":"https:\/\/hexatac.com\/en\/product\/lot-harnais-de-securite-hmb-epi-en813\/","og_site_name":"Hexatac","article_modified_time":"2026-03-31T09:02:20+00:00","og_image":[{"width":2048,"height":2048,"url":"https:\/\/hexatac.com\/wp-content\/uploads\/2026\/02\/HMBE813-MC-34DROIT.jpeg","type":"image\/jpeg"}],"twitter_card":"summary_large_image","schema":{"@context":"https:\/\/schema.org","@graph":[{"@type":["WebPage","ItemPage"],"@id":"https:\/\/hexatac.com\/product\/lot-harnais-de-securite-hmb-epi-en813\/","url":"https:\/\/hexatac.com\/product\/lot-harnais-de-securite-hmb-epi-en813\/","name":"Lot Harnais de S\u00e9curit\u00e9 HMB EPI\u00ae EN813 | Varappe | HEXATAC","isPartOf":{"@id":"https:\/\/hexatac.com\/#website"},"primaryImageOfPage":{"@id":"https:\/\/hexatac.com\/product\/lot-harnais-de-securite-hmb-epi-en813\/#primaryimage"},"image":{"@id":"https:\/\/hexatac.com\/product\/lot-harnais-de-securite-hmb-epi-en813\/#primaryimage"},"thumbnailUrl":"https:\/\/cdn.hexatac.com\/\/wp-content\/uploads\/2026\/02\/HMBE813-MC-34DROIT.jpeg","datePublished":"2025-09-20T14:55:57+00:00","dateModified":"2026-03-31T09:02:20+00:00","description":"Harnais de S\u00e9curit\u00e9 EPI avec Ceinture de Combat certifi\u00e9 EN813. Id\u00e9al pour la varappe et les positions statiques en fa\u00e7ade. Con\u00e7u en France.","breadcrumb":{"@id":"https:\/\/hexatac.com\/product\/lot-harnais-de-securite-hmb-epi-en813\/#breadcrumb"},"inLanguage":"en-GB","potentialAction":[{"@type":"ReadAction","target":["https:\/\/hexatac.com\/product\/lot-harnais-de-securite-hmb-epi-en813\/"]}]},{"@type":"ImageObject","inLanguage":"en-GB","@id":"https:\/\/hexatac.com\/product\/lot-harnais-de-securite-hmb-epi-en813\/#primaryimage","url":"https:\/\/cdn.hexatac.com\/\/wp-content\/uploads\/2026\/02\/HMBE813-MC-34DROIT.jpeg","contentUrl":"https:\/\/cdn.hexatac.com\/\/wp-content\/uploads\/2026\/02\/HMBE813-MC-34DROIT.jpeg","width":2048,"height":2048},{"@type":"BreadcrumbList","@id":"https:\/\/hexatac.com\/product\/lot-harnais-de-securite-hmb-epi-en813\/#breadcrumb","itemListElement":[{"@type":"ListItem","position":1,"name":"Accueil","item":"https:\/\/hexatac.com\/"},{"@type":"ListItem","position":2,"name":"Boutique","item":"https:\/\/hexatac.com\/boutique\/"},{"@type":"ListItem","position":3,"name":"Lot Harnais de S\u00e9curit\u00e9 HMB EPI\u00ae EN813, EN358, EN12277A1 Type C"}]},{"@type":"WebSite","@id":"https:\/\/hexatac.com\/#website","url":"https:\/\/hexatac.com\/","name":"Hexatac","description":"Tactical Equipment | Policeman | Military | Gendarme | Airsoft","potentialAction":[{"@type":"SearchAction","target":{"@type":"EntryPoint","urlTemplate":"https:\/\/hexatac.com\/?s={search_term_string}"},"query-input":{"@type":"PropertyValueSpecification","valueRequired":true,"valueName":"search_term_string"}}],"inLanguage":"en-GB"}]},"product_price_amount":"639.90","product_price_currency":"EUR","og_availability":"backorder","product_availability":"available for order","product_retailer_item_id":"HMBE-813","product_condition":"new"},"_links":{"self":[{"href":"https:\/\/hexatac.com\/en\/wp-json\/wp\/v2\/product\/23255383","targetHints":{"allow":["GET"]}}],"collection":[{"href":"https:\/\/hexatac.com\/en\/wp-json\/wp\/v2\/product"}],"about":[{"href":"https:\/\/hexatac.com\/en\/wp-json\/wp\/v2\/types\/product"}],"replies":[{"embeddable":true,"href":"https:\/\/hexatac.com\/en\/wp-json\/wp\/v2\/comments?post=23255383"}],"wp:featuredmedia":[{"embeddable":true,"href":"https:\/\/hexatac.com\/en\/wp-json\/wp\/v2\/media\/23257862"}],"wp:attachment":[{"href":"https:\/\/hexatac.com\/en\/wp-json\/wp\/v2\/media?parent=23255383"}],"wp:term":[{"taxonomy":"product_brand","embeddable":true,"href":"https:\/\/hexatac.com\/en\/wp-json\/wp\/v2\/product_brand?post=23255383"},{"taxonomy":"product_cat","embeddable":true,"href":"https:\/\/hexatac.com\/en\/wp-json\/wp\/v2\/product_cat?post=23255383"},{"taxonomy":"product_tag","embeddable":true,"href":"https:\/\/hexatac.com\/en\/wp-json\/wp\/v2\/product_tag?post=23255383"}],"curies":[{"name":"wp","href":"https:\/\/api.w.org\/{rel}","templated":true}]}}