{"id":23254964,"date":"2025-08-23T16:16:13","date_gmt":"2025-08-23T14:16:13","guid":{"rendered":"https:\/\/hexatac.com\/?post_type=product&#038;p=23254964"},"modified":"2026-03-06T09:43:14","modified_gmt":"2026-03-06T08:43:14","slug":"antenne-radio-col-de-cygne","status":"publish","type":"product","link":"https:\/\/hexatac.com\/en\/product\/antenne-radio-col-de-cygne\/","title":{"rendered":"Antenne Radio Col de Cygne"},"content":{"rendered":"<h4>Antenne Col de Cygne | Communication | HEXATAC<\/h4>\n<p>L&rsquo;antenne simple que nous utilisons depuis<strong> plusieurs ann\u00e9es<\/strong>, <strong>valid\u00e9e<\/strong> and <strong>\u00e9prouv\u00e9e<\/strong> sur le terrain.<\/p>\n<p>Fabriqu\u00e9e selon <strong>notre cahier des charges strict<\/strong>\u00a0et issue d&rsquo;une multitude d&rsquo;it\u00e9rations.<\/p>\n<p>La base est <strong>articul\u00e9e<\/strong> pour ne pas g\u00eaner et sa longueur permet de s&rsquo;\u00e9loigner du corps (qui reste la premi\u00e8re source de blocage des ondes radios&#8230;).<\/p>\n<p>Vous pourrez la porter directement sur votre portatif ou dans le dos via un kit de relocation.<\/p>\n<h4 id=\"compatibilite\"><span style=\"text-decoration: underline;\"><strong>Sp\u00e9cifications<\/strong><\/span><\/h4>\n<ul>\n<li><strong>Fr\u00e9quences<\/strong> : 400 \u00e0 470mhz optimis\u00e9 pour 433\/446mhz (contactez-nous pour d&rsquo;autres fr\u00e9quences)<\/li>\n<li><strong>Type<\/strong> : Omnidirectionnelle<\/li>\n<li><strong>Gain<\/strong> : 4dBi<\/li>\n<li><strong>Puissance Max<\/strong> par prise : 20W<\/li>\n<li><strong>VSWR<\/strong> &lt; 1,5 ( = c&rsquo;est une antenne de qualit\u00e9)<\/li>\n<li><strong>Length<\/strong> totale : 29cm<\/li>\n<\/ul>\n<h4 id=\"inclus\"><span style=\"text-decoration: underline;\"><strong>What's included<\/strong><\/span><\/h4>\n<ul>\n<li>(1) antenne col de cygne<\/li>\n<\/ul>\n<p><strong>ORIGINS<\/strong> :<br \/>\nFabrication : Chine<\/p>","protected":false},"excerpt":{"rendered":"<h4>SHORTCUTS<\/h4>\n<div class=\"boutons_short_desc\">\n<ul>\n<li style=\"list-style-type: none;\">\n<ul>\n<li><a class=\"button\" href=\"#inclus\">WHAT'S INCLUDED?<\/a><\/li>\n<li><a class=\"button\" href=\"#compatibilite\">SP\u00c9CIFICATIONS<\/a><\/li>\n<\/ul>\n<\/li>\n<\/ul>\n<\/div>","protected":false},"featured_media":23254969,"comment_status":"open","ping_status":"closed","template":"","meta":{"_monsterinsights_skip_tracking":false,"_monsterinsights_sitenote_active":false,"_monsterinsights_sitenote_note":"","_monsterinsights_sitenote_category":0},"product_brand":[2323],"product_cat":[4436,4435],"product_tag":[],"class_list":{"0":"post-23254964","1":"product","2":"type-product","3":"status-publish","4":"has-post-thumbnail","6":"product_brand-hexatac","7":"product_cat-balises-atak","8":"product_cat-radios","10":"first","11":"onbackorder","12":"taxable","13":"shipping-taxable","14":"purchasable","15":"product-type-variable","16":"has-default-attributes"},"bundled_by":[],"bundle_stock_status":"onbackorder","bundle_stock_quantity":null,"bundle_virtual":false,"bundle_layout":"","bundle_add_to_cart_form_location":"","bundle_editable_in_cart":false,"bundle_sold_individually_context":"","bundle_item_grouping":"","bundle_min_size":"","bundle_max_size":"","bundle_price":[],"bundled_items":[],"bundle_sell_ids":[],"yoast_head":"<!-- This site is optimized with the Yoast SEO Premium plugin v26.6 (Yoast SEO v27.5) - https:\/\/yoast.com\/product\/yoast-seo-premium-wordpress\/ -->\n<title>Antenne Radio Col de Cygne - Hexatac<\/title>\n<meta name=\"robots\" content=\"index, follow, max-snippet:-1, max-image-preview:large, max-video-preview:-1\" \/>\n<link rel=\"canonical\" href=\"https:\/\/hexatac.com\/en\/product\/antenne-radio-col-de-cygne\/\" \/>\n<meta property=\"og:locale\" content=\"en_GB\" \/>\n<meta property=\"og:type\" content=\"article\" \/>\n<meta property=\"og:title\" content=\"Antenne Radio Col de Cygne\" \/>\n<meta property=\"og:description\" content=\"RACCOURCIS       CE QUI EST INCLUS?  SP\u00c9CIFICATIONS\" \/>\n<meta property=\"og:url\" content=\"https:\/\/hexatac.com\/en\/product\/antenne-radio-col-de-cygne\/\" \/>\n<meta property=\"og:site_name\" content=\"Hexatac\" \/>\n<meta property=\"article:modified_time\" content=\"2026-03-06T08:43:14+00:00\" \/>\n<meta property=\"og:image\" content=\"https:\/\/hexatac.com\/wp-content\/uploads\/2025\/08\/antenne_col-de-cygne-Photoroom.jpg\" \/>\n\t<meta property=\"og:image:width\" content=\"2048\" \/>\n\t<meta property=\"og:image:height\" content=\"2048\" \/>\n\t<meta property=\"og:image:type\" content=\"image\/jpeg\" \/>\n<meta name=\"twitter:card\" content=\"summary_large_image\" \/>\n<script type=\"application\/ld+json\" class=\"yoast-schema-graph\">{\"@context\":\"https:\\\/\\\/schema.org\",\"@graph\":[{\"@type\":[\"WebPage\",\"ItemPage\"],\"@id\":\"https:\\\/\\\/hexatac.com\\\/product\\\/antenne-radio-col-de-cygne\\\/\",\"url\":\"https:\\\/\\\/hexatac.com\\\/product\\\/antenne-radio-col-de-cygne\\\/\",\"name\":\"Antenne Radio Col de Cygne - Hexatac\",\"isPartOf\":{\"@id\":\"https:\\\/\\\/hexatac.com\\\/#website\"},\"primaryImageOfPage\":{\"@id\":\"https:\\\/\\\/hexatac.com\\\/product\\\/antenne-radio-col-de-cygne\\\/#primaryimage\"},\"image\":{\"@id\":\"https:\\\/\\\/hexatac.com\\\/product\\\/antenne-radio-col-de-cygne\\\/#primaryimage\"},\"thumbnailUrl\":\"https:\\\/\\\/cdn.hexatac.com\\\/\\\/wp-content\\\/uploads\\\/2025\\\/08\\\/antenne_col-de-cygne-Photoroom.jpg\",\"datePublished\":\"2025-08-23T14:16:13+00:00\",\"dateModified\":\"2026-03-06T08:43:14+00:00\",\"breadcrumb\":{\"@id\":\"https:\\\/\\\/hexatac.com\\\/product\\\/antenne-radio-col-de-cygne\\\/#breadcrumb\"},\"inLanguage\":\"en-GB\",\"potentialAction\":[{\"@type\":\"ReadAction\",\"target\":[\"https:\\\/\\\/hexatac.com\\\/product\\\/antenne-radio-col-de-cygne\\\/\"]}]},{\"@type\":\"ImageObject\",\"inLanguage\":\"en-GB\",\"@id\":\"https:\\\/\\\/hexatac.com\\\/product\\\/antenne-radio-col-de-cygne\\\/#primaryimage\",\"url\":\"https:\\\/\\\/cdn.hexatac.com\\\/\\\/wp-content\\\/uploads\\\/2025\\\/08\\\/antenne_col-de-cygne-Photoroom.jpg\",\"contentUrl\":\"https:\\\/\\\/cdn.hexatac.com\\\/\\\/wp-content\\\/uploads\\\/2025\\\/08\\\/antenne_col-de-cygne-Photoroom.jpg\",\"width\":2048,\"height\":2048},{\"@type\":\"BreadcrumbList\",\"@id\":\"https:\\\/\\\/hexatac.com\\\/product\\\/antenne-radio-col-de-cygne\\\/#breadcrumb\",\"itemListElement\":[{\"@type\":\"ListItem\",\"position\":1,\"name\":\"Accueil\",\"item\":\"https:\\\/\\\/hexatac.com\\\/\"},{\"@type\":\"ListItem\",\"position\":2,\"name\":\"Boutique\",\"item\":\"https:\\\/\\\/hexatac.com\\\/boutique\\\/\"},{\"@type\":\"ListItem\",\"position\":3,\"name\":\"Antenne Radio Col de Cygne\"}]},{\"@type\":\"WebSite\",\"@id\":\"https:\\\/\\\/hexatac.com\\\/#website\",\"url\":\"https:\\\/\\\/hexatac.com\\\/\",\"name\":\"Hexatac\",\"description\":\"Equipement Tactique | Policier | Militaire | Gendarme | Airsoft\",\"potentialAction\":[{\"@type\":\"SearchAction\",\"target\":{\"@type\":\"EntryPoint\",\"urlTemplate\":\"https:\\\/\\\/hexatac.com\\\/?s={search_term_string}\"},\"query-input\":{\"@type\":\"PropertyValueSpecification\",\"valueRequired\":true,\"valueName\":\"search_term_string\"}}],\"inLanguage\":\"en-GB\"}]}<\/script>\n<meta property=\"og:availability\" content=\"backorder\" \/>\n<meta property=\"product:availability\" content=\"available for order\" \/>\n<meta property=\"product:retailer_item_id\" content=\"GSNA\" \/>\n<meta property=\"product:condition\" content=\"new\" \/>\n<!-- \/ Yoast SEO Premium plugin. -->","yoast_head_json":{"title":"Antenne Radio Col de Cygne - Hexatac","robots":{"index":"index","follow":"follow","max-snippet":"max-snippet:-1","max-image-preview":"max-image-preview:large","max-video-preview":"max-video-preview:-1"},"canonical":"https:\/\/hexatac.com\/en\/product\/antenne-radio-col-de-cygne\/","og_locale":"en_GB","og_type":"article","og_title":"Antenne Radio Col de Cygne","og_description":"RACCOURCIS       CE QUI EST INCLUS?  SP\u00c9CIFICATIONS","og_url":"https:\/\/hexatac.com\/en\/product\/antenne-radio-col-de-cygne\/","og_site_name":"Hexatac","article_modified_time":"2026-03-06T08:43:14+00:00","og_image":[{"width":2048,"height":2048,"url":"https:\/\/hexatac.com\/wp-content\/uploads\/2025\/08\/antenne_col-de-cygne-Photoroom.jpg","type":"image\/jpeg"}],"twitter_card":"summary_large_image","schema":{"@context":"https:\/\/schema.org","@graph":[{"@type":["WebPage","ItemPage"],"@id":"https:\/\/hexatac.com\/product\/antenne-radio-col-de-cygne\/","url":"https:\/\/hexatac.com\/product\/antenne-radio-col-de-cygne\/","name":"Antenne Radio Col de Cygne - Hexatac","isPartOf":{"@id":"https:\/\/hexatac.com\/#website"},"primaryImageOfPage":{"@id":"https:\/\/hexatac.com\/product\/antenne-radio-col-de-cygne\/#primaryimage"},"image":{"@id":"https:\/\/hexatac.com\/product\/antenne-radio-col-de-cygne\/#primaryimage"},"thumbnailUrl":"https:\/\/cdn.hexatac.com\/\/wp-content\/uploads\/2025\/08\/antenne_col-de-cygne-Photoroom.jpg","datePublished":"2025-08-23T14:16:13+00:00","dateModified":"2026-03-06T08:43:14+00:00","breadcrumb":{"@id":"https:\/\/hexatac.com\/product\/antenne-radio-col-de-cygne\/#breadcrumb"},"inLanguage":"en-GB","potentialAction":[{"@type":"ReadAction","target":["https:\/\/hexatac.com\/product\/antenne-radio-col-de-cygne\/"]}]},{"@type":"ImageObject","inLanguage":"en-GB","@id":"https:\/\/hexatac.com\/product\/antenne-radio-col-de-cygne\/#primaryimage","url":"https:\/\/cdn.hexatac.com\/\/wp-content\/uploads\/2025\/08\/antenne_col-de-cygne-Photoroom.jpg","contentUrl":"https:\/\/cdn.hexatac.com\/\/wp-content\/uploads\/2025\/08\/antenne_col-de-cygne-Photoroom.jpg","width":2048,"height":2048},{"@type":"BreadcrumbList","@id":"https:\/\/hexatac.com\/product\/antenne-radio-col-de-cygne\/#breadcrumb","itemListElement":[{"@type":"ListItem","position":1,"name":"Accueil","item":"https:\/\/hexatac.com\/"},{"@type":"ListItem","position":2,"name":"Boutique","item":"https:\/\/hexatac.com\/boutique\/"},{"@type":"ListItem","position":3,"name":"Antenne Radio Col de Cygne"}]},{"@type":"WebSite","@id":"https:\/\/hexatac.com\/#website","url":"https:\/\/hexatac.com\/","name":"Hexatac","description":"Tactical Equipment | Policeman | Military | Gendarme | Airsoft","potentialAction":[{"@type":"SearchAction","target":{"@type":"EntryPoint","urlTemplate":"https:\/\/hexatac.com\/?s={search_term_string}"},"query-input":{"@type":"PropertyValueSpecification","valueRequired":true,"valueName":"search_term_string"}}],"inLanguage":"en-GB"}]},"og_availability":"backorder","product_availability":"available for order","product_retailer_item_id":"GSNA","product_condition":"new"},"_links":{"self":[{"href":"https:\/\/hexatac.com\/en\/wp-json\/wp\/v2\/product\/23254964","targetHints":{"allow":["GET"]}}],"collection":[{"href":"https:\/\/hexatac.com\/en\/wp-json\/wp\/v2\/product"}],"about":[{"href":"https:\/\/hexatac.com\/en\/wp-json\/wp\/v2\/types\/product"}],"replies":[{"embeddable":true,"href":"https:\/\/hexatac.com\/en\/wp-json\/wp\/v2\/comments?post=23254964"}],"wp:featuredmedia":[{"embeddable":true,"href":"https:\/\/hexatac.com\/en\/wp-json\/wp\/v2\/media\/23254969"}],"wp:attachment":[{"href":"https:\/\/hexatac.com\/en\/wp-json\/wp\/v2\/media?parent=23254964"}],"wp:term":[{"taxonomy":"product_brand","embeddable":true,"href":"https:\/\/hexatac.com\/en\/wp-json\/wp\/v2\/product_brand?post=23254964"},{"taxonomy":"product_cat","embeddable":true,"href":"https:\/\/hexatac.com\/en\/wp-json\/wp\/v2\/product_cat?post=23254964"},{"taxonomy":"product_tag","embeddable":true,"href":"https:\/\/hexatac.com\/en\/wp-json\/wp\/v2\/product_tag?post=23254964"}],"curies":[{"name":"wp","href":"https:\/\/api.w.org\/{rel}","templated":true}]}}