{"id":23253299,"date":"2025-05-16T17:55:33","date_gmt":"2025-05-16T15:55:33","guid":{"rendered":"https:\/\/hexatac.com\/?post_type=product&#038;p=23253299"},"modified":"2025-11-17T15:36:08","modified_gmt":"2025-11-17T14:36:08","slug":"kit-tube-hydratation-pour-nalgene","status":"publish","type":"product","link":"https:\/\/hexatac.com\/en\/product\/kit-tube-hydratation-pour-nalgene\/","title":{"rendered":"Kit Tube Hydratation pour Nalgene"},"content":{"rendered":"<h4>Kit Tube Hydratation pour Nalgene<\/h4>\n<p style=\"text-align: justify;\">Ce Kit Tube d&rsquo;Hydratation pour Nalgene vous permettra de transformer votre gourde Naglene Wide Mouth en poche \u00e0 eau.<\/p>\n<p>Les avantages d&rsquo;utiliser une gourde Nalgene comme poche \u00e0 eau sont multiples : moins de fuites (on vous conseille les version HDPE moins rigides que les Tritan), plus facile \u00e0 nettoyer et plus facile \u00e0 remplir \u00e9galement.<\/p>\n<p>La version du kit que nous vous proposons est une version isotherme ce qui veut dire que l&rsquo;eau qui stagne dans votre tube ne chauffera pas par temps chaud.<\/p>\n<p>Vous pouvez \u00e9galement filtrer votre eau \u00e0 demeure gr\u00e2ce au <a href=\"https:\/\/hexatac.com\/en\/shop\/filtre-pour-kit-tube-hydratation-nalgene\/\" target=\"_blank\" rel=\"noopener\">Filtre pour Kit Hydratation Nalgene<\/a>.<\/p>\n<h4 id=\"inclus\"><span style=\"text-decoration: underline;\"><strong>What's included<\/strong><\/span><\/h4>\n<ul>\n<li>Bouchon Nalgene en 2 pi\u00e8ces<\/li>\n<li>Tube d&rsquo;hydratation isotherme<\/li>\n<li>Paille (pr\u00e9-coup\u00e9 pour Nalgene 1,5L, recoupable)<\/li>\n<li>Valve en silicone<\/li>\n<li>Valve \u00e0 mordre avec robinet<\/li>\n<li>Connexion rapide<\/li>\n<li>Clip pour bretelle<\/li>\n<\/ul>\n<h4 id=\"compatibilite\"><span style=\"text-decoration: underline;\"><strong>Compatibility<\/strong><\/span><\/h4>\n<p style=\"text-align: justify;\">Compatible avec toutes les Nalgene \u00ab\u00a0WIDE MOUTH\u00a0\u00bb = Grande Ouverture.<\/p>\n<p><strong>ORIGINE<\/strong>\u00a0:<br \/>\nUSA<\/p>","protected":false},"excerpt":{"rendered":"<h4>SHORTCUTS<\/h4>\n<div class=\"boutons_short_desc\">\n<ul>\n<li><a class=\"button\" href=\"#inclus\">WHAT'S INCLUDED?<\/a><\/li>\n<li><a class=\"button\" href=\"#compatibilite\">COMPATIBILITY<\/a><\/li>\n<\/ul>\n<\/div>","protected":false},"featured_media":23253305,"comment_status":"open","ping_status":"closed","template":"","meta":{"_monsterinsights_skip_tracking":false,"_monsterinsights_sitenote_active":false,"_monsterinsights_sitenote_note":"","_monsterinsights_sitenote_category":0},"product_brand":[4214],"product_cat":[4431],"product_tag":[],"class_list":{"0":"post-23253299","1":"product","2":"type-product","3":"status-publish","4":"has-post-thumbnail","6":"product_brand-hardside-hydration","7":"product_cat-hydratation","9":"first","10":"instock","11":"taxable","12":"shipping-taxable","13":"purchasable","14":"product-type-simple"},"bundled_by":[],"bundle_stock_status":"instock","bundle_stock_quantity":1,"bundle_virtual":false,"bundle_layout":"","bundle_add_to_cart_form_location":"","bundle_editable_in_cart":false,"bundle_sold_individually_context":"","bundle_item_grouping":"","bundle_min_size":"","bundle_max_size":"","bundle_price":[],"bundled_items":[],"bundle_sell_ids":[],"yoast_head":"<!-- This site is optimized with the Yoast SEO Premium plugin v26.6 (Yoast SEO v27.5) - https:\/\/yoast.com\/product\/yoast-seo-premium-wordpress\/ -->\n<title>Kit Tube Hydratation pour Nalgene - Hexatac<\/title>\n<meta name=\"description\" content=\"Transformez votre Nalgene en poche \u00e0 eau incassable ! Facile \u00e0 nettoyer, facile \u00e0 remplir et ultra-pratique. Fabriqu\u00e9 aux USA.\" \/>\n<meta name=\"robots\" content=\"index, follow, max-snippet:-1, max-image-preview:large, max-video-preview:-1\" \/>\n<link rel=\"canonical\" href=\"https:\/\/hexatac.com\/en\/product\/kit-tube-hydratation-pour-nalgene\/\" \/>\n<meta property=\"og:locale\" content=\"en_GB\" \/>\n<meta property=\"og:type\" content=\"article\" \/>\n<meta property=\"og:title\" content=\"Kit Tube Hydratation pour Nalgene\" \/>\n<meta property=\"og:description\" content=\"Transformez votre Nalgene en poche \u00e0 eau incassable ! Facile \u00e0 nettoyer, facile \u00e0 remplir et ultra-pratique. Fabriqu\u00e9 aux USA.\" \/>\n<meta property=\"og:url\" content=\"https:\/\/hexatac.com\/en\/product\/kit-tube-hydratation-pour-nalgene\/\" \/>\n<meta property=\"og:site_name\" content=\"Hexatac\" \/>\n<meta property=\"article:modified_time\" content=\"2025-11-17T14:36:08+00:00\" \/>\n<meta property=\"og:image\" content=\"https:\/\/hexatac.com\/wp-content\/uploads\/2025\/05\/Insulated-no-bottle-scaled.png\" \/>\n\t<meta property=\"og:image:width\" content=\"2560\" \/>\n\t<meta property=\"og:image:height\" content=\"2560\" \/>\n\t<meta property=\"og:image:type\" content=\"image\/png\" \/>\n<meta name=\"twitter:card\" content=\"summary_large_image\" \/>\n<script type=\"application\/ld+json\" class=\"yoast-schema-graph\">{\"@context\":\"https:\\\/\\\/schema.org\",\"@graph\":[{\"@type\":[\"WebPage\",\"ItemPage\"],\"@id\":\"https:\\\/\\\/hexatac.com\\\/product\\\/kit-tube-hydratation-pour-nalgene\\\/\",\"url\":\"https:\\\/\\\/hexatac.com\\\/product\\\/kit-tube-hydratation-pour-nalgene\\\/\",\"name\":\"Kit Tube Hydratation pour Nalgene - Hexatac\",\"isPartOf\":{\"@id\":\"https:\\\/\\\/hexatac.com\\\/#website\"},\"primaryImageOfPage\":{\"@id\":\"https:\\\/\\\/hexatac.com\\\/product\\\/kit-tube-hydratation-pour-nalgene\\\/#primaryimage\"},\"image\":{\"@id\":\"https:\\\/\\\/hexatac.com\\\/product\\\/kit-tube-hydratation-pour-nalgene\\\/#primaryimage\"},\"thumbnailUrl\":\"https:\\\/\\\/cdn.hexatac.com\\\/\\\/wp-content\\\/uploads\\\/2025\\\/05\\\/Insulated-no-bottle-scaled.png\",\"datePublished\":\"2025-05-16T15:55:33+00:00\",\"dateModified\":\"2025-11-17T14:36:08+00:00\",\"description\":\"Transformez votre Nalgene en poche \u00e0 eau incassable ! Facile \u00e0 nettoyer, facile \u00e0 remplir et ultra-pratique. Fabriqu\u00e9 aux USA.\",\"breadcrumb\":{\"@id\":\"https:\\\/\\\/hexatac.com\\\/product\\\/kit-tube-hydratation-pour-nalgene\\\/#breadcrumb\"},\"inLanguage\":\"en-GB\",\"potentialAction\":[{\"@type\":\"ReadAction\",\"target\":[\"https:\\\/\\\/hexatac.com\\\/product\\\/kit-tube-hydratation-pour-nalgene\\\/\"]}]},{\"@type\":\"ImageObject\",\"inLanguage\":\"en-GB\",\"@id\":\"https:\\\/\\\/hexatac.com\\\/product\\\/kit-tube-hydratation-pour-nalgene\\\/#primaryimage\",\"url\":\"https:\\\/\\\/cdn.hexatac.com\\\/\\\/wp-content\\\/uploads\\\/2025\\\/05\\\/Insulated-no-bottle-scaled.png\",\"contentUrl\":\"https:\\\/\\\/cdn.hexatac.com\\\/\\\/wp-content\\\/uploads\\\/2025\\\/05\\\/Insulated-no-bottle-scaled.png\",\"width\":2560,\"height\":2560},{\"@type\":\"BreadcrumbList\",\"@id\":\"https:\\\/\\\/hexatac.com\\\/product\\\/kit-tube-hydratation-pour-nalgene\\\/#breadcrumb\",\"itemListElement\":[{\"@type\":\"ListItem\",\"position\":1,\"name\":\"Accueil\",\"item\":\"https:\\\/\\\/hexatac.com\\\/\"},{\"@type\":\"ListItem\",\"position\":2,\"name\":\"Boutique\",\"item\":\"https:\\\/\\\/hexatac.com\\\/boutique\\\/\"},{\"@type\":\"ListItem\",\"position\":3,\"name\":\"Kit Tube Hydratation pour Nalgene\"}]},{\"@type\":\"WebSite\",\"@id\":\"https:\\\/\\\/hexatac.com\\\/#website\",\"url\":\"https:\\\/\\\/hexatac.com\\\/\",\"name\":\"Hexatac\",\"description\":\"Equipement Tactique | Policier | Militaire | Gendarme | Airsoft\",\"potentialAction\":[{\"@type\":\"SearchAction\",\"target\":{\"@type\":\"EntryPoint\",\"urlTemplate\":\"https:\\\/\\\/hexatac.com\\\/?s={search_term_string}\"},\"query-input\":{\"@type\":\"PropertyValueSpecification\",\"valueRequired\":true,\"valueName\":\"search_term_string\"}}],\"inLanguage\":\"en-GB\"}]}<\/script>\n<meta property=\"product:price:amount\" content=\"49.90\" \/>\n<meta property=\"product:price:currency\" content=\"EUR\" \/>\n<meta property=\"og:availability\" content=\"instock\" \/>\n<meta property=\"product:availability\" content=\"instock\" \/>\n<meta property=\"product:retailer_item_id\" content=\"SWGRG-WM-STBT-INS\" \/>\n<meta property=\"product:condition\" content=\"new\" \/>\n<!-- \/ Yoast SEO Premium plugin. -->","yoast_head_json":{"title":"Kit Tube Hydratation pour Nalgene - Hexatac","description":"Transformez votre Nalgene en poche \u00e0 eau incassable ! Facile \u00e0 nettoyer, facile \u00e0 remplir et ultra-pratique. Fabriqu\u00e9 aux USA.","robots":{"index":"index","follow":"follow","max-snippet":"max-snippet:-1","max-image-preview":"max-image-preview:large","max-video-preview":"max-video-preview:-1"},"canonical":"https:\/\/hexatac.com\/en\/product\/kit-tube-hydratation-pour-nalgene\/","og_locale":"en_GB","og_type":"article","og_title":"Kit Tube Hydratation pour Nalgene","og_description":"Transformez votre Nalgene en poche \u00e0 eau incassable ! Facile \u00e0 nettoyer, facile \u00e0 remplir et ultra-pratique. Fabriqu\u00e9 aux USA.","og_url":"https:\/\/hexatac.com\/en\/product\/kit-tube-hydratation-pour-nalgene\/","og_site_name":"Hexatac","article_modified_time":"2025-11-17T14:36:08+00:00","og_image":[{"width":2560,"height":2560,"url":"https:\/\/hexatac.com\/wp-content\/uploads\/2025\/05\/Insulated-no-bottle-scaled.png","type":"image\/png"}],"twitter_card":"summary_large_image","schema":{"@context":"https:\/\/schema.org","@graph":[{"@type":["WebPage","ItemPage"],"@id":"https:\/\/hexatac.com\/product\/kit-tube-hydratation-pour-nalgene\/","url":"https:\/\/hexatac.com\/product\/kit-tube-hydratation-pour-nalgene\/","name":"Kit Tube Hydratation pour Nalgene - Hexatac","isPartOf":{"@id":"https:\/\/hexatac.com\/#website"},"primaryImageOfPage":{"@id":"https:\/\/hexatac.com\/product\/kit-tube-hydratation-pour-nalgene\/#primaryimage"},"image":{"@id":"https:\/\/hexatac.com\/product\/kit-tube-hydratation-pour-nalgene\/#primaryimage"},"thumbnailUrl":"https:\/\/cdn.hexatac.com\/\/wp-content\/uploads\/2025\/05\/Insulated-no-bottle-scaled.png","datePublished":"2025-05-16T15:55:33+00:00","dateModified":"2025-11-17T14:36:08+00:00","description":"Transformez votre Nalgene en poche \u00e0 eau incassable ! Facile \u00e0 nettoyer, facile \u00e0 remplir et ultra-pratique. Fabriqu\u00e9 aux USA.","breadcrumb":{"@id":"https:\/\/hexatac.com\/product\/kit-tube-hydratation-pour-nalgene\/#breadcrumb"},"inLanguage":"en-GB","potentialAction":[{"@type":"ReadAction","target":["https:\/\/hexatac.com\/product\/kit-tube-hydratation-pour-nalgene\/"]}]},{"@type":"ImageObject","inLanguage":"en-GB","@id":"https:\/\/hexatac.com\/product\/kit-tube-hydratation-pour-nalgene\/#primaryimage","url":"https:\/\/cdn.hexatac.com\/\/wp-content\/uploads\/2025\/05\/Insulated-no-bottle-scaled.png","contentUrl":"https:\/\/cdn.hexatac.com\/\/wp-content\/uploads\/2025\/05\/Insulated-no-bottle-scaled.png","width":2560,"height":2560},{"@type":"BreadcrumbList","@id":"https:\/\/hexatac.com\/product\/kit-tube-hydratation-pour-nalgene\/#breadcrumb","itemListElement":[{"@type":"ListItem","position":1,"name":"Accueil","item":"https:\/\/hexatac.com\/"},{"@type":"ListItem","position":2,"name":"Boutique","item":"https:\/\/hexatac.com\/boutique\/"},{"@type":"ListItem","position":3,"name":"Kit Tube Hydratation pour Nalgene"}]},{"@type":"WebSite","@id":"https:\/\/hexatac.com\/#website","url":"https:\/\/hexatac.com\/","name":"Hexatac","description":"Tactical Equipment | Policeman | Military | Gendarme | Airsoft","potentialAction":[{"@type":"SearchAction","target":{"@type":"EntryPoint","urlTemplate":"https:\/\/hexatac.com\/?s={search_term_string}"},"query-input":{"@type":"PropertyValueSpecification","valueRequired":true,"valueName":"search_term_string"}}],"inLanguage":"en-GB"}]},"product_price_amount":"49.90","product_price_currency":"EUR","og_availability":"instock","product_availability":"instock","product_retailer_item_id":"SWGRG-WM-STBT-INS","product_condition":"new"},"_links":{"self":[{"href":"https:\/\/hexatac.com\/en\/wp-json\/wp\/v2\/product\/23253299","targetHints":{"allow":["GET"]}}],"collection":[{"href":"https:\/\/hexatac.com\/en\/wp-json\/wp\/v2\/product"}],"about":[{"href":"https:\/\/hexatac.com\/en\/wp-json\/wp\/v2\/types\/product"}],"replies":[{"embeddable":true,"href":"https:\/\/hexatac.com\/en\/wp-json\/wp\/v2\/comments?post=23253299"}],"wp:featuredmedia":[{"embeddable":true,"href":"https:\/\/hexatac.com\/en\/wp-json\/wp\/v2\/media\/23253305"}],"wp:attachment":[{"href":"https:\/\/hexatac.com\/en\/wp-json\/wp\/v2\/media?parent=23253299"}],"wp:term":[{"taxonomy":"product_brand","embeddable":true,"href":"https:\/\/hexatac.com\/en\/wp-json\/wp\/v2\/product_brand?post=23253299"},{"taxonomy":"product_cat","embeddable":true,"href":"https:\/\/hexatac.com\/en\/wp-json\/wp\/v2\/product_cat?post=23253299"},{"taxonomy":"product_tag","embeddable":true,"href":"https:\/\/hexatac.com\/en\/wp-json\/wp\/v2\/product_tag?post=23253299"}],"curies":[{"name":"wp","href":"https:\/\/api.w.org\/{rel}","templated":true}]}}