{"id":23252427,"date":"2025-03-30T19:11:33","date_gmt":"2025-03-30T17:11:33","guid":{"rendered":"https:\/\/hexatac.com\/?post_type=product&#038;p=23252427"},"modified":"2025-10-14T12:05:49","modified_gmt":"2025-10-14T10:05:49","slug":"kit-gilet-hpc%c2%b2","status":"publish","type":"product","link":"https:\/\/hexatac.com\/en\/product\/kit-gilet-hpc%c2%b2\/","title":{"rendered":"Kit Gilet HPC\u00b2\u00ae"},"content":{"rendered":"<h4>Configurateur de Gilet Porte-Plaques HPC\u00b2\u00ae | Porte-Plaques | HEXATAC<\/h4>\n<p>Le <strong>Configurateur de Gilet HPC\u00b2\u00ae<\/strong>\u00a0est la solution <strong>la plus simple et intuitive<\/strong> pour configurer votre gilet et <strong>ne rien oublier<\/strong>.<\/p>\n<p><strong>Visualisez en temps r\u00e9el<\/strong> votre configuration et ajoutez-la en <strong>un clic<\/strong> \u00e0 votre panier, <strong>rien de plus simple<\/strong> !<\/p>\n<p>Vous pourrez facilement ajouter vos <a href=\"https:\/\/hexatac.com\/en\/shop\/cummerbunds-structurels-hpc%c2%b2\/\">Cummerbunds Structurels <strong>HPC\u00b2\u00ae<\/strong>\u00a0<\/a> et bien d&rsquo;autres produits !<\/p>\n<p><span style=\"text-decoration: underline;\"><strong>\u00c0 NOTER<\/strong> <\/span>: Ceci est une repr\u00e9sentation \u00e0 titre indicatif afin de vous faciliter le choix de votre kit. Certaines approximations techniques peuvent \u00eatre pr\u00e9sentes.<\/p>\n<p style=\"text-align: justify;\">","protected":false},"excerpt":{"rendered":"<h4 style=\"text-align: center;\"><span style=\"color: #800000;\"><span style=\"caret-color: #800000;\"><b>CLIQUER SUR LE BOUTON CI-DESSUS POUR CONFIGURER VOTRE GILET<\/b><\/span><\/span><\/h4>","protected":false},"featured_media":23252604,"comment_status":"open","ping_status":"closed","template":"","meta":{"_monsterinsights_skip_tracking":false,"_monsterinsights_sitenote_active":false,"_monsterinsights_sitenote_note":"","_monsterinsights_sitenote_category":0},"product_brand":[2323],"product_cat":[1174,3743],"product_tag":[4175],"class_list":{"0":"post-23252427","1":"product","2":"type-product","3":"status-publish","4":"has-post-thumbnail","6":"product_brand-hexatac","7":"product_cat-gilet-tactique","8":"product_cat-kits","9":"product_tag-b2b","11":"first","12":"instock","13":"taxable","14":"shipping-taxable","15":"purchasable","16":"product-type-simple"},"bundled_by":[],"bundle_stock_status":"instock","bundle_stock_quantity":null,"bundle_virtual":false,"bundle_layout":"","bundle_add_to_cart_form_location":"","bundle_editable_in_cart":false,"bundle_sold_individually_context":"","bundle_item_grouping":"","bundle_min_size":"","bundle_max_size":"","bundle_price":[],"bundled_items":[],"bundle_sell_ids":[],"yoast_head":"<!-- This site is optimized with the Yoast SEO Premium plugin v26.6 (Yoast SEO v27.4) - https:\/\/yoast.com\/product\/yoast-seo-premium-wordpress\/ -->\n<title>Configurateur Gilet HPC\u00b2\u00ae | \u00c9quipement Tactique | HEXATAC<\/title>\n<meta name=\"description\" content=\"Configurez et visualisez en temps r\u00e9el votre Gilet HPC\u00b2\u00ae. La mani\u00e8re la plus intuitive de constituer votre gilet ! Garantie \u00e0 vie, fabriqu\u00e9 en Europe\" \/>\n<meta name=\"robots\" content=\"index, follow, max-snippet:-1, max-image-preview:large, max-video-preview:-1\" \/>\n<link rel=\"canonical\" href=\"https:\/\/hexatac.com\/en\/product\/kit-gilet-hpc\u00b2\/\" \/>\n<meta property=\"og:locale\" content=\"en_GB\" \/>\n<meta property=\"og:type\" content=\"article\" \/>\n<meta property=\"og:title\" content=\"Kit Gilet HPC\u00b2\u00ae\" \/>\n<meta property=\"og:description\" content=\"Configurez et visualisez en temps r\u00e9el votre Gilet HPC\u00b2\u00ae. La mani\u00e8re la plus intuitive de constituer votre gilet ! Garantie \u00e0 vie, fabriqu\u00e9 en Europe\" \/>\n<meta property=\"og:url\" content=\"https:\/\/hexatac.com\/en\/product\/kit-gilet-hpc\u00b2\/\" \/>\n<meta property=\"og:site_name\" content=\"Hexatac\" \/>\n<meta property=\"article:modified_time\" content=\"2025-10-14T10:05:49+00:00\" \/>\n<meta property=\"og:image\" content=\"https:\/\/hexatac.com\/wp-content\/uploads\/2025\/03\/Capture-decran-2025-04-05-a-12.08.32.jpg\" \/>\n\t<meta property=\"og:image:width\" content=\"744\" \/>\n\t<meta property=\"og:image:height\" content=\"744\" \/>\n\t<meta property=\"og:image:type\" content=\"image\/jpeg\" \/>\n<meta name=\"twitter:card\" content=\"summary_large_image\" \/>\n<script type=\"application\/ld+json\" class=\"yoast-schema-graph\">{\"@context\":\"https:\\\/\\\/schema.org\",\"@graph\":[{\"@type\":[\"WebPage\",\"ItemPage\"],\"@id\":\"https:\\\/\\\/hexatac.com\\\/product\\\/kit-gilet-hpc%c2%b2\\\/\",\"url\":\"https:\\\/\\\/hexatac.com\\\/product\\\/kit-gilet-hpc%c2%b2\\\/\",\"name\":\"Configurateur Gilet HPC\u00b2\u00ae | \u00c9quipement Tactique | HEXATAC\",\"isPartOf\":{\"@id\":\"https:\\\/\\\/hexatac.com\\\/#website\"},\"primaryImageOfPage\":{\"@id\":\"https:\\\/\\\/hexatac.com\\\/product\\\/kit-gilet-hpc%c2%b2\\\/#primaryimage\"},\"image\":{\"@id\":\"https:\\\/\\\/hexatac.com\\\/product\\\/kit-gilet-hpc%c2%b2\\\/#primaryimage\"},\"thumbnailUrl\":\"https:\\\/\\\/cdn.hexatac.com\\\/\\\/wp-content\\\/uploads\\\/2025\\\/03\\\/Capture-decran-2025-04-05-a-12.08.32.jpg\",\"datePublished\":\"2025-03-30T17:11:33+00:00\",\"dateModified\":\"2025-10-14T10:05:49+00:00\",\"description\":\"Configurez et visualisez en temps r\u00e9el votre Gilet HPC\u00b2\u00ae. La mani\u00e8re la plus intuitive de constituer votre gilet ! Garantie \u00e0 vie, fabriqu\u00e9 en Europe\",\"breadcrumb\":{\"@id\":\"https:\\\/\\\/hexatac.com\\\/product\\\/kit-gilet-hpc%c2%b2\\\/#breadcrumb\"},\"inLanguage\":\"en-GB\",\"potentialAction\":[{\"@type\":\"ReadAction\",\"target\":[\"https:\\\/\\\/hexatac.com\\\/product\\\/kit-gilet-hpc%c2%b2\\\/\"]}]},{\"@type\":\"ImageObject\",\"inLanguage\":\"en-GB\",\"@id\":\"https:\\\/\\\/hexatac.com\\\/product\\\/kit-gilet-hpc%c2%b2\\\/#primaryimage\",\"url\":\"https:\\\/\\\/cdn.hexatac.com\\\/\\\/wp-content\\\/uploads\\\/2025\\\/03\\\/Capture-decran-2025-04-05-a-12.08.32.jpg\",\"contentUrl\":\"https:\\\/\\\/cdn.hexatac.com\\\/\\\/wp-content\\\/uploads\\\/2025\\\/03\\\/Capture-decran-2025-04-05-a-12.08.32.jpg\",\"width\":744,\"height\":744,\"caption\":\"Configurateur HPC2\"},{\"@type\":\"BreadcrumbList\",\"@id\":\"https:\\\/\\\/hexatac.com\\\/product\\\/kit-gilet-hpc%c2%b2\\\/#breadcrumb\",\"itemListElement\":[{\"@type\":\"ListItem\",\"position\":1,\"name\":\"Accueil\",\"item\":\"https:\\\/\\\/hexatac.com\\\/\"},{\"@type\":\"ListItem\",\"position\":2,\"name\":\"Boutique\",\"item\":\"https:\\\/\\\/hexatac.com\\\/boutique\\\/\"},{\"@type\":\"ListItem\",\"position\":3,\"name\":\"Kit Gilet HPC\u00b2\u00ae\"}]},{\"@type\":\"WebSite\",\"@id\":\"https:\\\/\\\/hexatac.com\\\/#website\",\"url\":\"https:\\\/\\\/hexatac.com\\\/\",\"name\":\"Hexatac\",\"description\":\"Equipement Tactique | Policier | Militaire | Gendarme | Airsoft\",\"potentialAction\":[{\"@type\":\"SearchAction\",\"target\":{\"@type\":\"EntryPoint\",\"urlTemplate\":\"https:\\\/\\\/hexatac.com\\\/?s={search_term_string}\"},\"query-input\":{\"@type\":\"PropertyValueSpecification\",\"valueRequired\":true,\"valueName\":\"search_term_string\"}}],\"inLanguage\":\"en-GB\"}]}<\/script>\n<meta property=\"product:price:amount\" content=\"0.00\" \/>\n<meta property=\"product:price:currency\" content=\"EUR\" \/>\n<meta property=\"og:availability\" content=\"instock\" \/>\n<meta property=\"product:availability\" content=\"instock\" \/>\n<meta property=\"product:retailer_item_id\" content=\"CONFIG-KIT-HPC2\" \/>\n<meta property=\"product:condition\" content=\"new\" \/>\n<!-- \/ Yoast SEO Premium plugin. -->","yoast_head_json":{"title":"Configurateur Gilet HPC\u00b2\u00ae | \u00c9quipement Tactique | HEXATAC","description":"Configurez et visualisez en temps r\u00e9el votre Gilet HPC\u00b2\u00ae. La mani\u00e8re la plus intuitive de constituer votre gilet ! Garantie \u00e0 vie, fabriqu\u00e9 en Europe","robots":{"index":"index","follow":"follow","max-snippet":"max-snippet:-1","max-image-preview":"max-image-preview:large","max-video-preview":"max-video-preview:-1"},"canonical":"https:\/\/hexatac.com\/en\/product\/kit-gilet-hpc\u00b2\/","og_locale":"en_GB","og_type":"article","og_title":"Kit Gilet HPC\u00b2\u00ae","og_description":"Configurez et visualisez en temps r\u00e9el votre Gilet HPC\u00b2\u00ae. La mani\u00e8re la plus intuitive de constituer votre gilet ! Garantie \u00e0 vie, fabriqu\u00e9 en Europe","og_url":"https:\/\/hexatac.com\/en\/product\/kit-gilet-hpc\u00b2\/","og_site_name":"Hexatac","article_modified_time":"2025-10-14T10:05:49+00:00","og_image":[{"width":744,"height":744,"url":"https:\/\/hexatac.com\/wp-content\/uploads\/2025\/03\/Capture-decran-2025-04-05-a-12.08.32.jpg","type":"image\/jpeg"}],"twitter_card":"summary_large_image","schema":{"@context":"https:\/\/schema.org","@graph":[{"@type":["WebPage","ItemPage"],"@id":"https:\/\/hexatac.com\/product\/kit-gilet-hpc%c2%b2\/","url":"https:\/\/hexatac.com\/product\/kit-gilet-hpc%c2%b2\/","name":"Configurateur Gilet HPC\u00b2\u00ae | \u00c9quipement Tactique | HEXATAC","isPartOf":{"@id":"https:\/\/hexatac.com\/#website"},"primaryImageOfPage":{"@id":"https:\/\/hexatac.com\/product\/kit-gilet-hpc%c2%b2\/#primaryimage"},"image":{"@id":"https:\/\/hexatac.com\/product\/kit-gilet-hpc%c2%b2\/#primaryimage"},"thumbnailUrl":"https:\/\/cdn.hexatac.com\/\/wp-content\/uploads\/2025\/03\/Capture-decran-2025-04-05-a-12.08.32.jpg","datePublished":"2025-03-30T17:11:33+00:00","dateModified":"2025-10-14T10:05:49+00:00","description":"Configurez et visualisez en temps r\u00e9el votre Gilet HPC\u00b2\u00ae. La mani\u00e8re la plus intuitive de constituer votre gilet ! Garantie \u00e0 vie, fabriqu\u00e9 en Europe","breadcrumb":{"@id":"https:\/\/hexatac.com\/product\/kit-gilet-hpc%c2%b2\/#breadcrumb"},"inLanguage":"en-GB","potentialAction":[{"@type":"ReadAction","target":["https:\/\/hexatac.com\/product\/kit-gilet-hpc%c2%b2\/"]}]},{"@type":"ImageObject","inLanguage":"en-GB","@id":"https:\/\/hexatac.com\/product\/kit-gilet-hpc%c2%b2\/#primaryimage","url":"https:\/\/cdn.hexatac.com\/\/wp-content\/uploads\/2025\/03\/Capture-decran-2025-04-05-a-12.08.32.jpg","contentUrl":"https:\/\/cdn.hexatac.com\/\/wp-content\/uploads\/2025\/03\/Capture-decran-2025-04-05-a-12.08.32.jpg","width":744,"height":744,"caption":"Configurateur HPC2"},{"@type":"BreadcrumbList","@id":"https:\/\/hexatac.com\/product\/kit-gilet-hpc%c2%b2\/#breadcrumb","itemListElement":[{"@type":"ListItem","position":1,"name":"Accueil","item":"https:\/\/hexatac.com\/"},{"@type":"ListItem","position":2,"name":"Boutique","item":"https:\/\/hexatac.com\/boutique\/"},{"@type":"ListItem","position":3,"name":"Kit Gilet HPC\u00b2\u00ae"}]},{"@type":"WebSite","@id":"https:\/\/hexatac.com\/#website","url":"https:\/\/hexatac.com\/","name":"Hexatac","description":"Tactical Equipment | Policeman | Military | Gendarme | Airsoft","potentialAction":[{"@type":"SearchAction","target":{"@type":"EntryPoint","urlTemplate":"https:\/\/hexatac.com\/?s={search_term_string}"},"query-input":{"@type":"PropertyValueSpecification","valueRequired":true,"valueName":"search_term_string"}}],"inLanguage":"en-GB"}]},"product_price_amount":"0.00","product_price_currency":"EUR","og_availability":"instock","product_availability":"instock","product_retailer_item_id":"CONFIG-KIT-HPC2","product_condition":"new"},"_links":{"self":[{"href":"https:\/\/hexatac.com\/en\/wp-json\/wp\/v2\/product\/23252427","targetHints":{"allow":["GET"]}}],"collection":[{"href":"https:\/\/hexatac.com\/en\/wp-json\/wp\/v2\/product"}],"about":[{"href":"https:\/\/hexatac.com\/en\/wp-json\/wp\/v2\/types\/product"}],"replies":[{"embeddable":true,"href":"https:\/\/hexatac.com\/en\/wp-json\/wp\/v2\/comments?post=23252427"}],"wp:featuredmedia":[{"embeddable":true,"href":"https:\/\/hexatac.com\/en\/wp-json\/wp\/v2\/media\/23252604"}],"wp:attachment":[{"href":"https:\/\/hexatac.com\/en\/wp-json\/wp\/v2\/media?parent=23252427"}],"wp:term":[{"taxonomy":"product_brand","embeddable":true,"href":"https:\/\/hexatac.com\/en\/wp-json\/wp\/v2\/product_brand?post=23252427"},{"taxonomy":"product_cat","embeddable":true,"href":"https:\/\/hexatac.com\/en\/wp-json\/wp\/v2\/product_cat?post=23252427"},{"taxonomy":"product_tag","embeddable":true,"href":"https:\/\/hexatac.com\/en\/wp-json\/wp\/v2\/product_tag?post=23252427"}],"curies":[{"name":"wp","href":"https:\/\/api.w.org\/{rel}","templated":true}]}}