{"id":23250055,"date":"2025-02-15T10:01:19","date_gmt":"2025-02-15T09:01:19","guid":{"rendered":"https:\/\/hexatac.com\/?post_type=product&#038;p=23250055"},"modified":"2026-04-26T19:55:10","modified_gmt":"2026-04-26T17:55:10","slug":"ptt-sider","status":"publish","type":"product","link":"https:\/\/hexatac.com\/en\/product\/ptt-sider\/","title":{"rendered":"PTT SIDER\u00ae"},"content":{"rendered":"<h4>PTT SIDER\u00ae | D\u00e9port PTT | HEXATAC<\/h4>\n<p>Le PTT SIDER\u00ae vous permet de placer votre PTT de mani\u00e8re optimale sur votre gilet et ce m\u00eame si votre gilet n&rsquo;est pas pr\u00e9vu pour.<\/p>\n<p>Ce d\u00e9port se place entre deux rang\u00e9es de MOLLE et est fourni avec de la corde \u00e9lastique qui permet d&rsquo;imprimer une courbe pour lisser au maximum votre configuration.<\/p>\n<p>Le PTT SIDER\u00ae est universel et pr\u00e9sente des d\u00e9coupes au format 1\/2 MOLLE ce qui vous permet de l&rsquo;utiliser avec les PTT Invisio, TPL etc. Vous pouvez m\u00eame utiliser une attache \u00e9lastique sur un pTT type U94 ou encore recouper la plateforme pour convenir davantage \u00e0 vos besoins.<\/p>\n<h4 id=\"inclus\"><span style=\"text-decoration: underline;\"><strong>What's included<\/strong><\/span><\/h4>\n<ul>\n<li>(1) Patte PTT SIDER\u00ae<\/li>\n<li>(1) corde \u00e9lastique<\/li>\n<li>(1) bloque-corde<\/li>\n<\/ul>\n<p><strong>ORIGINS<\/strong> :<br \/>\n- Host : Manufacture : EU | Materials : USA and EU<\/p>\n<p>Limited lifetime warranty against manufacturing defects.<\/p>","protected":false},"excerpt":{"rendered":"<h4>SHORTCUTS<\/h4>\n<div class=\"boutons_short_desc\">\n<p>&nbsp;<\/p>\n<ul>\n<li><a class=\"button\" href=\"https:\/\/hexatac.com\/en\/assembly-use\/\" target=\"_blank\" rel=\"noopener\">ASSEMBLY<\/a><\/li>\n<li><a class=\"button\" href=\"#inclus\">WHAT'S INCLUDED?<\/a><\/li>\n<\/ul>\n<\/div>","protected":false},"featured_media":23250164,"comment_status":"open","ping_status":"closed","template":"","meta":{"_monsterinsights_skip_tracking":false,"_monsterinsights_sitenote_active":false,"_monsterinsights_sitenote_note":"","_monsterinsights_sitenote_category":0},"product_brand":[2323],"product_cat":[4180,4434],"product_tag":[],"class_list":{"0":"post-23250055","1":"product","2":"type-product","3":"status-publish","4":"has-post-thumbnail","6":"product_brand-hexatac","7":"product_cat-accessoires","8":"product_cat-ptt","10":"first","11":"onbackorder","12":"taxable","13":"shipping-taxable","14":"purchasable","15":"product-type-simple"},"bundled_by":[],"bundle_stock_status":"onbackorder","bundle_stock_quantity":-2,"bundle_virtual":false,"bundle_layout":"","bundle_add_to_cart_form_location":"","bundle_editable_in_cart":false,"bundle_sold_individually_context":"","bundle_item_grouping":"","bundle_min_size":"","bundle_max_size":"","bundle_price":[],"bundled_items":[],"bundle_sell_ids":[],"yoast_head":"<!-- This site is optimized with the Yoast SEO Premium plugin v26.6 (Yoast SEO v27.5) - https:\/\/yoast.com\/product\/yoast-seo-premium-wordpress\/ -->\n<title>PTT SIDER\u00ae | Hexatac | D\u00e9port Invisio, TPL, etc<\/title>\n<meta name=\"description\" content=\"Le PTT SIDER\u00ae est une d\u00e9port universel rigide qui vous permettra de placer votre PTT de mani\u00e8re optimale sur votre gilet.\" \/>\n<meta name=\"robots\" content=\"index, follow, max-snippet:-1, max-image-preview:large, max-video-preview:-1\" \/>\n<link rel=\"canonical\" href=\"https:\/\/hexatac.com\/en\/product\/ptt-sider\/\" \/>\n<meta property=\"og:locale\" content=\"en_GB\" \/>\n<meta property=\"og:type\" content=\"article\" \/>\n<meta property=\"og:title\" content=\"PTT SIDER\u00ae\" \/>\n<meta property=\"og:description\" content=\"Le PTT SIDER\u00ae est une d\u00e9port universel rigide qui vous permettra de placer votre PTT de mani\u00e8re optimale sur votre gilet.\" \/>\n<meta property=\"og:url\" content=\"https:\/\/hexatac.com\/en\/product\/ptt-sider\/\" \/>\n<meta property=\"og:site_name\" content=\"Hexatac\" \/>\n<meta property=\"article:modified_time\" content=\"2026-04-26T17:55:10+00:00\" \/>\n<meta property=\"og:image\" content=\"https:\/\/hexatac.com\/wp-content\/uploads\/2025\/02\/IMG_5849-scaled.jpg\" \/>\n\t<meta property=\"og:image:width\" content=\"2560\" \/>\n\t<meta property=\"og:image:height\" content=\"2560\" \/>\n\t<meta property=\"og:image:type\" content=\"image\/jpeg\" \/>\n<meta name=\"twitter:card\" content=\"summary_large_image\" \/>\n<script type=\"application\/ld+json\" class=\"yoast-schema-graph\">{\"@context\":\"https:\\\/\\\/schema.org\",\"@graph\":[{\"@type\":[\"WebPage\",\"ItemPage\"],\"@id\":\"https:\\\/\\\/hexatac.com\\\/product\\\/ptt-sider\\\/\",\"url\":\"https:\\\/\\\/hexatac.com\\\/product\\\/ptt-sider\\\/\",\"name\":\"PTT SIDER\u00ae | Hexatac | D\u00e9port Invisio, TPL, etc\",\"isPartOf\":{\"@id\":\"https:\\\/\\\/hexatac.com\\\/#website\"},\"primaryImageOfPage\":{\"@id\":\"https:\\\/\\\/hexatac.com\\\/product\\\/ptt-sider\\\/#primaryimage\"},\"image\":{\"@id\":\"https:\\\/\\\/hexatac.com\\\/product\\\/ptt-sider\\\/#primaryimage\"},\"thumbnailUrl\":\"https:\\\/\\\/cdn.hexatac.com\\\/\\\/wp-content\\\/uploads\\\/2025\\\/02\\\/IMG_5849-scaled.jpg\",\"datePublished\":\"2025-02-15T09:01:19+00:00\",\"dateModified\":\"2026-04-26T17:55:10+00:00\",\"description\":\"Le PTT SIDER\u00ae est une d\u00e9port universel rigide qui vous permettra de placer votre PTT de mani\u00e8re optimale sur votre gilet.\",\"breadcrumb\":{\"@id\":\"https:\\\/\\\/hexatac.com\\\/product\\\/ptt-sider\\\/#breadcrumb\"},\"inLanguage\":\"en-GB\",\"potentialAction\":[{\"@type\":\"ReadAction\",\"target\":[\"https:\\\/\\\/hexatac.com\\\/product\\\/ptt-sider\\\/\"]}]},{\"@type\":\"ImageObject\",\"inLanguage\":\"en-GB\",\"@id\":\"https:\\\/\\\/hexatac.com\\\/product\\\/ptt-sider\\\/#primaryimage\",\"url\":\"https:\\\/\\\/cdn.hexatac.com\\\/\\\/wp-content\\\/uploads\\\/2025\\\/02\\\/IMG_5849-scaled.jpg\",\"contentUrl\":\"https:\\\/\\\/cdn.hexatac.com\\\/\\\/wp-content\\\/uploads\\\/2025\\\/02\\\/IMG_5849-scaled.jpg\",\"width\":2560,\"height\":2560},{\"@type\":\"BreadcrumbList\",\"@id\":\"https:\\\/\\\/hexatac.com\\\/product\\\/ptt-sider\\\/#breadcrumb\",\"itemListElement\":[{\"@type\":\"ListItem\",\"position\":1,\"name\":\"Accueil\",\"item\":\"https:\\\/\\\/hexatac.com\\\/\"},{\"@type\":\"ListItem\",\"position\":2,\"name\":\"Boutique\",\"item\":\"https:\\\/\\\/hexatac.com\\\/boutique\\\/\"},{\"@type\":\"ListItem\",\"position\":3,\"name\":\"PTT SIDER\u00ae\"}]},{\"@type\":\"WebSite\",\"@id\":\"https:\\\/\\\/hexatac.com\\\/#website\",\"url\":\"https:\\\/\\\/hexatac.com\\\/\",\"name\":\"Hexatac\",\"description\":\"Equipement Tactique | Policier | Militaire | Gendarme | Airsoft\",\"potentialAction\":[{\"@type\":\"SearchAction\",\"target\":{\"@type\":\"EntryPoint\",\"urlTemplate\":\"https:\\\/\\\/hexatac.com\\\/?s={search_term_string}\"},\"query-input\":{\"@type\":\"PropertyValueSpecification\",\"valueRequired\":true,\"valueName\":\"search_term_string\"}}],\"inLanguage\":\"en-GB\"}]}<\/script>\n<meta property=\"product:price:amount\" content=\"24.90\" \/>\n<meta property=\"product:price:currency\" content=\"EUR\" \/>\n<meta property=\"og:availability\" content=\"backorder\" \/>\n<meta property=\"product:availability\" content=\"available for order\" \/>\n<meta property=\"product:retailer_item_id\" content=\"PTT-SDR\" \/>\n<meta property=\"product:condition\" content=\"new\" \/>\n<!-- \/ Yoast SEO Premium plugin. -->","yoast_head_json":{"title":"PTT SIDER\u00ae | Hexatac | D\u00e9port Invisio, TPL, etc","description":"Le PTT SIDER\u00ae est une d\u00e9port universel rigide qui vous permettra de placer votre PTT de mani\u00e8re optimale sur votre gilet.","robots":{"index":"index","follow":"follow","max-snippet":"max-snippet:-1","max-image-preview":"max-image-preview:large","max-video-preview":"max-video-preview:-1"},"canonical":"https:\/\/hexatac.com\/en\/product\/ptt-sider\/","og_locale":"en_GB","og_type":"article","og_title":"PTT SIDER\u00ae","og_description":"Le PTT SIDER\u00ae est une d\u00e9port universel rigide qui vous permettra de placer votre PTT de mani\u00e8re optimale sur votre gilet.","og_url":"https:\/\/hexatac.com\/en\/product\/ptt-sider\/","og_site_name":"Hexatac","article_modified_time":"2026-04-26T17:55:10+00:00","og_image":[{"width":2560,"height":2560,"url":"https:\/\/hexatac.com\/wp-content\/uploads\/2025\/02\/IMG_5849-scaled.jpg","type":"image\/jpeg"}],"twitter_card":"summary_large_image","schema":{"@context":"https:\/\/schema.org","@graph":[{"@type":["WebPage","ItemPage"],"@id":"https:\/\/hexatac.com\/product\/ptt-sider\/","url":"https:\/\/hexatac.com\/product\/ptt-sider\/","name":"PTT SIDER\u00ae | Hexatac | D\u00e9port Invisio, TPL, etc","isPartOf":{"@id":"https:\/\/hexatac.com\/#website"},"primaryImageOfPage":{"@id":"https:\/\/hexatac.com\/product\/ptt-sider\/#primaryimage"},"image":{"@id":"https:\/\/hexatac.com\/product\/ptt-sider\/#primaryimage"},"thumbnailUrl":"https:\/\/cdn.hexatac.com\/\/wp-content\/uploads\/2025\/02\/IMG_5849-scaled.jpg","datePublished":"2025-02-15T09:01:19+00:00","dateModified":"2026-04-26T17:55:10+00:00","description":"Le PTT SIDER\u00ae est une d\u00e9port universel rigide qui vous permettra de placer votre PTT de mani\u00e8re optimale sur votre gilet.","breadcrumb":{"@id":"https:\/\/hexatac.com\/product\/ptt-sider\/#breadcrumb"},"inLanguage":"en-GB","potentialAction":[{"@type":"ReadAction","target":["https:\/\/hexatac.com\/product\/ptt-sider\/"]}]},{"@type":"ImageObject","inLanguage":"en-GB","@id":"https:\/\/hexatac.com\/product\/ptt-sider\/#primaryimage","url":"https:\/\/cdn.hexatac.com\/\/wp-content\/uploads\/2025\/02\/IMG_5849-scaled.jpg","contentUrl":"https:\/\/cdn.hexatac.com\/\/wp-content\/uploads\/2025\/02\/IMG_5849-scaled.jpg","width":2560,"height":2560},{"@type":"BreadcrumbList","@id":"https:\/\/hexatac.com\/product\/ptt-sider\/#breadcrumb","itemListElement":[{"@type":"ListItem","position":1,"name":"Accueil","item":"https:\/\/hexatac.com\/"},{"@type":"ListItem","position":2,"name":"Boutique","item":"https:\/\/hexatac.com\/boutique\/"},{"@type":"ListItem","position":3,"name":"PTT SIDER\u00ae"}]},{"@type":"WebSite","@id":"https:\/\/hexatac.com\/#website","url":"https:\/\/hexatac.com\/","name":"Hexatac","description":"Tactical Equipment | Policeman | Military | Gendarme | Airsoft","potentialAction":[{"@type":"SearchAction","target":{"@type":"EntryPoint","urlTemplate":"https:\/\/hexatac.com\/?s={search_term_string}"},"query-input":{"@type":"PropertyValueSpecification","valueRequired":true,"valueName":"search_term_string"}}],"inLanguage":"en-GB"}]},"product_price_amount":"24.90","product_price_currency":"EUR","og_availability":"backorder","product_availability":"available for order","product_retailer_item_id":"PTT-SDR","product_condition":"new"},"_links":{"self":[{"href":"https:\/\/hexatac.com\/en\/wp-json\/wp\/v2\/product\/23250055","targetHints":{"allow":["GET"]}}],"collection":[{"href":"https:\/\/hexatac.com\/en\/wp-json\/wp\/v2\/product"}],"about":[{"href":"https:\/\/hexatac.com\/en\/wp-json\/wp\/v2\/types\/product"}],"replies":[{"embeddable":true,"href":"https:\/\/hexatac.com\/en\/wp-json\/wp\/v2\/comments?post=23250055"}],"wp:featuredmedia":[{"embeddable":true,"href":"https:\/\/hexatac.com\/en\/wp-json\/wp\/v2\/media\/23250164"}],"wp:attachment":[{"href":"https:\/\/hexatac.com\/en\/wp-json\/wp\/v2\/media?parent=23250055"}],"wp:term":[{"taxonomy":"product_brand","embeddable":true,"href":"https:\/\/hexatac.com\/en\/wp-json\/wp\/v2\/product_brand?post=23250055"},{"taxonomy":"product_cat","embeddable":true,"href":"https:\/\/hexatac.com\/en\/wp-json\/wp\/v2\/product_cat?post=23250055"},{"taxonomy":"product_tag","embeddable":true,"href":"https:\/\/hexatac.com\/en\/wp-json\/wp\/v2\/product_tag?post=23250055"}],"curies":[{"name":"wp","href":"https:\/\/api.w.org\/{rel}","templated":true}]}}