{"id":23250034,"date":"2025-02-15T09:54:37","date_gmt":"2025-02-15T08:54:37","guid":{"rendered":"https:\/\/hexatac.com\/?post_type=product&#038;p=23250034"},"modified":"2026-04-29T05:48:26","modified_gmt":"2026-04-29T03:48:26","slug":"cummerbunds-structurels-hpc%c2%b2","status":"publish","type":"product","link":"https:\/\/hexatac.com\/en\/product\/cummerbunds-structurels-hpc%c2%b2\/","title":{"rendered":"Cummerbunds Structurels QR HPC\u00b2\u00ae"},"content":{"rendered":"<h4>Cummerbunds Structurels HPC\u00b2\u00ae | Gilet Porte-Plaques HPC\u00b2\u00ae | HEXATAC<\/h4>\n<p>Ces cummerbunds nouvelle g\u00e9n\u00e9ration ont \u00e9t\u00e9 con\u00e7u pour s&rsquo;adapter \u00e0 un grand nombre de gilets et allier rigidit\u00e9 verticale et \u00e9lasticit\u00e9 horizontale dans le but de permettre un emport de charges lourds le plus confortable possible tout en s&rsquo;accommodant des amplitudes thoraciques et des couches de v\u00eatements qui peuvent \u00e9voluer sur le terrain.<\/p>\n<h4 id=\"inclus\"><span style=\"text-decoration: underline;\"><strong>What's included<\/strong> <\/span>:<\/h4>\n<ul>\n<li>1 x Cummerbund Gauche<\/li>\n<li>1 x Cummerbund Droit<\/li>\n<li>2 x Tubes Duraflex QR V2 40mm M\u00e2le<\/li>\n<li>2 x Tubes Duraflex QR V2 40mm Femelle<\/li>\n<li>1 x Corde \u00e9lastique<\/li>\n<li>1 x Bloque-corde<\/li>\n<\/ul>\n<h4><\/h4>\n<h4 id=\"tailles\"><span style=\"text-decoration: underline;\"><strong>Tailles<\/strong><\/span><\/h4>\n<p>Les Cummerbunds Structurels HPC\u00b2\u00ae\u00a0sont disponibles en 4<strong>\u00a0tailles<\/strong> :<\/p>\n<p>Voici les circonf\u00e9rences minimum et maximum lorsqu&rsquo;utilis\u00e9s dans le Gilet HPC\u00b2\u00ae<\/p>\n<p><span style=\"text-decoration: underline;\"><strong>Small<\/strong><\/span> : 91 \u00e0 115cm<br \/>\n<strong><span style=\"text-decoration: underline;\">Medium<\/span><\/strong> : 99 \u00e0 123cm<br \/>\n<span style=\"text-decoration: underline;\"><strong>Large<\/strong><\/span> : 107 \u00e0 131cm<br \/>\n<span style=\"text-decoration: underline;\"><strong>X-Large<\/strong><\/span> : 115 \u00e0 139cm<\/p>\n<p>Vous pourrez <strong>modulate the exact size<\/strong> entre ces valeurs <strong>gr\u00e2ce \u00e0 la corde \u00e9lastique fournie.<\/strong><\/p>\n<p>This elastic rope will also enable you to <strong>modulate the firmness of the support<\/strong> de vos cummerbunds en modulant le tressage pour un maintien souple ou pour un maintien ferme.<\/p>\n<h4 id=\"fonctions\"><span style=\"text-decoration: underline;\"><strong>Modularity<\/strong><\/span><\/h4>\n<p>Nos Cummerbunds HPC\u00b2\u00ae sont compos\u00e9s de deux \u00e9paisseurs de composite qui se s\u00e9parent pour transporter des \u00e9quipements en \u00ab\u00a0sandwich\u00a0\u00bb entre ces deux couches pour un meilleur confort et une configuration plus lisse.<\/p>\n<p>Il n&rsquo;y a pas de MOLLE en tissu, tout comme notre Ceinturon HMB\u00b2\u00ae, ce sont les \u00e9paisseurs de composite qui constituent le MOLLE ce qui permet le <strong>mounting equipment on both sides<\/strong> des cummerbunds.<\/p>\n<p>Du velcro velour sur la face interne permet d&rsquo;ancrer des poches de plaque balistiques et d&rsquo;utiliser des inserts velcro divers.<\/p>\n<h4><span style=\"text-decoration: underline;\"><strong>Assembly Instructions<\/strong><\/span><\/h4>\n<p>Les Cummerbunds HPC\u00b2\u00ae s&rsquo;installent comme des Cummerbunds \u00ab\u00a0squelette\u00a0\u00bb standard en passant au travers des guides arri\u00e8res du Gilet HPC\u00b2\u00ae.<\/p>\n<p>La corde \u00e9lastique peut \u00eatre pass\u00e9e au travers l&rsquo;orifice dans le rabat de la poche de plaque arri\u00e8re pour avoir un acc\u00e8s direct au r\u00e9glage de longueur des cummerbunds.<\/p>\n<h4><span style=\"text-decoration: underline;\"><strong>Lock<\/strong><\/span><\/h4>\n<p>Le verrouillage \u00e0 l&rsquo;avant se fait au moyen de tubes (fournis) et la rigidit\u00e9 verticale est r\u00e9alis\u00e9e grace \u00e0 la doublure interne en composite qui vient se loger dans les fentes int\u00e9rieur de la poche de plaque avant.<\/p>\n<p><span style=\"text-decoration: underline;\"><strong>Compatibilit\u00e9 des cummerbunds.<\/strong><\/span><strong>\u00a0<\/strong>Ces Cummerbunds Structurels sont compatibles avec tout type de Gilets pr\u00e9sentant des guides structurels comme le JPC\u00ae etc.<\/p>\n<p><strong style=\"text-decoration: underline; color: #333333; font-size: 18px;\">Video Presentation<\/strong><\/p>\n<p>&nbsp;<\/p>\n<p><strong>ORIGINS<\/strong> :<br \/>\n- Host : Manufacture : EU | Materials : USA and EU<\/p>\n<p>Limited lifetime warranty against manufacturing defects.<\/p>","protected":false},"excerpt":{"rendered":"<p><strong>\u2714 Cummerbunds rigides structurels<br \/>\n\u2714 Hauteur arri\u00e8re r\u00e9glable sur le gilet<\/strong><br \/>\n<strong>\u2714 \u00c9lasticit\u00e9 pour un meilleur confort \u00e0 l&rsquo;effort et selon les couches<\/strong><br \/>\n<strong>\u2714 Verrouillage rapide et discret avec les boucles de d\u00e9grafage rapide fournies<\/strong><\/p>","protected":false},"featured_media":23252412,"comment_status":"open","ping_status":"closed","template":"","meta":{"_monsterinsights_skip_tracking":false,"_monsterinsights_sitenote_active":false,"_monsterinsights_sitenote_note":"","_monsterinsights_sitenote_category":0},"product_brand":[2323],"product_cat":[1174],"product_tag":[],"class_list":{"0":"post-23250034","1":"product","2":"type-product","3":"status-publish","4":"has-post-thumbnail","6":"product_brand-hexatac","7":"product_cat-gilet-tactique","9":"first","10":"instock","11":"taxable","12":"shipping-taxable","13":"purchasable","14":"product-type-variable","15":"has-default-attributes"},"bundled_by":[],"bundle_stock_status":"instock","bundle_stock_quantity":null,"bundle_virtual":false,"bundle_layout":"","bundle_add_to_cart_form_location":"","bundle_editable_in_cart":false,"bundle_sold_individually_context":"","bundle_item_grouping":"","bundle_min_size":"","bundle_max_size":"","bundle_price":[],"bundled_items":[],"bundle_sell_ids":[],"yoast_head":"<!-- This site is optimized with the Yoast SEO Premium plugin v26.6 (Yoast SEO v27.4) - https:\/\/yoast.com\/product\/yoast-seo-premium-wordpress\/ -->\n<title>Cummerbunds Structurels QR HPC\u00b2\u00ae - Hexatac<\/title>\n<meta name=\"description\" content=\"Cummerbunds rigides et l\u00e9gers pour Gilet HPC\u00b2\u00ae. Compatibles \u00e9galement avec gilets type JPC\u00ae Crye Precision\u00ae etc. Con\u00e7u en France, fabriqu\u00e9 en Europe.\" \/>\n<meta name=\"robots\" content=\"index, follow, max-snippet:-1, max-image-preview:large, max-video-preview:-1\" \/>\n<link rel=\"canonical\" href=\"https:\/\/hexatac.com\/en\/product\/cummerbunds-structurels-hpc\u00b2\/\" \/>\n<meta property=\"og:locale\" content=\"en_GB\" \/>\n<meta property=\"og:type\" content=\"article\" \/>\n<meta property=\"og:title\" content=\"Cummerbunds Structurels QR HPC\u00b2\u00ae\" \/>\n<meta property=\"og:description\" content=\"Cummerbunds rigides et l\u00e9gers pour Gilet HPC\u00b2\u00ae. Compatibles \u00e9galement avec gilets type JPC\u00ae Crye Precision\u00ae etc. Con\u00e7u en France, fabriqu\u00e9 en Europe.\" \/>\n<meta property=\"og:url\" content=\"https:\/\/hexatac.com\/en\/product\/cummerbunds-structurels-hpc\u00b2\/\" \/>\n<meta property=\"og:site_name\" content=\"Hexatac\" \/>\n<meta property=\"article:modified_time\" content=\"2026-04-29T03:48:26+00:00\" \/>\n<meta property=\"og:image\" content=\"https:\/\/hexatac.com\/wp-content\/uploads\/2025\/02\/Cummerbunds-Structurels-HPC2-scaled.jpg\" \/>\n\t<meta property=\"og:image:width\" content=\"2560\" \/>\n\t<meta property=\"og:image:height\" content=\"2560\" \/>\n\t<meta property=\"og:image:type\" content=\"image\/jpeg\" \/>\n<meta name=\"twitter:card\" content=\"summary_large_image\" \/>\n<script type=\"application\/ld+json\" class=\"yoast-schema-graph\">{\"@context\":\"https:\\\/\\\/schema.org\",\"@graph\":[{\"@type\":[\"WebPage\",\"ItemPage\"],\"@id\":\"https:\\\/\\\/hexatac.com\\\/product\\\/cummerbunds-structurels-hpc%c2%b2\\\/\",\"url\":\"https:\\\/\\\/hexatac.com\\\/product\\\/cummerbunds-structurels-hpc%c2%b2\\\/\",\"name\":\"Cummerbunds Structurels QR HPC\u00b2\u00ae - Hexatac\",\"isPartOf\":{\"@id\":\"https:\\\/\\\/hexatac.com\\\/#website\"},\"primaryImageOfPage\":{\"@id\":\"https:\\\/\\\/hexatac.com\\\/product\\\/cummerbunds-structurels-hpc%c2%b2\\\/#primaryimage\"},\"image\":{\"@id\":\"https:\\\/\\\/hexatac.com\\\/product\\\/cummerbunds-structurels-hpc%c2%b2\\\/#primaryimage\"},\"thumbnailUrl\":\"https:\\\/\\\/cdn.hexatac.com\\\/\\\/wp-content\\\/uploads\\\/2025\\\/02\\\/Cummerbunds-Structurels-HPC2-scaled.jpg\",\"datePublished\":\"2025-02-15T08:54:37+00:00\",\"dateModified\":\"2026-04-29T03:48:26+00:00\",\"description\":\"Cummerbunds rigides et l\u00e9gers pour Gilet HPC\u00b2\u00ae. Compatibles \u00e9galement avec gilets type JPC\u00ae Crye Precision\u00ae etc. Con\u00e7u en France, fabriqu\u00e9 en Europe.\",\"breadcrumb\":{\"@id\":\"https:\\\/\\\/hexatac.com\\\/product\\\/cummerbunds-structurels-hpc%c2%b2\\\/#breadcrumb\"},\"inLanguage\":\"en-GB\",\"potentialAction\":[{\"@type\":\"ReadAction\",\"target\":[\"https:\\\/\\\/hexatac.com\\\/product\\\/cummerbunds-structurels-hpc%c2%b2\\\/\"]}]},{\"@type\":\"ImageObject\",\"inLanguage\":\"en-GB\",\"@id\":\"https:\\\/\\\/hexatac.com\\\/product\\\/cummerbunds-structurels-hpc%c2%b2\\\/#primaryimage\",\"url\":\"https:\\\/\\\/cdn.hexatac.com\\\/\\\/wp-content\\\/uploads\\\/2025\\\/02\\\/Cummerbunds-Structurels-HPC2-scaled.jpg\",\"contentUrl\":\"https:\\\/\\\/cdn.hexatac.com\\\/\\\/wp-content\\\/uploads\\\/2025\\\/02\\\/Cummerbunds-Structurels-HPC2-scaled.jpg\",\"width\":2560,\"height\":2560},{\"@type\":\"BreadcrumbList\",\"@id\":\"https:\\\/\\\/hexatac.com\\\/product\\\/cummerbunds-structurels-hpc%c2%b2\\\/#breadcrumb\",\"itemListElement\":[{\"@type\":\"ListItem\",\"position\":1,\"name\":\"Accueil\",\"item\":\"https:\\\/\\\/hexatac.com\\\/\"},{\"@type\":\"ListItem\",\"position\":2,\"name\":\"Boutique\",\"item\":\"https:\\\/\\\/hexatac.com\\\/boutique\\\/\"},{\"@type\":\"ListItem\",\"position\":3,\"name\":\"Cummerbunds Structurels QR HPC\u00b2\u00ae\"}]},{\"@type\":\"WebSite\",\"@id\":\"https:\\\/\\\/hexatac.com\\\/#website\",\"url\":\"https:\\\/\\\/hexatac.com\\\/\",\"name\":\"Hexatac\",\"description\":\"Equipement Tactique | Policier | Militaire | Gendarme | Airsoft\",\"potentialAction\":[{\"@type\":\"SearchAction\",\"target\":{\"@type\":\"EntryPoint\",\"urlTemplate\":\"https:\\\/\\\/hexatac.com\\\/?s={search_term_string}\"},\"query-input\":{\"@type\":\"PropertyValueSpecification\",\"valueRequired\":true,\"valueName\":\"search_term_string\"}}],\"inLanguage\":\"en-GB\"}]}<\/script>\n<meta property=\"og:availability\" content=\"instock\" \/>\n<meta property=\"product:availability\" content=\"instock\" \/>\n<meta property=\"product:retailer_item_id\" content=\"CMS\" \/>\n<meta property=\"product:condition\" content=\"new\" \/>\n<!-- \/ Yoast SEO Premium plugin. -->","yoast_head_json":{"title":"Cummerbunds Structurels QR HPC\u00b2\u00ae - Hexatac","description":"Cummerbunds rigides et l\u00e9gers pour Gilet HPC\u00b2\u00ae. Compatibles \u00e9galement avec gilets type JPC\u00ae Crye Precision\u00ae etc. Con\u00e7u en France, fabriqu\u00e9 en Europe.","robots":{"index":"index","follow":"follow","max-snippet":"max-snippet:-1","max-image-preview":"max-image-preview:large","max-video-preview":"max-video-preview:-1"},"canonical":"https:\/\/hexatac.com\/en\/product\/cummerbunds-structurels-hpc\u00b2\/","og_locale":"en_GB","og_type":"article","og_title":"Cummerbunds Structurels QR HPC\u00b2\u00ae","og_description":"Cummerbunds rigides et l\u00e9gers pour Gilet HPC\u00b2\u00ae. Compatibles \u00e9galement avec gilets type JPC\u00ae Crye Precision\u00ae etc. Con\u00e7u en France, fabriqu\u00e9 en Europe.","og_url":"https:\/\/hexatac.com\/en\/product\/cummerbunds-structurels-hpc\u00b2\/","og_site_name":"Hexatac","article_modified_time":"2026-04-29T03:48:26+00:00","og_image":[{"width":2560,"height":2560,"url":"https:\/\/hexatac.com\/wp-content\/uploads\/2025\/02\/Cummerbunds-Structurels-HPC2-scaled.jpg","type":"image\/jpeg"}],"twitter_card":"summary_large_image","schema":{"@context":"https:\/\/schema.org","@graph":[{"@type":["WebPage","ItemPage"],"@id":"https:\/\/hexatac.com\/product\/cummerbunds-structurels-hpc%c2%b2\/","url":"https:\/\/hexatac.com\/product\/cummerbunds-structurels-hpc%c2%b2\/","name":"Cummerbunds Structurels QR HPC\u00b2\u00ae - Hexatac","isPartOf":{"@id":"https:\/\/hexatac.com\/#website"},"primaryImageOfPage":{"@id":"https:\/\/hexatac.com\/product\/cummerbunds-structurels-hpc%c2%b2\/#primaryimage"},"image":{"@id":"https:\/\/hexatac.com\/product\/cummerbunds-structurels-hpc%c2%b2\/#primaryimage"},"thumbnailUrl":"https:\/\/cdn.hexatac.com\/\/wp-content\/uploads\/2025\/02\/Cummerbunds-Structurels-HPC2-scaled.jpg","datePublished":"2025-02-15T08:54:37+00:00","dateModified":"2026-04-29T03:48:26+00:00","description":"Cummerbunds rigides et l\u00e9gers pour Gilet HPC\u00b2\u00ae. Compatibles \u00e9galement avec gilets type JPC\u00ae Crye Precision\u00ae etc. Con\u00e7u en France, fabriqu\u00e9 en Europe.","breadcrumb":{"@id":"https:\/\/hexatac.com\/product\/cummerbunds-structurels-hpc%c2%b2\/#breadcrumb"},"inLanguage":"en-GB","potentialAction":[{"@type":"ReadAction","target":["https:\/\/hexatac.com\/product\/cummerbunds-structurels-hpc%c2%b2\/"]}]},{"@type":"ImageObject","inLanguage":"en-GB","@id":"https:\/\/hexatac.com\/product\/cummerbunds-structurels-hpc%c2%b2\/#primaryimage","url":"https:\/\/cdn.hexatac.com\/\/wp-content\/uploads\/2025\/02\/Cummerbunds-Structurels-HPC2-scaled.jpg","contentUrl":"https:\/\/cdn.hexatac.com\/\/wp-content\/uploads\/2025\/02\/Cummerbunds-Structurels-HPC2-scaled.jpg","width":2560,"height":2560},{"@type":"BreadcrumbList","@id":"https:\/\/hexatac.com\/product\/cummerbunds-structurels-hpc%c2%b2\/#breadcrumb","itemListElement":[{"@type":"ListItem","position":1,"name":"Accueil","item":"https:\/\/hexatac.com\/"},{"@type":"ListItem","position":2,"name":"Boutique","item":"https:\/\/hexatac.com\/boutique\/"},{"@type":"ListItem","position":3,"name":"Cummerbunds Structurels QR HPC\u00b2\u00ae"}]},{"@type":"WebSite","@id":"https:\/\/hexatac.com\/#website","url":"https:\/\/hexatac.com\/","name":"Hexatac","description":"Tactical Equipment | Policeman | Military | Gendarme | Airsoft","potentialAction":[{"@type":"SearchAction","target":{"@type":"EntryPoint","urlTemplate":"https:\/\/hexatac.com\/?s={search_term_string}"},"query-input":{"@type":"PropertyValueSpecification","valueRequired":true,"valueName":"search_term_string"}}],"inLanguage":"en-GB"}]},"og_availability":"instock","product_availability":"instock","product_retailer_item_id":"CMS","product_condition":"new"},"_links":{"self":[{"href":"https:\/\/hexatac.com\/en\/wp-json\/wp\/v2\/product\/23250034","targetHints":{"allow":["GET"]}}],"collection":[{"href":"https:\/\/hexatac.com\/en\/wp-json\/wp\/v2\/product"}],"about":[{"href":"https:\/\/hexatac.com\/en\/wp-json\/wp\/v2\/types\/product"}],"replies":[{"embeddable":true,"href":"https:\/\/hexatac.com\/en\/wp-json\/wp\/v2\/comments?post=23250034"}],"wp:featuredmedia":[{"embeddable":true,"href":"https:\/\/hexatac.com\/en\/wp-json\/wp\/v2\/media\/23252412"}],"wp:attachment":[{"href":"https:\/\/hexatac.com\/en\/wp-json\/wp\/v2\/media?parent=23250034"}],"wp:term":[{"taxonomy":"product_brand","embeddable":true,"href":"https:\/\/hexatac.com\/en\/wp-json\/wp\/v2\/product_brand?post=23250034"},{"taxonomy":"product_cat","embeddable":true,"href":"https:\/\/hexatac.com\/en\/wp-json\/wp\/v2\/product_cat?post=23250034"},{"taxonomy":"product_tag","embeddable":true,"href":"https:\/\/hexatac.com\/en\/wp-json\/wp\/v2\/product_tag?post=23250034"}],"curies":[{"name":"wp","href":"https:\/\/api.w.org\/{rel}","templated":true}]}}