{"id":23249350,"date":"2024-12-22T09:58:30","date_gmt":"2024-12-22T08:58:30","guid":{"rendered":"https:\/\/hexatac.com\/?post_type=product&#038;p=23249350"},"modified":"2025-10-14T12:03:36","modified_gmt":"2025-10-14T10:03:36","slug":"kit-ceinturon-hmb-gen2","status":"publish","type":"product","link":"https:\/\/hexatac.com\/en\/product\/kit-ceinturon-hmb-gen2\/","title":{"rendered":"Kit Ceinturon HMB\u00b2\u00ae"},"content":{"rendered":"<h4>Configurateur de Ceinturon HMB<strong><a class=\"row-title\" href=\"https:\/\/hexatac.com\/wp-admin\/post.php?post=23252427&amp;action=edit\">\u00b2\u00ae<\/a><\/strong> | Ceinture Molle | HEXATAC<\/h4>\n<p>Le <strong>Configurateur de <span style=\"text-decoration: underline;\"><a href=\"https:\/\/hexatac.com\/en\/shop\/ceinturon-hmb-gen2\/\">Ceinturon HMB<\/a><a class=\"row-title\" href=\"https:\/\/hexatac.com\/wp-admin\/post.php?post=23252427&amp;action=edit\">\u00b2\u00ae<\/a><\/span><\/strong> est la solution <strong>la plus simple et intuitive<\/strong> pour configurer votre ceinturon et <strong>ne rien oublier<\/strong>.<\/p>\n<p><strong>Visualisez en temps r\u00e9el<\/strong> votre configuration et ajoutez-la en <strong>un clic<\/strong> \u00e0 votre panier, <strong>rien de plus simple<\/strong> !<\/p>\n<p>Vous pourrez facilement ajouter vos <span style=\"text-decoration: underline;\"><a href=\"https:\/\/hexatac.com\/en\/shop\/pocket-charger-universal-ayce-p-a\/\">Poches Chargeurs AYCE\u00ae P.A.M.<\/a><\/span>, vos <span style=\"text-decoration: underline;\"><a href=\"https:\/\/hexatac.com\/en\/shop\/pocket-charger-universal-ayce-f-a\/\">Poches Chargeurs AYCE\u00ae F.A.<\/a><\/span>, votre <span style=\"text-decoration: underline;\"><a href=\"https:\/\/hexatac.com\/en\/shop\/ballast-bag-hdp\/\">HDP\u00ae deballasting bag<\/a><\/span>, vos<a href=\"https:\/\/hexatac.com\/en\/shop\/ayce-pomegranate-pocket\/\"> <span style=\"text-decoration: underline;\">Poches Grenade AYCE\u00ae<\/span> <\/a>et m\u00eame votre <a href=\"https:\/\/hexatac.com\/en\/shop\/poche-hote-hifaks-kst-x-hxtc\/\"><span style=\"text-decoration: underline;\">HIFAKS\u00ae Medical Bag<\/span><\/a> and its <a href=\"https:\/\/hexatac.com\/en\/shop\/ayce-pomegranate-pocket-3\/\"><span style=\"text-decoration: underline;\">Insert<\/span><\/a>.<\/p>\n<p><span style=\"text-decoration: underline;\"><strong>\u00c0 NOTER<\/strong> <\/span>: Le Ceinturon HMB\u00b2\u00ae affich\u00e9 dans le configurateur est \u00e0 l&rsquo;\u00e9chelle dans la <strong>taille MEDIUM<\/strong>, le rendu r\u00e9el peut diff\u00e9rer du rendu affich\u00e9.<\/p>\n<p style=\"text-align: justify;\">","protected":false},"excerpt":{"rendered":"<h4 style=\"text-align: center;\"><span style=\"color: #800000;\"><span style=\"caret-color: #800000;\"><b>CLIQUER SUR LE BOUTON CI-DESSUS POUR CONFIGURER VOTRE CEINTURON<\/b><\/span><\/span><\/h4>","protected":false},"featured_media":23249359,"comment_status":"open","ping_status":"closed","template":"","meta":{"_monsterinsights_skip_tracking":false,"_monsterinsights_sitenote_active":false,"_monsterinsights_sitenote_note":"","_monsterinsights_sitenote_category":0},"product_brand":[2323],"product_cat":[97,3743],"product_tag":[4175],"class_list":{"0":"post-23249350","1":"product","2":"type-product","3":"status-publish","4":"has-post-thumbnail","6":"product_brand-hexatac","7":"product_cat-ceinture-tactique","8":"product_cat-kits","9":"product_tag-b2b","11":"first","12":"instock","13":"taxable","14":"shipping-taxable","15":"purchasable","16":"product-type-simple"},"bundled_by":[],"bundle_stock_status":"instock","bundle_stock_quantity":null,"bundle_virtual":false,"bundle_layout":"","bundle_add_to_cart_form_location":"","bundle_editable_in_cart":false,"bundle_sold_individually_context":"","bundle_item_grouping":"","bundle_min_size":"","bundle_max_size":"","bundle_price":[],"bundled_items":[],"bundle_sell_ids":[],"yoast_head":"<!-- This site is optimized with the Yoast SEO Premium plugin v26.6 (Yoast SEO v27.4) - https:\/\/yoast.com\/product\/yoast-seo-premium-wordpress\/ -->\n<title>Configurateur Ceinturon HMB\u00ae Gen2 | HEXATAC<\/title>\n<meta name=\"description\" content=\"Configurez et visualisez en temps r\u00e9el votre Ceinturon HMB\u00ae Gen2. La mani\u00e8re la plus intuitive de constituer votre ceinturon ! Garantie \u00e0 vie\" \/>\n<meta name=\"robots\" content=\"index, follow, max-snippet:-1, max-image-preview:large, max-video-preview:-1\" \/>\n<link rel=\"canonical\" href=\"https:\/\/hexatac.com\/en\/product\/kit-ceinturon-hmb-gen2\/\" \/>\n<meta property=\"og:locale\" content=\"en_GB\" \/>\n<meta property=\"og:type\" content=\"article\" \/>\n<meta property=\"og:title\" content=\"Kit Ceinturon HMB\u00b2\u00ae\" \/>\n<meta property=\"og:description\" content=\"Configurez et visualisez en temps r\u00e9el votre Ceinturon HMB\u00ae Gen2. La mani\u00e8re la plus intuitive de constituer votre ceinturon ! Garantie \u00e0 vie\" \/>\n<meta property=\"og:url\" content=\"https:\/\/hexatac.com\/en\/product\/kit-ceinturon-hmb-gen2\/\" \/>\n<meta property=\"og:site_name\" content=\"Hexatac\" \/>\n<meta property=\"article:modified_time\" content=\"2025-10-14T10:03:36+00:00\" \/>\n<meta property=\"og:image\" content=\"https:\/\/hexatac.com\/wp-content\/uploads\/2024\/12\/configurateur_hmb2_produit_png.png\" \/>\n\t<meta property=\"og:image:width\" content=\"2080\" \/>\n\t<meta property=\"og:image:height\" content=\"2080\" \/>\n\t<meta property=\"og:image:type\" content=\"image\/png\" \/>\n<meta name=\"twitter:card\" content=\"summary_large_image\" \/>\n<script type=\"application\/ld+json\" class=\"yoast-schema-graph\">{\"@context\":\"https:\\\/\\\/schema.org\",\"@graph\":[{\"@type\":[\"WebPage\",\"ItemPage\"],\"@id\":\"https:\\\/\\\/hexatac.com\\\/product\\\/kit-ceinturon-hmb-gen2\\\/\",\"url\":\"https:\\\/\\\/hexatac.com\\\/product\\\/kit-ceinturon-hmb-gen2\\\/\",\"name\":\"Configurateur Ceinturon HMB\u00ae Gen2 | HEXATAC\",\"isPartOf\":{\"@id\":\"https:\\\/\\\/hexatac.com\\\/#website\"},\"primaryImageOfPage\":{\"@id\":\"https:\\\/\\\/hexatac.com\\\/product\\\/kit-ceinturon-hmb-gen2\\\/#primaryimage\"},\"image\":{\"@id\":\"https:\\\/\\\/hexatac.com\\\/product\\\/kit-ceinturon-hmb-gen2\\\/#primaryimage\"},\"thumbnailUrl\":\"https:\\\/\\\/cdn.hexatac.com\\\/\\\/wp-content\\\/uploads\\\/2024\\\/12\\\/configurateur_hmb2_produit_png.png\",\"datePublished\":\"2024-12-22T08:58:30+00:00\",\"dateModified\":\"2025-10-14T10:03:36+00:00\",\"description\":\"Configurez et visualisez en temps r\u00e9el votre Ceinturon HMB\u00ae Gen2. La mani\u00e8re la plus intuitive de constituer votre ceinturon ! Garantie \u00e0 vie\",\"breadcrumb\":{\"@id\":\"https:\\\/\\\/hexatac.com\\\/product\\\/kit-ceinturon-hmb-gen2\\\/#breadcrumb\"},\"inLanguage\":\"en-GB\",\"potentialAction\":[{\"@type\":\"ReadAction\",\"target\":[\"https:\\\/\\\/hexatac.com\\\/product\\\/kit-ceinturon-hmb-gen2\\\/\"]}]},{\"@type\":\"ImageObject\",\"inLanguage\":\"en-GB\",\"@id\":\"https:\\\/\\\/hexatac.com\\\/product\\\/kit-ceinturon-hmb-gen2\\\/#primaryimage\",\"url\":\"https:\\\/\\\/cdn.hexatac.com\\\/\\\/wp-content\\\/uploads\\\/2024\\\/12\\\/configurateur_hmb2_produit_png.png\",\"contentUrl\":\"https:\\\/\\\/cdn.hexatac.com\\\/\\\/wp-content\\\/uploads\\\/2024\\\/12\\\/configurateur_hmb2_produit_png.png\",\"width\":2080,\"height\":2080},{\"@type\":\"BreadcrumbList\",\"@id\":\"https:\\\/\\\/hexatac.com\\\/product\\\/kit-ceinturon-hmb-gen2\\\/#breadcrumb\",\"itemListElement\":[{\"@type\":\"ListItem\",\"position\":1,\"name\":\"Accueil\",\"item\":\"https:\\\/\\\/hexatac.com\\\/\"},{\"@type\":\"ListItem\",\"position\":2,\"name\":\"Boutique\",\"item\":\"https:\\\/\\\/hexatac.com\\\/boutique\\\/\"},{\"@type\":\"ListItem\",\"position\":3,\"name\":\"Kit Ceinturon HMB\u00b2\u00ae\"}]},{\"@type\":\"WebSite\",\"@id\":\"https:\\\/\\\/hexatac.com\\\/#website\",\"url\":\"https:\\\/\\\/hexatac.com\\\/\",\"name\":\"Hexatac\",\"description\":\"Equipement Tactique | Policier | Militaire | Gendarme | Airsoft\",\"potentialAction\":[{\"@type\":\"SearchAction\",\"target\":{\"@type\":\"EntryPoint\",\"urlTemplate\":\"https:\\\/\\\/hexatac.com\\\/?s={search_term_string}\"},\"query-input\":{\"@type\":\"PropertyValueSpecification\",\"valueRequired\":true,\"valueName\":\"search_term_string\"}}],\"inLanguage\":\"en-GB\"}]}<\/script>\n<meta property=\"product:price:amount\" content=\"0.00\" \/>\n<meta property=\"product:price:currency\" content=\"EUR\" \/>\n<meta property=\"og:availability\" content=\"instock\" \/>\n<meta property=\"product:availability\" content=\"instock\" \/>\n<meta property=\"product:retailer_item_id\" content=\"CONFIG-KIT-HMB2\" \/>\n<meta property=\"product:condition\" content=\"new\" \/>\n<!-- \/ Yoast SEO Premium plugin. -->","yoast_head_json":{"title":"Configurateur Ceinturon HMB\u00ae Gen2 | HEXATAC","description":"Configurez et visualisez en temps r\u00e9el votre Ceinturon HMB\u00ae Gen2. La mani\u00e8re la plus intuitive de constituer votre ceinturon ! Garantie \u00e0 vie","robots":{"index":"index","follow":"follow","max-snippet":"max-snippet:-1","max-image-preview":"max-image-preview:large","max-video-preview":"max-video-preview:-1"},"canonical":"https:\/\/hexatac.com\/en\/product\/kit-ceinturon-hmb-gen2\/","og_locale":"en_GB","og_type":"article","og_title":"Kit Ceinturon HMB\u00b2\u00ae","og_description":"Configurez et visualisez en temps r\u00e9el votre Ceinturon HMB\u00ae Gen2. La mani\u00e8re la plus intuitive de constituer votre ceinturon ! Garantie \u00e0 vie","og_url":"https:\/\/hexatac.com\/en\/product\/kit-ceinturon-hmb-gen2\/","og_site_name":"Hexatac","article_modified_time":"2025-10-14T10:03:36+00:00","og_image":[{"width":2080,"height":2080,"url":"https:\/\/hexatac.com\/wp-content\/uploads\/2024\/12\/configurateur_hmb2_produit_png.png","type":"image\/png"}],"twitter_card":"summary_large_image","schema":{"@context":"https:\/\/schema.org","@graph":[{"@type":["WebPage","ItemPage"],"@id":"https:\/\/hexatac.com\/product\/kit-ceinturon-hmb-gen2\/","url":"https:\/\/hexatac.com\/product\/kit-ceinturon-hmb-gen2\/","name":"Configurateur Ceinturon HMB\u00ae Gen2 | HEXATAC","isPartOf":{"@id":"https:\/\/hexatac.com\/#website"},"primaryImageOfPage":{"@id":"https:\/\/hexatac.com\/product\/kit-ceinturon-hmb-gen2\/#primaryimage"},"image":{"@id":"https:\/\/hexatac.com\/product\/kit-ceinturon-hmb-gen2\/#primaryimage"},"thumbnailUrl":"https:\/\/cdn.hexatac.com\/\/wp-content\/uploads\/2024\/12\/configurateur_hmb2_produit_png.png","datePublished":"2024-12-22T08:58:30+00:00","dateModified":"2025-10-14T10:03:36+00:00","description":"Configurez et visualisez en temps r\u00e9el votre Ceinturon HMB\u00ae Gen2. La mani\u00e8re la plus intuitive de constituer votre ceinturon ! Garantie \u00e0 vie","breadcrumb":{"@id":"https:\/\/hexatac.com\/product\/kit-ceinturon-hmb-gen2\/#breadcrumb"},"inLanguage":"en-GB","potentialAction":[{"@type":"ReadAction","target":["https:\/\/hexatac.com\/product\/kit-ceinturon-hmb-gen2\/"]}]},{"@type":"ImageObject","inLanguage":"en-GB","@id":"https:\/\/hexatac.com\/product\/kit-ceinturon-hmb-gen2\/#primaryimage","url":"https:\/\/cdn.hexatac.com\/\/wp-content\/uploads\/2024\/12\/configurateur_hmb2_produit_png.png","contentUrl":"https:\/\/cdn.hexatac.com\/\/wp-content\/uploads\/2024\/12\/configurateur_hmb2_produit_png.png","width":2080,"height":2080},{"@type":"BreadcrumbList","@id":"https:\/\/hexatac.com\/product\/kit-ceinturon-hmb-gen2\/#breadcrumb","itemListElement":[{"@type":"ListItem","position":1,"name":"Accueil","item":"https:\/\/hexatac.com\/"},{"@type":"ListItem","position":2,"name":"Boutique","item":"https:\/\/hexatac.com\/boutique\/"},{"@type":"ListItem","position":3,"name":"Kit Ceinturon HMB\u00b2\u00ae"}]},{"@type":"WebSite","@id":"https:\/\/hexatac.com\/#website","url":"https:\/\/hexatac.com\/","name":"Hexatac","description":"Tactical Equipment | Policeman | Military | Gendarme | Airsoft","potentialAction":[{"@type":"SearchAction","target":{"@type":"EntryPoint","urlTemplate":"https:\/\/hexatac.com\/?s={search_term_string}"},"query-input":{"@type":"PropertyValueSpecification","valueRequired":true,"valueName":"search_term_string"}}],"inLanguage":"en-GB"}]},"product_price_amount":"0.00","product_price_currency":"EUR","og_availability":"instock","product_availability":"instock","product_retailer_item_id":"CONFIG-KIT-HMB2","product_condition":"new"},"_links":{"self":[{"href":"https:\/\/hexatac.com\/en\/wp-json\/wp\/v2\/product\/23249350","targetHints":{"allow":["GET"]}}],"collection":[{"href":"https:\/\/hexatac.com\/en\/wp-json\/wp\/v2\/product"}],"about":[{"href":"https:\/\/hexatac.com\/en\/wp-json\/wp\/v2\/types\/product"}],"replies":[{"embeddable":true,"href":"https:\/\/hexatac.com\/en\/wp-json\/wp\/v2\/comments?post=23249350"}],"wp:featuredmedia":[{"embeddable":true,"href":"https:\/\/hexatac.com\/en\/wp-json\/wp\/v2\/media\/23249359"}],"wp:attachment":[{"href":"https:\/\/hexatac.com\/en\/wp-json\/wp\/v2\/media?parent=23249350"}],"wp:term":[{"taxonomy":"product_brand","embeddable":true,"href":"https:\/\/hexatac.com\/en\/wp-json\/wp\/v2\/product_brand?post=23249350"},{"taxonomy":"product_cat","embeddable":true,"href":"https:\/\/hexatac.com\/en\/wp-json\/wp\/v2\/product_cat?post=23249350"},{"taxonomy":"product_tag","embeddable":true,"href":"https:\/\/hexatac.com\/en\/wp-json\/wp\/v2\/product_tag?post=23249350"}],"curies":[{"name":"wp","href":"https:\/\/api.w.org\/{rel}","templated":true}]}}