{"id":23249111,"date":"2024-12-14T11:21:41","date_gmt":"2024-12-14T10:21:41","guid":{"rendered":"https:\/\/hexatac.com\/?post_type=product&#038;p=23249111"},"modified":"2026-04-25T14:28:38","modified_gmt":"2026-04-25T12:28:38","slug":"sous-ceinture-hmb-gen2","status":"publish","type":"product","link":"https:\/\/hexatac.com\/en\/product\/sous-ceinture-hmb-gen2\/","title":{"rendered":"Sous-Ceinture HMB EPI\u00ae"},"content":{"rendered":"<h4>Sous-Ceinture HMB EPI\u00ae | Ceinture Velcro | HEXATAC<\/h4>\n<p>La Sous-Ceinture HMB EPI\u00ae a \u00e9t\u00e9 cr\u00e9\u00e9e pour \u00eatre la plus fine et rigide possible. Gr\u00e2ce \u00e0 notre syst\u00e8me propri\u00e9taire, aucune boucle n&rsquo;est n\u00e9cessaire.<\/p>\n<p>With a 45mm width and covered with loop velcro, this inner belt will match almost any velcro Belt with hook on it like the <a href=\"https:\/\/hexatac.com\/en\/shop\/ceinturon-hmb-gen2\/\">Ceinturon HMB\u00b2\u00ae<\/a>.<\/p>\n<p>Les d\u00e9coupes sont r\u00e9alis\u00e9es avec un angle afin de ne pas cr\u00e9er de rupture de rigidit\u00e9 dans la Sous-Ceinture<\/p>\n<h4 id=\"tailles\"><span style=\"text-decoration: underline;\"><strong>Size Guide<\/strong><\/span><\/h4>\n<p>La charte de taille de la ceinture tactique HMB\u00b2\u00ae <span style=\"text-decoration: underline;\"><strong>is based on your actual circumference<\/strong><\/span> and is as follows:<\/p>\n<p><strong>X-SMALL<\/strong> : 51 \u00e0 71cm<br \/>\n<strong>SMALL<\/strong> : 63 \u00e0 83cm<br \/>\n<strong>MEDIUM<\/strong> : 76 \u00e0 95cm<br \/>\n<strong>LARGE<\/strong> : 88 \u00e0 106cm<br \/>\n<strong>X-LARGE<\/strong> : 99 \u00e0 118cm<\/p>\n<p style=\"text-align: justify;\">To measure your height, measure your waist size\u00a0<strong>at the belt loops on your trousers, over your trousers, without a belt<\/strong> with a flexible tape measure, without being too tight or too loose. If you don't have a tape measure, you can use a piece of string or paracord to go round the edge and then measure it.<\/p>\n<p><img fetchpriority=\"high\" decoding=\"async\" class=\"aligncenter size-full wp-image-49837\" src=\"https:\/\/hexatac.com\/wp-content\/uploads\/2021\/03\/Presentation_Ceinturon_HMB\u00ae__Hexatac__Ceinture_Cobra_Molle.gif\" alt=\"\" width=\"520\" height=\"293\" \/><\/p>\n<h4 id=\"inclus\"><span style=\"text-decoration: underline;\"><strong>What's included<\/strong><\/span><\/h4>\n<ul>\n<li>HMB\u00ae Gen2 Inner Belt<\/li>\n<\/ul>\n<h4 id=\"video\"><span style=\"text-decoration: underline;\"><strong>Video Presentation<\/strong><\/span><\/h4>\n<div class=\"epyt-video-wrapper\"><iframe  style=\"display: block; margin: 0px auto;\"  id=\"_ytid_35132\"  width=\"640\" height=\"360\"  data-origwidth=\"640\" data-origheight=\"360\" src=\"https:\/\/www.youtube.com\/embed\/GkCb82rr7nU?enablejsapi=1&autoplay=0&cc_load_policy=0&cc_lang_pref=&iv_load_policy=1&loop=1&playlist=GkCb82rr7nU&rel=0&fs=1&playsinline=0&autohide=2&theme=dark&color=red&controls=1&disablekb=0&\" class=\"__youtube_prefs__  no-lazyload\" title=\"YouTube player\"  allow=\"fullscreen; accelerometer; autoplay; clipboard-write; encrypted-media; gyroscope; picture-in-picture; web-share\" referrerpolicy=\"strict-origin-when-cross-origin\" allowfullscreen data-no-lazy=\"1\" data-skipgform_ajax_framebjll=\"\"><\/iframe><\/div>\n<p>&nbsp;<\/p>\n<p>&nbsp;<\/p>\n<p><strong>ORIGINS<\/strong> :<br \/>\n- Host : Manufacture : EU | Materials : USA and EU<\/p>\n<p>Limited lifetime warranty against manufacturing defects.<\/p>","protected":false},"excerpt":{"rendered":"<p><strong>\u2714 Sous-Ceinture rigide<br \/>\n\u2714 Sans boucle pour cr\u00e9er moins d&rsquo;\u00e9paisseur<\/strong><br \/>\n<strong>\u2714 Id\u00e9ale sous HMB Classic\u00ae, HMB2\u00ae ou HMB EPI\u00ae<\/strong><br \/>\n<strong>\u2714 Permet le port d&rsquo;un holster IWB<\/strong><br \/>\n<strong>\u2714 Maintien le pantalon peu importe les efforts et les positions adapt\u00e9es<\/strong><\/p>","protected":false},"featured_media":23249110,"comment_status":"open","ping_status":"closed","template":"","meta":{"_monsterinsights_skip_tracking":false,"_monsterinsights_sitenote_active":false,"_monsterinsights_sitenote_note":"","_monsterinsights_sitenote_category":0},"product_brand":[2323],"product_cat":[97],"product_tag":[4175,4173],"class_list":{"0":"post-23249111","1":"product","2":"type-product","3":"status-publish","4":"has-post-thumbnail","6":"product_brand-hexatac","7":"product_cat-ceinture-tactique","8":"product_tag-b2b","9":"product_tag-ceinture","11":"first","12":"instock","13":"taxable","14":"shipping-taxable","15":"purchasable","16":"product-type-variable","17":"has-default-attributes"},"bundled_by":["23255356","23255372","23255383","23255384","23255519","23255520"],"bundle_stock_status":"instock","bundle_stock_quantity":null,"bundle_virtual":false,"bundle_layout":"","bundle_add_to_cart_form_location":"","bundle_editable_in_cart":false,"bundle_sold_individually_context":"","bundle_item_grouping":"","bundle_min_size":"","bundle_max_size":"","bundle_price":[],"bundled_items":[],"bundle_sell_ids":[],"yoast_head":"<!-- This site is optimized with the Yoast SEO Premium plugin v26.6 (Yoast SEO v27.5) - https:\/\/yoast.com\/product\/yoast-seo-premium-wordpress\/ -->\n<title>Sous-Ceinture HMB\u00ae | Velcro | Militaire &amp; Airsoft | HEXATAC<\/title>\n<meta name=\"description\" content=\"Sous-Ceinture Velcro HMB\u00ae Gen2. Ultra plate, con\u00e7ue sans boucle. 45mm de large, velcro bouclette. Id\u00e9ale Policier, Militaire.\" \/>\n<meta name=\"robots\" content=\"index, follow, max-snippet:-1, max-image-preview:large, max-video-preview:-1\" \/>\n<link rel=\"canonical\" href=\"https:\/\/hexatac.com\/en\/product\/sous-ceinture-hmb-gen2\/\" \/>\n<meta property=\"og:locale\" content=\"en_GB\" \/>\n<meta property=\"og:type\" content=\"article\" \/>\n<meta property=\"og:title\" content=\"Sous-Ceinture HMB EPI\u00ae\" \/>\n<meta property=\"og:description\" content=\"Sous-Ceinture Velcro HMB\u00ae Gen2. Ultra plate, con\u00e7ue sans boucle. 45mm de large, velcro bouclette. Id\u00e9ale Policier, Militaire.\" \/>\n<meta property=\"og:url\" content=\"https:\/\/hexatac.com\/en\/product\/sous-ceinture-hmb-gen2\/\" \/>\n<meta property=\"og:site_name\" content=\"Hexatac\" \/>\n<meta property=\"article:modified_time\" content=\"2026-04-25T12:28:38+00:00\" \/>\n<meta property=\"og:image\" content=\"https:\/\/hexatac.com\/wp-content\/uploads\/2024\/11\/Sous-Ceinture_HMB_Gen2_TAN-scaled.jpg\" \/>\n\t<meta property=\"og:image:width\" content=\"2560\" \/>\n\t<meta property=\"og:image:height\" content=\"2560\" \/>\n\t<meta property=\"og:image:type\" content=\"image\/jpeg\" \/>\n<meta name=\"twitter:card\" content=\"summary_large_image\" \/>\n<script type=\"application\/ld+json\" class=\"yoast-schema-graph\">{\"@context\":\"https:\\\/\\\/schema.org\",\"@graph\":[{\"@type\":[\"WebPage\",\"ItemPage\"],\"@id\":\"https:\\\/\\\/hexatac.com\\\/product\\\/sous-ceinture-hmb-gen2\\\/\",\"url\":\"https:\\\/\\\/hexatac.com\\\/product\\\/sous-ceinture-hmb-gen2\\\/\",\"name\":\"Sous-Ceinture HMB\u00ae | Velcro | Militaire & Airsoft | HEXATAC\",\"isPartOf\":{\"@id\":\"https:\\\/\\\/hexatac.com\\\/#website\"},\"primaryImageOfPage\":{\"@id\":\"https:\\\/\\\/hexatac.com\\\/product\\\/sous-ceinture-hmb-gen2\\\/#primaryimage\"},\"image\":{\"@id\":\"https:\\\/\\\/hexatac.com\\\/product\\\/sous-ceinture-hmb-gen2\\\/#primaryimage\"},\"thumbnailUrl\":\"https:\\\/\\\/cdn.hexatac.com\\\/\\\/wp-content\\\/uploads\\\/2024\\\/11\\\/Sous-Ceinture_HMB_Gen2_TAN-scaled.jpg\",\"datePublished\":\"2024-12-14T10:21:41+00:00\",\"dateModified\":\"2026-04-25T12:28:38+00:00\",\"description\":\"Sous-Ceinture Velcro HMB\u00ae Gen2. Ultra plate, con\u00e7ue sans boucle. 45mm de large, velcro bouclette. Id\u00e9ale Policier, Militaire.\",\"breadcrumb\":{\"@id\":\"https:\\\/\\\/hexatac.com\\\/product\\\/sous-ceinture-hmb-gen2\\\/#breadcrumb\"},\"inLanguage\":\"en-GB\",\"potentialAction\":[{\"@type\":\"ReadAction\",\"target\":[\"https:\\\/\\\/hexatac.com\\\/product\\\/sous-ceinture-hmb-gen2\\\/\"]}]},{\"@type\":\"ImageObject\",\"inLanguage\":\"en-GB\",\"@id\":\"https:\\\/\\\/hexatac.com\\\/product\\\/sous-ceinture-hmb-gen2\\\/#primaryimage\",\"url\":\"https:\\\/\\\/cdn.hexatac.com\\\/\\\/wp-content\\\/uploads\\\/2024\\\/11\\\/Sous-Ceinture_HMB_Gen2_TAN-scaled.jpg\",\"contentUrl\":\"https:\\\/\\\/cdn.hexatac.com\\\/\\\/wp-content\\\/uploads\\\/2024\\\/11\\\/Sous-Ceinture_HMB_Gen2_TAN-scaled.jpg\",\"width\":2560,\"height\":2560},{\"@type\":\"BreadcrumbList\",\"@id\":\"https:\\\/\\\/hexatac.com\\\/product\\\/sous-ceinture-hmb-gen2\\\/#breadcrumb\",\"itemListElement\":[{\"@type\":\"ListItem\",\"position\":1,\"name\":\"Accueil\",\"item\":\"https:\\\/\\\/hexatac.com\\\/\"},{\"@type\":\"ListItem\",\"position\":2,\"name\":\"Boutique\",\"item\":\"https:\\\/\\\/hexatac.com\\\/boutique\\\/\"},{\"@type\":\"ListItem\",\"position\":3,\"name\":\"Sous-Ceinture HMB EPI\u00ae\"}]},{\"@type\":\"WebSite\",\"@id\":\"https:\\\/\\\/hexatac.com\\\/#website\",\"url\":\"https:\\\/\\\/hexatac.com\\\/\",\"name\":\"Hexatac\",\"description\":\"Equipement Tactique | Policier | Militaire | Gendarme | Airsoft\",\"potentialAction\":[{\"@type\":\"SearchAction\",\"target\":{\"@type\":\"EntryPoint\",\"urlTemplate\":\"https:\\\/\\\/hexatac.com\\\/?s={search_term_string}\"},\"query-input\":{\"@type\":\"PropertyValueSpecification\",\"valueRequired\":true,\"valueName\":\"search_term_string\"}}],\"inLanguage\":\"en-GB\"}]}<\/script>\n<meta property=\"og:availability\" content=\"instock\" \/>\n<meta property=\"product:availability\" content=\"instock\" \/>\n<meta property=\"product:retailer_item_id\" content=\"HMBE-INR\" \/>\n<meta property=\"product:condition\" content=\"new\" \/>\n<!-- \/ Yoast SEO Premium plugin. -->","yoast_head_json":{"title":"Sous-Ceinture HMB\u00ae | Velcro | Militaire & Airsoft | HEXATAC","description":"Sous-Ceinture Velcro HMB\u00ae Gen2. Ultra plate, con\u00e7ue sans boucle. 45mm de large, velcro bouclette. Id\u00e9ale Policier, Militaire.","robots":{"index":"index","follow":"follow","max-snippet":"max-snippet:-1","max-image-preview":"max-image-preview:large","max-video-preview":"max-video-preview:-1"},"canonical":"https:\/\/hexatac.com\/en\/product\/sous-ceinture-hmb-gen2\/","og_locale":"en_GB","og_type":"article","og_title":"Sous-Ceinture HMB EPI\u00ae","og_description":"Sous-Ceinture Velcro HMB\u00ae Gen2. Ultra plate, con\u00e7ue sans boucle. 45mm de large, velcro bouclette. Id\u00e9ale Policier, Militaire.","og_url":"https:\/\/hexatac.com\/en\/product\/sous-ceinture-hmb-gen2\/","og_site_name":"Hexatac","article_modified_time":"2026-04-25T12:28:38+00:00","og_image":[{"width":2560,"height":2560,"url":"https:\/\/hexatac.com\/wp-content\/uploads\/2024\/11\/Sous-Ceinture_HMB_Gen2_TAN-scaled.jpg","type":"image\/jpeg"}],"twitter_card":"summary_large_image","schema":{"@context":"https:\/\/schema.org","@graph":[{"@type":["WebPage","ItemPage"],"@id":"https:\/\/hexatac.com\/product\/sous-ceinture-hmb-gen2\/","url":"https:\/\/hexatac.com\/product\/sous-ceinture-hmb-gen2\/","name":"Sous-Ceinture HMB\u00ae | Velcro | Militaire & Airsoft | HEXATAC","isPartOf":{"@id":"https:\/\/hexatac.com\/#website"},"primaryImageOfPage":{"@id":"https:\/\/hexatac.com\/product\/sous-ceinture-hmb-gen2\/#primaryimage"},"image":{"@id":"https:\/\/hexatac.com\/product\/sous-ceinture-hmb-gen2\/#primaryimage"},"thumbnailUrl":"https:\/\/cdn.hexatac.com\/\/wp-content\/uploads\/2024\/11\/Sous-Ceinture_HMB_Gen2_TAN-scaled.jpg","datePublished":"2024-12-14T10:21:41+00:00","dateModified":"2026-04-25T12:28:38+00:00","description":"Sous-Ceinture Velcro HMB\u00ae Gen2. Ultra plate, con\u00e7ue sans boucle. 45mm de large, velcro bouclette. Id\u00e9ale Policier, Militaire.","breadcrumb":{"@id":"https:\/\/hexatac.com\/product\/sous-ceinture-hmb-gen2\/#breadcrumb"},"inLanguage":"en-GB","potentialAction":[{"@type":"ReadAction","target":["https:\/\/hexatac.com\/product\/sous-ceinture-hmb-gen2\/"]}]},{"@type":"ImageObject","inLanguage":"en-GB","@id":"https:\/\/hexatac.com\/product\/sous-ceinture-hmb-gen2\/#primaryimage","url":"https:\/\/cdn.hexatac.com\/\/wp-content\/uploads\/2024\/11\/Sous-Ceinture_HMB_Gen2_TAN-scaled.jpg","contentUrl":"https:\/\/cdn.hexatac.com\/\/wp-content\/uploads\/2024\/11\/Sous-Ceinture_HMB_Gen2_TAN-scaled.jpg","width":2560,"height":2560},{"@type":"BreadcrumbList","@id":"https:\/\/hexatac.com\/product\/sous-ceinture-hmb-gen2\/#breadcrumb","itemListElement":[{"@type":"ListItem","position":1,"name":"Accueil","item":"https:\/\/hexatac.com\/"},{"@type":"ListItem","position":2,"name":"Boutique","item":"https:\/\/hexatac.com\/boutique\/"},{"@type":"ListItem","position":3,"name":"Sous-Ceinture HMB EPI\u00ae"}]},{"@type":"WebSite","@id":"https:\/\/hexatac.com\/#website","url":"https:\/\/hexatac.com\/","name":"Hexatac","description":"Tactical Equipment | Policeman | Military | Gendarme | Airsoft","potentialAction":[{"@type":"SearchAction","target":{"@type":"EntryPoint","urlTemplate":"https:\/\/hexatac.com\/?s={search_term_string}"},"query-input":{"@type":"PropertyValueSpecification","valueRequired":true,"valueName":"search_term_string"}}],"inLanguage":"en-GB"}]},"og_availability":"instock","product_availability":"instock","product_retailer_item_id":"HMBE-INR","product_condition":"new"},"_links":{"self":[{"href":"https:\/\/hexatac.com\/en\/wp-json\/wp\/v2\/product\/23249111","targetHints":{"allow":["GET"]}}],"collection":[{"href":"https:\/\/hexatac.com\/en\/wp-json\/wp\/v2\/product"}],"about":[{"href":"https:\/\/hexatac.com\/en\/wp-json\/wp\/v2\/types\/product"}],"replies":[{"embeddable":true,"href":"https:\/\/hexatac.com\/en\/wp-json\/wp\/v2\/comments?post=23249111"}],"wp:featuredmedia":[{"embeddable":true,"href":"https:\/\/hexatac.com\/en\/wp-json\/wp\/v2\/media\/23249110"}],"wp:attachment":[{"href":"https:\/\/hexatac.com\/en\/wp-json\/wp\/v2\/media?parent=23249111"}],"wp:term":[{"taxonomy":"product_brand","embeddable":true,"href":"https:\/\/hexatac.com\/en\/wp-json\/wp\/v2\/product_brand?post=23249111"},{"taxonomy":"product_cat","embeddable":true,"href":"https:\/\/hexatac.com\/en\/wp-json\/wp\/v2\/product_cat?post=23249111"},{"taxonomy":"product_tag","embeddable":true,"href":"https:\/\/hexatac.com\/en\/wp-json\/wp\/v2\/product_tag?post=23249111"}],"curies":[{"name":"wp","href":"https:\/\/api.w.org\/{rel}","templated":true}]}}