{"id":23248775,"date":"2024-11-25T12:06:08","date_gmt":"2024-11-25T11:06:08","guid":{"rendered":"https:\/\/hexatac.com\/?post_type=product&#038;p=23248775"},"modified":"2026-04-24T14:27:45","modified_gmt":"2026-04-24T12:27:45","slug":"ceinturon-hmb-gen2","status":"publish","type":"product","link":"https:\/\/hexatac.com\/en\/product\/ceinturon-hmb-gen2\/","title":{"rendered":"Ceinturon HMB\u00b2\u00ae"},"content":{"rendered":"<h4>Ceinturon HMB\u00b2\u00ae | Ceinture Molle | HEXATAC<\/h4>\n<p style=\"text-align: justify;\">Here's the long awaited successor of the HMB\u00ae Belt. This new generation has taken all the feedbacks into account over the 4 years of life of the original belt which change the daily life of users.<\/p>\n<p style=\"text-align: justify;\">Stiff, light and with even more modular space all around the belt are the strong points of this new HMB\u00ae Belt.<\/p>\n<h4><span style=\"text-decoration: underline;\"><strong>Skeleton<\/strong><\/span><\/h4>\n<p style=\"text-align: justify;\">The stiff structure of the HMB\u00ae Belt Gen2 is from the new structure of our upcoming HMB-R\u00ae that will be suited for aerial platforms (<em>soon available<\/em>). Thanks to our new signature pattern - created first for the HMB-R\u00ae Belt and also used on the HPC-E\u00ae Cummerbunds, the structure is stiff and homogenous all along without any breaking. This new pattern allows to position the buckle exactly where you need it so that you can enjoy all the real estate and get rid of the free strand.<\/p>\n<h4 style=\"text-align: justify;\"><span style=\"text-decoration: underline;\"><strong>Webbing and Buckle<\/strong><\/span><\/h4>\n<p style=\"text-align: justify;\">The design of the HMB\u00ae Gen2 Belt is \"free float\". The webbing strap is only connected to the buckle and free to move within the skeleton. The webbing used in here is more abrasion resistant than the one used for aerial operations.<\/p>\n<p style=\"text-align: justify;\">The plastic buckle locks on both side : the buckle won't slide off and you'll keep your setting. Plus, the user can shorten or change the webbing strap and adjust the length of the free strand on each side.<\/p>\n<p style=\"text-align: justify;\">For this second generation of HMB\u00ae Belt, we abandoned the metallic Cobra buckle because it's not useful for day to day use and this belt is not made to secure someone.<\/p>\n<h4 style=\"text-align: justify;\"><span style=\"text-decoration: underline;\"><strong>Stiffness Continuity<\/strong><\/span><\/h4>\n<p>Following our path to reduce velcro when it's not absolutely needed, the continuity of stiffness is made with a male extension of the skeleton to lock into the signature pattern.<\/p>\n<h4 id=\"tailles\"><span style=\"text-decoration: underline;\"><strong>Size Guide<\/strong><\/span><\/h4>\n<h6>ATTENTION MERCI DE BIEN PRENDRE CONNAISSANCE DES INFORMATIONS CI-DESSOUS<\/h6>\n<p>Les mesures suivantes sont les circonf\u00e9rences internes maximum. Il n&rsquo;y a pas de minimum mais plus vous vous \u00e9loignez du maximum, plus il y a de superposition entre les deux extr\u00e9mit\u00e9s.<\/p>\n<p>Si votre tour de taille est exactement la mesure maximale, prenez cette taille.<\/p>\n<p>Elle est telle que suit :<\/p>\n<p><strong>X-SMALL<\/strong> : jusqu&rsquo;\u00e0 77cm<br \/>\n<strong>SMALL<\/strong> : jusqu&rsquo;\u00e0 89cm<br \/>\n<strong>MEDIUM<\/strong> : jusqu&rsquo;\u00e0 101cm<br \/>\n<strong>LARGE<\/strong> : jusqu&rsquo;\u00e0 113cm<br \/>\n<strong>X-LARGE<\/strong> : jusqu&rsquo;\u00e0 125cm<\/p>\n<p style=\"text-align: justify;\">To measure your height, measure your waist size\u00a0<strong>au niveau des passants de ceintures de votre pantalon, par dessus le pantalon, AVEC UNE SOUS-CEINTURE<\/strong>\u00a0with a flexible tape measure, without being too tight or too loose. If you don't have a tape measure, you can use a piece of string or paracord to go round the edge and then measure it.<\/p>\n<p><img fetchpriority=\"high\" decoding=\"async\" class=\"aligncenter size-full wp-image-49837\" src=\"https:\/\/hexatac.com\/wp-content\/uploads\/2021\/03\/Presentation_Ceinturon_HMB\u00ae__Hexatac__Ceinture_Cobra_Molle.gif\" alt=\"\" width=\"520\" height=\"293\" \/><\/p>\n<p style=\"text-align: center;\"><img decoding=\"async\" class=\"aligncenter wp-image-23249160 size-full\" src=\"https:\/\/hexatac.com\/wp-content\/uploads\/2024\/11\/Squelette_HMB2-scaled.jpg\" alt=\"\" width=\"2560\" height=\"817\" srcset=\"https:\/\/cdn.hexatac.com\/\/wp-content\/uploads\/2024\/11\/Squelette_HMB2-scaled.jpg 2560w, https:\/\/cdn.hexatac.com\/\/wp-content\/uploads\/2024\/11\/Squelette_HMB2-300x96.jpg 300w, https:\/\/cdn.hexatac.com\/\/wp-content\/uploads\/2024\/11\/Squelette_HMB2-1024x327.jpg 1024w, https:\/\/cdn.hexatac.com\/\/wp-content\/uploads\/2024\/11\/Squelette_HMB2-768x245.jpg 768w, https:\/\/cdn.hexatac.com\/\/wp-content\/uploads\/2024\/11\/Squelette_HMB2-1536x490.jpg 1536w, https:\/\/cdn.hexatac.com\/\/wp-content\/uploads\/2024\/11\/Squelette_HMB2-2048x653.jpg 2048w, https:\/\/cdn.hexatac.com\/\/wp-content\/uploads\/2024\/11\/Squelette_HMB2-18x6.jpg 18w, https:\/\/cdn.hexatac.com\/\/wp-content\/uploads\/2024\/11\/Squelette_HMB2-1080x345.jpg 1080w, https:\/\/cdn.hexatac.com\/\/wp-content\/uploads\/2024\/11\/Squelette_HMB2-1280x408.jpg 1280w, https:\/\/cdn.hexatac.com\/\/wp-content\/uploads\/2024\/11\/Squelette_HMB2-980x313.jpg 980w, https:\/\/cdn.hexatac.com\/\/wp-content\/uploads\/2024\/11\/Squelette_HMB2-480x153.jpg 480w, https:\/\/cdn.hexatac.com\/\/wp-content\/uploads\/2024\/11\/Squelette_HMB2-64x20.jpg 64w\" sizes=\"(max-width: 2560px) 100vw, 2560px\" \/><\/p>\n<h4 id=\"inclus\"><span style=\"text-decoration: underline;\"><strong>What's included<\/strong><\/span><\/h4>\n<ul>\n<li>Ceinturon HMB\u00b2\u00ae avec boucle plastique<\/li>\n<\/ul>\n<p>Warning : inner belt is NOT included. <a href=\"https:\/\/hexatac.com\/en\/shop\/sous-ceinture-hmb-gen2\/\">Retrouvez la Sous-Ceinture HMB\u00b2\u00ae ici<\/a>.<\/p>\n<h4 id=\"video\"><span style=\"text-decoration: underline;\"><strong>Video Presentation<\/strong><\/span><\/h4>\n<div class=\"epyt-video-wrapper\"><iframe  style=\"display: block; margin: 0px auto;\"  id=\"_ytid_12431\"  width=\"640\" height=\"360\"  data-origwidth=\"640\" data-origheight=\"360\" src=\"https:\/\/www.youtube.com\/embed\/Leef2gYWnh4?enablejsapi=1&autoplay=0&cc_load_policy=0&cc_lang_pref=&iv_load_policy=1&loop=1&playlist=Leef2gYWnh4&rel=0&fs=1&playsinline=0&autohide=2&theme=dark&color=red&controls=1&disablekb=0&\" class=\"__youtube_prefs__  no-lazyload\" title=\"YouTube player\"  allow=\"fullscreen; accelerometer; autoplay; clipboard-write; encrypted-media; gyroscope; picture-in-picture; web-share\" referrerpolicy=\"strict-origin-when-cross-origin\" allowfullscreen data-no-lazy=\"1\" data-skipgform_ajax_framebjll=\"\"><\/iframe><\/div>\n<p>&nbsp;<\/p>\n<p>&nbsp;<\/p>\n<p><strong>ORIGINS<\/strong> :<br \/>\n- Host : Manufacture : EU | Materials : USA and EU<\/p>\n<p>Limited lifetime warranty against manufacturing defects.<\/p>","protected":false},"excerpt":{"rendered":"<p><strong>\u2714 Ceinturon ultra l\u00e9ger<\/strong><br \/>\n<strong>\u2714 Rigidit\u00e9 uniforme<\/strong><br \/>\n<strong>\u2714 MOLLE rigide sur toute la longueur peu importe le r\u00e9glage<\/strong><br \/>\n<strong>\u2714 100% de l&rsquo;espace disponible<\/strong><\/p>","protected":false},"featured_media":23249106,"comment_status":"open","ping_status":"closed","template":"","meta":{"_monsterinsights_skip_tracking":false,"_monsterinsights_sitenote_active":false,"_monsterinsights_sitenote_note":"","_monsterinsights_sitenote_category":0},"product_brand":[2323],"product_cat":[97],"product_tag":[4175,4173],"class_list":{"0":"post-23248775","1":"product","2":"type-product","3":"status-publish","4":"has-post-thumbnail","6":"product_brand-hexatac","7":"product_cat-ceinture-tactique","8":"product_tag-b2b","9":"product_tag-ceinture","11":"first","12":"instock","13":"taxable","14":"shipping-taxable","15":"purchasable","16":"product-type-variable","17":"has-default-attributes"},"bundled_by":[],"bundle_stock_status":"instock","bundle_stock_quantity":null,"bundle_virtual":false,"bundle_layout":"","bundle_add_to_cart_form_location":"","bundle_editable_in_cart":false,"bundle_sold_individually_context":"","bundle_item_grouping":"","bundle_min_size":"","bundle_max_size":"","bundle_price":[],"bundled_items":[],"bundle_sell_ids":[],"yoast_head":"<!-- This site is optimized with the Yoast SEO Premium plugin v26.6 (Yoast SEO v27.4) - https:\/\/yoast.com\/product\/yoast-seo-premium-wordpress\/ -->\n<title>Ceinturon HMB\u00ae Gen2 | Police, Gendarmerie, Militaire | HEXATAC<\/title>\n<meta name=\"description\" content=\"Ceinturon HMB\u00ae Gen2. Rigide, l\u00e9ger, MOLLE \u00e0 360\u00b0. Id\u00e9al pour Policier ou Militaire. Taille XS\/S\/M\/L\/XL disponibles. Con\u00e7u en France.\" \/>\n<meta name=\"robots\" content=\"index, follow, max-snippet:-1, max-image-preview:large, max-video-preview:-1\" \/>\n<link rel=\"canonical\" href=\"https:\/\/hexatac.com\/en\/product\/ceinturon-hmb-gen2\/\" \/>\n<meta property=\"og:locale\" content=\"en_GB\" \/>\n<meta property=\"og:type\" content=\"article\" \/>\n<meta property=\"og:title\" content=\"Ceinturon HMB\u00b2\u00ae\" \/>\n<meta property=\"og:description\" content=\"Ceinturon HMB\u00ae Gen2. Rigide, l\u00e9ger, MOLLE \u00e0 360\u00b0. Id\u00e9al pour Policier ou Militaire. Taille XS\/S\/M\/L\/XL disponibles. Con\u00e7u en France.\" \/>\n<meta property=\"og:url\" content=\"https:\/\/hexatac.com\/en\/product\/ceinturon-hmb-gen2\/\" \/>\n<meta property=\"og:site_name\" content=\"Hexatac\" \/>\n<meta property=\"article:modified_time\" content=\"2026-04-24T12:27:45+00:00\" \/>\n<meta property=\"og:image\" content=\"https:\/\/hexatac.com\/wp-content\/uploads\/2024\/11\/Ceinturon_HMB_Gen2_MC_FACE-scaled.jpg\" \/>\n\t<meta property=\"og:image:width\" content=\"2560\" \/>\n\t<meta property=\"og:image:height\" content=\"2560\" \/>\n\t<meta property=\"og:image:type\" content=\"image\/jpeg\" \/>\n<meta name=\"twitter:card\" content=\"summary_large_image\" \/>\n<script type=\"application\/ld+json\" class=\"yoast-schema-graph\">{\"@context\":\"https:\\\/\\\/schema.org\",\"@graph\":[{\"@type\":[\"WebPage\",\"ItemPage\"],\"@id\":\"https:\\\/\\\/hexatac.com\\\/product\\\/ceinturon-hmb-gen2\\\/\",\"url\":\"https:\\\/\\\/hexatac.com\\\/product\\\/ceinturon-hmb-gen2\\\/\",\"name\":\"Ceinturon HMB\u00ae Gen2 | Police, Gendarmerie, Militaire | HEXATAC\",\"isPartOf\":{\"@id\":\"https:\\\/\\\/hexatac.com\\\/#website\"},\"primaryImageOfPage\":{\"@id\":\"https:\\\/\\\/hexatac.com\\\/product\\\/ceinturon-hmb-gen2\\\/#primaryimage\"},\"image\":{\"@id\":\"https:\\\/\\\/hexatac.com\\\/product\\\/ceinturon-hmb-gen2\\\/#primaryimage\"},\"thumbnailUrl\":\"https:\\\/\\\/cdn.hexatac.com\\\/\\\/wp-content\\\/uploads\\\/2024\\\/11\\\/Ceinturon_HMB_Gen2_MC_FACE-scaled.jpg\",\"datePublished\":\"2024-11-25T11:06:08+00:00\",\"dateModified\":\"2026-04-24T12:27:45+00:00\",\"description\":\"Ceinturon HMB\u00ae Gen2. Rigide, l\u00e9ger, MOLLE \u00e0 360\u00b0. Id\u00e9al pour Policier ou Militaire. Taille XS\\\/S\\\/M\\\/L\\\/XL disponibles. Con\u00e7u en France.\",\"breadcrumb\":{\"@id\":\"https:\\\/\\\/hexatac.com\\\/product\\\/ceinturon-hmb-gen2\\\/#breadcrumb\"},\"inLanguage\":\"en-GB\",\"potentialAction\":[{\"@type\":\"ReadAction\",\"target\":[\"https:\\\/\\\/hexatac.com\\\/product\\\/ceinturon-hmb-gen2\\\/\"]}]},{\"@type\":\"ImageObject\",\"inLanguage\":\"en-GB\",\"@id\":\"https:\\\/\\\/hexatac.com\\\/product\\\/ceinturon-hmb-gen2\\\/#primaryimage\",\"url\":\"https:\\\/\\\/cdn.hexatac.com\\\/\\\/wp-content\\\/uploads\\\/2024\\\/11\\\/Ceinturon_HMB_Gen2_MC_FACE-scaled.jpg\",\"contentUrl\":\"https:\\\/\\\/cdn.hexatac.com\\\/\\\/wp-content\\\/uploads\\\/2024\\\/11\\\/Ceinturon_HMB_Gen2_MC_FACE-scaled.jpg\",\"width\":2560,\"height\":2560},{\"@type\":\"BreadcrumbList\",\"@id\":\"https:\\\/\\\/hexatac.com\\\/product\\\/ceinturon-hmb-gen2\\\/#breadcrumb\",\"itemListElement\":[{\"@type\":\"ListItem\",\"position\":1,\"name\":\"Accueil\",\"item\":\"https:\\\/\\\/hexatac.com\\\/\"},{\"@type\":\"ListItem\",\"position\":2,\"name\":\"Boutique\",\"item\":\"https:\\\/\\\/hexatac.com\\\/boutique\\\/\"},{\"@type\":\"ListItem\",\"position\":3,\"name\":\"Ceinturon HMB\u00b2\u00ae\"}]},{\"@type\":\"WebSite\",\"@id\":\"https:\\\/\\\/hexatac.com\\\/#website\",\"url\":\"https:\\\/\\\/hexatac.com\\\/\",\"name\":\"Hexatac\",\"description\":\"Equipement Tactique | Policier | Militaire | Gendarme | Airsoft\",\"potentialAction\":[{\"@type\":\"SearchAction\",\"target\":{\"@type\":\"EntryPoint\",\"urlTemplate\":\"https:\\\/\\\/hexatac.com\\\/?s={search_term_string}\"},\"query-input\":{\"@type\":\"PropertyValueSpecification\",\"valueRequired\":true,\"valueName\":\"search_term_string\"}}],\"inLanguage\":\"en-GB\"}]}<\/script>\n<meta property=\"og:availability\" content=\"instock\" \/>\n<meta property=\"product:availability\" content=\"instock\" \/>\n<meta property=\"product:retailer_item_id\" content=\"HMBG2\" \/>\n<meta property=\"product:condition\" content=\"new\" \/>\n<!-- \/ Yoast SEO Premium plugin. -->","yoast_head_json":{"title":"Ceinturon HMB\u00ae Gen2 | Police, Gendarmerie, Militaire | HEXATAC","description":"Ceinturon HMB\u00ae Gen2. Rigide, l\u00e9ger, MOLLE \u00e0 360\u00b0. Id\u00e9al pour Policier ou Militaire. Taille XS\/S\/M\/L\/XL disponibles. Con\u00e7u en France.","robots":{"index":"index","follow":"follow","max-snippet":"max-snippet:-1","max-image-preview":"max-image-preview:large","max-video-preview":"max-video-preview:-1"},"canonical":"https:\/\/hexatac.com\/en\/product\/ceinturon-hmb-gen2\/","og_locale":"en_GB","og_type":"article","og_title":"Ceinturon HMB\u00b2\u00ae","og_description":"Ceinturon HMB\u00ae Gen2. Rigide, l\u00e9ger, MOLLE \u00e0 360\u00b0. Id\u00e9al pour Policier ou Militaire. Taille XS\/S\/M\/L\/XL disponibles. Con\u00e7u en France.","og_url":"https:\/\/hexatac.com\/en\/product\/ceinturon-hmb-gen2\/","og_site_name":"Hexatac","article_modified_time":"2026-04-24T12:27:45+00:00","og_image":[{"width":2560,"height":2560,"url":"https:\/\/hexatac.com\/wp-content\/uploads\/2024\/11\/Ceinturon_HMB_Gen2_MC_FACE-scaled.jpg","type":"image\/jpeg"}],"twitter_card":"summary_large_image","schema":{"@context":"https:\/\/schema.org","@graph":[{"@type":["WebPage","ItemPage"],"@id":"https:\/\/hexatac.com\/product\/ceinturon-hmb-gen2\/","url":"https:\/\/hexatac.com\/product\/ceinturon-hmb-gen2\/","name":"Ceinturon HMB\u00ae Gen2 | Police, Gendarmerie, Militaire | HEXATAC","isPartOf":{"@id":"https:\/\/hexatac.com\/#website"},"primaryImageOfPage":{"@id":"https:\/\/hexatac.com\/product\/ceinturon-hmb-gen2\/#primaryimage"},"image":{"@id":"https:\/\/hexatac.com\/product\/ceinturon-hmb-gen2\/#primaryimage"},"thumbnailUrl":"https:\/\/cdn.hexatac.com\/\/wp-content\/uploads\/2024\/11\/Ceinturon_HMB_Gen2_MC_FACE-scaled.jpg","datePublished":"2024-11-25T11:06:08+00:00","dateModified":"2026-04-24T12:27:45+00:00","description":"Ceinturon HMB\u00ae Gen2. Rigide, l\u00e9ger, MOLLE \u00e0 360\u00b0. Id\u00e9al pour Policier ou Militaire. Taille XS\/S\/M\/L\/XL disponibles. Con\u00e7u en France.","breadcrumb":{"@id":"https:\/\/hexatac.com\/product\/ceinturon-hmb-gen2\/#breadcrumb"},"inLanguage":"en-GB","potentialAction":[{"@type":"ReadAction","target":["https:\/\/hexatac.com\/product\/ceinturon-hmb-gen2\/"]}]},{"@type":"ImageObject","inLanguage":"en-GB","@id":"https:\/\/hexatac.com\/product\/ceinturon-hmb-gen2\/#primaryimage","url":"https:\/\/cdn.hexatac.com\/\/wp-content\/uploads\/2024\/11\/Ceinturon_HMB_Gen2_MC_FACE-scaled.jpg","contentUrl":"https:\/\/cdn.hexatac.com\/\/wp-content\/uploads\/2024\/11\/Ceinturon_HMB_Gen2_MC_FACE-scaled.jpg","width":2560,"height":2560},{"@type":"BreadcrumbList","@id":"https:\/\/hexatac.com\/product\/ceinturon-hmb-gen2\/#breadcrumb","itemListElement":[{"@type":"ListItem","position":1,"name":"Accueil","item":"https:\/\/hexatac.com\/"},{"@type":"ListItem","position":2,"name":"Boutique","item":"https:\/\/hexatac.com\/boutique\/"},{"@type":"ListItem","position":3,"name":"Ceinturon HMB\u00b2\u00ae"}]},{"@type":"WebSite","@id":"https:\/\/hexatac.com\/#website","url":"https:\/\/hexatac.com\/","name":"Hexatac","description":"Tactical Equipment | Policeman | Military | Gendarme | Airsoft","potentialAction":[{"@type":"SearchAction","target":{"@type":"EntryPoint","urlTemplate":"https:\/\/hexatac.com\/?s={search_term_string}"},"query-input":{"@type":"PropertyValueSpecification","valueRequired":true,"valueName":"search_term_string"}}],"inLanguage":"en-GB"}]},"og_availability":"instock","product_availability":"instock","product_retailer_item_id":"HMBG2","product_condition":"new"},"_links":{"self":[{"href":"https:\/\/hexatac.com\/en\/wp-json\/wp\/v2\/product\/23248775","targetHints":{"allow":["GET"]}}],"collection":[{"href":"https:\/\/hexatac.com\/en\/wp-json\/wp\/v2\/product"}],"about":[{"href":"https:\/\/hexatac.com\/en\/wp-json\/wp\/v2\/types\/product"}],"replies":[{"embeddable":true,"href":"https:\/\/hexatac.com\/en\/wp-json\/wp\/v2\/comments?post=23248775"}],"wp:featuredmedia":[{"embeddable":true,"href":"https:\/\/hexatac.com\/en\/wp-json\/wp\/v2\/media\/23249106"}],"wp:attachment":[{"href":"https:\/\/hexatac.com\/en\/wp-json\/wp\/v2\/media?parent=23248775"}],"wp:term":[{"taxonomy":"product_brand","embeddable":true,"href":"https:\/\/hexatac.com\/en\/wp-json\/wp\/v2\/product_brand?post=23248775"},{"taxonomy":"product_cat","embeddable":true,"href":"https:\/\/hexatac.com\/en\/wp-json\/wp\/v2\/product_cat?post=23248775"},{"taxonomy":"product_tag","embeddable":true,"href":"https:\/\/hexatac.com\/en\/wp-json\/wp\/v2\/product_tag?post=23248775"}],"curies":[{"name":"wp","href":"https:\/\/api.w.org\/{rel}","templated":true}]}}