{"id":23247361,"date":"2024-08-30T16:07:25","date_gmt":"2024-08-30T14:07:25","guid":{"rendered":"https:\/\/hexatac.com\/?post_type=product&#038;p=23247361"},"modified":"2026-04-26T16:28:33","modified_gmt":"2026-04-26T14:28:33","slug":"housse-gilet-souple-interieure-hpc-e","status":"publish","type":"product","link":"https:\/\/hexatac.com\/en\/product\/housse-gilet-souple-interieure-hpc-e\/","title":{"rendered":"Housse Gilet Souple Int\u00e9rieure HPC\u00b2\u00ae"},"content":{"rendered":"<h4>Housse Interne pour Gilet Souple Porte-Plaques HPC\u00ae EVOLVE | Gilet Tactique Nouvelle G\u00e9n\u00e9ration | HEXATAC<\/h4>\n<p style=\"text-align: justify;\">Augmentez le niveau de protection de votre Porte-Plaques HPC-EVOLVE\u00ae avec les housses Internes pour Gilet Souple!<\/p>\n<p style=\"text-align: justify;\">Ces housses minimalistes ont pour but de vous permettre d&rsquo;utiliser vos protections souples en dotation \u00e0 l&rsquo;int\u00e9rieur de votre HPC-E\u00ae. Elles se fixent \u00e0 l&rsquo;int\u00e9rieur du Porte-Plaques avec une grande plaque de velcro qui assure une mise en place rapide et fiable.<\/p>\n<p style=\"text-align: justify;\">C\u00f4t\u00e9 corps, du velour vous permettra de pouvoir conserver vos coussinets de confort selon vos besoins.<\/p>\n<h4 id=\"inclus\"><span style=\"text-decoration: underline;\"><strong>What's included<\/strong><\/span><\/h4>\n<ul>\n<li>Housse avant<\/li>\n<li>Housse arri\u00e8re<\/li>\n<\/ul>\n<p>ATTENTION : les inserts balistiques\u00a0<span style=\"text-decoration: underline;\"><strong>ne sont pas<\/strong><\/span><strong>\u00a0<\/strong>inclus !<\/p>\n<h4 id=\"compatibilite\"><span style=\"text-decoration: underline;\"><strong>Compatibility<\/strong><\/span><\/h4>\n<p>Selon d\u00e9clinaison s\u00e9lectionn\u00e9e. Attention, vous devez s\u00e9lectionner la taille exacte de votre protection en dotation ! Une housse GK PRO 104\/116<span style=\"text-decoration: underline;\"><strong>M<\/strong><\/span> ne conviendra pas \u00e0 des protections GK PRO 104\/116<span style=\"text-decoration: underline;\"><strong>C<\/strong><\/span> for example.<\/p>\n<p><strong>ORIGINS<\/strong> :<br \/>\n- Host : Manufacture : EU | Materials : USA and EU<\/p>\n<p>Limited lifetime warranty against manufacturing defects.<\/p>","protected":false},"excerpt":{"rendered":"<p><strong>\u2714 Simple et minimaliste<br \/>\n\u2714 S&rsquo;accroche au Gilet HPC2\u00ae ou HPC-E\u00ae gr\u00e2ce \u00e0 l&rsquo;interface velcro<\/strong><br \/>\n<strong>\u2714 Ajust\u00e9e \u00e0 vos inserts : pas de tissu en exc\u00e8s<\/strong><\/p>","protected":false},"featured_media":23227246,"comment_status":"open","ping_status":"closed","template":"","meta":{"_monsterinsights_skip_tracking":false,"_monsterinsights_sitenote_active":false,"_monsterinsights_sitenote_note":"","_monsterinsights_sitenote_category":0},"product_brand":[2323],"product_cat":[1174],"product_tag":[],"class_list":{"0":"post-23247361","1":"product","2":"type-product","3":"status-publish","4":"has-post-thumbnail","6":"product_brand-hexatac","7":"product_cat-gilet-tactique","9":"first","10":"instock","11":"taxable","12":"shipping-taxable","13":"purchasable","14":"product-type-variable","15":"has-default-attributes"},"bundled_by":[],"bundle_stock_status":"instock","bundle_stock_quantity":null,"bundle_virtual":false,"bundle_layout":"","bundle_add_to_cart_form_location":"","bundle_editable_in_cart":false,"bundle_sold_individually_context":"","bundle_item_grouping":"","bundle_min_size":"","bundle_max_size":"","bundle_price":[],"bundled_items":[],"bundle_sell_ids":[],"yoast_head":"<!-- This site is optimized with the Yoast SEO Premium plugin v26.6 (Yoast SEO v27.5) - https:\/\/yoast.com\/product\/yoast-seo-premium-wordpress\/ -->\n<title>Housses Gilet Souple HPC-E\u00ae - Gilet POLICE, SMBE - Hexatac<\/title>\n<meta name=\"description\" content=\"Augmentez le niveau de protection de votre Porte-Plaques HPC-E\u00ae avec vos protections souples en dotation! Id\u00e9al SMBE et utilisation Police.\" \/>\n<meta name=\"robots\" content=\"index, follow, max-snippet:-1, max-image-preview:large, max-video-preview:-1\" \/>\n<link rel=\"canonical\" href=\"https:\/\/hexatac.com\/en\/product\/housse-gilet-souple-interieure-hpc-e\/\" \/>\n<meta property=\"og:locale\" content=\"en_GB\" \/>\n<meta property=\"og:type\" content=\"article\" \/>\n<meta property=\"og:title\" content=\"Housse Gilet Souple Int\u00e9rieure HPC\u00b2\u00ae\" \/>\n<meta property=\"og:description\" content=\"Augmentez le niveau de protection de votre Porte-Plaques HPC-E\u00ae avec vos protections souples en dotation! Id\u00e9al SMBE et utilisation Police.\" \/>\n<meta property=\"og:url\" content=\"https:\/\/hexatac.com\/en\/product\/housse-gilet-souple-interieure-hpc-e\/\" \/>\n<meta property=\"og:site_name\" content=\"Hexatac\" \/>\n<meta property=\"article:modified_time\" content=\"2026-04-26T14:28:33+00:00\" \/>\n<meta property=\"og:image\" content=\"https:\/\/hexatac.com\/wp-content\/uploads\/2024\/07\/Housse-Inserts-Balistiques-pour-SMB-Multicam.jpg\" \/>\n\t<meta property=\"og:image:width\" content=\"1920\" \/>\n\t<meta property=\"og:image:height\" content=\"1920\" \/>\n\t<meta property=\"og:image:type\" content=\"image\/jpeg\" \/>\n<meta name=\"twitter:card\" content=\"summary_large_image\" \/>\n<script type=\"application\/ld+json\" class=\"yoast-schema-graph\">{\"@context\":\"https:\\\/\\\/schema.org\",\"@graph\":[{\"@type\":[\"WebPage\",\"ItemPage\"],\"@id\":\"https:\\\/\\\/hexatac.com\\\/product\\\/housse-gilet-souple-interieure-hpc-e\\\/\",\"url\":\"https:\\\/\\\/hexatac.com\\\/product\\\/housse-gilet-souple-interieure-hpc-e\\\/\",\"name\":\"Housses Gilet Souple HPC-E\u00ae - Gilet POLICE, SMBE - Hexatac\",\"isPartOf\":{\"@id\":\"https:\\\/\\\/hexatac.com\\\/#website\"},\"primaryImageOfPage\":{\"@id\":\"https:\\\/\\\/hexatac.com\\\/product\\\/housse-gilet-souple-interieure-hpc-e\\\/#primaryimage\"},\"image\":{\"@id\":\"https:\\\/\\\/hexatac.com\\\/product\\\/housse-gilet-souple-interieure-hpc-e\\\/#primaryimage\"},\"thumbnailUrl\":\"https:\\\/\\\/cdn.hexatac.com\\\/\\\/wp-content\\\/uploads\\\/2024\\\/07\\\/Housse-Inserts-Balistiques-pour-SMB-Multicam.jpg\",\"datePublished\":\"2024-08-30T14:07:25+00:00\",\"dateModified\":\"2026-04-26T14:28:33+00:00\",\"description\":\"Augmentez le niveau de protection de votre Porte-Plaques HPC-E\u00ae avec vos protections souples en dotation! Id\u00e9al SMBE et utilisation Police.\",\"breadcrumb\":{\"@id\":\"https:\\\/\\\/hexatac.com\\\/product\\\/housse-gilet-souple-interieure-hpc-e\\\/#breadcrumb\"},\"inLanguage\":\"en-GB\",\"potentialAction\":[{\"@type\":\"ReadAction\",\"target\":[\"https:\\\/\\\/hexatac.com\\\/product\\\/housse-gilet-souple-interieure-hpc-e\\\/\"]}]},{\"@type\":\"ImageObject\",\"inLanguage\":\"en-GB\",\"@id\":\"https:\\\/\\\/hexatac.com\\\/product\\\/housse-gilet-souple-interieure-hpc-e\\\/#primaryimage\",\"url\":\"https:\\\/\\\/cdn.hexatac.com\\\/\\\/wp-content\\\/uploads\\\/2024\\\/07\\\/Housse-Inserts-Balistiques-pour-SMB-Multicam.jpg\",\"contentUrl\":\"https:\\\/\\\/cdn.hexatac.com\\\/\\\/wp-content\\\/uploads\\\/2024\\\/07\\\/Housse-Inserts-Balistiques-pour-SMB-Multicam.jpg\",\"width\":1920,\"height\":1920},{\"@type\":\"BreadcrumbList\",\"@id\":\"https:\\\/\\\/hexatac.com\\\/product\\\/housse-gilet-souple-interieure-hpc-e\\\/#breadcrumb\",\"itemListElement\":[{\"@type\":\"ListItem\",\"position\":1,\"name\":\"Accueil\",\"item\":\"https:\\\/\\\/hexatac.com\\\/\"},{\"@type\":\"ListItem\",\"position\":2,\"name\":\"Boutique\",\"item\":\"https:\\\/\\\/hexatac.com\\\/boutique\\\/\"},{\"@type\":\"ListItem\",\"position\":3,\"name\":\"Housse Gilet Souple Int\u00e9rieure HPC\u00b2\u00ae\"}]},{\"@type\":\"WebSite\",\"@id\":\"https:\\\/\\\/hexatac.com\\\/#website\",\"url\":\"https:\\\/\\\/hexatac.com\\\/\",\"name\":\"Hexatac\",\"description\":\"Equipement Tactique | Policier | Militaire | Gendarme | Airsoft\",\"potentialAction\":[{\"@type\":\"SearchAction\",\"target\":{\"@type\":\"EntryPoint\",\"urlTemplate\":\"https:\\\/\\\/hexatac.com\\\/?s={search_term_string}\"},\"query-input\":{\"@type\":\"PropertyValueSpecification\",\"valueRequired\":true,\"valueName\":\"search_term_string\"}}],\"inLanguage\":\"en-GB\"}]}<\/script>\n<meta property=\"og:availability\" content=\"instock\" \/>\n<meta property=\"product:availability\" content=\"instock\" \/>\n<meta property=\"product:retailer_item_id\" content=\"HPCE-SFTH\" \/>\n<meta property=\"product:condition\" content=\"new\" \/>\n<!-- \/ Yoast SEO Premium plugin. -->","yoast_head_json":{"title":"Housses Gilet Souple HPC-E\u00ae - Gilet POLICE, SMBE - Hexatac","description":"Augmentez le niveau de protection de votre Porte-Plaques HPC-E\u00ae avec vos protections souples en dotation! Id\u00e9al SMBE et utilisation Police.","robots":{"index":"index","follow":"follow","max-snippet":"max-snippet:-1","max-image-preview":"max-image-preview:large","max-video-preview":"max-video-preview:-1"},"canonical":"https:\/\/hexatac.com\/en\/product\/housse-gilet-souple-interieure-hpc-e\/","og_locale":"en_GB","og_type":"article","og_title":"Housse Gilet Souple Int\u00e9rieure HPC\u00b2\u00ae","og_description":"Augmentez le niveau de protection de votre Porte-Plaques HPC-E\u00ae avec vos protections souples en dotation! Id\u00e9al SMBE et utilisation Police.","og_url":"https:\/\/hexatac.com\/en\/product\/housse-gilet-souple-interieure-hpc-e\/","og_site_name":"Hexatac","article_modified_time":"2026-04-26T14:28:33+00:00","og_image":[{"width":1920,"height":1920,"url":"https:\/\/hexatac.com\/wp-content\/uploads\/2024\/07\/Housse-Inserts-Balistiques-pour-SMB-Multicam.jpg","type":"image\/jpeg"}],"twitter_card":"summary_large_image","schema":{"@context":"https:\/\/schema.org","@graph":[{"@type":["WebPage","ItemPage"],"@id":"https:\/\/hexatac.com\/product\/housse-gilet-souple-interieure-hpc-e\/","url":"https:\/\/hexatac.com\/product\/housse-gilet-souple-interieure-hpc-e\/","name":"Housses Gilet Souple HPC-E\u00ae - Gilet POLICE, SMBE - Hexatac","isPartOf":{"@id":"https:\/\/hexatac.com\/#website"},"primaryImageOfPage":{"@id":"https:\/\/hexatac.com\/product\/housse-gilet-souple-interieure-hpc-e\/#primaryimage"},"image":{"@id":"https:\/\/hexatac.com\/product\/housse-gilet-souple-interieure-hpc-e\/#primaryimage"},"thumbnailUrl":"https:\/\/cdn.hexatac.com\/\/wp-content\/uploads\/2024\/07\/Housse-Inserts-Balistiques-pour-SMB-Multicam.jpg","datePublished":"2024-08-30T14:07:25+00:00","dateModified":"2026-04-26T14:28:33+00:00","description":"Augmentez le niveau de protection de votre Porte-Plaques HPC-E\u00ae avec vos protections souples en dotation! Id\u00e9al SMBE et utilisation Police.","breadcrumb":{"@id":"https:\/\/hexatac.com\/product\/housse-gilet-souple-interieure-hpc-e\/#breadcrumb"},"inLanguage":"en-GB","potentialAction":[{"@type":"ReadAction","target":["https:\/\/hexatac.com\/product\/housse-gilet-souple-interieure-hpc-e\/"]}]},{"@type":"ImageObject","inLanguage":"en-GB","@id":"https:\/\/hexatac.com\/product\/housse-gilet-souple-interieure-hpc-e\/#primaryimage","url":"https:\/\/cdn.hexatac.com\/\/wp-content\/uploads\/2024\/07\/Housse-Inserts-Balistiques-pour-SMB-Multicam.jpg","contentUrl":"https:\/\/cdn.hexatac.com\/\/wp-content\/uploads\/2024\/07\/Housse-Inserts-Balistiques-pour-SMB-Multicam.jpg","width":1920,"height":1920},{"@type":"BreadcrumbList","@id":"https:\/\/hexatac.com\/product\/housse-gilet-souple-interieure-hpc-e\/#breadcrumb","itemListElement":[{"@type":"ListItem","position":1,"name":"Accueil","item":"https:\/\/hexatac.com\/"},{"@type":"ListItem","position":2,"name":"Boutique","item":"https:\/\/hexatac.com\/boutique\/"},{"@type":"ListItem","position":3,"name":"Housse Gilet Souple Int\u00e9rieure HPC\u00b2\u00ae"}]},{"@type":"WebSite","@id":"https:\/\/hexatac.com\/#website","url":"https:\/\/hexatac.com\/","name":"Hexatac","description":"Tactical Equipment | Policeman | Military | Gendarme | Airsoft","potentialAction":[{"@type":"SearchAction","target":{"@type":"EntryPoint","urlTemplate":"https:\/\/hexatac.com\/?s={search_term_string}"},"query-input":{"@type":"PropertyValueSpecification","valueRequired":true,"valueName":"search_term_string"}}],"inLanguage":"en-GB"}]},"og_availability":"instock","product_availability":"instock","product_retailer_item_id":"HPCE-SFTH","product_condition":"new"},"_links":{"self":[{"href":"https:\/\/hexatac.com\/en\/wp-json\/wp\/v2\/product\/23247361","targetHints":{"allow":["GET"]}}],"collection":[{"href":"https:\/\/hexatac.com\/en\/wp-json\/wp\/v2\/product"}],"about":[{"href":"https:\/\/hexatac.com\/en\/wp-json\/wp\/v2\/types\/product"}],"replies":[{"embeddable":true,"href":"https:\/\/hexatac.com\/en\/wp-json\/wp\/v2\/comments?post=23247361"}],"wp:featuredmedia":[{"embeddable":true,"href":"https:\/\/hexatac.com\/en\/wp-json\/wp\/v2\/media\/23227246"}],"wp:attachment":[{"href":"https:\/\/hexatac.com\/en\/wp-json\/wp\/v2\/media?parent=23247361"}],"wp:term":[{"taxonomy":"product_brand","embeddable":true,"href":"https:\/\/hexatac.com\/en\/wp-json\/wp\/v2\/product_brand?post=23247361"},{"taxonomy":"product_cat","embeddable":true,"href":"https:\/\/hexatac.com\/en\/wp-json\/wp\/v2\/product_cat?post=23247361"},{"taxonomy":"product_tag","embeddable":true,"href":"https:\/\/hexatac.com\/en\/wp-json\/wp\/v2\/product_tag?post=23247361"}],"curies":[{"name":"wp","href":"https:\/\/api.w.org\/{rel}","templated":true}]}}