{"id":23221098,"date":"2024-06-27T15:06:28","date_gmt":"2024-06-27T13:06:28","guid":{"rendered":"https:\/\/hexatac.com\/?post_type=product&#038;p=23221098"},"modified":"2026-04-17T11:16:03","modified_gmt":"2026-04-17T09:16:03","slug":"ceinture-de-maintien-hmb-epi","status":"publish","type":"product","link":"https:\/\/hexatac.com\/en\/product\/ceinture-de-maintien-hmb-epi\/","title":{"rendered":"Ceinture de Maintien HMB EPI\u00ae"},"content":{"rendered":"<h4>HMB\u00ae Belt | MOLLE BELT | HEXATAC<\/h4>\n<p>&nbsp;<\/p>\n<p style=\"text-align: center;\"><span style=\"color: #800000;\"><a style=\"color: #800000;\" href=\"https:\/\/hexatac.com\/wp-content\/uploads\/2021\/03\/Notice_Ceinuron_HMB_V1.1_Hexatac.pdf\" target=\"_blank\" rel=\"noopener\"><u><em><strong>DOWNLOAD THE MANUAL IN PDF FORMAT : CLICK HERE<\/strong><\/em><\/u><\/a><\/span><\/p>\n<p>&nbsp;<\/p>\n<p style=\"text-align: justify;\"><strong>Developed and tested with and for operators<\/strong>Tactical Belt (<em>Hexatac's Modular Belt<\/em>) meets the needs of modern fighters and sports shooters.<\/p>\n<p style=\"text-align: justify;\">Composed of <strong>state-of-the-art materials<\/strong>This tactical belt is both <strong>ultra-rigid<\/strong> while maintaining a <strong>featherweight<\/strong> (<em>285gr only in size XL!<\/em>)<\/p>\n<p style=\"text-align: justify;\">The HMB\u00ae Tactical Belt is <strong>made up of two belts<\/strong> a <span style=\"text-decoration: underline;\">velcro underbelt<\/span> (38mm) and a <span style=\"text-decoration: underline;\">external belt<\/span> (50mm).<\/p>\n<p style=\"text-align: justify;\">The outer belt has a <strong>rigid skeleton<\/strong> in laser-cut composite that offers <strong>high rigidity<\/strong> to best support your equipment.<\/p>\n<p style=\"text-align: justify;\">MOLLE (1\/2 MOLLE) loops are <strong>made from solid<\/strong> of the skeleton and covered with a layer of finishing fabric: the pockets that will be fitted to the HMB\u00ae tactical belt using this system\u00a0<strong>will be more stable<\/strong> on a tactical belt with soft fabric loops.<\/p>\n<p>The design of the HMB\u00ae tactical belt means that it has <strong>MOLLE loops all around the wearer<\/strong>360\u00b0, regardless of whether it is at the upper or lower limit of the chosen size.<\/p>\n<p>The <strong>free adjustment strand<\/strong> of the outer belt is<strong> inside<\/strong> of the belt, avoiding external clutter and allowing you to take full advantage of the MOLLE slots all around the belt.<\/p>\n<p style=\"text-align: justify;\"><strong>Made from highly resistant materials<\/strong> normally used for climbing equipment** (webbing, AustriAlpin Cobra\u00ae buckles and even rope), tests of breaking load under realistic conditions* have shown that <strong>the AustriAlpin loop<\/strong> (Certified 15KN) <strong>would break before the slightest seam in the belt was disturbed<\/strong> at a load of approximately <span style=\"text-decoration: underline;\">1350kg<\/span> (for realistic conditions with a load pulled on the D-ring perpendicular to the belt).<\/p>\n<p style=\"text-align: justify;\">Velcro underbelt (female) <strong>is adjustable<\/strong> thanks to two separate systems to ensure the best possible adaptation to each and every customer. <strong>semi-rigid<\/strong> to enable an IWB\/AIWB holster to be worn and to ensure that the trousers stay in place.<br \/>\nWith a width of <strong>38mm<\/strong>it will adapt to <strong>belt loops on all types of trousers<\/strong> tactical or civilian.<\/p>\n<p style=\"text-align: justify;\"><strong>Made in Europe<\/strong> with assembly standards <em>mli-spec<\/em> and <strong>materials imported directly from the USA<\/strong>.<br \/>\nThe Cobra\u00ae buckle is an original Cobra\u00ae buckle manufactured in Austria by AustriAlpin. This brand is the undisputed benchmark for load-bearing and climbing buckles.<\/p>\n<p style=\"text-align: justify;\"><strong>Loop assembly :\u00a0<\/strong>Pour fonctionner correctement, la boucle doit \u00eatre assembl\u00e9e de la mani\u00e8re suivante. Attention, si l&rsquo;assemblage n&rsquo;est pas correct, le frein de la boucle ne fonctionnera pas.<\/p>\n<p><img fetchpriority=\"high\" decoding=\"async\" class=\"aligncenter size-full wp-image-49838\" src=\"https:\/\/hexatac.com\/wp-content\/uploads\/2021\/03\/Presentation_Ceinturon_HMB\u00ae__Hexatac__Ceinture_Cobra_Molle-1.gif\" alt=\"\" width=\"520\" height=\"293\" \/><\/p>\n<p>&nbsp;<\/p>\n<p style=\"text-align: center;\"><span style=\"color: #800000;\"><a style=\"color: #800000;\" href=\"https:\/\/hexatac.com\/wp-content\/uploads\/2021\/03\/Notice_Ceinuron_HMB_V1.1_Hexatac.pdf\" target=\"_blank\" rel=\"noopener\"><u><em><strong>DOWNLOAD THE HMB\u00ae BELT MANUAL IN PDF FORMAT : CLICK HERE<\/strong><\/em><\/u><\/a><\/span><\/p>\n<p>&nbsp;<\/p>\n<p><em>*Tests carried out in the laboratories of the Universit\u00e9 de Technologie de Compi\u00e8gne. Test results and technical data available on request.<\/em><\/p>\n<p style=\"text-align: justify;\"><em>**The HMB\u00ae Tactical Belt is NOT designed for use in rappelling, hovercraft etc. This belt has been designed to enable personnel to secure themselves during air operations in helicopters. Misuse of this belt may result in injury or death. The HEXATAC.COM website, its parent company and its partners cannot be held responsible in the event of improper use.<\/em><\/p>","protected":false},"excerpt":{"rendered":"<h4 style=\"text-align: center;\"><strong><span style=\"color: #800000;\">ATTENTION<\/span><\/strong><\/h4>\n<h4 style=\"text-align: center;\"><strong><span style=\"color: #800000;\"><span style=\"text-decoration: underline;\">THIS BELT INCLUDES THE <a href=\"https:\/\/hexatac.com\/en\/shop\/sub-belt-hmb\/\">UNDERBELT <\/a><\/span><\/span><\/strong><\/h4>\n<p style=\"text-align: center;\"><strong><span style=\"color: #800000;\">Your HMB\u00ae belt size may differ from your usual size.<br \/>\n<span style=\"text-decoration: underline;\">Consult the size guide to find the best size for you.<\/span><\/span><\/strong><\/p>\n<p style=\"text-align: center;\"><strong><span style=\"color: #800000;\">Depending on the batch, the colour of the black carrier strap may vary slightly towards a bluish grey, although it remains within MilSpec tolerances due to the dyeing process used.<\/span><\/strong><\/p>","protected":false},"featured_media":23255375,"comment_status":"open","ping_status":"closed","template":"","meta":{"_monsterinsights_skip_tracking":false,"_monsterinsights_sitenote_active":false,"_monsterinsights_sitenote_note":"","_monsterinsights_sitenote_category":0},"product_brand":[2323],"product_cat":[4243],"product_tag":[4175,4173],"class_list":{"0":"post-23221098","1":"product","2":"type-product","3":"status-publish","4":"has-post-thumbnail","6":"product_brand-hexatac","7":"product_cat-epi","8":"product_tag-b2b","9":"product_tag-ceinture","11":"first","12":"onbackorder","13":"taxable","14":"shipping-taxable","15":"purchasable","16":"product-type-variable","17":"has-default-attributes"},"bundled_by":["23255372","23255384","23255383","23255519"],"bundle_stock_status":"onbackorder","bundle_stock_quantity":null,"bundle_virtual":false,"bundle_layout":"","bundle_add_to_cart_form_location":"","bundle_editable_in_cart":false,"bundle_sold_individually_context":"","bundle_item_grouping":"","bundle_min_size":"","bundle_max_size":"","bundle_price":[],"bundled_items":[],"bundle_sell_ids":[],"yoast_head":"<!-- This site is optimized with the Yoast SEO Premium plugin v26.6 (Yoast SEO v27.5) - https:\/\/yoast.com\/product\/yoast-seo-premium-wordpress\/ -->\n<title>Ceinturon HMB | Cobra | Militaire, Gendarme &amp; Police | HEXATAC<\/title>\n<meta name=\"description\" content=\"Ceinturon HMB Hexatac l\u00e9ger et rigide. Compatible Molle et Velcro. R\u00e9siste jusqu\u2018\u00e0 plus de 1300kg. Taille S\/M\/L\/XL. Noir, CB, RG, MC, MCBK\" \/>\n<meta name=\"robots\" content=\"noindex, nofollow\" \/>\n<meta property=\"og:locale\" content=\"en_GB\" \/>\n<meta property=\"og:type\" content=\"article\" \/>\n<meta property=\"og:title\" content=\"Ceinture de Maintien HMB EPI\u00ae\" \/>\n<meta property=\"og:description\" content=\"Ceinturon HMB Hexatac l\u00e9ger et rigide. Compatible Molle et Velcro. R\u00e9siste jusqu\u2018\u00e0 plus de 1300kg. Taille S\/M\/L\/XL. Noir, CB, RG, MC, MCBK\" \/>\n<meta property=\"og:url\" content=\"https:\/\/hexatac.com\/en\/product\/ceinture-de-maintien-hmb-epi\/\" \/>\n<meta property=\"og:site_name\" content=\"Hexatac\" \/>\n<meta property=\"article:modified_time\" content=\"2026-04-17T09:16:03+00:00\" \/>\n<meta property=\"og:image\" content=\"https:\/\/hexatac.com\/wp-content\/uploads\/2025\/09\/Ceinture_de_Maintien_HMBE.jpg\" \/>\n\t<meta property=\"og:image:width\" content=\"2160\" \/>\n\t<meta property=\"og:image:height\" content=\"2160\" \/>\n\t<meta property=\"og:image:type\" content=\"image\/jpeg\" \/>\n<meta name=\"twitter:card\" content=\"summary_large_image\" \/>\n<script type=\"application\/ld+json\" class=\"yoast-schema-graph\">{\"@context\":\"https:\\\/\\\/schema.org\",\"@graph\":[{\"@type\":[\"WebPage\",\"ItemPage\"],\"@id\":\"https:\\\/\\\/hexatac.com\\\/product\\\/ceinture-de-maintien-hmb-epi\\\/\",\"url\":\"https:\\\/\\\/hexatac.com\\\/product\\\/ceinture-de-maintien-hmb-epi\\\/\",\"name\":\"Ceinturon HMB | Cobra | Militaire, Gendarme & Police | HEXATAC\",\"isPartOf\":{\"@id\":\"https:\\\/\\\/hexatac.com\\\/#website\"},\"primaryImageOfPage\":{\"@id\":\"https:\\\/\\\/hexatac.com\\\/product\\\/ceinture-de-maintien-hmb-epi\\\/#primaryimage\"},\"image\":{\"@id\":\"https:\\\/\\\/hexatac.com\\\/product\\\/ceinture-de-maintien-hmb-epi\\\/#primaryimage\"},\"thumbnailUrl\":\"https:\\\/\\\/cdn.hexatac.com\\\/\\\/wp-content\\\/uploads\\\/2025\\\/09\\\/Ceinture_de_Maintien_HMBE.jpg\",\"datePublished\":\"2024-06-27T13:06:28+00:00\",\"dateModified\":\"2026-04-17T09:16:03+00:00\",\"description\":\"Ceinturon HMB Hexatac l\u00e9ger et rigide. Compatible Molle et Velcro. R\u00e9siste jusqu\u2018\u00e0 plus de 1300kg. Taille S\\\/M\\\/L\\\/XL. Noir, CB, RG, MC, MCBK\",\"breadcrumb\":{\"@id\":\"https:\\\/\\\/hexatac.com\\\/product\\\/ceinture-de-maintien-hmb-epi\\\/#breadcrumb\"},\"inLanguage\":\"en-GB\",\"potentialAction\":[{\"@type\":\"ReadAction\",\"target\":[\"https:\\\/\\\/hexatac.com\\\/product\\\/ceinture-de-maintien-hmb-epi\\\/\"]}]},{\"@type\":\"ImageObject\",\"inLanguage\":\"en-GB\",\"@id\":\"https:\\\/\\\/hexatac.com\\\/product\\\/ceinture-de-maintien-hmb-epi\\\/#primaryimage\",\"url\":\"https:\\\/\\\/cdn.hexatac.com\\\/\\\/wp-content\\\/uploads\\\/2025\\\/09\\\/Ceinture_de_Maintien_HMBE.jpg\",\"contentUrl\":\"https:\\\/\\\/cdn.hexatac.com\\\/\\\/wp-content\\\/uploads\\\/2025\\\/09\\\/Ceinture_de_Maintien_HMBE.jpg\",\"width\":2160,\"height\":2160},{\"@type\":\"BreadcrumbList\",\"@id\":\"https:\\\/\\\/hexatac.com\\\/product\\\/ceinture-de-maintien-hmb-epi\\\/#breadcrumb\",\"itemListElement\":[{\"@type\":\"ListItem\",\"position\":1,\"name\":\"Accueil\",\"item\":\"https:\\\/\\\/hexatac.com\\\/\"},{\"@type\":\"ListItem\",\"position\":2,\"name\":\"Boutique\",\"item\":\"https:\\\/\\\/hexatac.com\\\/boutique\\\/\"},{\"@type\":\"ListItem\",\"position\":3,\"name\":\"Ceinture de Maintien HMB EPI\u00ae\"}]},{\"@type\":\"WebSite\",\"@id\":\"https:\\\/\\\/hexatac.com\\\/#website\",\"url\":\"https:\\\/\\\/hexatac.com\\\/\",\"name\":\"Hexatac\",\"description\":\"Equipement Tactique | Policier | Militaire | Gendarme | Airsoft\",\"potentialAction\":[{\"@type\":\"SearchAction\",\"target\":{\"@type\":\"EntryPoint\",\"urlTemplate\":\"https:\\\/\\\/hexatac.com\\\/?s={search_term_string}\"},\"query-input\":{\"@type\":\"PropertyValueSpecification\",\"valueRequired\":true,\"valueName\":\"search_term_string\"}}],\"inLanguage\":\"en-GB\"}]}<\/script>\n<meta property=\"og:availability\" content=\"backorder\" \/>\n<meta property=\"product:availability\" content=\"available for order\" \/>\n<meta property=\"product:retailer_item_id\" content=\"HMBE\" \/>\n<meta property=\"product:condition\" content=\"new\" \/>\n<!-- \/ Yoast SEO Premium plugin. -->","yoast_head_json":{"title":"Belt HMB | Cobra | Military, Gendarme &amp; Police | HEXATAC","description":"Lightweight, rigid HMB Hexatac belt. Molle and Velcro compatible. Resistant to over 1300kg. Size S\/M\/L\/XL. Black, CB, RG, MC, MCBK","robots":{"index":"noindex","follow":"nofollow"},"og_locale":"en_GB","og_type":"article","og_title":"Ceinture de Maintien HMB EPI\u00ae","og_description":"Ceinturon HMB Hexatac l\u00e9ger et rigide. Compatible Molle et Velcro. R\u00e9siste jusqu\u2018\u00e0 plus de 1300kg. Taille S\/M\/L\/XL. Noir, CB, RG, MC, MCBK","og_url":"https:\/\/hexatac.com\/en\/product\/ceinture-de-maintien-hmb-epi\/","og_site_name":"Hexatac","article_modified_time":"2026-04-17T09:16:03+00:00","og_image":[{"width":2160,"height":2160,"url":"https:\/\/hexatac.com\/wp-content\/uploads\/2025\/09\/Ceinture_de_Maintien_HMBE.jpg","type":"image\/jpeg"}],"twitter_card":"summary_large_image","schema":{"@context":"https:\/\/schema.org","@graph":[{"@type":["WebPage","ItemPage"],"@id":"https:\/\/hexatac.com\/product\/ceinture-de-maintien-hmb-epi\/","url":"https:\/\/hexatac.com\/product\/ceinture-de-maintien-hmb-epi\/","name":"Belt HMB | Cobra | Military, Gendarme &amp; Police | HEXATAC","isPartOf":{"@id":"https:\/\/hexatac.com\/#website"},"primaryImageOfPage":{"@id":"https:\/\/hexatac.com\/product\/ceinture-de-maintien-hmb-epi\/#primaryimage"},"image":{"@id":"https:\/\/hexatac.com\/product\/ceinture-de-maintien-hmb-epi\/#primaryimage"},"thumbnailUrl":"https:\/\/cdn.hexatac.com\/\/wp-content\/uploads\/2025\/09\/Ceinture_de_Maintien_HMBE.jpg","datePublished":"2024-06-27T13:06:28+00:00","dateModified":"2026-04-17T09:16:03+00:00","description":"Lightweight, rigid HMB Hexatac belt. Molle and Velcro compatible. Resistant to over 1300kg. Size S\/M\/L\/XL. Black, CB, RG, MC, MCBK","breadcrumb":{"@id":"https:\/\/hexatac.com\/product\/ceinture-de-maintien-hmb-epi\/#breadcrumb"},"inLanguage":"en-GB","potentialAction":[{"@type":"ReadAction","target":["https:\/\/hexatac.com\/product\/ceinture-de-maintien-hmb-epi\/"]}]},{"@type":"ImageObject","inLanguage":"en-GB","@id":"https:\/\/hexatac.com\/product\/ceinture-de-maintien-hmb-epi\/#primaryimage","url":"https:\/\/cdn.hexatac.com\/\/wp-content\/uploads\/2025\/09\/Ceinture_de_Maintien_HMBE.jpg","contentUrl":"https:\/\/cdn.hexatac.com\/\/wp-content\/uploads\/2025\/09\/Ceinture_de_Maintien_HMBE.jpg","width":2160,"height":2160},{"@type":"BreadcrumbList","@id":"https:\/\/hexatac.com\/product\/ceinture-de-maintien-hmb-epi\/#breadcrumb","itemListElement":[{"@type":"ListItem","position":1,"name":"Accueil","item":"https:\/\/hexatac.com\/"},{"@type":"ListItem","position":2,"name":"Boutique","item":"https:\/\/hexatac.com\/boutique\/"},{"@type":"ListItem","position":3,"name":"Ceinture de Maintien HMB EPI\u00ae"}]},{"@type":"WebSite","@id":"https:\/\/hexatac.com\/#website","url":"https:\/\/hexatac.com\/","name":"Hexatac","description":"Tactical Equipment | Policeman | Military | Gendarme | Airsoft","potentialAction":[{"@type":"SearchAction","target":{"@type":"EntryPoint","urlTemplate":"https:\/\/hexatac.com\/?s={search_term_string}"},"query-input":{"@type":"PropertyValueSpecification","valueRequired":true,"valueName":"search_term_string"}}],"inLanguage":"en-GB"}]},"og_availability":"backorder","product_availability":"available for order","product_retailer_item_id":"HMBE","product_condition":"new"},"_links":{"self":[{"href":"https:\/\/hexatac.com\/en\/wp-json\/wp\/v2\/product\/23221098","targetHints":{"allow":["GET"]}}],"collection":[{"href":"https:\/\/hexatac.com\/en\/wp-json\/wp\/v2\/product"}],"about":[{"href":"https:\/\/hexatac.com\/en\/wp-json\/wp\/v2\/types\/product"}],"replies":[{"embeddable":true,"href":"https:\/\/hexatac.com\/en\/wp-json\/wp\/v2\/comments?post=23221098"}],"wp:featuredmedia":[{"embeddable":true,"href":"https:\/\/hexatac.com\/en\/wp-json\/wp\/v2\/media\/23255375"}],"wp:attachment":[{"href":"https:\/\/hexatac.com\/en\/wp-json\/wp\/v2\/media?parent=23221098"}],"wp:term":[{"taxonomy":"product_brand","embeddable":true,"href":"https:\/\/hexatac.com\/en\/wp-json\/wp\/v2\/product_brand?post=23221098"},{"taxonomy":"product_cat","embeddable":true,"href":"https:\/\/hexatac.com\/en\/wp-json\/wp\/v2\/product_cat?post=23221098"},{"taxonomy":"product_tag","embeddable":true,"href":"https:\/\/hexatac.com\/en\/wp-json\/wp\/v2\/product_tag?post=23221098"}],"curies":[{"name":"wp","href":"https:\/\/api.w.org\/{rel}","templated":true}]}}