{"id":23220138,"date":"2024-03-08T14:12:37","date_gmt":"2024-03-08T13:12:37","guid":{"rendered":"https:\/\/hexatac.com\/?post_type=product&#038;p=23220138"},"modified":"2026-04-27T23:38:16","modified_gmt":"2026-04-27T21:38:16","slug":"cummerbunds-rigides-2","status":"publish","type":"product","link":"https:\/\/hexatac.com\/en\/product\/cummerbunds-rigides-hpc-evolve\/","title":{"rendered":"Cummerbunds HPC EVOLVE\u00ae"},"content":{"rendered":"<h4>Cummerbunds EVOLVE\u00ae | Gilet Porte-Plaques HPC EVOLVE\u00ae | HEXATAC<\/h4>\n<p>Ces cummerbunds nouvelle g\u00e9n\u00e9ration ont \u00e9t\u00e9 con\u00e7u pour allier rigidit\u00e9 verticale et \u00e9lasticit\u00e9 horizontale dans le but de permettre un emport de charges lourds le plus confortable possible tout en s&rsquo;accommodant des amplitudes thoraciques et des couches de v\u00eatements qui peuvent \u00e9voluer sur le terrain.<\/p>\n<h4 id=\"inclus\"><span style=\"text-decoration: underline;\"><strong>What's included<\/strong> <\/span>:<\/h4>\n<ul>\n<li>1 x Cummerbund Gauche<\/li>\n<li>1 x Cummerbund Droit<\/li>\n<li>2 x Tubes Duraflex QR V2 40mm M\u00e2le<\/li>\n<li>2 x Tubes Duraflex QR V2 40mm Femelle<\/li>\n<li>1 x Corde \u00e9lastique<\/li>\n<li>1 x Bloque-corde<\/li>\n<\/ul>\n<h4><\/h4>\n<h4 id=\"tailles\"><span style=\"text-decoration: underline;\"><strong>Tailles<\/strong><\/span><\/h4>\n<p>Les Cummerbunds EVOLVE\u00ae sont disponibles en 4<strong>\u00a0tailles<\/strong> :<\/p>\n<p>Voici les circonf\u00e9rences minimum et maximum lorsqu&rsquo;utilis\u00e9s dans le Gilet HPC-E\u00ae<\/p>\n<p><span style=\"text-decoration: underline;\"><strong>Small<\/strong><\/span> : 85 \u00e0 100cm<br \/>\n<strong><span style=\"text-decoration: underline;\">Medium<\/span><\/strong> : 95 \u00e0 110cm<br \/>\n<span style=\"text-decoration: underline;\"><strong>Large<\/strong><\/span> : 105 \u00e0 120cm<br \/>\n<span style=\"text-decoration: underline;\"><strong>X-Large<\/strong><\/span> : 115 \u00e0 130cm<\/p>\n<p>Vous pourrez <strong>modulate the exact size<\/strong> of your Cummerbunds <strong>gr\u00e2ce \u00e0 la corde \u00e9lastique fournie.<\/strong><\/p>\n<p>This elastic rope will also enable you to <strong>modulate the firmness of the support<\/strong> de vos cummerbunds en modulant le tressage pour un maintien souple ou pour un maintien ferme.<\/p>\n<h4 id=\"fonctions\"><span style=\"text-decoration: underline;\"><strong>Modularity<\/strong><\/span><\/h4>\n<p>Nos Cummerbunds EVOLVE\u00ae sont compos\u00e9s de deux \u00e9paisseurs de composite qui se s\u00e9parent pour transporter des \u00e9quipements en \u00ab\u00a0sandwich\u00a0\u00bb entre ces deux couches pour un meilleur confort et une configuration plus lisse.<\/p>\n<p>Vous retrouverez du MOLLE \u00e0 l&rsquo;ext\u00e9rieur mais aussi \u00e0 l&rsquo;int\u00e9rieur ce qui rend possible le <strong>mounting equipment on both sides<\/strong> cummerbunds and <strong>even simultaneously<\/strong> in the same place.<\/p>\n<p>Du velcro velour sur la face interne permet d&rsquo;ancrer des poches de plaque balistiques et d&rsquo;utiliser des inserts velcro divers.<\/p>\n<h4><span style=\"text-decoration: underline;\"><strong>Assembly Instructions<\/strong><\/span><\/h4>\n<p>Les Cummerbunds EVOLVE\u00ae s&rsquo;installent par l&rsquo;int\u00e9rieur de la poche de plaque arri\u00e8re au travers les fentes verticales. L&rsquo;orientation doit \u00eatre telle que le velour est c\u00f4t\u00e9 corps et l&rsquo;inclinaison se fait vers le bas.<\/p>\n<p>La corde \u00e9lastique peut \u00eatre pass\u00e9e au travers l&rsquo;orifice dans le rabat de la poche de plaque arri\u00e8re pour avoir un acc\u00e8s direct au r\u00e9glage de longueur des cummerbunds.<\/p>\n<h4><span style=\"text-decoration: underline;\"><strong>Lock<\/strong><\/span><\/h4>\n<p>Le verrouillage arri\u00e8re se fait naturellement au moyen des arr\u00eatoirs ce qui permet aux Cummerbunds Evolve\u00ae de ne jamais d\u00e9chausser et d&rsquo;arriver en but\u00e9e lorsque la taille maximale est atteinte.<\/p>\n<p>Le verrouillage \u00e0 l&rsquo;avant se fait au moyen de tubes (fournis) et la rigidit\u00e9 verticale est r\u00e9alis\u00e9e grace \u00e0 la doublure interne en composite qui vient se loger dans les fentes int\u00e9rieur de la poche de plaque avant.<\/p>\n<p><span style=\"text-decoration: underline;\"><strong>Compatibilit\u00e9 des cummerbunds.<\/strong><\/span><strong>\u00a0<\/strong>Le gilet HPC-E\u00ae offrira le meilleur de lui-m\u00eame gr\u00e2ce aux cummerbunds qui ont \u00e9t\u00e9 d\u00e9velopp\u00e9s sp\u00e9cifiquement pour celui-ci. N\u00e9anmoins, il reste compatible avec n&rsquo;importe quel cummerbunds \u00e0 fixation velcro avant et arri\u00e8re de 75mm de haut (3 rangs de Molle).<\/p>\n<h4 id=\"video\"><span style=\"text-decoration: underline;\"><strong>Video Presentation<\/strong><\/span><\/h4>\n<div class=\"epyt-video-wrapper\"><iframe  style=\"display: block; margin: 0px auto;\"  id=\"_ytid_27649\"  width=\"640\" height=\"360\"  data-origwidth=\"640\" data-origheight=\"360\" src=\"https:\/\/www.youtube.com\/embed\/M2cwOcA2Ves?enablejsapi=1&autoplay=0&cc_load_policy=0&cc_lang_pref=&iv_load_policy=1&loop=1&playlist=M2cwOcA2Ves&rel=0&fs=1&playsinline=0&autohide=2&theme=dark&color=red&controls=1&disablekb=0&\" class=\"__youtube_prefs__  no-lazyload\" title=\"YouTube player\"  allow=\"fullscreen; accelerometer; autoplay; clipboard-write; encrypted-media; gyroscope; picture-in-picture; web-share\" referrerpolicy=\"strict-origin-when-cross-origin\" allowfullscreen data-no-lazy=\"1\" data-skipgform_ajax_framebjll=\"\"><\/iframe><\/div>\n<p><strong>ORIGINS<\/strong> :<br \/>\n- Host : Manufacture : EU | Materials : USA and EU<\/p>\n<p>Limited lifetime warranty against manufacturing defects.<\/p>","protected":false},"excerpt":{"rendered":"<p><strong>\u2714 Cummerbunds rigides structurels<\/strong><br \/>\n<strong>\u2714 \u00c9lasticit\u00e9 pour un meilleur confort \u00e0 l&rsquo;effort et selon les couches<\/strong><br \/>\n<strong>\u2714 Verrouillage rapide et discret avec les boucles de d\u00e9grafage rapide fournies<br \/>\n<\/strong><strong>\u2714 Uniquement compatibles avec Gilet HPC-EVOLVE\u00ae<br \/>\n<\/strong><\/p>","protected":false},"featured_media":23227253,"comment_status":"open","ping_status":"closed","template":"","meta":{"_monsterinsights_skip_tracking":false,"_monsterinsights_sitenote_active":false,"_monsterinsights_sitenote_note":"","_monsterinsights_sitenote_category":0},"product_brand":[2323],"product_cat":[4178],"product_tag":[4175,4174],"class_list":{"0":"post-23220138","1":"product","2":"type-product","3":"status-publish","4":"has-post-thumbnail","6":"product_brand-hexatac","7":"product_cat-hpc-evolve","8":"product_tag-b2b","9":"product_tag-gilet","11":"first","12":"instock","13":"taxable","14":"shipping-taxable","15":"purchasable","16":"product-type-variable","17":"has-default-attributes"},"bundled_by":[],"bundle_stock_status":"instock","bundle_stock_quantity":null,"bundle_virtual":false,"bundle_layout":"","bundle_add_to_cart_form_location":"","bundle_editable_in_cart":false,"bundle_sold_individually_context":"","bundle_item_grouping":"","bundle_min_size":"","bundle_max_size":"","bundle_price":[],"bundled_items":[],"bundle_sell_ids":[],"yoast_head":"<!-- This site is optimized with the Yoast SEO Premium plugin v26.6 (Yoast SEO v27.4) - https:\/\/yoast.com\/product\/yoast-seo-premium-wordpress\/ -->\n<title>Cummerbunds HPC EVOLVE\u00ae - Hexatac<\/title>\n<meta name=\"description\" content=\"Nos Cummerbunds Rigides pour Gilet Porte-Plaques sont une solution l\u00e9g\u00e8re, rigide et confortable avec son syst\u00e8me \u00e9lastique r\u00e9glable.\" \/>\n<meta name=\"robots\" content=\"index, follow, max-snippet:-1, max-image-preview:large, max-video-preview:-1\" \/>\n<link rel=\"canonical\" href=\"https:\/\/hexatac.com\/en\/product\/cummerbunds-rigides-2\/\" \/>\n<meta property=\"og:locale\" content=\"en_GB\" \/>\n<meta property=\"og:type\" content=\"article\" \/>\n<meta property=\"og:title\" content=\"Cummerbunds HPC EVOLVE\u00ae\" \/>\n<meta property=\"og:description\" content=\"Nos Cummerbunds Rigides pour Gilet Porte-Plaques sont une solution l\u00e9g\u00e8re, rigide et confortable avec son syst\u00e8me \u00e9lastique r\u00e9glable.\" \/>\n<meta property=\"og:url\" content=\"https:\/\/hexatac.com\/en\/product\/cummerbunds-rigides-2\/\" \/>\n<meta property=\"og:site_name\" content=\"Hexatac\" \/>\n<meta property=\"article:modified_time\" content=\"2026-04-27T21:38:16+00:00\" \/>\n<meta property=\"og:image\" content=\"https:\/\/hexatac.com\/wp-content\/uploads\/2024\/07\/Cummerbunds-pour-Gilet-Porte-Plaques-HPCE-MULTICAM.jpg\" \/>\n\t<meta property=\"og:image:width\" content=\"1920\" \/>\n\t<meta property=\"og:image:height\" content=\"1920\" \/>\n\t<meta property=\"og:image:type\" content=\"image\/jpeg\" \/>\n<meta name=\"twitter:card\" content=\"summary_large_image\" \/>\n<script type=\"application\/ld+json\" class=\"yoast-schema-graph\">{\"@context\":\"https:\\\/\\\/schema.org\",\"@graph\":[{\"@type\":[\"WebPage\",\"ItemPage\"],\"@id\":\"https:\\\/\\\/hexatac.com\\\/product\\\/cummerbunds-rigides-hpc-evolve\\\/\",\"url\":\"https:\\\/\\\/hexatac.com\\\/product\\\/cummerbunds-rigides-hpc-evolve\\\/\",\"name\":\"Cummerbunds HPC EVOLVE\u00ae - Hexatac\",\"isPartOf\":{\"@id\":\"https:\\\/\\\/hexatac.com\\\/#website\"},\"primaryImageOfPage\":{\"@id\":\"https:\\\/\\\/hexatac.com\\\/product\\\/cummerbunds-rigides-hpc-evolve\\\/#primaryimage\"},\"image\":{\"@id\":\"https:\\\/\\\/hexatac.com\\\/product\\\/cummerbunds-rigides-hpc-evolve\\\/#primaryimage\"},\"thumbnailUrl\":\"https:\\\/\\\/cdn.hexatac.com\\\/\\\/wp-content\\\/uploads\\\/2024\\\/07\\\/Cummerbunds-pour-Gilet-Porte-Plaques-HPCE-MULTICAM.jpg\",\"datePublished\":\"2024-03-08T13:12:37+00:00\",\"dateModified\":\"2026-04-27T21:38:16+00:00\",\"description\":\"Nos Cummerbunds Rigides pour Gilet Porte-Plaques sont une solution l\u00e9g\u00e8re, rigide et confortable avec son syst\u00e8me \u00e9lastique r\u00e9glable.\",\"breadcrumb\":{\"@id\":\"https:\\\/\\\/hexatac.com\\\/product\\\/cummerbunds-rigides-hpc-evolve\\\/#breadcrumb\"},\"inLanguage\":\"en-GB\",\"potentialAction\":[{\"@type\":\"ReadAction\",\"target\":[\"https:\\\/\\\/hexatac.com\\\/product\\\/cummerbunds-rigides-hpc-evolve\\\/\"]}]},{\"@type\":\"ImageObject\",\"inLanguage\":\"en-GB\",\"@id\":\"https:\\\/\\\/hexatac.com\\\/product\\\/cummerbunds-rigides-hpc-evolve\\\/#primaryimage\",\"url\":\"https:\\\/\\\/cdn.hexatac.com\\\/\\\/wp-content\\\/uploads\\\/2024\\\/07\\\/Cummerbunds-pour-Gilet-Porte-Plaques-HPCE-MULTICAM.jpg\",\"contentUrl\":\"https:\\\/\\\/cdn.hexatac.com\\\/\\\/wp-content\\\/uploads\\\/2024\\\/07\\\/Cummerbunds-pour-Gilet-Porte-Plaques-HPCE-MULTICAM.jpg\",\"width\":1920,\"height\":1920},{\"@type\":\"BreadcrumbList\",\"@id\":\"https:\\\/\\\/hexatac.com\\\/product\\\/cummerbunds-rigides-hpc-evolve\\\/#breadcrumb\",\"itemListElement\":[{\"@type\":\"ListItem\",\"position\":1,\"name\":\"Accueil\",\"item\":\"https:\\\/\\\/hexatac.com\\\/\"},{\"@type\":\"ListItem\",\"position\":2,\"name\":\"Boutique\",\"item\":\"https:\\\/\\\/hexatac.com\\\/boutique\\\/\"},{\"@type\":\"ListItem\",\"position\":3,\"name\":\"Cummerbunds HPC EVOLVE\u00ae\"}]},{\"@type\":\"WebSite\",\"@id\":\"https:\\\/\\\/hexatac.com\\\/#website\",\"url\":\"https:\\\/\\\/hexatac.com\\\/\",\"name\":\"Hexatac\",\"description\":\"Equipement Tactique | Policier | Militaire | Gendarme | Airsoft\",\"potentialAction\":[{\"@type\":\"SearchAction\",\"target\":{\"@type\":\"EntryPoint\",\"urlTemplate\":\"https:\\\/\\\/hexatac.com\\\/?s={search_term_string}\"},\"query-input\":{\"@type\":\"PropertyValueSpecification\",\"valueRequired\":true,\"valueName\":\"search_term_string\"}}],\"inLanguage\":\"en-GB\"}]}<\/script>\n<meta property=\"og:availability\" content=\"instock\" \/>\n<meta property=\"product:availability\" content=\"instock\" \/>\n<meta property=\"product:retailer_item_id\" content=\"CME\" \/>\n<meta property=\"product:condition\" content=\"new\" \/>\n<!-- \/ Yoast SEO Premium plugin. -->","yoast_head_json":{"title":"Cummerbunds HPC EVOLVE\u00ae - Hexatac","description":"Our Rigid Cummerbunds for Plate Vests are a lightweight, rigid and comfortable solution with an adjustable elastic system.","robots":{"index":"index","follow":"follow","max-snippet":"max-snippet:-1","max-image-preview":"max-image-preview:large","max-video-preview":"max-video-preview:-1"},"canonical":"https:\/\/hexatac.com\/en\/product\/cummerbunds-rigides-2\/","og_locale":"en_GB","og_type":"article","og_title":"Cummerbunds HPC EVOLVE\u00ae","og_description":"Nos Cummerbunds Rigides pour Gilet Porte-Plaques sont une solution l\u00e9g\u00e8re, rigide et confortable avec son syst\u00e8me \u00e9lastique r\u00e9glable.","og_url":"https:\/\/hexatac.com\/en\/product\/cummerbunds-rigides-2\/","og_site_name":"Hexatac","article_modified_time":"2026-04-27T21:38:16+00:00","og_image":[{"width":1920,"height":1920,"url":"https:\/\/hexatac.com\/wp-content\/uploads\/2024\/07\/Cummerbunds-pour-Gilet-Porte-Plaques-HPCE-MULTICAM.jpg","type":"image\/jpeg"}],"twitter_card":"summary_large_image","schema":{"@context":"https:\/\/schema.org","@graph":[{"@type":["WebPage","ItemPage"],"@id":"https:\/\/hexatac.com\/product\/cummerbunds-rigides-hpc-evolve\/","url":"https:\/\/hexatac.com\/product\/cummerbunds-rigides-hpc-evolve\/","name":"Cummerbunds HPC EVOLVE\u00ae - Hexatac","isPartOf":{"@id":"https:\/\/hexatac.com\/#website"},"primaryImageOfPage":{"@id":"https:\/\/hexatac.com\/product\/cummerbunds-rigides-hpc-evolve\/#primaryimage"},"image":{"@id":"https:\/\/hexatac.com\/product\/cummerbunds-rigides-hpc-evolve\/#primaryimage"},"thumbnailUrl":"https:\/\/cdn.hexatac.com\/\/wp-content\/uploads\/2024\/07\/Cummerbunds-pour-Gilet-Porte-Plaques-HPCE-MULTICAM.jpg","datePublished":"2024-03-08T13:12:37+00:00","dateModified":"2026-04-27T21:38:16+00:00","description":"Our Rigid Cummerbunds for Plate Vests are a lightweight, rigid and comfortable solution with an adjustable elastic system.","breadcrumb":{"@id":"https:\/\/hexatac.com\/product\/cummerbunds-rigides-hpc-evolve\/#breadcrumb"},"inLanguage":"en-GB","potentialAction":[{"@type":"ReadAction","target":["https:\/\/hexatac.com\/product\/cummerbunds-rigides-hpc-evolve\/"]}]},{"@type":"ImageObject","inLanguage":"en-GB","@id":"https:\/\/hexatac.com\/product\/cummerbunds-rigides-hpc-evolve\/#primaryimage","url":"https:\/\/cdn.hexatac.com\/\/wp-content\/uploads\/2024\/07\/Cummerbunds-pour-Gilet-Porte-Plaques-HPCE-MULTICAM.jpg","contentUrl":"https:\/\/cdn.hexatac.com\/\/wp-content\/uploads\/2024\/07\/Cummerbunds-pour-Gilet-Porte-Plaques-HPCE-MULTICAM.jpg","width":1920,"height":1920},{"@type":"BreadcrumbList","@id":"https:\/\/hexatac.com\/product\/cummerbunds-rigides-hpc-evolve\/#breadcrumb","itemListElement":[{"@type":"ListItem","position":1,"name":"Accueil","item":"https:\/\/hexatac.com\/"},{"@type":"ListItem","position":2,"name":"Boutique","item":"https:\/\/hexatac.com\/boutique\/"},{"@type":"ListItem","position":3,"name":"Cummerbunds HPC EVOLVE\u00ae"}]},{"@type":"WebSite","@id":"https:\/\/hexatac.com\/#website","url":"https:\/\/hexatac.com\/","name":"Hexatac","description":"Tactical Equipment | Policeman | Military | Gendarme | Airsoft","potentialAction":[{"@type":"SearchAction","target":{"@type":"EntryPoint","urlTemplate":"https:\/\/hexatac.com\/?s={search_term_string}"},"query-input":{"@type":"PropertyValueSpecification","valueRequired":true,"valueName":"search_term_string"}}],"inLanguage":"en-GB"}]},"og_availability":"instock","product_availability":"instock","product_retailer_item_id":"CME","product_condition":"new"},"_links":{"self":[{"href":"https:\/\/hexatac.com\/en\/wp-json\/wp\/v2\/product\/23220138","targetHints":{"allow":["GET"]}}],"collection":[{"href":"https:\/\/hexatac.com\/en\/wp-json\/wp\/v2\/product"}],"about":[{"href":"https:\/\/hexatac.com\/en\/wp-json\/wp\/v2\/types\/product"}],"replies":[{"embeddable":true,"href":"https:\/\/hexatac.com\/en\/wp-json\/wp\/v2\/comments?post=23220138"}],"wp:featuredmedia":[{"embeddable":true,"href":"https:\/\/hexatac.com\/en\/wp-json\/wp\/v2\/media\/23227253"}],"wp:attachment":[{"href":"https:\/\/hexatac.com\/en\/wp-json\/wp\/v2\/media?parent=23220138"}],"wp:term":[{"taxonomy":"product_brand","embeddable":true,"href":"https:\/\/hexatac.com\/en\/wp-json\/wp\/v2\/product_brand?post=23220138"},{"taxonomy":"product_cat","embeddable":true,"href":"https:\/\/hexatac.com\/en\/wp-json\/wp\/v2\/product_cat?post=23220138"},{"taxonomy":"product_tag","embeddable":true,"href":"https:\/\/hexatac.com\/en\/wp-json\/wp\/v2\/product_tag?post=23220138"}],"curies":[{"name":"wp","href":"https:\/\/api.w.org\/{rel}","templated":true}]}}