{"id":23220131,"date":"2024-03-08T14:12:33","date_gmt":"2024-03-08T13:12:33","guid":{"rendered":"https:\/\/hexatac.com\/?post_type=product&#038;p=23220131"},"modified":"2026-04-20T00:22:59","modified_gmt":"2026-04-19T22:22:59","slug":"hpc-plate-holder-3","status":"publish","type":"product","link":"https:\/\/hexatac.com\/en\/product\/porte-plaques-hpc-evolve\/","title":{"rendered":"HPC EVOLVE\u00ae Plate-Carrier"},"content":{"rendered":"<h4>Porte-Plaques HPC\u00ae EVOLVE | Gilet Tactique Nouvelle G\u00e9n\u00e9ration | HEXATAC<\/h4>\n<p>&nbsp;<\/p>\n<p>Le Gilet Porte-Plaques HPC EVOLVE\u00ae est le fruit d&rsquo;une collaboration avec Khimaira Strategy Tactics. Le but de ce nouveau Gilet \u00e9tait de proposer un gilet orient\u00e9 pour le combat haute intensit\u00e9, \u00e0 la fois confortable, permettant de transporter de grosses charges sur plusieurs jours tout en restant l\u00e9ger et minimaliste.<\/p>\n<p>Mission Accomplie.<\/p>\n<p><strong><span style=\"text-decoration: underline;\">Minimalist<\/span><\/strong> : Les poches de plaques \u00e9pousent la plaque de protection &#8211; pas de mati\u00e8re superflue.<\/p>\n<p><strong><span style=\"text-decoration: underline;\">Scalable<\/span><\/strong> : configuration minimaliste ultra-l\u00e9g\u00e8re ou lourde avec housses souples 3a (bient\u00f4t disponibles) le HPC-E\u00ae s&rsquo;adaptera \u00e0 toutes les missions et emplois.<\/p>\n<p><strong><span style=\"text-decoration: underline;\">Comfortable<\/span><\/strong> : Sa structure rigide permet de r\u00e9partir de mani\u00e8re optimale la charge sur le corps. Les coussinets d&rsquo;\u00e9paules sont fournis et le velour \u00e0 l&rsquo;int\u00e9rieur est confortable tel quel et peut accueillir des coussinets de confort suppl\u00e9mentaires pour s&rsquo;adapter au mieux \u00e0 la morphologie de chacun.<\/p>\n<h4 id=\"inclus\"><span style=\"text-decoration: underline;\"><strong>What's included<\/strong>\u00a0<\/span>:<\/h4>\n<ul>\n<li>Une poche de plaque avant<\/li>\n<li>Une poche de plaque arri\u00e8re<\/li>\n<li>Une paire de sangles d&rsquo;\u00e9paules<\/li>\n<li>Une paire de mousses d&rsquo;\u00e9paules<\/li>\n<li>Une paire de manchons \u00e9lastiques d&rsquo;\u00e9paules<\/li>\n<\/ul>\n<p><span style=\"color: #800000;\"><strong>Cummerbunds are not supplied.<\/strong><\/span><\/p>\n<p><span style=\"text-decoration: underline;\"><a href=\"https:\/\/hexatac.com\/en\/shop\/cummerbunds-rigides-2\/\"><strong>D\u00e9couvrez nos Cummerbunds d\u00e9velopp\u00e9s sp\u00e9cifiquement pour le Gilet Porte-Plaques HPC EVOLVE\u00ae, cliquer-ici.<\/strong><\/a><\/span><\/p>\n<h4 id=\"compatibilite\"><span style=\"text-decoration: underline;\"><strong>Compatibilit\u00e9 Plaques:<\/strong><\/span><\/h4>\n<p>La taille choisie doit correspondre aux tailles des plaques et non \u00e0 celle de l&rsquo;utilisateur. Le gilet HPCE-E\u00ae a \u00e9t\u00e9 con\u00e7u pour s&rsquo;adapter \u00e0 n&rsquo;importe quelle morphologie peu importe la taille du gilet.<\/p>\n<p><strong>SLIM<\/strong> : SAPI MEDIUM, Shooter&rsquo;s cut Medium, en \u00e9paisseur inf\u00e9rieure \u00e0 20mm<\/p>\n<p><strong>STANDARD<\/strong> : SAPI MEDIUM, Shooter&rsquo;s cut MEDIUM, \u00a0Plaques 25x30cm, \u00ab\u00a010&#215;12\u00a0\u00bb, Plaques administratives standalone.<\/p>\n<h4><strong><span style=\"text-decoration: underline;\">Exterior<\/span><\/strong><\/h4>\n<h4>Avant<\/h4>\n<p>Sur l&rsquo;avant, vous pourrez ancrer votre EUD (End User Device) gr\u00e2ce au montage de votre choix : Juggernaut\u00ae, Kaegwers\u00ae etc. Les passants sur la partie haute de l&rsquo;avant sont renforc\u00e9s et pr\u00e9vus \u00e0 cet effet.<\/p>\n<p>Trois hauteurs d&rsquo;ancrage pour panneau avant vous permettront d&rsquo;utiliser virtuellement tous les panneaux avant du march\u00e9 : vous pourrez vous ancrer sur la hauteur qui convient et effacer les boucles non n\u00e9cessaires \u00e0 l&rsquo;int\u00e9rieur du gilet.<\/p>\n<p>Le Gilet Porte-Plaques HPC-E\u00ae est \u00e9galement compatible avec les panneaux avant de marque Crye Precision\u00ae, Unobtainium Gear\u00ae etc.<\/p>\n<p>Des passants pour ancrer des boucles de d\u00e9graphage rapide sont disponibles de chaque c\u00f4t\u00e9 et seront compatibles avec des boucles type \u00ab\u00a0tube\u00a0\u00bb de 80mm, 40mm et des boucles de 25mm.<\/p>\n<h4>Arri\u00e8re<\/h4>\n<p>L&rsquo;arri\u00e8re pr\u00e9sente un grand panneau velcro pour y apposer un dossard velcro d&rsquo;unit\u00e9.<\/p>\n<p>Le premier rang de Molle est renforc\u00e9 pour mieux accueillir votre backpanel zip (compatible Crye Precision\u00ae, Direct Action\u00ae, etc).<\/p>\n<p>Les fixations zip sont ancr\u00e9es sur la face interne rigide du gilet pour un ancrage plus statique et une charge du backpanel r\u00e9partie au sein du chassis rigide.<\/p>\n<p>En bas, sur le rabat velcro, un orifice permet de passer la corde \u00e9lastique des cummerbunds et d&rsquo;offrir un r\u00e9glage rapide de la longueur du cummerbunds selon les couches que l&rsquo;on porte.<\/p>\n<h4><span style=\"text-decoration: underline;\"><strong>Interior<\/strong><\/span><\/h4>\n<p>L&rsquo;int\u00e9rieur du Gilet est recouverte de velour : il est \u00e0 la fois confortable tel quel et permet d&rsquo;ajouter des coussinets de confort si besoin est.<\/p>\n<p>Une ouverture haute est pr\u00e9sente pour \u00e9vacuer un maximum de la chaleur g\u00e9n\u00e9r\u00e9e par l&rsquo;utilisateur.<\/p>\n<h4 id=\"fonctions\"><span style=\"text-decoration: underline;\"><strong>Features<\/strong><\/span><\/h4>\n<p><span style=\"text-decoration: underline;\"><strong>Les sangles d&rsquo;\u00e9paules sont totalement amovibles<\/strong><\/span>, ce qui vous permettra de changer les boucles reliant les sangles d&rsquo;\u00e9paules \u00e0 la poche de plaque avant de votre Gilet Porte-Plaques HPC\u00ae. Vous pourrez ainsi utiliser n&rsquo;importe quelle boucle qui s&rsquo;adapte sur une sangle 25mm de la boucle standard ITW jusque \u00e0 une boucle \u00e0 d\u00e9lestage rapide Austri Alpin en passants par les anneaux m\u00e9talliques.<\/p>\n<p><span style=\"text-decoration: underline;\"><strong>R\u00e9glage de l&rsquo;\u00e9cartement des \u00e9paules<\/strong><\/span><span style=\"text-decoration: underline;\">.<\/span> Avec le Gilet Porte-Plaques HPC EVOLVE\u00ae, vous pourrez moduler l&rsquo;\u00e9cartement des sangles d&rsquo;\u00e9paules selon votre morphologie, si vous le souhaitez par dessus un pack de protections souples etc. Il vous suffira de d\u00e9monter les ancrages des sangles d&rsquo;\u00e9paules et de les monter \u00e0 la position idoine \u00e0 la fa\u00e7on de passants MOLLE. Le r\u00e9glage se fait dans la poche de plaque et nous vous conseillons de retirer votre protection balistique de la poche de plaque avant afin de faciliter l&rsquo;acc\u00e8s au r\u00e9glage.<\/p>\n<p><span style=\"text-decoration: underline;\"><strong>Montage d&rsquo;une banane velcro \u00e0 demeure.<\/strong><\/span> Vous pourrez monter une banane velcro directement \u00e0 demeure sur le Gilet Porte-Plaques HPC\u00ae. L&rsquo;avantage d&rsquo;un montage \u00e0 demeure est multiple : il emp\u00eache de devoir retirer la banane \u00e0 chaque fois que l&rsquo;on retire le porte-plaques ou la poche frontale, d\u00e9placer le centre de gravit\u00e9 pour am\u00e9liorer le confort &#8211; surtout lors des courses rapides et en position accroupi. Ce montage est compatible avec le sens standard des bananes velcro (bouclettes \u00e0 l&rsquo;avant, crochets c\u00f4t\u00e9 corps), mais gr\u00e2ce \u00e0 notre fermeture propri\u00e9taire, le velcro crochet qui a tendance \u00e0 user pr\u00e9matur\u00e9ment les chemises de combat ne sera jamais en contact avec celles-ci.<\/p>\n<p><span style=\"text-decoration: underline;\"><strong>Compatibilit\u00e9 des cummerbunds.<\/strong><\/span><strong>\u00a0<\/strong>Le gilet HPC-E\u00ae offrira le meilleur de lui-m\u00eame gr\u00e2ce aux cummerbunds qui ont \u00e9t\u00e9 d\u00e9velopp\u00e9s sp\u00e9cifiquement pour celui-ci. N\u00e9anmoins, il reste compatible avec n&rsquo;importe quel cummerbunds \u00e0 fixation velcro avant et arri\u00e8re de 75mm de haut (3 rangs de Molle).<\/p>\n<h4 id=\"video\"><span style=\"text-decoration: underline;\"><strong>Video Presentation<\/strong><\/span><\/h4>\n<div class=\"epyt-video-wrapper\"><iframe  style=\"display: block; margin: 0px auto;\"  id=\"_ytid_67675\"  width=\"640\" height=\"360\"  data-origwidth=\"640\" data-origheight=\"360\" src=\"https:\/\/www.youtube.com\/embed\/M2cwOcA2Ves?enablejsapi=1&autoplay=0&cc_load_policy=0&cc_lang_pref=&iv_load_policy=1&loop=1&playlist=M2cwOcA2Ves&rel=0&fs=1&playsinline=0&autohide=2&theme=dark&color=red&controls=1&disablekb=0&\" class=\"__youtube_prefs__  no-lazyload\" title=\"YouTube player\"  allow=\"fullscreen; accelerometer; autoplay; clipboard-write; encrypted-media; gyroscope; picture-in-picture; web-share\" referrerpolicy=\"strict-origin-when-cross-origin\" allowfullscreen data-no-lazy=\"1\" data-skipgform_ajax_framebjll=\"\"><\/iframe><\/div>\n<p>&nbsp;<\/p>\n<p><strong>ORIGINS<\/strong> :<br \/>\n- Host : Manufacture : EU | Materials : USA and EU<\/p>\n<p>Limited lifetime warranty against manufacturing defects.<\/p>\n<p>&nbsp;<\/p>\n<p>&nbsp;<\/p>","protected":false},"excerpt":{"rendered":"<p><strong>\u2714 Con\u00e7u pour les plaques profil\u00e9es et fines (swimmer, shooter inf\u00e9rieures \u00e0 25mm)<br \/>\n\u2714 R\u00e9glage de l&rsquo;\u00e9cartement des \u00e9paules<\/strong><br \/>\n<strong>\u2714 Chassis rigide avant\/arri\u00e8re<\/strong><br \/>\n<strong>\u2714 Ancrage de boucles \u00e0 d\u00e9grafage rapide \u00e0 demeure<br \/>\n\u2714 Zip pour Backpanel type Crye Precision, Direct Action, Tasmanian Tiger<br \/>\n\u2714 Cummerbunds propri\u00e9taires<\/strong><\/p>","protected":false},"featured_media":23227251,"comment_status":"open","ping_status":"closed","template":"","meta":{"_monsterinsights_skip_tracking":false,"_monsterinsights_sitenote_active":false,"_monsterinsights_sitenote_note":"","_monsterinsights_sitenote_category":0},"product_brand":[2323],"product_cat":[4178],"product_tag":[4175,4174],"class_list":{"0":"post-23220131","1":"product","2":"type-product","3":"status-publish","4":"has-post-thumbnail","6":"product_brand-hexatac","7":"product_cat-hpc-evolve","8":"product_tag-b2b","9":"product_tag-gilet","11":"first","12":"instock","13":"taxable","14":"shipping-taxable","15":"purchasable","16":"product-type-variable","17":"has-default-attributes"},"bundled_by":[],"bundle_stock_status":"instock","bundle_stock_quantity":null,"bundle_virtual":false,"bundle_layout":"","bundle_add_to_cart_form_location":"","bundle_editable_in_cart":false,"bundle_sold_individually_context":"","bundle_item_grouping":"","bundle_min_size":"","bundle_max_size":"","bundle_price":[],"bundled_items":[],"bundle_sell_ids":[],"yoast_head":"<!-- This site is optimized with the Yoast SEO Premium plugin v26.6 (Yoast SEO v27.4) - https:\/\/yoast.com\/product\/yoast-seo-premium-wordpress\/ -->\n<title>Porte-Plaques HPC EVOLVE\u00ae - Hexatac<\/title>\n<meta name=\"description\" content=\"Gilet Tactique Porte-Plaque minimaliste, modulable, scalable, confortable. D\u00e9velopp\u00e9 avec des FS fran\u00e7ais . Fabriqu\u00e9 en Europe, garantie \u00e0 vie.\" \/>\n<meta name=\"robots\" content=\"index, follow, max-snippet:-1, max-image-preview:large, max-video-preview:-1\" \/>\n<link rel=\"canonical\" href=\"https:\/\/hexatac.com\/en\/product\/hpc-plate-holder-3\/\" \/>\n<meta property=\"og:locale\" content=\"en_GB\" \/>\n<meta property=\"og:type\" content=\"article\" \/>\n<meta property=\"og:title\" content=\"Porte-Plaques HPC EVOLVE\u00ae\" \/>\n<meta property=\"og:description\" content=\"Gilet Tactique Porte-Plaque minimaliste, modulable, scalable, confortable. D\u00e9velopp\u00e9 avec des FS fran\u00e7ais . Fabriqu\u00e9 en Europe, garantie \u00e0 vie.\" \/>\n<meta property=\"og:url\" content=\"https:\/\/hexatac.com\/en\/product\/hpc-plate-holder-3\/\" \/>\n<meta property=\"og:site_name\" content=\"Hexatac\" \/>\n<meta property=\"article:modified_time\" content=\"2026-04-19T22:22:59+00:00\" \/>\n<meta property=\"og:image\" content=\"https:\/\/hexatac.com\/wp-content\/uploads\/2024\/07\/Gilet-Porte-Plaques-HPCE-Multicam-Avant-1024x1024.jpg\" \/>\n\t<meta property=\"og:image:width\" content=\"1024\" \/>\n\t<meta property=\"og:image:height\" content=\"1024\" \/>\n\t<meta property=\"og:image:type\" content=\"image\/jpeg\" \/>\n<meta name=\"twitter:card\" content=\"summary_large_image\" \/>\n<script type=\"application\/ld+json\" class=\"yoast-schema-graph\">{\"@context\":\"https:\\\/\\\/schema.org\",\"@graph\":[{\"@type\":[\"WebPage\",\"ItemPage\"],\"@id\":\"https:\\\/\\\/hexatac.com\\\/product\\\/porte-plaques-hpc-evolve\\\/\",\"url\":\"https:\\\/\\\/hexatac.com\\\/product\\\/porte-plaques-hpc-evolve\\\/\",\"name\":\"Porte-Plaques HPC EVOLVE\u00ae - Hexatac\",\"isPartOf\":{\"@id\":\"https:\\\/\\\/hexatac.com\\\/#website\"},\"primaryImageOfPage\":{\"@id\":\"https:\\\/\\\/hexatac.com\\\/product\\\/porte-plaques-hpc-evolve\\\/#primaryimage\"},\"image\":{\"@id\":\"https:\\\/\\\/hexatac.com\\\/product\\\/porte-plaques-hpc-evolve\\\/#primaryimage\"},\"thumbnailUrl\":\"https:\\\/\\\/cdn.hexatac.com\\\/\\\/wp-content\\\/uploads\\\/2024\\\/07\\\/Gilet-Porte-Plaques-HPCE-Multicam-Avant.jpg\",\"datePublished\":\"2024-03-08T13:12:33+00:00\",\"dateModified\":\"2026-04-19T22:22:59+00:00\",\"description\":\"Gilet Tactique Porte-Plaque minimaliste, modulable, scalable, confortable. D\u00e9velopp\u00e9 avec des FS fran\u00e7ais . Fabriqu\u00e9 en Europe, garantie \u00e0 vie.\",\"breadcrumb\":{\"@id\":\"https:\\\/\\\/hexatac.com\\\/product\\\/porte-plaques-hpc-evolve\\\/#breadcrumb\"},\"inLanguage\":\"en-GB\",\"potentialAction\":[{\"@type\":\"ReadAction\",\"target\":[\"https:\\\/\\\/hexatac.com\\\/product\\\/porte-plaques-hpc-evolve\\\/\"]}]},{\"@type\":\"ImageObject\",\"inLanguage\":\"en-GB\",\"@id\":\"https:\\\/\\\/hexatac.com\\\/product\\\/porte-plaques-hpc-evolve\\\/#primaryimage\",\"url\":\"https:\\\/\\\/cdn.hexatac.com\\\/\\\/wp-content\\\/uploads\\\/2024\\\/07\\\/Gilet-Porte-Plaques-HPCE-Multicam-Avant.jpg\",\"contentUrl\":\"https:\\\/\\\/cdn.hexatac.com\\\/\\\/wp-content\\\/uploads\\\/2024\\\/07\\\/Gilet-Porte-Plaques-HPCE-Multicam-Avant.jpg\",\"width\":1920,\"height\":1920},{\"@type\":\"BreadcrumbList\",\"@id\":\"https:\\\/\\\/hexatac.com\\\/product\\\/porte-plaques-hpc-evolve\\\/#breadcrumb\",\"itemListElement\":[{\"@type\":\"ListItem\",\"position\":1,\"name\":\"Accueil\",\"item\":\"https:\\\/\\\/hexatac.com\\\/\"},{\"@type\":\"ListItem\",\"position\":2,\"name\":\"Boutique\",\"item\":\"https:\\\/\\\/hexatac.com\\\/boutique\\\/\"},{\"@type\":\"ListItem\",\"position\":3,\"name\":\"Porte-Plaques HPC EVOLVE\u00ae\"}]},{\"@type\":\"WebSite\",\"@id\":\"https:\\\/\\\/hexatac.com\\\/#website\",\"url\":\"https:\\\/\\\/hexatac.com\\\/\",\"name\":\"Hexatac\",\"description\":\"Equipement Tactique | Policier | Militaire | Gendarme | Airsoft\",\"potentialAction\":[{\"@type\":\"SearchAction\",\"target\":{\"@type\":\"EntryPoint\",\"urlTemplate\":\"https:\\\/\\\/hexatac.com\\\/?s={search_term_string}\"},\"query-input\":{\"@type\":\"PropertyValueSpecification\",\"valueRequired\":true,\"valueName\":\"search_term_string\"}}],\"inLanguage\":\"en-GB\"}]}<\/script>\n<meta property=\"og:availability\" content=\"instock\" \/>\n<meta property=\"product:availability\" content=\"instock\" \/>\n<meta property=\"product:retailer_item_id\" content=\"HPCE\" \/>\n<meta property=\"product:condition\" content=\"new\" \/>\n<!-- \/ Yoast SEO Premium plugin. -->","yoast_head_json":{"title":"Porte-Plaques HPC EVOLVE\u00ae - Hexatac","description":"Gilet Tactique Porte-Plaque minimaliste, modulable, scalable, confortable. D\u00e9velopp\u00e9 avec des FS fran\u00e7ais . Fabriqu\u00e9 en Europe, garantie \u00e0 vie.","robots":{"index":"index","follow":"follow","max-snippet":"max-snippet:-1","max-image-preview":"max-image-preview:large","max-video-preview":"max-video-preview:-1"},"canonical":"https:\/\/hexatac.com\/en\/product\/hpc-plate-holder-3\/","og_locale":"en_GB","og_type":"article","og_title":"Porte-Plaques HPC EVOLVE\u00ae","og_description":"Gilet Tactique Porte-Plaque minimaliste, modulable, scalable, confortable. D\u00e9velopp\u00e9 avec des FS fran\u00e7ais . Fabriqu\u00e9 en Europe, garantie \u00e0 vie.","og_url":"https:\/\/hexatac.com\/en\/product\/hpc-plate-holder-3\/","og_site_name":"Hexatac","article_modified_time":"2026-04-19T22:22:59+00:00","og_image":[{"width":1024,"height":1024,"url":"https:\/\/hexatac.com\/wp-content\/uploads\/2024\/07\/Gilet-Porte-Plaques-HPCE-Multicam-Avant-1024x1024.jpg","type":"image\/jpeg"}],"twitter_card":"summary_large_image","schema":{"@context":"https:\/\/schema.org","@graph":[{"@type":["WebPage","ItemPage"],"@id":"https:\/\/hexatac.com\/product\/porte-plaques-hpc-evolve\/","url":"https:\/\/hexatac.com\/product\/porte-plaques-hpc-evolve\/","name":"Porte-Plaques HPC EVOLVE\u00ae - Hexatac","isPartOf":{"@id":"https:\/\/hexatac.com\/#website"},"primaryImageOfPage":{"@id":"https:\/\/hexatac.com\/product\/porte-plaques-hpc-evolve\/#primaryimage"},"image":{"@id":"https:\/\/hexatac.com\/product\/porte-plaques-hpc-evolve\/#primaryimage"},"thumbnailUrl":"https:\/\/cdn.hexatac.com\/\/wp-content\/uploads\/2024\/07\/Gilet-Porte-Plaques-HPCE-Multicam-Avant.jpg","datePublished":"2024-03-08T13:12:33+00:00","dateModified":"2026-04-19T22:22:59+00:00","description":"Gilet Tactique Porte-Plaque minimaliste, modulable, scalable, confortable. D\u00e9velopp\u00e9 avec des FS fran\u00e7ais . Fabriqu\u00e9 en Europe, garantie \u00e0 vie.","breadcrumb":{"@id":"https:\/\/hexatac.com\/product\/porte-plaques-hpc-evolve\/#breadcrumb"},"inLanguage":"en-GB","potentialAction":[{"@type":"ReadAction","target":["https:\/\/hexatac.com\/product\/porte-plaques-hpc-evolve\/"]}]},{"@type":"ImageObject","inLanguage":"en-GB","@id":"https:\/\/hexatac.com\/product\/porte-plaques-hpc-evolve\/#primaryimage","url":"https:\/\/cdn.hexatac.com\/\/wp-content\/uploads\/2024\/07\/Gilet-Porte-Plaques-HPCE-Multicam-Avant.jpg","contentUrl":"https:\/\/cdn.hexatac.com\/\/wp-content\/uploads\/2024\/07\/Gilet-Porte-Plaques-HPCE-Multicam-Avant.jpg","width":1920,"height":1920},{"@type":"BreadcrumbList","@id":"https:\/\/hexatac.com\/product\/porte-plaques-hpc-evolve\/#breadcrumb","itemListElement":[{"@type":"ListItem","position":1,"name":"Accueil","item":"https:\/\/hexatac.com\/"},{"@type":"ListItem","position":2,"name":"Boutique","item":"https:\/\/hexatac.com\/boutique\/"},{"@type":"ListItem","position":3,"name":"Porte-Plaques HPC EVOLVE\u00ae"}]},{"@type":"WebSite","@id":"https:\/\/hexatac.com\/#website","url":"https:\/\/hexatac.com\/","name":"Hexatac","description":"Tactical Equipment | Policeman | Military | Gendarme | Airsoft","potentialAction":[{"@type":"SearchAction","target":{"@type":"EntryPoint","urlTemplate":"https:\/\/hexatac.com\/?s={search_term_string}"},"query-input":{"@type":"PropertyValueSpecification","valueRequired":true,"valueName":"search_term_string"}}],"inLanguage":"en-GB"}]},"og_availability":"instock","product_availability":"instock","product_retailer_item_id":"HPCE","product_condition":"new"},"_links":{"self":[{"href":"https:\/\/hexatac.com\/en\/wp-json\/wp\/v2\/product\/23220131","targetHints":{"allow":["GET"]}}],"collection":[{"href":"https:\/\/hexatac.com\/en\/wp-json\/wp\/v2\/product"}],"about":[{"href":"https:\/\/hexatac.com\/en\/wp-json\/wp\/v2\/types\/product"}],"replies":[{"embeddable":true,"href":"https:\/\/hexatac.com\/en\/wp-json\/wp\/v2\/comments?post=23220131"}],"wp:featuredmedia":[{"embeddable":true,"href":"https:\/\/hexatac.com\/en\/wp-json\/wp\/v2\/media\/23227251"}],"wp:attachment":[{"href":"https:\/\/hexatac.com\/en\/wp-json\/wp\/v2\/media?parent=23220131"}],"wp:term":[{"taxonomy":"product_brand","embeddable":true,"href":"https:\/\/hexatac.com\/en\/wp-json\/wp\/v2\/product_brand?post=23220131"},{"taxonomy":"product_cat","embeddable":true,"href":"https:\/\/hexatac.com\/en\/wp-json\/wp\/v2\/product_cat?post=23220131"},{"taxonomy":"product_tag","embeddable":true,"href":"https:\/\/hexatac.com\/en\/wp-json\/wp\/v2\/product_tag?post=23220131"}],"curies":[{"name":"wp","href":"https:\/\/api.w.org\/{rel}","templated":true}]}}