{"id":13299,"date":"2019-04-17T14:57:29","date_gmt":"2019-04-17T12:57:29","guid":{"rendered":"https:\/\/hexatac.com\/?post_type=product&#038;p=13299"},"modified":"2025-10-14T10:57:05","modified_gmt":"2025-10-14T08:57:05","slug":"kit-velcro-for-comtac-black-hxtc","status":"publish","type":"product","link":"https:\/\/hexatac.com\/en\/product\/kit-velcro-pour-comtac-noir-hxtc\/","title":{"rendered":"Velcro\u00ae kit for Peltor Comtac"},"content":{"rendered":"","protected":false},"excerpt":{"rendered":"<p>Velcro kit for 3M Peltor Comtac II, Comtac III, Comtac XPI, Comtac VI .<br \/>\nIncludes 2 laser-cut sheets of industrial-grade Velcro\u00ae adhesive (1 left, 1 right).<br \/>\nUsed to wear badges or control cable routing.<br \/>\nDesigned to cover a maximum surface area.<\/p>\n<h6>No equipment supplied apart from the 2 Velcro sheets.<br \/>\nShipped by recorded delivery if purchased alone.<\/h6>","protected":false},"featured_media":13301,"comment_status":"open","ping_status":"closed","template":"","meta":{"_monsterinsights_skip_tracking":false,"_monsterinsights_sitenote_active":false,"_monsterinsights_sitenote_note":"","_monsterinsights_sitenote_category":0},"product_brand":[2323],"product_cat":[95],"product_tag":[],"class_list":{"0":"post-13299","1":"product","2":"type-product","3":"status-publish","4":"has-post-thumbnail","6":"product_brand-hexatac","7":"product_cat-non-classe","9":"first","10":"outofstock","11":"taxable","12":"shipping-taxable","13":"purchasable","14":"product-type-simple"},"bundled_by":[],"bundle_stock_status":"outofstock","bundle_stock_quantity":0,"bundle_virtual":false,"bundle_layout":"","bundle_add_to_cart_form_location":"","bundle_editable_in_cart":false,"bundle_sold_individually_context":"","bundle_item_grouping":"","bundle_min_size":"","bundle_max_size":"","bundle_price":[],"bundled_items":[],"bundle_sell_ids":[],"yoast_head":"<!-- This site is optimized with the Yoast SEO Premium plugin v26.6 (Yoast SEO v27.4) - https:\/\/yoast.com\/product\/yoast-seo-premium-wordpress\/ -->\n<title>Kit Velcro\u00ae pour Peltor Comtac - Hexatac<\/title>\n<meta name=\"robots\" content=\"index, follow, max-snippet:-1, max-image-preview:large, max-video-preview:-1\" \/>\n<link rel=\"canonical\" href=\"https:\/\/hexatac.com\/en\/product\/kit-velcro-for-comtac-black-hxtc\/\" \/>\n<meta property=\"og:locale\" content=\"en_GB\" \/>\n<meta property=\"og:type\" content=\"article\" \/>\n<meta property=\"og:title\" content=\"Kit Velcro\u00ae pour Peltor Comtac\" \/>\n<meta property=\"og:description\" content=\"Kit Velcro Pour 3M Peltor Comtac II, Comtac III, Comtac XPI, Comtac VI . Comprends 2 feuilles Velcro\u00ae adh\u00e9sives qualit\u00e9 industrielle (1 gauche, 1 droite) d\u00e9coup\u00e9es au laser. Permet de porter des \u00e9cussons ou de contr\u00f4ler le passage des cables. Con\u00e7u pour couvrir un maximum de surface. Aucun \u00e9quipement fourni en plus des 2 feuilles velcro. Exp\u00e9di\u00e9 par lettre suivie si achet\u00e9 seul.\" \/>\n<meta property=\"og:url\" content=\"https:\/\/hexatac.com\/en\/product\/kit-velcro-for-comtac-black-hxtc\/\" \/>\n<meta property=\"og:site_name\" content=\"Hexatac\" \/>\n<meta property=\"article:modified_time\" content=\"2025-10-14T08:57:05+00:00\" \/>\n<meta property=\"og:image\" content=\"https:\/\/hexatac.com\/wp-content\/uploads\/2019\/04\/Snapseed-41.jpg\" \/>\n\t<meta property=\"og:image:width\" content=\"1024\" \/>\n\t<meta property=\"og:image:height\" content=\"768\" \/>\n\t<meta property=\"og:image:type\" content=\"image\/jpeg\" \/>\n<meta name=\"twitter:card\" content=\"summary_large_image\" \/>\n<script type=\"application\/ld+json\" class=\"yoast-schema-graph\">{\"@context\":\"https:\\\/\\\/schema.org\",\"@graph\":[{\"@type\":[\"WebPage\",\"ItemPage\"],\"@id\":\"https:\\\/\\\/hexatac.com\\\/product\\\/kit-velcro-pour-comtac-noir-hxtc\\\/\",\"url\":\"https:\\\/\\\/hexatac.com\\\/product\\\/kit-velcro-pour-comtac-noir-hxtc\\\/\",\"name\":\"Kit Velcro\u00ae pour Peltor Comtac - Hexatac\",\"isPartOf\":{\"@id\":\"https:\\\/\\\/hexatac.com\\\/#website\"},\"primaryImageOfPage\":{\"@id\":\"https:\\\/\\\/hexatac.com\\\/product\\\/kit-velcro-pour-comtac-noir-hxtc\\\/#primaryimage\"},\"image\":{\"@id\":\"https:\\\/\\\/hexatac.com\\\/product\\\/kit-velcro-pour-comtac-noir-hxtc\\\/#primaryimage\"},\"thumbnailUrl\":\"https:\\\/\\\/cdn.hexatac.com\\\/\\\/wp-content\\\/uploads\\\/2019\\\/04\\\/Snapseed-41.jpg\",\"datePublished\":\"2019-04-17T12:57:29+00:00\",\"dateModified\":\"2025-10-14T08:57:05+00:00\",\"breadcrumb\":{\"@id\":\"https:\\\/\\\/hexatac.com\\\/product\\\/kit-velcro-pour-comtac-noir-hxtc\\\/#breadcrumb\"},\"inLanguage\":\"en-GB\",\"potentialAction\":[{\"@type\":\"ReadAction\",\"target\":[\"https:\\\/\\\/hexatac.com\\\/product\\\/kit-velcro-pour-comtac-noir-hxtc\\\/\"]}]},{\"@type\":\"ImageObject\",\"inLanguage\":\"en-GB\",\"@id\":\"https:\\\/\\\/hexatac.com\\\/product\\\/kit-velcro-pour-comtac-noir-hxtc\\\/#primaryimage\",\"url\":\"https:\\\/\\\/cdn.hexatac.com\\\/\\\/wp-content\\\/uploads\\\/2019\\\/04\\\/Snapseed-41.jpg\",\"contentUrl\":\"https:\\\/\\\/cdn.hexatac.com\\\/\\\/wp-content\\\/uploads\\\/2019\\\/04\\\/Snapseed-41.jpg\",\"width\":1024,\"height\":768},{\"@type\":\"BreadcrumbList\",\"@id\":\"https:\\\/\\\/hexatac.com\\\/product\\\/kit-velcro-pour-comtac-noir-hxtc\\\/#breadcrumb\",\"itemListElement\":[{\"@type\":\"ListItem\",\"position\":1,\"name\":\"Accueil\",\"item\":\"https:\\\/\\\/hexatac.com\\\/\"},{\"@type\":\"ListItem\",\"position\":2,\"name\":\"Boutique\",\"item\":\"https:\\\/\\\/hexatac.com\\\/boutique\\\/\"},{\"@type\":\"ListItem\",\"position\":3,\"name\":\"Kit Velcro\u00ae pour Peltor Comtac\"}]},{\"@type\":\"WebSite\",\"@id\":\"https:\\\/\\\/hexatac.com\\\/#website\",\"url\":\"https:\\\/\\\/hexatac.com\\\/\",\"name\":\"Hexatac\",\"description\":\"Equipement Tactique | Policier | Militaire | Gendarme | Airsoft\",\"potentialAction\":[{\"@type\":\"SearchAction\",\"target\":{\"@type\":\"EntryPoint\",\"urlTemplate\":\"https:\\\/\\\/hexatac.com\\\/?s={search_term_string}\"},\"query-input\":{\"@type\":\"PropertyValueSpecification\",\"valueRequired\":true,\"valueName\":\"search_term_string\"}}],\"inLanguage\":\"en-GB\"}]}<\/script>\n<meta property=\"product:price:amount\" content=\"19.90\" \/>\n<meta property=\"product:price:currency\" content=\"EUR\" \/>\n<meta property=\"og:availability\" content=\"out of stock\" \/>\n<meta property=\"product:availability\" content=\"out of stock\" \/>\n<meta property=\"product:retailer_item_id\" content=\"VLCR-COMTAC3\" \/>\n<meta property=\"product:condition\" content=\"new\" \/>\n<!-- \/ Yoast SEO Premium plugin. -->","yoast_head_json":{"title":"Velcro\u00ae kit for Peltor Comtac - Hexatac","robots":{"index":"index","follow":"follow","max-snippet":"max-snippet:-1","max-image-preview":"max-image-preview:large","max-video-preview":"max-video-preview:-1"},"canonical":"https:\/\/hexatac.com\/en\/product\/kit-velcro-for-comtac-black-hxtc\/","og_locale":"en_GB","og_type":"article","og_title":"Kit Velcro\u00ae pour Peltor Comtac","og_description":"Kit Velcro Pour 3M Peltor Comtac II, Comtac III, Comtac XPI, Comtac VI . Comprends 2 feuilles Velcro\u00ae adh\u00e9sives qualit\u00e9 industrielle (1 gauche, 1 droite) d\u00e9coup\u00e9es au laser. Permet de porter des \u00e9cussons ou de contr\u00f4ler le passage des cables. Con\u00e7u pour couvrir un maximum de surface. Aucun \u00e9quipement fourni en plus des 2 feuilles velcro. Exp\u00e9di\u00e9 par lettre suivie si achet\u00e9 seul.","og_url":"https:\/\/hexatac.com\/en\/product\/kit-velcro-for-comtac-black-hxtc\/","og_site_name":"Hexatac","article_modified_time":"2025-10-14T08:57:05+00:00","og_image":[{"width":1024,"height":768,"url":"https:\/\/hexatac.com\/wp-content\/uploads\/2019\/04\/Snapseed-41.jpg","type":"image\/jpeg"}],"twitter_card":"summary_large_image","schema":{"@context":"https:\/\/schema.org","@graph":[{"@type":["WebPage","ItemPage"],"@id":"https:\/\/hexatac.com\/product\/kit-velcro-pour-comtac-noir-hxtc\/","url":"https:\/\/hexatac.com\/product\/kit-velcro-pour-comtac-noir-hxtc\/","name":"Velcro\u00ae kit for Peltor Comtac - Hexatac","isPartOf":{"@id":"https:\/\/hexatac.com\/#website"},"primaryImageOfPage":{"@id":"https:\/\/hexatac.com\/product\/kit-velcro-pour-comtac-noir-hxtc\/#primaryimage"},"image":{"@id":"https:\/\/hexatac.com\/product\/kit-velcro-pour-comtac-noir-hxtc\/#primaryimage"},"thumbnailUrl":"https:\/\/cdn.hexatac.com\/\/wp-content\/uploads\/2019\/04\/Snapseed-41.jpg","datePublished":"2019-04-17T12:57:29+00:00","dateModified":"2025-10-14T08:57:05+00:00","breadcrumb":{"@id":"https:\/\/hexatac.com\/product\/kit-velcro-pour-comtac-noir-hxtc\/#breadcrumb"},"inLanguage":"en-GB","potentialAction":[{"@type":"ReadAction","target":["https:\/\/hexatac.com\/product\/kit-velcro-pour-comtac-noir-hxtc\/"]}]},{"@type":"ImageObject","inLanguage":"en-GB","@id":"https:\/\/hexatac.com\/product\/kit-velcro-pour-comtac-noir-hxtc\/#primaryimage","url":"https:\/\/cdn.hexatac.com\/\/wp-content\/uploads\/2019\/04\/Snapseed-41.jpg","contentUrl":"https:\/\/cdn.hexatac.com\/\/wp-content\/uploads\/2019\/04\/Snapseed-41.jpg","width":1024,"height":768},{"@type":"BreadcrumbList","@id":"https:\/\/hexatac.com\/product\/kit-velcro-pour-comtac-noir-hxtc\/#breadcrumb","itemListElement":[{"@type":"ListItem","position":1,"name":"Accueil","item":"https:\/\/hexatac.com\/"},{"@type":"ListItem","position":2,"name":"Boutique","item":"https:\/\/hexatac.com\/boutique\/"},{"@type":"ListItem","position":3,"name":"Kit Velcro\u00ae pour Peltor Comtac"}]},{"@type":"WebSite","@id":"https:\/\/hexatac.com\/#website","url":"https:\/\/hexatac.com\/","name":"Hexatac","description":"Tactical Equipment | Policeman | Military | Gendarme | Airsoft","potentialAction":[{"@type":"SearchAction","target":{"@type":"EntryPoint","urlTemplate":"https:\/\/hexatac.com\/?s={search_term_string}"},"query-input":{"@type":"PropertyValueSpecification","valueRequired":true,"valueName":"search_term_string"}}],"inLanguage":"en-GB"}]},"product_price_amount":"19.90","product_price_currency":"EUR","og_availability":"out of stock","product_availability":"out of stock","product_retailer_item_id":"VLCR-COMTAC3","product_condition":"new"},"_links":{"self":[{"href":"https:\/\/hexatac.com\/en\/wp-json\/wp\/v2\/product\/13299","targetHints":{"allow":["GET"]}}],"collection":[{"href":"https:\/\/hexatac.com\/en\/wp-json\/wp\/v2\/product"}],"about":[{"href":"https:\/\/hexatac.com\/en\/wp-json\/wp\/v2\/types\/product"}],"replies":[{"embeddable":true,"href":"https:\/\/hexatac.com\/en\/wp-json\/wp\/v2\/comments?post=13299"}],"wp:featuredmedia":[{"embeddable":true,"href":"https:\/\/hexatac.com\/en\/wp-json\/wp\/v2\/media\/13301"}],"wp:attachment":[{"href":"https:\/\/hexatac.com\/en\/wp-json\/wp\/v2\/media?parent=13299"}],"wp:term":[{"taxonomy":"product_brand","embeddable":true,"href":"https:\/\/hexatac.com\/en\/wp-json\/wp\/v2\/product_brand?post=13299"},{"taxonomy":"product_cat","embeddable":true,"href":"https:\/\/hexatac.com\/en\/wp-json\/wp\/v2\/product_cat?post=13299"},{"taxonomy":"product_tag","embeddable":true,"href":"https:\/\/hexatac.com\/en\/wp-json\/wp\/v2\/product_tag?post=13299"}],"curies":[{"name":"wp","href":"https:\/\/api.w.org\/{rel}","templated":true}]}}